{"id":24,"date":"2023-01-05T19:20:54","date_gmt":"2023-01-05T19:20:54","guid":{"rendered":"https:\/\/www.onesky.com.br\/ricardocaliari\/?page_id=24"},"modified":"2025-10-02T10:04:42","modified_gmt":"2025-10-02T08:04:42","slug":"vacancies","status":"publish","type":"page","link":"https:\/\/webs.uab.cat\/bees\/vacancies\/","title":{"rendered":"Vacancies"},"content":{"rendered":"\n<div class=\"wp-block-columns alignwide is-layout-flex wp-container-core-columns-is-layout-9d6595d7 wp-block-columns-is-layout-flex\">\n<div class=\"wp-block-column is-layout-flow wp-block-column-is-layout-flow\" style=\"flex-basis:100%\">\n<p class=\"has-text-align-left\">We have no open positions at the moment, but both Spanish and international researchers are welcome to contact us to discuss possible funding opportunities.<\/p>\n<\/div>\n<\/div>\n\n\n\n<div class=\"wp-block-columns alignwide is-layout-flex wp-container-core-columns-is-layout-9d6595d7 wp-block-columns-is-layout-flex\">\n<div class=\"wp-block-column is-layout-flow wp-block-column-is-layout-flow\" style=\"flex-basis:100%\">\n<p>Some funding opportunities in Spain:<\/p>\n<\/div>\n<\/div>\n\n\n\n<div class=\"wp-block-columns alignwide is-layout-flex wp-container-core-columns-is-layout-9d6595d7 wp-block-columns-is-layout-flex\">\n<div class=\"wp-block-column is-layout-flow wp-block-column-is-layout-flow\" style=\"flex-basis:100%\">\n<p class=\"has-medium-font-size\"><strong>PhD candidates<\/strong><\/p>\n<\/div>\n<\/div>\n\n\n\n<div class=\"wp-block-columns alignwide is-layout-flex wp-container-core-columns-is-layout-9d6595d7 wp-block-columns-is-layout-flex\">\n<div class=\"wp-block-column is-layout-flow wp-block-column-is-layout-flow\" style=\"flex-basis:100%\">\n<p><a rel=\"noreferrer noopener\" href=\"https:\/\/www.universidades.gob.es\/ayudas-para-la-formacion-de-profesorado-universitario-fpu-2022\/\" target=\"_blank\">Ayudas para la formaci\u00f3n de profesorado universitario<\/a> (FPU). <strong>Ministerio de Universidades<\/strong>.<\/p>\n\n\n\n<p><a rel=\"noreferrer noopener\" href=\"https:\/\/agaur.gencat.cat\/es\/beques-i-ajuts\/convocatories-per-temes\/Ajuts-per-a-la-contractacio-de-personal-investigador-predoctoral-en-formacio-FI-2022\" target=\"_blank\">Ayudas Joan Or\u00f3 para la contrataci\u00f3n de personal investigador predoctoral en formaci\u00f3n (FI 2023)<\/a>. <strong>Generalitat de Catalunya<\/strong>.<\/p>\n<\/div>\n<\/div>\n\n\n\n<div class=\"wp-block-columns alignwide is-layout-flex wp-container-core-columns-is-layout-9d6595d7 wp-block-columns-is-layout-flex\">\n<div class=\"wp-block-column is-layout-flow wp-block-column-is-layout-flow\" style=\"flex-basis:100%\">\n<div class=\"wp-block-columns is-layout-flex wp-container-core-columns-is-layout-9d6595d7 wp-block-columns-is-layout-flex\">\n<div class=\"wp-block-column is-layout-flow wp-block-column-is-layout-flow\">\n<p class=\"has-normal-font-size\"><strong>Postdoctoral candidates<\/strong><\/p>\n<\/div>\n<\/div>\n<\/div>\n<\/div>\n\n\n\n<div class=\"wp-block-columns alignwide is-layout-flex wp-container-core-columns-is-layout-9d6595d7 wp-block-columns-is-layout-flex\">\n<div class=\"wp-block-column is-layout-flow wp-block-column-is-layout-flow\" style=\"flex-basis:100%\">\n<p><a rel=\"noreferrer noopener\" href=\"https:\/\/fundacionlacaixa.org\/es\/becas-posdoctorado-junior-leader-convocatoria\" target=\"_blank\">Becas de posdoctorado Junior Leader<\/a>. <strong>Fundaci\u00f3n La Caixa<\/strong>.<\/p>\n\n\n\n<p><a href=\"https:\/\/www.universidades.gob.es\/convocatoria-beatriz-galindo-2023\/\" target=\"_blank\" rel=\"noreferrer noopener\">Ayudas Beatriz Galindo es la atracci\u00f3n del talento investigador<\/a>. <strong>Ministerio de Ciencia, Innovaci\u00f3n y Universidades<\/strong>.<\/p>\n\n\n\n<p><a href=\"https:\/\/agaur.gencat.cat\/es\/beques-i-ajuts\/convocatories-per-temes\/Ajuts-per-a-la-incorporacio-de-personal-investigador-postdoctoral-al-sistema-catala-de-ciencia-i-tecnologia-dins-del-programa-Beatriu-de-Pinos-BP-2023\" target=\"_blank\" rel=\"noreferrer noopener\">Ayudas Beatriu de Pin\u00f3s investigador posdoctoral<\/a>. <strong>Generalitat de Catalunya<\/strong>.<\/p>\n\n\n\n<p><a rel=\"noreferrer noopener\" href=\"https:\/\/campusiberoamerica.net\/es\/becas-de-doctorado-y-estancias-cortas-postdoctorales-fundaci%C3%B3n-carolina-2022-2023\" target=\"_blank\">Becas de Doctorado y Estancias cortas postdoctorales<\/a>. <strong>Fundaci\u00f3n Carolina<\/strong>.<\/p>\n<\/div>\n<\/div>\n","protected":false},"excerpt":{"rendered":"<p>We have no open positions at the moment, but both Spanish and international researchers are welcome to contact us to discuss possible funding opportunities. Some funding opportunities in Spain: PhD candidates Ayudas para la formaci\u00f3n de profesorado universitario (FPU). Ministerio de Universidades. Ayudas Joan Or\u00f3 para la contrataci\u00f3n de personal investigador predoctoral en formaci\u00f3n (FI [&hellip;]<\/p>\n","protected":false},"author":2556,"featured_media":164,"parent":0,"menu_order":0,"comment_status":"closed","ping_status":"closed","template":"templates\/full-width-page.php","meta":{"footnotes":""},"class_list":["post-24","page","type-page","status-publish","has-post-thumbnail","hentry"],"_links":{"self":[{"href":"https:\/\/webs.uab.cat\/bees\/wp-json\/wp\/v2\/pages\/24","targetHints":{"allow":["GET"]}}],"collection":[{"href":"https:\/\/webs.uab.cat\/bees\/wp-json\/wp\/v2\/pages"}],"about":[{"href":"https:\/\/webs.uab.cat\/bees\/wp-json\/wp\/v2\/types\/page"}],"author":[{"embeddable":true,"href":"https:\/\/webs.uab.cat\/bees\/wp-json\/wp\/v2\/users\/2556"}],"replies":[{"embeddable":true,"href":"https:\/\/webs.uab.cat\/bees\/wp-json\/wp\/v2\/comments?post=24"}],"version-history":[{"count":8,"href":"https:\/\/webs.uab.cat\/bees\/wp-json\/wp\/v2\/pages\/24\/revisions"}],"predecessor-version":[{"id":4317,"href":"https:\/\/webs.uab.cat\/bees\/wp-json\/wp\/v2\/pages\/24\/revisions\/4317"}],"wp:featuredmedia":[{"embeddable":true,"href":"https:\/\/webs.uab.cat\/bees\/wp-json\/wp\/v2\/media\/164"}],"wp:attachment":[{"href":"https:\/\/webs.uab.cat\/bees\/wp-json\/wp\/v2\/media?parent=24"}],"curies":[{"name":"wp","href":"https:\/\/api.w.org\/{rel}","templated":true}]}}