{"id":2488,"date":"2025-05-14T11:41:08","date_gmt":"2025-05-14T09:41:08","guid":{"rendered":"https:\/\/biocampus25.wordpress.com\/?page_id=2488"},"modified":"2025-05-19T11:44:05","modified_gmt":"2025-05-19T09:44:05","slug":"habitats","status":"publish","type":"page","link":"https:\/\/webs.uab.cat\/bees\/habitats\/","title":{"rendered":"H\u00e1bitats"},"content":{"rendered":"\n<div class=\"wp-block-group is-vertical is-layout-flex wp-container-core-group-is-layout-3e0ae1ae wp-block-group-is-layout-flex\">\n<p class=\"has-text-align-justify has-alegreya-font-family has-small-font-size\">Para poder entender la biodiversidad presente en el campus, es de vital importancia conocer como son los h\u00e1bitats que podemos encontrar por los alrededores.<\/p>\n\n\n\n<p class=\"has-text-align-justify has-alegreya-font-family has-small-font-size\">Cada h\u00e1bitat cuenta con unas condiciones diferentes, que permiten la supervivencia y reproducci\u00f3n de unos organismos concretos. En cada subapartado se mostraran en que se diferencian estos.<\/p>\n\n\n\n<p class=\"has-text-align-justify has-alegreya-font-family has-small-font-size\">Cabe decir que es posible se encuentre parcialmente alterada la dispersi\u00f3n de los animales debido a la proximidad que puedan tener con zonas urbanas.<\/p>\n<\/div>\n\n\n\n<div style=\"height:10px\" aria-hidden=\"true\" class=\"wp-block-spacer\"><\/div>\n\n\n\n<div class=\"wp-block-group is-vertical is-layout-flex wp-container-core-group-is-layout-3e0ae1ae wp-block-group-is-layout-flex\">\n<p><strong>BOSQUE<\/strong><\/p>\n\n\n\n<p class=\"has-text-align-justify has-alegreya-font-family has-small-font-size\">La zona de bosque, presente mayoritariamente en la parte oeste del campus, es uno de los h\u00e1bitats m\u00e1s importantes del campus debido a su gran abundancia.<\/p>\n\n\n\n<p class=\"has-text-align-justify has-alegreya-font-family has-small-font-size\">Mayormente estas zonas se encuentran densamente pobladas por arboles, entre los que destaca el pino blanco. Esto hace que suelan ser zonas m\u00e1s sombr\u00edas y, por lo tanto, h\u00famedas.  Estas caracter\u00edsticas favorecen la presencia de organismos que requieran de una menor presencia de luz para su supervivencia.<\/p>\n\n\n\n<p class=\"has-text-align-justify has-alegreya-font-family has-small-font-size\">En estas zonas tambi\u00e9n destaca la alta abundancia de arbustos, lo cual confiere zonas densas y ciertamente protegidas. Es por ello por lo que muchos animales, sobre todo los de menor tama\u00f1o, puedan utilizarlos como refugio para protegerse de los depredadores. <\/p>\n\n\n\n<p class=\"has-text-align-justify has-alegreya-font-family has-small-font-size\">Entre las especies m\u00e1s abundantes en estas zonas podemos destacar a:<\/p>\n\n\n\n<ul class=\"wp-block-list\">\n<li class=\"has-small-font-size\"><a href=\"https:\/\/webs.uab.cat\/bees\/abulilla\/\" data-type=\"page\" data-id=\"4084\">Abulilla (Upupa epops)<\/a><\/li>\n\n\n\n<li class=\"has-small-font-size\"><a href=\"https:\/\/webs.uab.cat\/bees\/arana-escupidora\/\" data-type=\"page\" data-id=\"1975\">Ara\u00f1a escupidora (Scytodes thoracica)<\/a><\/li>\n\n\n\n<li class=\"has-small-font-size\"><a href=\"https:\/\/webs.uab.cat\/bees\/ardilla-roja\/\" data-type=\"page\" data-id=\"245\">Ardilla roja (Sciurus vulgaris)<\/a><\/li>\n\n\n\n<li class=\"has-small-font-size\"><a href=\"https:\/\/webs.uab.cat\/bees\/avispa-asiatica\/\" data-type=\"page\" data-id=\"1362\">Avispa asi\u00e1tica (Vespa velutina)<\/a><\/li>\n\n\n\n<li class=\"has-small-font-size\"><a href=\"https:\/\/webs.uab.cat\/bees\/blanca-del-majuelo\/\" data-type=\"page\" data-id=\"1250\">Blanca del majuelo (Aporia crataegi)<\/a><\/li>\n\n\n\n<li class=\"has-small-font-size\"><a href=\"https:\/\/webs.uab.cat\/bees\/carabo-comun\/\" data-type=\"page\" data-id=\"395\">C\u00e1rabo com\u00fan (Strix aluco)<\/a><\/li>\n\n\n\n<li class=\"has-small-font-size\"><a href=\"https:\/\/webs.uab.cat\/bees\/carabo-irisado\/\" data-type=\"page\" data-id=\"1620\">C\u00e1rabo irisado (Calosoma sycophanta)<\/a><\/li>\n\n\n\n<li class=\"has-small-font-size\"><a href=\"https:\/\/webs.uab.cat\/bees\/erizo-europeo\/\" data-type=\"page\" data-id=\"303\">Erizo europeo (Erinaceus europaeus)<\/a><\/li>\n\n\n\n<li class=\"has-small-font-size\"><a href=\"https:\/\/webs.uab.cat\/bees\/gineta\/\" data-type=\"page\" data-id=\"226\">Gineta (Genetta genetta)<\/a><\/li>\n\n\n\n<li class=\"has-small-font-size\"><a href=\"https:\/\/webs.uab.cat\/bees\/herrerillo-comun\/\" data-type=\"page\" data-id=\"4094\">Herrerillo com\u00fan (Cyanistes caeruleus)<\/a><\/li>\n\n\n\n<li class=\"has-small-font-size\"><a href=\"https:\/\/webs.uab.cat\/bees\/jabali\/\" data-type=\"page\" data-id=\"4096\">Jabal\u00ed (Sus scrofa)<\/a><\/li>\n\n\n\n<li class=\"has-small-font-size\"><a href=\"https:\/\/webs.uab.cat\/bees\/luciernaga-mediterranea\/\" data-type=\"page\" data-id=\"1641\">Luci\u00e9rnaga mediterr\u00e1nea (Nyctophila reichii)<\/a><\/li>\n\n\n\n<li class=\"has-small-font-size\"><a href=\"https:\/\/webs.uab.cat\/bees\/pico-picapinos\/\" data-type=\"page\" data-id=\"376\">Pico picapinos (Dendrocopos major)<\/a><\/li>\n\n\n\n<li class=\"has-small-font-size\"><a href=\"https:\/\/webs.uab.cat\/bees\/procesionaria-del-pino\/\" data-type=\"page\" data-id=\"1181\">Procesionaria del pino (Thaumetopoea pityocampa<\/a><a href=\"https:\/\/biocampus25.wordpress.com\/procesionaria-del-pino\/\">)<\/a><\/li>\n\n\n\n<li class=\"has-small-font-size\"><a href=\"https:\/\/webs.uab.cat\/bees\/tejon-europeo\/\" data-type=\"page\" data-id=\"4110\">Tej\u00f3n europeo (Meles meles)<\/a><\/li>\n<\/ul>\n<\/div>\n\n\n\n<div style=\"height:10px\" aria-hidden=\"true\" class=\"wp-block-spacer\"><\/div>\n\n\n\n<div class=\"wp-block-group is-vertical is-layout-flex wp-container-core-group-is-layout-8cf370e7 wp-block-group-is-layout-flex\">\n<p><strong>CAMPOS AGR\u00cdCOLAS<\/strong><\/p>\n\n\n\n<p class=\"has-text-align-justify has-alegreya-font-family has-small-font-size\">Este tipo de h\u00e1bitat, formado por unas 19 hect\u00e1reas de secano, se caracteriza por estar en continua modificaci\u00f3n del hombre. Es por ello por lo que la presencia de determinados organismos que  dependan de este tipo de h\u00e1bitat, es bastante heterog\u00e9neo en el tiempo.<\/p>\n\n\n\n<p class=\"has-text-align-justify has-alegreya-font-family has-small-font-size\">Estas zonas cuentan con una alta disponibilidad de recursos y \u00e1reas donde esconderse. Aun as\u00ed tienen un cierto riesgo, ya que estas zonas suelen situarse en regiones en las que hay una alta radiaci\u00f3n solar. Esto hace que si un organismo no es capaz de gestionar correctamente sus fluidos internos o no encontrar\u00e1 refugios cuando hace m\u00e1s calor, podr\u00eda padecer problemas.<\/p>\n\n\n\n<p class=\"has-text-align-justify has-alegreya-font-family has-small-font-size\">Adem\u00e1s, en estas zonas es posible que se utilicen pesticidas u otros elementos que ahuyenten a los artr\u00f3podos que las habiten.  <\/p>\n\n\n\n<p class=\"has-text-align-justify has-alegreya-font-family has-small-font-size\">Entre las especies m\u00e1s destacadas de estas zonas podemos hablar de:<\/p>\n\n\n\n<ul class=\"wp-block-list\">\n<li><a href=\"https:\/\/webs.uab.cat\/bees\/abeja-europea-de-huerto\/\" data-type=\"page\" data-id=\"1380\">Abeja europea de huerto (Osmia cornuta)<\/a><\/li>\n\n\n\n<li><a href=\"https:\/\/webs.uab.cat\/bees\/armino-blanco\/\" data-type=\"page\" data-id=\"1111\">Armi\u00f1o blanco (Spilosoma lubricipeda)<\/a><\/li>\n\n\n\n<li><a href=\"https:\/\/webs.uab.cat\/bees\/chinche-marron-marmolada\/\" data-type=\"page\" data-id=\"1848\">Chinche marr\u00f3n marmolada (Halyomorpha halys)<\/a><\/li>\n\n\n\n<li><a href=\"https:\/\/webs.uab.cat\/bees\/escarabajo-de-la-patata\/\" data-type=\"page\" data-id=\"1734\">Escarabajo de la patata (Leptinotarsa decemlineata)<\/a><\/li>\n\n\n\n<li><a href=\"https:\/\/webs.uab.cat\/bees\/escarabajo-rinoceronte-estercolero\/\" data-type=\"page\" data-id=\"1690\">Escarabajo rinoceronte estercolero (Copris hispanus)<\/a><\/li>\n\n\n\n<li><a href=\"https:\/\/webs.uab.cat\/bees\/grillo-topo\/\" data-type=\"page\" data-id=\"1502\">Grillo-topo (Gryllotalpa gryllotalpa)<\/a><\/li>\n<\/ul>\n<\/div>\n\n\n\n<div style=\"height:10px\" aria-hidden=\"true\" class=\"wp-block-spacer\"><\/div>\n\n\n\n<div class=\"wp-block-group is-vertical is-layout-flex wp-container-core-group-is-layout-3e0ae1ae wp-block-group-is-layout-flex\">\n<p><strong>PRADOS<\/strong><\/p>\n\n\n\n<p class=\"has-text-align-justify has-small-font-size\">Los prados son zonas especialmente importantes para los animales polinizadores, debido a que estas zonas se encuentran formados principalmente por plantas herb\u00e1ceas.<\/p>\n\n\n\n<p class=\"has-text-align-justify has-small-font-size\">Adem\u00e1s, suelen haber pocos arboles y arbustos. Es por eso por lo que suelen ser zonas bien aireadas y soleadas, lo que favorece el crecimiento de estas plantas.<\/p>\n\n\n\n<p class=\"has-small-font-size\">En estos h\u00e1bitats podemos encontrar principalmente a:<\/p>\n\n\n\n<ul class=\"wp-block-list\">\n<li class=\"has-small-font-size\"><a href=\"https:\/\/webs.uab.cat\/bees\/arana-cangrejo\/\" data-type=\"page\" data-id=\"1954\">Ara\u00f1a cangrejo (Thomisus onustus)<\/a><\/li>\n\n\n\n<li class=\"has-small-font-size\"><a href=\"https:\/\/webs.uab.cat\/bees\/chinche-asesina\/\" data-type=\"page\" data-id=\"1828\">Chinche asesina (Rhynocoris erythropus)<\/a><\/li>\n\n\n\n<li class=\"has-small-font-size\"><a href=\"https:\/\/webs.uab.cat\/bees\/escarabajo-metalico-de-femur-grueso\/\" data-type=\"page\" data-id=\"1665\">Escarabajo met\u00e1lico de f\u00e9mur grueso (Oedemera nobilis<\/a><a href=\"https:\/\/biocampus25.wordpress.com\/?page_id=1665\">)<\/a><\/li>\n\n\n\n<li class=\"has-small-font-size\"><a href=\"https:\/\/webs.uab.cat\/bees\/mariposa-icaro\/\" data-type=\"page\" data-id=\"1227\">Mariposa \u00edcaro (Polyommatus icarus)<\/a><\/li>\n<\/ul>\n<\/div>\n\n\n\n<div style=\"height:10px\" aria-hidden=\"true\" class=\"wp-block-spacer\"><\/div>\n\n\n\n<div class=\"wp-block-group is-vertical is-layout-flex wp-container-core-group-is-layout-3e0ae1ae wp-block-group-is-layout-flex\">\n<p><strong>MATORRALES<\/strong><\/p>\n\n\n\n<p class=\"has-text-align-justify has-alegreya-font-family has-small-font-size\">Este tipo de habitats se encuentran formados por vegetaci\u00f3n le\u00f1osa baja. Eso quiere decir que abundan los arbustos y matas.<\/p>\n\n\n\n<p class=\"has-text-align-justify has-alegreya-font-family has-small-font-size\">Este tipo de plantas son especialmente importantes por su capacidad de ofrecer refugio a los animales. Adem\u00e1s previenen la erosi\u00f3n del suelo y favorecen la infiltraci\u00f3n del agua. El mayor problema que generan es que se pueden quemar de forma f\u00e1cil, aunque pueden rebrotar r\u00e1pidamente.<\/p>\n\n\n\n<p class=\"has-alegreya-font-family has-small-font-size\">En estas zonas podemos encontrar en gran medida a:<\/p>\n\n\n\n<ul class=\"wp-block-list\">\n<li class=\"has-small-font-size\"><a href=\"https:\/\/webs.uab.cat\/bees\/culebra-de-escalera\/\" data-type=\"page\" data-id=\"539\">Culebra de escalera (Zamenis scalaris)<\/a><\/li>\n\n\n\n<li class=\"has-small-font-size\"><a href=\"https:\/\/webs.uab.cat\/bees\/escolopendra-mediterranea\/\" data-type=\"page\" data-id=\"2094\">Escolopendra mediterr\u00e1nea (Scolopendra cingulata)<\/a><\/li>\n\n\n\n<li class=\"has-small-font-size\"><a href=\"https:\/\/webs.uab.cat\/bees\/insecto-palo-europeo\/\" data-type=\"page\" data-id=\"1572\">Insecto palo europeo (Bacillus rossius)<\/a><\/li>\n<\/ul>\n<\/div>\n\n\n\n<div style=\"height:10px\" aria-hidden=\"true\" class=\"wp-block-spacer\"><\/div>\n\n\n\n<div class=\"wp-block-group is-vertical is-layout-flex wp-container-core-group-is-layout-3e0ae1ae wp-block-group-is-layout-flex\">\n<p><strong>MASAS DE AGUA Y ZONAS PR\u00d3XIMAS<\/strong><\/p>\n\n\n\n<p class=\"has-text-align-justify has-alegreya-font-family has-small-font-size\">En nuestra campus podemos encontrar principalmente dos grandes masas de aguas, que se corresponden a los torrentes de Can Dom\u00e8nec y el de Can Magrans.<\/p>\n\n\n\n<p class=\"has-text-align-justify has-alegreya-font-family has-small-font-size\">Estas zonas permiten tanto humidificar las zonas pr\u00f3ximas del bosque, como permitir que puedan vivir aquellos organismos que requieran de altas cantidades de agua o humedad.<\/p>\n\n\n\n<p class=\"has-text-align-justify has-alegreya-font-family has-small-font-size\">Esta dependencia hacia las masas de agua puede venir dado porque alguna de las fases de su ciclo vital vivan en ellas o porque tienen dificultades para gestionar sus propios fluidos vitales. Es por ello por lo que si se alejan demasiado de estas zonas, puede ser que tengan problemas para sobrevivir.<\/p>\n\n\n\n<p class=\"has-alegreya-font-family has-small-font-size\">Entre las especies m\u00e1s importantes tenemos a:<\/p>\n\n\n\n<ul class=\"wp-block-list\">\n<li><a href=\"https:\/\/webs.uab.cat\/bees\/cangrejo-rojo-americano\/\" data-type=\"page\" data-id=\"2017\">Cangrejo rojo americano (Procambrus clarkii)<\/a><\/li>\n\n\n\n<li><a href=\"https:\/\/webs.uab.cat\/bees\/cochinilla-comun\/\" data-type=\"page\" data-id=\"2034\">Cochinilla com\u00fan (Armadillidium vulgare)<\/a><\/li>\n\n\n\n<li><a href=\"https:\/\/webs.uab.cat\/bees\/culebrilla-de-cristal\/\" data-type=\"page\" data-id=\"4091\">Culebrilla de cristal (Anguis fragilis)<\/a><\/li>\n\n\n\n<li><a href=\"https:\/\/webs.uab.cat\/bees\/escorpion-de-agua\/\" data-type=\"page\" data-id=\"1780\">Escorpi\u00f3n de agua (Nepa cinerea)<\/a><\/li>\n\n\n\n<li><a href=\"https:\/\/webs.uab.cat\/bees\/hormiga-recolectora\/\" data-type=\"page\" data-id=\"1330\">Hormiga recolectora (Messor barbarus)<\/a><\/li>\n\n\n\n<li><a href=\"https:\/\/webs.uab.cat\/bees\/libelula-tigre\/\" data-type=\"page\" data-id=\"1058\">Lib\u00e9lula tigre (Cordulegaster boltonii)<\/a><\/li>\n\n\n\n<li><a href=\"https:\/\/webs.uab.cat\/bees\/lombriz-de-tierra-comun\/\" data-type=\"page\" data-id=\"852\">Lombriz de tierra com\u00fan (Lumbricus terrestres<\/a><a href=\"https:\/\/biocampus25.wordpress.com\/lombriz-de-tierra-comun\/\">)<\/a><\/li>\n\n\n\n<li><a href=\"https:\/\/webs.uab.cat\/bees\/sapo-corredor\/\" data-type=\"page\" data-id=\"4106\">Sapo corredor (Epidalea calamita)<\/a><\/li>\n<\/ul>\n<\/div>\n\n\n\n<div style=\"height:10px\" aria-hidden=\"true\" class=\"wp-block-spacer\"><\/div>\n\n\n\n<div class=\"wp-block-group is-vertical is-layout-flex wp-container-core-group-is-layout-3e0ae1ae wp-block-group-is-layout-flex\">\n<p><strong>JARDINES Y ZONAS URBANAS<\/strong><\/p>\n\n\n\n<p class=\"has-text-align-justify has-alegreya-font-family has-small-font-size\">Este tipo de h\u00e1bitat puede ser encontrado principalmente en la regi\u00f3n noreste del campus, lugar donde podemos encontrar las diferentes facultades (adem\u00e1s del resto de infraestructuras).<\/p>\n\n\n\n<p class=\"has-text-align-justify has-alegreya-font-family has-small-font-size\">Alrededor de los ejes central y norte podemos encontrar diferentes zonas ajardinadas. Estas rodean los caminos que conectan las diversas facultades. Este tipo de h\u00e1bitats pueden ser de especial importancia por su capacidad de actuar en forma de corredor ecol\u00f3gico, esto quiere decir que permite atravesar las zonas urbanas para pasar de una zona natural a otra.<\/p>\n\n\n\n<p class=\"has-alegreya-font-family has-small-font-size\">Entre las especies m\u00e1s abundantes tenemos:<\/p>\n\n\n\n<ul class=\"wp-block-list\">\n<li class=\"has-small-font-size\"><a href=\"https:\/\/webs.uab.cat\/bees\/ciempies-domestico\/\" data-type=\"page\" data-id=\"2074\">Ciempi\u00e9s dom\u00e9stico (Scutigera coleoptrata)<\/a><\/li>\n\n\n\n<li class=\"has-small-font-size\"><a href=\"https:\/\/webs.uab.cat\/bees\/cucaracha-oriental\/\" data-type=\"page\" data-id=\"1877\">Cucaracha oriental (Blatta orientalis)<\/a><\/li>\n\n\n\n<li class=\"has-small-font-size\"><a href=\"https:\/\/webs.uab.cat\/bees\/esfinge-colibri\/\" data-type=\"page\" data-id=\"1136\">Esfinge colibr\u00ed (Macroglossum stellatarum)<\/a><\/li>\n\n\n\n<li class=\"has-small-font-size\"><a href=\"https:\/\/webs.uab.cat\/bees\/falsa-arana-lobo-espinosa-mediterranea\/\" data-type=\"page\" data-id=\"1987\">Falsa ara\u00f1a lobo espinosa mediterr\u00e1nea (Zoropsis spinimana)<\/a><\/li>\n\n\n\n<li class=\"has-small-font-size\"><a href=\"https:\/\/webs.uab.cat\/bees\/gato-domestico\/\" data-type=\"page\" data-id=\"202\">Gato dom\u00e9stico (Felis catus)<\/a><\/li>\n\n\n\n<li class=\"has-small-font-size\"><a href=\"https:\/\/webs.uab.cat\/bees\/genero-pipistrellus\/\" data-type=\"page\" data-id=\"141\">G\u00e9nero pipistrellus<\/a><\/li>\n\n\n\n<li class=\"has-small-font-size\"><a href=\"https:\/\/webs.uab.cat\/bees\/mosca-comun\/\" data-type=\"page\" data-id=\"1033\">Mosca com\u00fan (Musca domestica)<\/a><\/li>\n\n\n\n<li class=\"has-small-font-size\"><a href=\"https:\/\/webs.uab.cat\/bees\/mosca-zangano-europea\/\" data-type=\"page\" data-id=\"4103\">Mosca z\u00e1ngano europea (Eristalis tenax)<\/a><\/li>\n\n\n\n<li class=\"has-small-font-size\"><a href=\"https:\/\/webs.uab.cat\/bees\/moscarda-azul\/\" data-type=\"page\" data-id=\"4104\">Moscarda azul (Calliphora vicina)<\/a><\/li>\n\n\n\n<li class=\"has-small-font-size\"><a href=\"https:\/\/webs.uab.cat\/bees\/mosquito-tigre\/\" data-type=\"page\" data-id=\"4102\">Mosquito tigre (Aedes albopictus)<\/a><\/li>\n\n\n\n<li class=\"has-small-font-size\"><a href=\"https:\/\/webs.uab.cat\/bees\/murcielago-rabudo\/\" data-type=\"page\" data-id=\"163\">Murci\u00e9lago rabudo (Tadarida teniotis)<\/a><\/li>\n\n\n\n<li class=\"has-small-font-size\"><a href=\"https:\/\/webs.uab.cat\/bees\/urraca-comun\/\" data-type=\"page\" data-id=\"4111\">Urraca com\u00fan (Pica pica)<\/a><\/li>\n<\/ul>\n<\/div>\n\n\n\n<div style=\"height:10px\" aria-hidden=\"true\" class=\"wp-block-spacer\"><\/div>\n\n\n\n<div class=\"wp-block-group is-vertical is-layout-flex wp-container-core-group-is-layout-3e0ae1ae wp-block-group-is-layout-flex\">\n<p><strong>GENERALISTAS<\/strong><\/p>\n\n\n\n<p class=\"has-text-align-justify has-alegreya-font-family has-small-font-size\">Hay algunos animales que no se encuentran tan especializados como los anteriores organismos, sino que pueden ser encontrados en buena parte de los h\u00e1bitats descritos previamente.<\/p>\n\n\n\n<p class=\"has-alegreya-font-family has-small-font-size\">Entre los m\u00e1s destacados tenemos:<\/p>\n\n\n\n<ul class=\"wp-block-list\">\n<li class=\"has-small-font-size\"><a href=\"https:\/\/webs.uab.cat\/bees\/abeja-de-la-hiedra\/\" data-type=\"page\" data-id=\"1426\">Abeja de la hiedra (Colletes hederae)<\/a><\/li>\n\n\n\n<li class=\"has-small-font-size\"><a href=\"https:\/\/webs.uab.cat\/bees\/abeja-europea\/\" data-type=\"page\" data-id=\"1404\">Abeja europea (Apis mellifera)<\/a><\/li>\n\n\n\n<li class=\"has-small-font-size\"><a href=\"https:\/\/webs.uab.cat\/bees\/babosa-gris-de-jardin\/\" data-type=\"page\" data-id=\"4087\">Babosa gris de jard\u00edn (Deroceras reticulatum)<\/a><\/li>\n\n\n\n<li class=\"has-small-font-size\"><a href=\"https:\/\/webs.uab.cat\/bees\/caracol-degollado-europeo\/\" data-type=\"page\" data-id=\"810\">Caracol degollado europeo (Rumina decollata)<\/a><\/li>\n\n\n\n<li class=\"has-small-font-size\"><a href=\"https:\/\/webs.uab.cat\/bees\/caracol-de-las-dunas\/\" data-type=\"page\" data-id=\"4089\">Caracol de las dunas (Theba pisana)<\/a><\/li>\n\n\n\n<li class=\"has-small-font-size\"><a href=\"https:\/\/webs.uab.cat\/bees\/ciguena-blanca\/\" data-type=\"page\" data-id=\"446\">Cig\u00fce\u00f1a blanca (Ciconia ciconia)<\/a><\/li>\n\n\n\n<li class=\"has-small-font-size\"><a href=\"https:\/\/webs.uab.cat\/bees\/escorpion-amarillo\/\" data-type=\"page\" data-id=\"1911\">Escorpi\u00f3n amarillo (Buthus occitanus)<\/a><\/li>\n\n\n\n<li class=\"has-small-font-size\"><a href=\"https:\/\/webs.uab.cat\/bees\/hormiga-argentina\/\" data-type=\"page\" data-id=\"1315\">Hormiga argentina (Linepithema humile)<\/a><\/li>\n\n\n\n<li class=\"has-small-font-size\"><a href=\"https:\/\/webs.uab.cat\/bees\/lagartija-parda\/\" data-type=\"page\" data-id=\"4097\">Lagartija parda (Podarcis liolepis)<\/a><\/li>\n\n\n\n<li class=\"has-small-font-size\"><a href=\"https:\/\/webs.uab.cat\/bees\/liron-careto\/\" data-type=\"page\" data-id=\"266\">Lir\u00f3n careto (Eliomys quercinus)<\/a><\/li>\n\n\n\n<li class=\"has-small-font-size\"><a href=\"https:\/\/webs.uab.cat\/bees\/mantis-palo\/\" data-type=\"page\" data-id=\"1550\">Mantis palo (Empusa pennata)<\/a><\/li>\n\n\n\n<li class=\"has-small-font-size\"><a href=\"https:\/\/webs.uab.cat\/bees\/mariquita-de-siete-puntos\/\" data-type=\"page\" data-id=\"1712\">Mariquita de siete puntos (Coccinella septempunctata)<\/a><\/li>\n\n\n\n<li class=\"has-small-font-size\"><a href=\"https:\/\/webs.uab.cat\/bees\/musarana-gris\/\" data-type=\"page\" data-id=\"4100\">Musara\u00f1a gris (Crocidura r\u00fassula)<\/a><\/li>\n\n\n\n<li class=\"has-small-font-size\"><a href=\"https:\/\/webs.uab.cat\/bees\/ninfa-de-los-arroyos\/\" data-type=\"page\" data-id=\"1203\">Ninfa de los arroyos (Limenitis reducta)<\/a><\/li>\n\n\n\n<li class=\"has-small-font-size\"><a href=\"https:\/\/webs.uab.cat\/bees\/paloma-torcaz\/\" data-type=\"page\" data-id=\"465\">Paloma torcaz (Columba palumbus)<\/a><\/li>\n\n\n\n<li class=\"has-small-font-size\"><a href=\"https:\/\/webs.uab.cat\/bees\/polilla-de-la-remolacha\/\" data-type=\"page\" data-id=\"1154\">Polilla de la remolacha (Spoladea recurvalis)<\/a><\/li>\n\n\n\n<li class=\"has-small-font-size\"><a href=\"https:\/\/webs.uab.cat\/bees\/raton-de-campo\/\" data-type=\"page\" data-id=\"285\">Rat\u00f3n de campo (Apodemus sylvaticus)<\/a><\/li>\n\n\n\n<li class=\"has-small-font-size\"><a href=\"https:\/\/webs.uab.cat\/bees\/salamanquesa-comun\/\" data-type=\"page\" data-id=\"4105\">Salamanquesa comuna (Tarentola mauritanica)<\/a><\/li>\n\n\n\n<li class=\"has-small-font-size\"><a href=\"https:\/\/webs.uab.cat\/bees\/saltamontes-verde\/\" data-type=\"page\" data-id=\"1486\">Saltamontes verde (Tettigonia viridissima)<\/a><\/li>\n\n\n\n<li class=\"has-small-font-size\"><a href=\"https:\/\/webs.uab.cat\/bees\/sapillo-pintojo-mediterraneo\/\" data-type=\"page\" data-id=\"4107\">Sapillo pintojo mediterr\u00e1neo (Discoglossus pictus)<\/a><\/li>\n\n\n\n<li class=\"has-small-font-size\"><a href=\"https:\/\/webs.uab.cat\/bees\/tijereta-comun\/\" data-type=\"page\" data-id=\"1453\">Tijereta com\u00fan (Forficula auricularia)<\/a><\/li>\n\n\n\n<li class=\"has-small-font-size\"><a href=\"https:\/\/webs.uab.cat\/bees\/vencejo-comun\/\" data-type=\"page\" data-id=\"412\">Vencejo com\u00fan (Apus apus)<\/a><\/li>\n<\/ul>\n<\/div>\n\n\n\n<p><\/p>\n","protected":false},"excerpt":{"rendered":"<p>Para poder entender la biodiversidad presente en el campus, es de vital importancia conocer como son los h\u00e1bitats que podemos encontrar por los alrededores. Cada h\u00e1bitat cuenta con unas condiciones diferentes, que permiten la supervivencia y reproducci\u00f3n de unos organismos concretos. En cada subapartado se mostraran en que se diferencian estos. Cabe decir que es [&hellip;]<\/p>\n","protected":false},"author":2556,"featured_media":0,"parent":0,"menu_order":0,"comment_status":"closed","ping_status":"closed","template":"","meta":{"footnotes":""},"class_list":["post-2488","page","type-page","status-publish","hentry"],"_links":{"self":[{"href":"https:\/\/webs.uab.cat\/bees\/wp-json\/wp\/v2\/pages\/2488","targetHints":{"allow":["GET"]}}],"collection":[{"href":"https:\/\/webs.uab.cat\/bees\/wp-json\/wp\/v2\/pages"}],"about":[{"href":"https:\/\/webs.uab.cat\/bees\/wp-json\/wp\/v2\/types\/page"}],"author":[{"embeddable":true,"href":"https:\/\/webs.uab.cat\/bees\/wp-json\/wp\/v2\/users\/2556"}],"replies":[{"embeddable":true,"href":"https:\/\/webs.uab.cat\/bees\/wp-json\/wp\/v2\/comments?post=2488"}],"version-history":[{"count":2,"href":"https:\/\/webs.uab.cat\/bees\/wp-json\/wp\/v2\/pages\/2488\/revisions"}],"predecessor-version":[{"id":4203,"href":"https:\/\/webs.uab.cat\/bees\/wp-json\/wp\/v2\/pages\/2488\/revisions\/4203"}],"wp:attachment":[{"href":"https:\/\/webs.uab.cat\/bees\/wp-json\/wp\/v2\/media?parent=2488"}],"curies":[{"name":"wp","href":"https:\/\/api.w.org\/{rel}","templated":true}]}}