{"id":2550,"date":"2025-05-14T11:38:45","date_gmt":"2025-05-14T09:38:45","guid":{"rendered":"https:\/\/biocampus25.wordpress.com\/?page_id=2550"},"modified":"2025-05-19T10:12:01","modified_gmt":"2025-05-19T08:12:01","slug":"biocampus","status":"publish","type":"page","link":"https:\/\/webs.uab.cat\/bees\/biocampus\/","title":{"rendered":"BIOCAMPUS"},"content":{"rendered":"\n<div class=\"wp-block-group alignwide\"><div class=\"wp-block-group__inner-container is-layout-constrained wp-block-group-is-layout-constrained\">\n<div class=\"wp-block-cover alignwide is-light is-style-default\"><span aria-hidden=\"true\" class=\"wp-block-cover__background has-background-dim\"><\/span><img decoding=\"async\" class=\"wp-block-cover__image-background wp-image-13691\" alt=\"\" src=\"https:\/\/dotcompatterns.files.wordpress.com\/2024\/01\/paint-wide-3.jpg\" style=\"object-position:56% 57%\" data-object-fit=\"cover\" data-object-position=\"56% 57%\" \/><div class=\"wp-block-cover__inner-container is-layout-flow wp-block-cover-is-layout-flow\">\n<div style=\"height:var(--wp--preset--spacing--60)\" aria-hidden=\"true\" class=\"wp-block-spacer\"><\/div>\n\n\n\n<div class=\"wp-block-group alignwide is-style-default\" style=\"margin-top:0;margin-bottom:0;padding-top:0;padding-right:0;padding-bottom:0;padding-left:0\"><div class=\"wp-block-group__inner-container is-layout-constrained wp-container-core-group-is-layout-132013cf wp-block-group-is-layout-constrained\">\n<div style=\"height:var(--wp--preset--spacing--20)\" aria-hidden=\"true\" class=\"wp-block-spacer\"><\/div>\n\n\n\n<p class=\"has-text-align-center has-text-color has-link-color wp-elements-d1c9d1e0e78d5fb7d57d91131a930516\" style=\"color:#fefefe\">Bienvenidos a Biocampus UAB, un proyecto de divulgaci\u00f3n creado por Alex Dom\u00ednguez Rosco, estudiante de Biolog\u00eda. A trav\u00e9s de esta iniciativa, pretendo haceros llegar la incre\u00edble diversidad animal que habita en nuestro campus.<\/p>\n<\/div><\/div>\n\n\n\n<div style=\"height:var(--wp--preset--spacing--60)\" aria-hidden=\"true\" class=\"wp-block-spacer\"><\/div>\n<\/div><\/div>\n<\/div><\/div>\n\n\n\n<p class=\"has-text-align-center\">A continuaci\u00f3n disponeis de las diferentes formas de acceder a la informaci\u00f3n presente en la web.<\/p>\n\n\n\n<p class=\"has-text-align-center\">Si quereis aprender poco a poco, os recomiendo empezar por la secci\u00f3n de clave dicotomica.<\/p>\n\n\n\n<p class=\"has-text-align-center\">Para los m\u00e1s expertos o conocedores del tema, pod\u00e9is pasar directamente a la secci\u00f3n que m\u00e1s os interese.<\/p>\n\n\n\n<div class=\"wp-block-columns is-layout-flex wp-container-core-columns-is-layout-9d6595d7 wp-block-columns-is-layout-flex\">\n<div class=\"wp-block-column is-layout-flow wp-block-column-is-layout-flow\">\n<figure class=\"wp-block-image size-large\"><img decoding=\"async\" src=\"https:\/\/biocampus25.wordpress.com\/wp-content\/uploads\/2025\/03\/dallc2b7e-2025-03-25-22.13.01-un-ecosistema-biodiverso-con-una-variedad-de-plantas-y-animales.-la-escena-muestra-un-paisaje-natural-con-arboles-arbustos-y-flores-de-distintos-colo-1-edi.webp\" alt=\"\" class=\"wp-image-31\" \/><figcaption class=\"wp-element-caption\"><strong><a href=\"https:\/\/webs.uab.cat\/bees\/clave-dicotomica\/\" data-type=\"page\" data-id=\"33\">Clave dicotomica<\/a><\/strong><\/figcaption><\/figure>\n<\/div>\n\n\n\n<div class=\"wp-block-column is-layout-flow wp-block-column-is-layout-flow\">\n<figure class=\"wp-block-image size-large\"><img decoding=\"async\" src=\"https:\/\/biocampus25.wordpress.com\/wp-content\/uploads\/2025\/03\/a8a97f1f-d9c3-4efd-a79a-d82f19ca1667-2-edited.png\" alt=\"\" class=\"wp-image-139\" \/><figcaption class=\"wp-element-caption\"><strong><a href=\"https:\/\/webs.uab.cat\/bees\/lista-de-especies\/\" data-type=\"page\" data-id=\"2113\">Lista de especies<\/a><\/strong><\/figcaption><\/figure>\n<\/div>\n<\/div>\n\n\n\n<div class=\"wp-block-columns is-layout-flex wp-container-core-columns-is-layout-9d6595d7 wp-block-columns-is-layout-flex\">\n<div class=\"wp-block-column is-layout-flow wp-block-column-is-layout-flow\">\n<figure class=\"wp-block-image size-large\"><img loading=\"lazy\" decoding=\"async\" width=\"640\" height=\"360\" src=\"https:\/\/biocampus25.wordpress.com\/wp-content\/uploads\/2025\/03\/640px-bosque_de_chapultepec_img_0361_25899579292-edited.jpg\" alt=\"\" class=\"wp-image-27\" srcset=\"https:\/\/webs.uab.cat\/bees\/wp-content\/uploads\/sites\/329\/2025\/03\/640px-bosque_de_chapultepec_img_0361_25899579292-edited.jpg 640w, https:\/\/webs.uab.cat\/bees\/wp-content\/uploads\/sites\/329\/2025\/03\/640px-bosque_de_chapultepec_img_0361_25899579292-edited-300x169.jpg 300w\" sizes=\"auto, (max-width: 640px) 100vw, 640px\" \/><figcaption class=\"wp-element-caption\"><strong><a href=\"https:\/\/webs.uab.cat\/bees\/habitats\/\" data-type=\"page\" data-id=\"2488\">H\u00e1bitats<\/a><\/strong><\/figcaption><\/figure>\n<\/div>\n\n\n\n<div class=\"wp-block-column is-layout-flow wp-block-column-is-layout-flow\">\n<figure class=\"wp-block-image size-large\"><img loading=\"lazy\" decoding=\"async\" width=\"640\" height=\"360\" src=\"https:\/\/biocampus25.wordpress.com\/wp-content\/uploads\/2025\/03\/heaps_peak_arboretum_in_autumn_28021215917.jpg?w=640\" alt=\"\" class=\"wp-image-26\" srcset=\"https:\/\/webs.uab.cat\/bees\/wp-content\/uploads\/sites\/329\/2025\/03\/heaps_peak_arboretum_in_autumn_28021215917.jpg 640w, https:\/\/webs.uab.cat\/bees\/wp-content\/uploads\/sites\/329\/2025\/03\/heaps_peak_arboretum_in_autumn_28021215917-300x169.jpg 300w\" sizes=\"auto, (max-width: 640px) 100vw, 640px\" \/><figcaption class=\"wp-element-caption\"><strong><a href=\"https:\/\/webs.uab.cat\/bees\/estacionalidad\/\">Estacionalidad<\/a><\/strong><\/figcaption><\/figure>\n<\/div>\n<\/div>\n\n\n\n<p><\/p>\n","protected":false},"excerpt":{"rendered":"<p>A continuaci\u00f3n disponeis de las diferentes formas de acceder a la informaci\u00f3n presente en la web. Si quereis aprender poco a poco, os recomiendo empezar por la secci\u00f3n de clave dicotomica. Para los m\u00e1s expertos o conocedores del tema, pod\u00e9is pasar directamente a la secci\u00f3n que m\u00e1s os interese.<\/p>\n","protected":false},"author":2556,"featured_media":0,"parent":0,"menu_order":0,"comment_status":"closed","ping_status":"closed","template":"","meta":{"footnotes":""},"class_list":["post-2550","page","type-page","status-publish","hentry"],"_links":{"self":[{"href":"https:\/\/webs.uab.cat\/bees\/wp-json\/wp\/v2\/pages\/2550","targetHints":{"allow":["GET"]}}],"collection":[{"href":"https:\/\/webs.uab.cat\/bees\/wp-json\/wp\/v2\/pages"}],"about":[{"href":"https:\/\/webs.uab.cat\/bees\/wp-json\/wp\/v2\/types\/page"}],"author":[{"embeddable":true,"href":"https:\/\/webs.uab.cat\/bees\/wp-json\/wp\/v2\/users\/2556"}],"replies":[{"embeddable":true,"href":"https:\/\/webs.uab.cat\/bees\/wp-json\/wp\/v2\/comments?post=2550"}],"version-history":[{"count":8,"href":"https:\/\/webs.uab.cat\/bees\/wp-json\/wp\/v2\/pages\/2550\/revisions"}],"predecessor-version":[{"id":4120,"href":"https:\/\/webs.uab.cat\/bees\/wp-json\/wp\/v2\/pages\/2550\/revisions\/4120"}],"wp:attachment":[{"href":"https:\/\/webs.uab.cat\/bees\/wp-json\/wp\/v2\/media?parent=2550"}],"curies":[{"name":"wp","href":"https:\/\/api.w.org\/{rel}","templated":true}]}}