{"id":266,"date":"2025-05-14T11:41:56","date_gmt":"2025-05-14T09:41:56","guid":{"rendered":"https:\/\/biocampus25.wordpress.com\/?page_id=266"},"modified":"2025-05-19T12:15:00","modified_gmt":"2025-05-19T10:15:00","slug":"liron-careto","status":"publish","type":"page","link":"https:\/\/webs.uab.cat\/bees\/liron-careto\/","title":{"rendered":"LIR\u00d3N CARETO"},"content":{"rendered":"\n<div class=\"wp-block-group is-vertical is-layout-flex wp-container-core-group-is-layout-769d0143 wp-block-group-is-layout-flex\">\n<figure class=\"wp-block-image size-large\"><img loading=\"lazy\" decoding=\"async\" width=\"675\" height=\"481\" src=\"https:\/\/biocampus25.wordpress.com\/wp-content\/uploads\/2025\/04\/eliomys_quercinus01_cropped.jpg?w=675\" alt=\"\" class=\"wp-image-267\" srcset=\"https:\/\/webs.uab.cat\/bees\/wp-content\/uploads\/sites\/329\/2025\/04\/eliomys_quercinus01_cropped.jpg 675w, https:\/\/webs.uab.cat\/bees\/wp-content\/uploads\/sites\/329\/2025\/04\/eliomys_quercinus01_cropped-300x214.jpg 300w\" sizes=\"auto, (max-width: 675px) 100vw, 675px\" \/><\/figure>\n\n\n\n<p class=\"has-text-align-justify has-small-font-size\">Eliomys quercinus. Imagen con copyright CC BY-SA 3.0 creada por Arno Laurent y obtenida de Wikimedia commons en: <a href=\"https:\/\/commons.wikimedia.org\/wiki\/File:Eliomys_quercinus01_(cropped).jpg\">https:\/\/commons.wikimedia.org\/wiki\/File:Eliomys_quercinus01_(cropped).jpg<\/a><\/p>\n<\/div>\n\n\n\n<div style=\"height:10px\" aria-hidden=\"true\" class=\"wp-block-spacer\"><\/div>\n\n\n\n<div class=\"wp-block-columns is-layout-flex wp-container-core-columns-is-layout-9d6595d7 wp-block-columns-is-layout-flex\">\n<div class=\"wp-block-column is-layout-flow wp-block-column-is-layout-flow\">\n<figure class=\"wp-block-table has-alegreya-font-family has-small-font-size\"><table><tbody><tr><td class=\"has-text-align-center\" data-align=\"center\"><strong>Reino<\/strong><\/td><td class=\"has-text-align-center\" data-align=\"center\">Animalia<\/td><\/tr><tr><td class=\"has-text-align-center\" data-align=\"center\"><strong>Filo<\/strong><\/td><td class=\"has-text-align-center\" data-align=\"center\">Chordata<\/td><\/tr><tr><td class=\"has-text-align-center\" data-align=\"center\"><strong>Subfilo<\/strong><\/td><td class=\"has-text-align-center\" data-align=\"center\"><a href=\"https:\/\/webs.uab.cat\/bees\/vertebrados\/\" data-type=\"page\" data-id=\"43\">Vertebrata<\/a><\/td><\/tr><tr><td class=\"has-text-align-center\" data-align=\"center\"><strong>Clase<\/strong><\/td><td class=\"has-text-align-center\" data-align=\"center\"><a href=\"https:\/\/webs.uab.cat\/bees\/mamiferos\/\" data-type=\"page\" data-id=\"54\">Mammalia<\/a><\/td><\/tr><tr><td class=\"has-text-align-center\" data-align=\"center\"><strong>Subclase<\/strong><\/td><td class=\"has-text-align-center\" data-align=\"center\">Theria<\/td><\/tr><tr><td class=\"has-text-align-center\" data-align=\"center\"><strong>Infraclase<\/strong><\/td><td class=\"has-text-align-center\" data-align=\"center\">Placentalia<\/td><\/tr><tr><td class=\"has-text-align-center\" data-align=\"center\"><strong>Superorden<\/strong><\/td><td class=\"has-text-align-center\" data-align=\"center\">Euarchontoglires<\/td><\/tr><tr><td class=\"has-text-align-center\" data-align=\"center\"><strong>Orden<\/strong><\/td><td class=\"has-text-align-center\" data-align=\"center\"><a href=\"https:\/\/webs.uab.cat\/bees\/rodentia\/\" data-type=\"page\" data-id=\"339\">Rodentia<\/a><\/td><\/tr><tr><td class=\"has-text-align-center\" data-align=\"center\"><strong>Suborden<\/strong><\/td><td class=\"has-text-align-center\" data-align=\"center\">Sciuromorpha<\/td><\/tr><tr><td class=\"has-text-align-center\" data-align=\"center\"><strong>Familia<\/strong><\/td><td class=\"has-text-align-center\" data-align=\"center\">Gliridae<\/td><\/tr><tr><td class=\"has-text-align-center\" data-align=\"center\"><strong>Subfamilia<\/strong><\/td><td class=\"has-text-align-center\" data-align=\"center\">Leithiinae<\/td><\/tr><tr><td class=\"has-text-align-center\" data-align=\"center\"><strong>G\u00e9nero<\/strong><\/td><td class=\"has-text-align-center\" data-align=\"center\">Eliomys<\/td><\/tr><tr><td class=\"has-text-align-center\" data-align=\"center\"><strong>Especie<\/strong><\/td><td class=\"has-text-align-center\" data-align=\"center\">E. quercinus<\/td><\/tr><\/tbody><\/table><\/figure>\n<\/div>\n\n\n\n<div class=\"wp-block-column is-layout-flow wp-block-column-is-layout-flow\">\n<div class=\"wp-block-group is-vertical is-layout-flex wp-container-core-group-is-layout-769d0143 wp-block-group-is-layout-flex\">\n<p><strong>DESCRIPCI\u00d3N:<\/strong><\/p>\n\n\n\n<p class=\"has-text-align-justify has-alegreya-font-family has-small-font-size\">El lir\u00f3n careto es un animal de reducido tama\u00f1o, con una cola alargada y estrecha. Su peso es bastante variable a lo largo del a\u00f1o debido a su capacidad de hibernar, pero de manera general su cuerpo es convexo y su cara alargada con un morro estrecho.<\/p>\n\n\n\n<p class=\"has-text-align-justify has-alegreya-font-family has-small-font-size\">Su pelaje es de color pardo en la regi\u00f3n dorsal, mientras que el vientre es m\u00e1s blanquinoso. Es especialmente denso en la regi\u00f3n terminal de la cola, lo que le confiere una forma de pincel.<\/p>\n\n\n\n<p class=\"has-text-align-justify has-alegreya-font-family has-small-font-size\">No presentan un dimorfismo sexual bien notable, pero las hembras suelen tener 4 pares de mamas (uno pectoral, otro abdominal y dos en la zona inguinal).<\/p>\n\n\n\n<p class=\"has-text-align-justify has-alegreya-font-family has-small-font-size\">La caracter\u00edstica que los hace f\u00e1cilmente distinguibles, y que les da su nombre, son las dos manchas negruzcas alrededor de los ojos.<\/p>\n<\/div>\n<\/div>\n<\/div>\n\n\n\n<div style=\"height:10px\" aria-hidden=\"true\" class=\"wp-block-spacer\"><\/div>\n\n\n\n<div class=\"wp-block-group is-vertical is-layout-flex wp-container-core-group-is-layout-769d0143 wp-block-group-is-layout-flex\">\n<p><strong>DIETA:<\/strong><\/p>\n\n\n\n<p class=\"has-text-align-justify has-alegreya-font-family has-small-font-size\">Su dieta es bastante variada, ya que pueden comer alimentos de origen animal (artr\u00f3podos, peque\u00f1os roedores, anfibios etc.) o de origen vegetal (frutas, semillas, hojas etc.).<\/p>\n<\/div>\n\n\n\n<div style=\"height:10px\" aria-hidden=\"true\" class=\"wp-block-spacer\"><\/div>\n\n\n\n<div class=\"wp-block-group is-vertical is-layout-flex wp-container-core-group-is-layout-769d0143 wp-block-group-is-layout-flex\">\n<p><strong>ESTRUCTURA SOCIAL Y COMPORTAMIENTO:<\/strong><\/p>\n\n\n\n<p class=\"has-text-align-justify has-alegreya-font-family has-small-font-size\">Normalmente forman peque\u00f1as colonias que se generan a partir de la agrupaci\u00f3n de los distintos miembros de la familia y sus parejas.<\/p>\n\n\n\n<p class=\"has-text-align-justify has-alegreya-font-family has-small-font-size\">Son animales diurnos que, llegado el frio o por la falta de recursos, pueden entrar en estado de hibernaci\u00f3n. Una vez salen de ella, habr\u00e1n perdido pr\u00e1cticamente la mitad del peso acumulado a lo largo del a\u00f1o. En las regiones m\u00e1s c\u00e1lidas pueden entrar en un estado parecido al de hibernaci\u00f3n en verano para as\u00ed evitar las altas temperaturas del ambiente.<\/p>\n\n\n\n<p class=\"has-text-align-justify has-alegreya-font-family has-small-font-size\">Es debido a estos periodos de reposo, que lo habitual es que se reproduzcan en primavera u oto\u00f1o, dando lugar a unas 4-6 cr\u00edas. Despu\u00e9s de parir, pueden pasar-se aproximadamente 40 d\u00edas d\u00e1ndoles leche a sus hijos, los cuales no abandonar\u00e1n a la madre hasta que no hayan llegado a la madurez sexual.<\/p>\n<\/div>\n\n\n<div class=\"wp-block-image\">\n<figure class=\"aligncenter size-large\"><img loading=\"lazy\" decoding=\"async\" width=\"1245\" height=\"110\" src=\"https:\/\/biocampus25.wordpress.com\/wp-content\/uploads\/2025\/04\/captura-de-pantalla-2025-04-10-223109.png?w=1024\" alt=\"\" class=\"wp-image-275\" srcset=\"https:\/\/webs.uab.cat\/bees\/wp-content\/uploads\/sites\/329\/2025\/04\/captura-de-pantalla-2025-04-10-223109.png 1245w, https:\/\/webs.uab.cat\/bees\/wp-content\/uploads\/sites\/329\/2025\/04\/captura-de-pantalla-2025-04-10-223109-300x27.png 300w, https:\/\/webs.uab.cat\/bees\/wp-content\/uploads\/sites\/329\/2025\/04\/captura-de-pantalla-2025-04-10-223109-1024x90.png 1024w, https:\/\/webs.uab.cat\/bees\/wp-content\/uploads\/sites\/329\/2025\/04\/captura-de-pantalla-2025-04-10-223109-768x68.png 768w, https:\/\/webs.uab.cat\/bees\/wp-content\/uploads\/sites\/329\/2025\/04\/captura-de-pantalla-2025-04-10-223109-1200x106.png 1200w\" sizes=\"auto, (max-width: 1245px) 100vw, 1245px\" \/><\/figure>\n<\/div>\n\n\n<div style=\"height:10px\" aria-hidden=\"true\" class=\"wp-block-spacer\"><\/div>\n\n\n\n<div class=\"wp-block-group is-vertical is-layout-flex wp-container-core-group-is-layout-769d0143 wp-block-group-is-layout-flex\">\n<p><strong>HABITAT Y ZONA DE DISTRIBUCI\u00d3N:<\/strong><\/p>\n\n\n\n<p class=\"has-text-align-justify has-alegreya-font-family has-small-font-size\">Los podemos encontrar por toda Europa, exceptuando las islas Canarias, las islas brit\u00e1nicas e Ibiza.<\/p>\n\n\n\n<p class=\"has-text-align-justify has-alegreya-font-family has-small-font-size\">Estos son seres generalistas, por lo que pueden ser vistos en \u00e1rboles, zonas rocosas, matorrales, bosques o incluso en los tejados de viviendas rurales.<\/p>\n\n\n\n<figure class=\"wp-block-image size-large is-resized\"><img loading=\"lazy\" decoding=\"async\" width=\"526\" height=\"260\" src=\"https:\/\/biocampus25.wordpress.com\/wp-content\/uploads\/2025\/04\/captura-de-pantalla-2025-04-10-223300.png?w=526\" alt=\"\" class=\"wp-image-277\" style=\"width:620px;height:auto\" srcset=\"https:\/\/webs.uab.cat\/bees\/wp-content\/uploads\/sites\/329\/2025\/04\/captura-de-pantalla-2025-04-10-223300.png 526w, https:\/\/webs.uab.cat\/bees\/wp-content\/uploads\/sites\/329\/2025\/04\/captura-de-pantalla-2025-04-10-223300-300x148.png 300w\" sizes=\"auto, (max-width: 526px) 100vw, 526px\" \/><\/figure>\n\n\n\n<p class=\"has-text-align-justify has-small-font-size\">Mapa de distribuci\u00f3n de Eliomys quercinus. Imagen obtenida de Gbif en: <a href=\"https:\/\/www.gbif.org\/es\/species\/2439683\">https:\/\/www.gbif.org\/es\/species\/2439683<\/a><\/p>\n<\/div>\n\n\n\n<div style=\"height:10px\" aria-hidden=\"true\" class=\"wp-block-spacer\"><\/div>\n\n\n\n<div class=\"wp-block-group is-vertical is-layout-flex wp-container-core-group-is-layout-769d0143 wp-block-group-is-layout-flex\">\n<p><strong>ESTADO DE CONSERVACI\u00d3N:<\/strong><\/p>\n\n\n\n<p class=\"has-text-align-justify has-alegreya-font-family has-small-font-size\">Los datos provenientes de la IUCN nos indican que esta especie se encuentra en situaci\u00f3n de vulnerabilidad, con unas poblaciones que est\u00e1n disminuyendo de tama\u00f1o.<\/p>\n<\/div>\n\n\n<div class=\"wp-block-image\">\n<figure class=\"aligncenter size-large\"><img loading=\"lazy\" decoding=\"async\" width=\"845\" height=\"224\" src=\"https:\/\/biocampus25.wordpress.com\/wp-content\/uploads\/2025\/04\/captura_de_pantalla_2025-04-10_223726-removebg-preview.png?w=845\" alt=\"\" class=\"wp-image-281\" srcset=\"https:\/\/webs.uab.cat\/bees\/wp-content\/uploads\/sites\/329\/2025\/04\/captura_de_pantalla_2025-04-10_223726-removebg-preview.png 845w, https:\/\/webs.uab.cat\/bees\/wp-content\/uploads\/sites\/329\/2025\/04\/captura_de_pantalla_2025-04-10_223726-removebg-preview-300x80.png 300w, https:\/\/webs.uab.cat\/bees\/wp-content\/uploads\/sites\/329\/2025\/04\/captura_de_pantalla_2025-04-10_223726-removebg-preview-768x204.png 768w\" sizes=\"auto, (max-width: 845px) 100vw, 845px\" \/><\/figure>\n<\/div>\n\n\n<div style=\"height:30px\" aria-hidden=\"true\" class=\"wp-block-spacer\"><\/div>\n\n\n\n<p><strong>REFERENCIAS:<\/strong><\/p>\n\n\n\n<p class=\"has-text-align-justify has-small-font-size\"><em>Lir\u00f3n careto (Eliomys quercinus)<\/em>. (n.d.). Natusfera. Retrieved February 5, 2025, from <a href=\"https:\/\/spain.inaturalist.org\/taxa\/45863-Eliomys-quercinus\">https:\/\/spain.inaturalist.org\/taxa\/45863-Eliomys-quercinus<\/a><\/p>\n\n\n\n<p class=\"has-small-font-size\">Moreno, Sacramento (n.d.) Eliomys quercinus. Gob.Es. Retrieved February 5, 2025, from <a href=\"https:\/\/www.miteco.gob.es\/content\/dam\/miteco\/es\/biodiversidad\/temas\/inventarios-nacionales\/ieet_mami_eliomys_quercinus_tcm30-99801.pdf\">https:\/\/www.miteco.gob.es\/content\/dam\/miteco\/es\/biodiversidad\/temas\/inventarios-nacionales\/ieet_mami_eliomys_quercinus_tcm30-99801.pdf<\/a><\/p>\n\n\n\n<p class=\"has-text-align-justify has-small-font-size\">Bertolino, S., Meinig, H., Jeff Lang (University of North Dakota USA), &amp; Buchner, S. (2023). IUCN Red List of Threatened Species: Eliomys quercinus.&nbsp;<em>IUCN Red List of Threatened Species<\/em>. <a href=\"https:\/\/www.iucnredlist.org\/species\/7618\/3139783\">https:\/\/www.iucnredlist.org\/species\/7618\/3139783<\/a><\/p>\n","protected":false},"excerpt":{"rendered":"<p>Eliomys quercinus. Imagen con copyright CC BY-SA 3.0 creada por Arno Laurent y obtenida de Wikimedia commons en: https:\/\/commons.wikimedia.org\/wiki\/File:Eliomys_quercinus01_(cropped).jpg Reino Animalia Filo Chordata Subfilo Vertebrata Clase Mammalia Subclase Theria Infraclase Placentalia Superorden Euarchontoglires Orden Rodentia Suborden Sciuromorpha Familia Gliridae Subfamilia Leithiinae G\u00e9nero Eliomys Especie E. quercinus DESCRIPCI\u00d3N: El lir\u00f3n careto es un animal de reducido [&hellip;]<\/p>\n","protected":false},"author":2556,"featured_media":0,"parent":0,"menu_order":0,"comment_status":"closed","ping_status":"closed","template":"","meta":{"footnotes":""},"class_list":["post-266","page","type-page","status-publish","hentry"],"_links":{"self":[{"href":"https:\/\/webs.uab.cat\/bees\/wp-json\/wp\/v2\/pages\/266","targetHints":{"allow":["GET"]}}],"collection":[{"href":"https:\/\/webs.uab.cat\/bees\/wp-json\/wp\/v2\/pages"}],"about":[{"href":"https:\/\/webs.uab.cat\/bees\/wp-json\/wp\/v2\/types\/page"}],"author":[{"embeddable":true,"href":"https:\/\/webs.uab.cat\/bees\/wp-json\/wp\/v2\/users\/2556"}],"replies":[{"embeddable":true,"href":"https:\/\/webs.uab.cat\/bees\/wp-json\/wp\/v2\/comments?post=266"}],"version-history":[{"count":1,"href":"https:\/\/webs.uab.cat\/bees\/wp-json\/wp\/v2\/pages\/266\/revisions"}],"predecessor-version":[{"id":4224,"href":"https:\/\/webs.uab.cat\/bees\/wp-json\/wp\/v2\/pages\/266\/revisions\/4224"}],"wp:attachment":[{"href":"https:\/\/webs.uab.cat\/bees\/wp-json\/wp\/v2\/media?parent=266"}],"curies":[{"name":"wp","href":"https:\/\/api.w.org\/{rel}","templated":true}]}}