{"id":285,"date":"2025-05-14T11:43:37","date_gmt":"2025-05-14T09:43:37","guid":{"rendered":"https:\/\/biocampus25.wordpress.com\/?page_id=285"},"modified":"2025-05-19T13:33:14","modified_gmt":"2025-05-19T11:33:14","slug":"raton-de-campo","status":"publish","type":"page","link":"https:\/\/webs.uab.cat\/bees\/raton-de-campo\/","title":{"rendered":"RAT\u00d3N DE CAMPO"},"content":{"rendered":"<div class=\"wp-block-image\">\n<figure class=\"aligncenter size-large\"><img loading=\"lazy\" decoding=\"async\" width=\"640\" height=\"427\" src=\"https:\/\/biocampus25.wordpress.com\/wp-content\/uploads\/2025\/04\/small_mouse_201529325.jpeg?w=640\" alt=\"\" class=\"wp-image-286\" srcset=\"https:\/\/webs.uab.cat\/bees\/wp-content\/uploads\/sites\/329\/2025\/04\/small_mouse_201529325.jpeg 640w, https:\/\/webs.uab.cat\/bees\/wp-content\/uploads\/sites\/329\/2025\/04\/small_mouse_201529325-300x200.jpeg 300w\" sizes=\"auto, (max-width: 640px) 100vw, 640px\" \/><\/figure>\n<\/div>\n\n\n<div style=\"height:10px\" aria-hidden=\"true\" class=\"wp-block-spacer\"><\/div>\n\n\n\n<div class=\"wp-block-columns is-layout-flex wp-container-core-columns-is-layout-9d6595d7 wp-block-columns-is-layout-flex\">\n<div class=\"wp-block-column is-layout-flow wp-block-column-is-layout-flow\">\n<figure class=\"wp-block-table has-alegreya-font-family has-small-font-size\"><table><tbody><tr><td class=\"has-text-align-center\" data-align=\"center\"><strong>Reino<\/strong><\/td><td class=\"has-text-align-center\" data-align=\"center\">Animalia<\/td><\/tr><tr><td class=\"has-text-align-center\" data-align=\"center\"><strong>Filo<\/strong><\/td><td class=\"has-text-align-center\" data-align=\"center\">Chordata<\/td><\/tr><tr><td class=\"has-text-align-center\" data-align=\"center\"><strong>Subfilo<\/strong><\/td><td class=\"has-text-align-center\" data-align=\"center\"><a href=\"https:\/\/webs.uab.cat\/bees\/vertebrados\/\" data-type=\"page\" data-id=\"43\">Vertebrata<\/a><\/td><\/tr><tr><td class=\"has-text-align-center\" data-align=\"center\"><strong>Clase<\/strong><\/td><td class=\"has-text-align-center\" data-align=\"center\"><a href=\"https:\/\/webs.uab.cat\/bees\/mamiferos\/\" data-type=\"page\" data-id=\"54\">Mammalia<\/a><\/td><\/tr><tr><td class=\"has-text-align-center\" data-align=\"center\"><strong>Subclase<\/strong><\/td><td class=\"has-text-align-center\" data-align=\"center\">Theria<\/td><\/tr><tr><td class=\"has-text-align-center\" data-align=\"center\"><strong>Infraclase<\/strong><\/td><td class=\"has-text-align-center\" data-align=\"center\">Placentalia<\/td><\/tr><tr><td class=\"has-text-align-center\" data-align=\"center\"><strong>Superorden<\/strong><\/td><td class=\"has-text-align-center\" data-align=\"center\">Euarchontoglires<\/td><\/tr><tr><td class=\"has-text-align-center\" data-align=\"center\"><strong>Orden<\/strong><\/td><td class=\"has-text-align-center\" data-align=\"center\"><a href=\"https:\/\/webs.uab.cat\/bees\/rodentia\/\" data-type=\"page\" data-id=\"339\">Rodentia<\/a><\/td><\/tr><tr><td class=\"has-text-align-center\" data-align=\"center\"><strong>Suborden<\/strong><\/td><td class=\"has-text-align-center\" data-align=\"center\">Myomorpha<\/td><\/tr><tr><td class=\"has-text-align-center\" data-align=\"center\"><strong>Superfamilia<\/strong><\/td><td class=\"has-text-align-center\" data-align=\"center\">Muroidea<\/td><\/tr><tr><td class=\"has-text-align-center\" data-align=\"center\"><strong>Familia<\/strong><\/td><td class=\"has-text-align-center\" data-align=\"center\">Muridae<\/td><\/tr><tr><td class=\"has-text-align-center\" data-align=\"center\"><strong>Subfamilia<\/strong><\/td><td class=\"has-text-align-center\" data-align=\"center\">Murinae<\/td><\/tr><tr><td class=\"has-text-align-center\" data-align=\"center\"><strong>Tribu<\/strong><\/td><td class=\"has-text-align-center\" data-align=\"center\">Apodemini<\/td><\/tr><tr><td class=\"has-text-align-center\" data-align=\"center\"><strong>G\u00e9nero<\/strong><\/td><td class=\"has-text-align-center\" data-align=\"center\">Apodemus<\/td><\/tr><tr><td class=\"has-text-align-center\" data-align=\"center\"><strong>Especie<\/strong><\/td><td class=\"has-text-align-center\" data-align=\"center\">A. sylvaticus<\/td><\/tr><\/tbody><\/table><\/figure>\n<\/div>\n\n\n\n<div class=\"wp-block-column is-layout-flow wp-block-column-is-layout-flow\">\n<div class=\"wp-block-group is-vertical is-layout-flex wp-container-core-group-is-layout-769d0143 wp-block-group-is-layout-flex\">\n<div class=\"wp-block-group is-vertical is-layout-flex wp-container-core-group-is-layout-5576de17 wp-block-group-is-layout-flex\">\n<p><strong>DESCRIPCI\u00d3N:<\/strong><\/p>\n\n\n\n<p class=\"has-text-align-justify has-alegreya-font-family has-small-font-size\">Animal de reducido tama\u00f1o (aproximadamente 10 cm de longitud), con una cola estrecha, desnuda e igual de larga que su cuerpo. No suele superar los 30 gramos de peso.<\/p>\n\n\n\n<p class=\"has-text-align-justify has-alegreya-font-family has-small-font-size\">Su pelaje es amarillo rojizo en la parte dorsal, mientras que el vientre es blanquinoso. Los juveniles suelen tener un pelaje menos denso y con colores gris\u00e1ceos, pero esto cambia con la primera muda.<\/p>\n\n\n\n<p class=\"has-text-align-justify has-alegreya-font-family has-small-font-size\">No presentan un dimorfismo sexual bien marcado, m\u00e1s all\u00e1 de que el macho es ligeramente de mayor tama\u00f1o que las hembras. Adem\u00e1s, las hembras tienen 3 pares de mamas (1 pectoral y 2 inguinales).<\/p>\n\n\n\n<p class=\"has-text-align-justify has-alegreya-font-family has-small-font-size\">Su cabeza es voluminosa y presenta un morro alargado, con diversos pelos sensoriales, unos ojos negros grandes y unas orejas grandes. En cuanto a sus patas, las posteriores son m\u00e1s alargadas para permitir desplazarse realizando saltos.<\/p>\n<\/div>\n<\/div>\n<\/div>\n<\/div>\n\n\n\n<div style=\"height:10px\" aria-hidden=\"true\" class=\"wp-block-spacer\"><\/div>\n\n\n\n<div class=\"wp-block-group is-vertical is-layout-flex wp-container-core-group-is-layout-769d0143 wp-block-group-is-layout-flex\">\n<p><strong>DIETA:<\/strong><\/p>\n\n\n\n<p class=\"has-text-align-justify has-alegreya-font-family has-small-font-size\">Este es un animal omn\u00edvoro. Aunque tiene preferencia por el alimento de origen vegetal (semillas, baya etc.), tambi\u00e9n puede ingerir peque\u00f1os artr\u00f3podos y larvas.<\/p>\n<\/div>\n\n\n\n<div style=\"height:10px\" aria-hidden=\"true\" class=\"wp-block-spacer\"><\/div>\n\n\n\n<div class=\"wp-block-group is-vertical is-layout-flex wp-container-core-group-is-layout-8cf370e7 wp-block-group-is-layout-flex\">\n<p><strong>ESTRUCTURA SOCIAL Y COMPORTAMIENTO:<\/strong><\/p>\n\n\n\n<p class=\"has-text-align-justify has-alegreya-font-family has-small-font-size\">Este es un animal nocturno, que habitualmente forma peque\u00f1as poblaciones con otros individuos con los que comparten nido. Aun as\u00ed, cuando llega el periodo reproductivo, se vuelven territoriales.<\/p>\n\n\n\n<p class=\"has-text-align-justify has-alegreya-font-family has-small-font-size\">El periodo reproductivo es variable, suele depender de las condiciones del medio. Debido a que su esperanza de vida rara vez supera los dos a\u00f1os, llegan a la madurez sexual a las pocas semanas y tienen distintas camadas a lo largo del a\u00f1o. El periodo de gestaci\u00f3n suele durar 25 d\u00edas, despu\u00e9s las cr\u00edas son amamantadas durante 20 d\u00edas aproximadamente.<\/p>\n<\/div>\n\n\n<div class=\"wp-block-image\">\n<figure class=\"aligncenter size-large\"><img loading=\"lazy\" decoding=\"async\" width=\"1445\" height=\"122\" src=\"https:\/\/biocampus25.wordpress.com\/wp-content\/uploads\/2025\/04\/captura-de-pantalla-2025-03-27-220716-4.png?w=1024\" alt=\"\" class=\"wp-image-292\" srcset=\"https:\/\/webs.uab.cat\/bees\/wp-content\/uploads\/sites\/329\/2025\/04\/captura-de-pantalla-2025-03-27-220716-4.png 1445w, https:\/\/webs.uab.cat\/bees\/wp-content\/uploads\/sites\/329\/2025\/04\/captura-de-pantalla-2025-03-27-220716-4-300x25.png 300w, https:\/\/webs.uab.cat\/bees\/wp-content\/uploads\/sites\/329\/2025\/04\/captura-de-pantalla-2025-03-27-220716-4-1024x86.png 1024w, https:\/\/webs.uab.cat\/bees\/wp-content\/uploads\/sites\/329\/2025\/04\/captura-de-pantalla-2025-03-27-220716-4-768x65.png 768w, https:\/\/webs.uab.cat\/bees\/wp-content\/uploads\/sites\/329\/2025\/04\/captura-de-pantalla-2025-03-27-220716-4-1200x101.png 1200w\" sizes=\"auto, (max-width: 1445px) 100vw, 1445px\" \/><\/figure>\n<\/div>\n\n\n<div style=\"height:10px\" aria-hidden=\"true\" class=\"wp-block-spacer\"><\/div>\n\n\n\n<div class=\"wp-block-group is-vertical is-layout-flex wp-container-core-group-is-layout-769d0143 wp-block-group-is-layout-flex\">\n<p><strong>HABITAT Y ZONA DE DISTRIBUCI\u00d3N:<\/strong><\/p>\n\n\n\n<p class=\"has-text-align-justify has-alegreya-font-family has-small-font-size\">Este m\u00farido se encuentra ampliamente distribuido por toda Europa, hasta llegar a la frontera con Rusia y el norte de Noruega y Suecia. Tambi\u00e9n est\u00e1 presente en el norte de \u00c1frica y en Asia Menor.<\/p>\n\n\n\n<p class=\"has-text-align-justify has-alegreya-font-family has-small-font-size\">Suele habitar en zonas con una densa cobertura vegetal, para as\u00ed poder disminuir el riesgo de depredaci\u00f3n. Es por eso por lo que lo m\u00e1s habitual es que se encuentren en bosques densos y homog\u00e9neos, campos de cultivo o zonas llenas de arbustos.<\/p>\n<\/div>\n\n\n\n<div class=\"wp-block-group is-vertical is-layout-flex wp-container-core-group-is-layout-769d0143 wp-block-group-is-layout-flex\">\n<figure class=\"wp-block-image size-large\"><img loading=\"lazy\" decoding=\"async\" width=\"1066\" height=\"529\" src=\"https:\/\/biocampus25.wordpress.com\/wp-content\/uploads\/2025\/04\/captura-de-pantalla-2025-04-10-225239.png?w=1024\" alt=\"\" class=\"wp-image-295\" srcset=\"https:\/\/webs.uab.cat\/bees\/wp-content\/uploads\/sites\/329\/2025\/04\/captura-de-pantalla-2025-04-10-225239.png 1066w, https:\/\/webs.uab.cat\/bees\/wp-content\/uploads\/sites\/329\/2025\/04\/captura-de-pantalla-2025-04-10-225239-300x149.png 300w, https:\/\/webs.uab.cat\/bees\/wp-content\/uploads\/sites\/329\/2025\/04\/captura-de-pantalla-2025-04-10-225239-1024x508.png 1024w, https:\/\/webs.uab.cat\/bees\/wp-content\/uploads\/sites\/329\/2025\/04\/captura-de-pantalla-2025-04-10-225239-768x381.png 768w\" sizes=\"auto, (max-width: 1066px) 100vw, 1066px\" \/><\/figure>\n\n\n\n<p class=\"has-text-align-justify has-small-font-size\">Mapa de distribuci\u00f3n de Apodemus sylvaticus. Imagen obtenida de Gbif en: <a href=\"https:\/\/www.gbif.org\/es\/species\/2437760\">https:\/\/www.gbif.org\/es\/species\/2437760<\/a><\/p>\n<\/div>\n\n\n\n<div style=\"height:10px\" aria-hidden=\"true\" class=\"wp-block-spacer\"><\/div>\n\n\n\n<div class=\"wp-block-group is-vertical is-layout-flex wp-container-core-group-is-layout-769d0143 wp-block-group-is-layout-flex\">\n<p><strong>ESTADO DE CONSERVACI\u00d3N:<\/strong><\/p>\n\n\n\n<p class=\"has-text-align-justify has-alegreya-font-family has-small-font-size\">Seg\u00fan la informaci\u00f3n publicada de IUCN, esta especie se encuentra en estado de preocupaci\u00f3n menor.<\/p>\n<\/div>\n\n\n<div class=\"wp-block-image\">\n<figure class=\"aligncenter size-large\"><img loading=\"lazy\" decoding=\"async\" width=\"797\" height=\"222\" src=\"https:\/\/biocampus25.wordpress.com\/wp-content\/uploads\/2025\/04\/captura_de_pantalla_2025-03-27_213157-removebg-preview-5.png?w=797\" alt=\"\" class=\"wp-image-298\" srcset=\"https:\/\/webs.uab.cat\/bees\/wp-content\/uploads\/sites\/329\/2025\/04\/captura_de_pantalla_2025-03-27_213157-removebg-preview-5.png 797w, https:\/\/webs.uab.cat\/bees\/wp-content\/uploads\/sites\/329\/2025\/04\/captura_de_pantalla_2025-03-27_213157-removebg-preview-5-300x84.png 300w, https:\/\/webs.uab.cat\/bees\/wp-content\/uploads\/sites\/329\/2025\/04\/captura_de_pantalla_2025-03-27_213157-removebg-preview-5-768x214.png 768w\" sizes=\"auto, (max-width: 797px) 100vw, 797px\" \/><\/figure>\n<\/div>\n\n\n<div style=\"height:30px\" aria-hidden=\"true\" class=\"wp-block-spacer\"><\/div>\n\n\n\n<p><strong>REFERENCIAS:<\/strong><\/p>\n\n\n\n<p class=\"has-text-align-justify has-small-font-size\"><em>Rat\u00f3n de campo (Apodemus sylvaticus)<\/em>. (n.d.). Natusfera. Retrieved February 6, 2025, from <a href=\"https:\/\/spain.inaturalist.org\/taxa\/45562-Apodemus-sylvaticus\">https:\/\/spain.inaturalist.org\/taxa\/45562-Apodemus-sylvaticus<\/a><\/p>\n\n\n\n<p class=\"has-text-align-justify has-small-font-size\">Jubete, Fernando (n.d.). Apodemus sylvaticus. Gob.Es. Retrieved February 6, 2025, from <a href=\"https:\/\/www.miteco.gob.es\/content\/dam\/miteco\/es\/biodiversidad\/temas\/inventarios-nacionales\/ieet_mami_apodemus_sylvaticus_tcm30-99782.pdf\">https:\/\/www.miteco.gob.es\/content\/dam\/miteco\/es\/biodiversidad\/temas\/inventarios-nacionales\/ieet_mami_apodemus_sylvaticus_tcm30-99782.pdf<\/a><\/p>\n\n\n\n<p class=\"has-text-align-justify has-small-font-size\">Valderrey, J. L. M. (2008, June 7).&nbsp;<em>Apodemus sylvaticus (Linnaeus, 1758)<\/em>. Naturaleza y turismo. <a href=\"https:\/\/www.asturnatura.com\/especie\/apodemus-sylvaticus\">https:\/\/www.asturnatura.com\/especie\/apodemus-sylvaticus<\/a><\/p>\n\n\n\n<p class=\"has-text-align-justify has-small-font-size\">Mitsainas, G., Yigit, N., Schlitter, D., Kry\u0161tufek, B., Giovanni Amori (Italian National Research Council, La Sapienza University, Erik Van der Straeten (University of Antwerp, Belgium), &amp; Rainer Hutterer (IUCN SSC Insectivore Specialist Group). (2016). IUCN Red List of Threatened Species: Apodemus sylvaticus.&nbsp;<em>IUCN Red List of Threatened Species<\/em>. <a href=\"https:\/\/www.iucnredlist.org\/species\/1904\/197270811\">https:\/\/www.iucnredlist.org\/species\/1904\/197270811<\/a><\/p>\n","protected":false},"excerpt":{"rendered":"<p>Reino Animalia Filo Chordata Subfilo Vertebrata Clase Mammalia Subclase Theria Infraclase Placentalia Superorden Euarchontoglires Orden Rodentia Suborden Myomorpha Superfamilia Muroidea Familia Muridae Subfamilia Murinae Tribu Apodemini G\u00e9nero Apodemus Especie A. sylvaticus DESCRIPCI\u00d3N: Animal de reducido tama\u00f1o (aproximadamente 10 cm de longitud), con una cola estrecha, desnuda e igual de larga que su cuerpo. No suele [&hellip;]<\/p>\n","protected":false},"author":2556,"featured_media":0,"parent":0,"menu_order":0,"comment_status":"closed","ping_status":"closed","template":"","meta":{"footnotes":""},"class_list":["post-285","page","type-page","status-publish","hentry"],"_links":{"self":[{"href":"https:\/\/webs.uab.cat\/bees\/wp-json\/wp\/v2\/pages\/285","targetHints":{"allow":["GET"]}}],"collection":[{"href":"https:\/\/webs.uab.cat\/bees\/wp-json\/wp\/v2\/pages"}],"about":[{"href":"https:\/\/webs.uab.cat\/bees\/wp-json\/wp\/v2\/types\/page"}],"author":[{"embeddable":true,"href":"https:\/\/webs.uab.cat\/bees\/wp-json\/wp\/v2\/users\/2556"}],"replies":[{"embeddable":true,"href":"https:\/\/webs.uab.cat\/bees\/wp-json\/wp\/v2\/comments?post=285"}],"version-history":[{"count":1,"href":"https:\/\/webs.uab.cat\/bees\/wp-json\/wp\/v2\/pages\/285\/revisions"}],"predecessor-version":[{"id":4281,"href":"https:\/\/webs.uab.cat\/bees\/wp-json\/wp\/v2\/pages\/285\/revisions\/4281"}],"wp:attachment":[{"href":"https:\/\/webs.uab.cat\/bees\/wp-json\/wp\/v2\/media?parent=285"}],"curies":[{"name":"wp","href":"https:\/\/api.w.org\/{rel}","templated":true}]}}