{"id":303,"date":"2025-05-14T11:40:13","date_gmt":"2025-05-14T09:40:13","guid":{"rendered":"https:\/\/biocampus25.wordpress.com\/?page_id=303"},"modified":"2025-05-19T11:13:22","modified_gmt":"2025-05-19T09:13:22","slug":"erizo-europeo","status":"publish","type":"page","link":"https:\/\/webs.uab.cat\/bees\/erizo-europeo\/","title":{"rendered":"ERIZO EUROPEO"},"content":{"rendered":"<div class=\"wp-block-image\">\n<figure class=\"aligncenter size-large\"><img loading=\"lazy\" decoding=\"async\" width=\"640\" height=\"360\" src=\"https:\/\/biocampus25.wordpress.com\/wp-content\/uploads\/2025\/04\/erinaceus_roumanicus_2020_g2-edited.jpg\" alt=\"\" class=\"wp-image-305\" srcset=\"https:\/\/webs.uab.cat\/bees\/wp-content\/uploads\/sites\/329\/2025\/04\/erinaceus_roumanicus_2020_g2-edited.jpg 640w, https:\/\/webs.uab.cat\/bees\/wp-content\/uploads\/sites\/329\/2025\/04\/erinaceus_roumanicus_2020_g2-edited-300x169.jpg 300w\" sizes=\"auto, (max-width: 640px) 100vw, 640px\" \/><\/figure>\n<\/div>\n\n\n<div style=\"height:10px\" aria-hidden=\"true\" class=\"wp-block-spacer\"><\/div>\n\n\n\n<div class=\"wp-block-columns is-layout-flex wp-container-core-columns-is-layout-9d6595d7 wp-block-columns-is-layout-flex\">\n<div class=\"wp-block-column is-layout-flow wp-block-column-is-layout-flow\">\n<figure class=\"wp-block-table has-alegreya-font-family has-small-font-size\"><table><tbody><tr><td class=\"has-text-align-center\" data-align=\"center\"><strong>Reino<\/strong><\/td><td class=\"has-text-align-center\" data-align=\"center\">Animalia<\/td><\/tr><tr><td class=\"has-text-align-center\" data-align=\"center\"><strong>Filo<\/strong><\/td><td class=\"has-text-align-center\" data-align=\"center\">Chordata<\/td><\/tr><tr><td class=\"has-text-align-center\" data-align=\"center\"><strong>Subfilo<\/strong><\/td><td class=\"has-text-align-center\" data-align=\"center\"><a href=\"https:\/\/webs.uab.cat\/bees\/vertebrados\/\" data-type=\"page\" data-id=\"43\">Vertebrata<\/a><\/td><\/tr><tr><td class=\"has-text-align-center\" data-align=\"center\"><strong>Clase<\/strong><\/td><td class=\"has-text-align-center\" data-align=\"center\"><a href=\"https:\/\/webs.uab.cat\/bees\/mamiferos\/\" data-type=\"page\" data-id=\"54\">Mammalia<\/a><\/td><\/tr><tr><td class=\"has-text-align-center\" data-align=\"center\"><strong>Subclase<\/strong><\/td><td class=\"has-text-align-center\" data-align=\"center\">Theria<\/td><\/tr><tr><td class=\"has-text-align-center\" data-align=\"center\"><strong>Infraclase<\/strong><\/td><td class=\"has-text-align-center\" data-align=\"center\">Placentalia<\/td><\/tr><tr><td class=\"has-text-align-center\" data-align=\"center\"><strong>Superorden<\/strong><\/td><td class=\"has-text-align-center\" data-align=\"center\">Laurasiatheria<\/td><\/tr><tr><td class=\"has-text-align-center\" data-align=\"center\"><strong>Orden<\/strong><\/td><td class=\"has-text-align-center\" data-align=\"center\"><a href=\"https:\/\/webs.uab.cat\/bees\/eulipotyphla\/\" data-type=\"page\" data-id=\"349\">Eulipotyphla<\/a><\/td><\/tr><tr><td class=\"has-text-align-center\" data-align=\"center\"><strong>Suborden<\/strong><\/td><td class=\"has-text-align-center\" data-align=\"center\">Erinaceota<\/td><\/tr><tr><td class=\"has-text-align-center\" data-align=\"center\"><strong>Familia<\/strong><\/td><td class=\"has-text-align-center\" data-align=\"center\">Erinaceidae<\/td><\/tr><tr><td class=\"has-text-align-center\" data-align=\"center\"><strong>Subfamilia<\/strong><\/td><td class=\"has-text-align-center\" data-align=\"center\">Erinaceinae<\/td><\/tr><tr><td class=\"has-text-align-center\" data-align=\"center\"><strong>G\u00e9nero<\/strong><\/td><td class=\"has-text-align-center\" data-align=\"center\">Erinaceus<\/td><\/tr><tr><td class=\"has-text-align-center\" data-align=\"center\"><strong>Especie<\/strong><\/td><td class=\"has-text-align-center\" data-align=\"center\">E. europaeus<\/td><\/tr><\/tbody><\/table><\/figure>\n<\/div>\n\n\n\n<div class=\"wp-block-column is-layout-flow wp-block-column-is-layout-flow\">\n<div class=\"wp-block-group is-vertical is-layout-flex wp-container-core-group-is-layout-769d0143 wp-block-group-is-layout-flex\">\n<p><strong>DESCRIPCI\u00d3N:<\/strong><\/p>\n\n\n\n<p class=\"has-text-align-justify has-alegreya-font-family has-small-font-size\">Estos erizos son seres de tama\u00f1o reducido (aproximadamente 20cm), con una cola muy reducida (2-4cm). Todo esto hace que tengan un peso muy reducido, que ronda el 1Kg.<\/p>\n\n\n\n<p class=\"has-text-align-justify has-alegreya-font-family has-small-font-size\">Su pelaje es pardo en ambos lados de su cuerpo, pero es de un tono m\u00e1s oscuro en la regi\u00f3n dorsal. A parte del pelaje, en su superficie dorsal presentan unas p\u00faas alargadas, que les sirve de protecci\u00f3n ante los depredadores.<\/p>\n\n\n\n<p class=\"has-text-align-justify has-alegreya-font-family has-small-font-size\">El dimorfismo sexual est\u00e1 bien presente, ya que el pene se encuentra bastante adelantado, mientras que la vagina est\u00e1 pr\u00f3xima al ano. Adem\u00e1s, las hembras son ligeramente m\u00e1s grandes y presentan 5 pares de mamas (1 pectoral, 2 abdominales y 2 inguinales).<\/p>\n\n\n\n<p class=\"has-text-align-justify has-alegreya-font-family has-small-font-size\">En su cara podemos observar un par de ojos negros de tama\u00f1o reducido y un hocico largo y m\u00f3vil. En cuanto a sus patas, las traseras son de mayor tama\u00f1o que las delanteras y est\u00e1n provistas de 5 dedos acabados en u\u00f1as.<\/p>\n<\/div>\n<\/div>\n<\/div>\n\n\n\n<div style=\"height:10px\" aria-hidden=\"true\" class=\"wp-block-spacer\"><\/div>\n\n\n\n<div class=\"wp-block-group is-vertical is-layout-flex wp-container-core-group-is-layout-769d0143 wp-block-group-is-layout-flex\">\n<p><strong>DIETA:<\/strong><\/p>\n\n\n\n<p class=\"has-text-align-justify has-alegreya-font-family has-small-font-size\">El erizo europeo es un mam\u00edfero insect\u00edvoro, que se alimenta de todo tipo de insectos e incluso lombrices de tierra. Adem\u00e1s, puede ingerir cr\u00edas de roedores, polluelos, huevos y carro\u00f1a.<\/p>\n<\/div>\n\n\n\n<div style=\"height:10px\" aria-hidden=\"true\" class=\"wp-block-spacer\"><\/div>\n\n\n\n<div class=\"wp-block-group is-vertical is-layout-flex wp-container-core-group-is-layout-769d0143 wp-block-group-is-layout-flex\">\n<p><strong>ESTRUCTURA SOCIAL Y COMPORTAMIENTO:<\/strong><\/p>\n\n\n\n<p class=\"has-text-align-justify has-alegreya-font-family has-small-font-size\">Estos son animales solitarios, aunque poco territoriales (algunos machos pueden pelearse para establecer el rango de dominancia). Mayoritariamente se encuentran activos en horario nocturno, mientras que de d\u00eda suelen refugiarse en sus nidos.<\/p>\n\n\n\n<p class=\"has-text-align-justify has-alegreya-font-family has-small-font-size\">Cuando empieza el periodo de bajas temperaturas (noviembre-diciembre) realizan la hibernaci\u00f3n, que suele durar hasta bien empezada la primavera (marzo). Muchos individuos no sobreviven a su primera hibernaci\u00f3n.<\/p>\n\n\n\n<p class=\"has-text-align-justify has-alegreya-font-family has-small-font-size\">Una vez han hibernado, des de abril hasta agosto se produce la \u00e9poca de reproducci\u00f3n. Despu\u00e9s de unos 35 d\u00edas, paren 2-6 cr\u00edas ciegas y desnudas, que durante 1 mes y medio realizan la lactancia. No es hasta las dos semanas que no abren los ojos y empiezan a desarrollar las p\u00faas, por lo que la mortalidad infantil es elevada. Llegan a la madurez sexual pasado un a\u00f1o y suelen tener una camada por a\u00f1o.<\/p>\n<\/div>\n\n\n<div class=\"wp-block-image\">\n<figure class=\"aligncenter size-large\"><img loading=\"lazy\" decoding=\"async\" width=\"953\" height=\"83\" src=\"https:\/\/biocampus25.wordpress.com\/wp-content\/uploads\/2025\/04\/captura-de-pantalla-2025-04-12-173711.png?w=953\" alt=\"\" class=\"wp-image-313\" srcset=\"https:\/\/webs.uab.cat\/bees\/wp-content\/uploads\/sites\/329\/2025\/04\/captura-de-pantalla-2025-04-12-173711.png 953w, https:\/\/webs.uab.cat\/bees\/wp-content\/uploads\/sites\/329\/2025\/04\/captura-de-pantalla-2025-04-12-173711-300x26.png 300w, https:\/\/webs.uab.cat\/bees\/wp-content\/uploads\/sites\/329\/2025\/04\/captura-de-pantalla-2025-04-12-173711-768x67.png 768w\" sizes=\"auto, (max-width: 953px) 100vw, 953px\" \/><\/figure>\n<\/div>\n\n\n<div style=\"height:10px\" aria-hidden=\"true\" class=\"wp-block-spacer\"><\/div>\n\n\n\n<div class=\"wp-block-group is-vertical is-layout-flex wp-container-core-group-is-layout-769d0143 wp-block-group-is-layout-flex\">\n<p><strong>HABITAT Y ZONA DE DISTRIBUCI\u00d3N:<\/strong><\/p>\n\n\n\n<p class=\"has-text-align-justify has-alegreya-font-family has-small-font-size\">Se encuentran ampliamente distribuidos por toda Europa central y occidental, exceptuando las islas Canarias, Baleares y el norte de \u00c1frica. Tambi\u00e9n se puede encontrar en la regi\u00f3n de Nueva Zelanda.<\/p>\n\n\n\n<p class=\"has-text-align-justify has-alegreya-font-family has-small-font-size\">Solemos encontrarlos en zonas h\u00famedas, como bosques y ciertas monta\u00f1as. Tambi\u00e9n es habitual que aparezcan en regiones semiurbanas como en los jardines.<\/p>\n<\/div>\n\n\n\n<div class=\"wp-block-group is-vertical is-layout-flex wp-container-core-group-is-layout-769d0143 wp-block-group-is-layout-flex\">\n<figure class=\"wp-block-image size-large is-resized\"><img decoding=\"async\" src=\"https:\/\/biocampus25.wordpress.com\/wp-content\/uploads\/2025\/04\/captura-de-pantalla-2025-04-12-173915.png?w=532\" alt=\"\" class=\"wp-image-315\" style=\"width:620px;height:auto\" \/><\/figure>\n\n\n\n<p class=\"has-text-align-justify has-small-font-size\">Mapa de distribuci\u00f3n de Erinaceus europaeus. Imagen obtenida de Gbif en:&nbsp;&nbsp;&nbsp;&nbsp;&nbsp;&nbsp;&nbsp; <a href=\"https:\/\/www.gbif.org\/es\/species\/5219616\">https:\/\/www.gbif.org\/es\/species\/5219616<\/a><\/p>\n<\/div>\n\n\n\n<div style=\"height:10px\" aria-hidden=\"true\" class=\"wp-block-spacer\"><\/div>\n\n\n\n<div class=\"wp-block-group is-vertical is-layout-flex wp-container-core-group-is-layout-769d0143 wp-block-group-is-layout-flex\">\n<p><strong>ESTADO DE CONSERVACI\u00d3N:<\/strong><\/p>\n\n\n\n<p class=\"has-text-align-justify has-alegreya-font-family has-small-font-size\">Los datos de la IUCN nos informan de que este animal se encuentra cerca del punto de estar en peligro, puesto que su poblaci\u00f3n est\u00e1 decreciendo.<\/p>\n<\/div>\n\n\n<div class=\"wp-block-image\">\n<figure class=\"aligncenter size-large\"><img decoding=\"async\" src=\"https:\/\/biocampus25.wordpress.com\/wp-content\/uploads\/2025\/04\/captura_de_pantalla_2025-04-10_223726-removebg-preview-1.png?w=845\" alt=\"\" class=\"wp-image-317\" \/><\/figure>\n<\/div>\n\n\n<div style=\"height:30px\" aria-hidden=\"true\" class=\"wp-block-spacer\"><\/div>\n\n\n\n<p><strong>REFERENCIAS:<\/strong><\/p>\n\n\n\n<p class=\"has-text-align-justify has-small-font-size\"><em>Erizo Europeo Occidental (Erinaceus europaeus)<\/em>. (n.d.). iNaturalist Mexico. Retrieved February 6, 2025, from <a href=\"https:\/\/mexico.inaturalist.org\/taxa\/43042-Erinaceus-europaeus\">https:\/\/mexico.inaturalist.org\/taxa\/43042-Erinaceus-europaeus<\/a><\/p>\n\n\n\n<p class=\"has-text-align-justify has-small-font-size\">Nores, Carlos (n.d.). Erinaceus europaeus. Gob.Es. Retrieved February 6, 2025, from <a href=\"https:\/\/www.miteco.gob.es\/content\/dam\/miteco\/es\/biodiversidad\/temas\/inventarios-nacionales\/ieet_mami_erinaceus_europaeus_tcm30-99803.pdf\">https:\/\/www.miteco.gob.es\/content\/dam\/miteco\/es\/biodiversidad\/temas\/inventarios-nacionales\/ieet_mami_erinaceus_europaeus_tcm30-99803.pdf<\/a><\/p>\n\n\n\n<p class=\"has-text-align-justify has-small-font-size\">Valderrey, J. L. M. (2006, July 11).&nbsp;<em>Erinaceus europaeus Linnaeus, 1758<\/em>. Naturaleza y turismo. <a href=\"https:\/\/www.asturnatura.com\/especie\/erinaceus-europaeus\">https:\/\/www.asturnatura.com\/especie\/erinaceus-europaeus<\/a><\/p>\n\n\n\n<p class=\"has-text-align-justify has-small-font-size\">Wikipedia contributors. (n.d.).&nbsp;<em>Erinaceus europaeus<\/em>. Wikipedia, The Free Encyclopedia. <a href=\"https:\/\/es.wikipedia.org\/w\/index.php?title=Erinaceus_europaeus&amp;oldid=164738092\">https:\/\/es.wikipedia.org\/w\/index.php?title=Erinaceus_europaeus&amp;oldid=164738092<\/a><\/p>\n\n\n\n<p class=\"has-text-align-justify has-small-font-size\">Abigail Gazzard (IUCN SSC Small Mammal Specialist Group), &amp; Rasmussen, S. (2023). IUCN Red List of Threatened Species: Erinaceus europaeus.&nbsp;<em>IUCN Red List of Threatened Species<\/em>.&nbsp;&nbsp;&nbsp; <a href=\"https:\/\/www.iucnredlist.org\/species\/29650\/213411773\">https:\/\/www.iucnredlist.org\/species\/29650\/213411773<\/a><\/p>\n","protected":false},"excerpt":{"rendered":"<p>Reino Animalia Filo Chordata Subfilo Vertebrata Clase Mammalia Subclase Theria Infraclase Placentalia Superorden Laurasiatheria Orden Eulipotyphla Suborden Erinaceota Familia Erinaceidae Subfamilia Erinaceinae G\u00e9nero Erinaceus Especie E. europaeus DESCRIPCI\u00d3N: Estos erizos son seres de tama\u00f1o reducido (aproximadamente 20cm), con una cola muy reducida (2-4cm). Todo esto hace que tengan un peso muy reducido, que ronda el [&hellip;]<\/p>\n","protected":false},"author":2556,"featured_media":0,"parent":0,"menu_order":0,"comment_status":"closed","ping_status":"closed","template":"","meta":{"footnotes":""},"class_list":["post-303","page","type-page","status-publish","hentry"],"_links":{"self":[{"href":"https:\/\/webs.uab.cat\/bees\/wp-json\/wp\/v2\/pages\/303","targetHints":{"allow":["GET"]}}],"collection":[{"href":"https:\/\/webs.uab.cat\/bees\/wp-json\/wp\/v2\/pages"}],"about":[{"href":"https:\/\/webs.uab.cat\/bees\/wp-json\/wp\/v2\/types\/page"}],"author":[{"embeddable":true,"href":"https:\/\/webs.uab.cat\/bees\/wp-json\/wp\/v2\/users\/2556"}],"replies":[{"embeddable":true,"href":"https:\/\/webs.uab.cat\/bees\/wp-json\/wp\/v2\/comments?post=303"}],"version-history":[{"count":1,"href":"https:\/\/webs.uab.cat\/bees\/wp-json\/wp\/v2\/pages\/303\/revisions"}],"predecessor-version":[{"id":4184,"href":"https:\/\/webs.uab.cat\/bees\/wp-json\/wp\/v2\/pages\/303\/revisions\/4184"}],"wp:attachment":[{"href":"https:\/\/webs.uab.cat\/bees\/wp-json\/wp\/v2\/media?parent=303"}],"curies":[{"name":"wp","href":"https:\/\/api.w.org\/{rel}","templated":true}]}}