{"id":321,"date":"2025-05-14T11:39:45","date_gmt":"2025-05-14T09:39:45","guid":{"rendered":"https:\/\/biocampus25.wordpress.com\/?page_id=321"},"modified":"2025-05-19T10:48:20","modified_gmt":"2025-05-19T08:48:20","slug":"chiroptera","status":"publish","type":"page","link":"https:\/\/webs.uab.cat\/bees\/chiroptera\/","title":{"rendered":"Chiroptera"},"content":{"rendered":"\n<div class=\"wp-block-group is-vertical is-layout-flex wp-container-core-group-is-layout-769d0143 wp-block-group-is-layout-flex\">\n<p><strong>Descripci\u00f3n:<\/strong><\/p>\n\n\n\n<p class=\"has-text-align-justify has-alegreya-font-family has-small-font-size\">Este orden est\u00e1 compuesto por unas 1.400 especies (aproximadamente el 20% de los mam\u00edferos) y es al que pertenecen los murci\u00e9lagos. Este grupo se caracteriza principalmente por la modificaci\u00f3n de las patas anteriores, que se transforman en alas que les permiten volar.<\/p>\n\n\n\n<p class=\"has-text-align-justify has-alegreya-font-family has-small-font-size\">Para formar estas alas, han tenido que modificar la estructura de los huesos de las patas anteriores, de modo que los dedos son mucho m\u00e1s alargados. Entre ellos aparece un tejido llamado patagio, formado por una membrana doble que recubre una capa de tejido muscular, nervioso y vasos sangu\u00edneos, permitiendo regular su movilidad.<\/p>\n\n\n\n<p class=\"has-text-align-justify\">Se encuentran en todo el mundo, excepto en la Ant\u00e1rtida, y seg\u00fan el nicho ecol\u00f3gico en el que habiten, tienen un estilo de vida u otro. Esto se observa claramente en su dieta: algunas especies son carn\u00edvoras, otras hemat\u00f3fagas (se alimentan de sangre), polinizadoras, etc.<\/p>\n\n\n\n<p class=\"has-text-align-justify\">Los quir\u00f3pteros se pueden clasificar a su vez en 2 grupos: los megaquir\u00f3pteros y los microquir\u00f3pteros. A pesar de sus nombres, no siempre los primeros son de mayor tama\u00f1o que los segundos. Por lo tanto, la principal diferencia radica en la capacidad de los microquir\u00f3pteros de realizar ecolocalizaci\u00f3n.<\/p>\n\n\n\n<p class=\"has-text-align-justify\">Como son animales nocturnos, suelen tener una visi\u00f3n pobre pero funcional (especialmente en espacios abiertos). Por esta raz\u00f3n, emiten ultrasonidos para orientarse y localizar elementos en su entorno o a sus presas.<\/p>\n\n\n\n<p class=\"has-text-align-justify\">Adem\u00e1s, para hacer funcional la capacidad de utilizar ultrasonidos, han desarrollado modificaciones en su sentido auditivo:<\/p>\n\n\n\n<div class=\"wp-block-group is-vertical is-layout-flex wp-container-core-group-is-layout-769d0143 wp-block-group-is-layout-flex\">\n<div class=\"wp-block-group has-alegreya-font-family has-small-font-size is-vertical is-layout-flex wp-container-core-group-is-layout-8cf370e7 wp-block-group-is-layout-flex\">\n<ul class=\"wp-block-list\">\n<li>Poseen orejas generalmente grandes y con morfolog\u00edas complejas, que les permiten captar correctamente los sonidos del medio.<\/li>\n\n\n\n<li>Mantienen los huesos del o\u00eddo medio m\u00e1s r\u00edgidos para evitar da\u00f1os debido a la fuerza de las ondas sonoras.<\/li>\n\n\n\n<li>Est\u00e1n especializados en detectar el sonido que emiten y que les rebota (es fundamental para calcular la distancia de los objetos detectados).<\/li>\n<\/ul>\n<\/div>\n<\/div>\n<\/div>\n\n\n\n<div style=\"height:30px\" aria-hidden=\"true\" class=\"wp-block-spacer\"><\/div>\n\n\n\n<p><strong>Clave dicot\u00f3mica:<\/strong><\/p>\n\n\n\n<p class=\"has-text-align-justify has-small-font-size\"><strong>a. <\/strong>Este murci\u00e9lago es de tama\u00f1o reducido (no suele superar los 5cm), adem\u00e1s tambi\u00e9n tiene las orejas peque\u00f1as &#8212;&#8212;&#8212;&#8211;&gt;<a href=\"https:\/\/biocampus25.wordpress.com\/genero-pipistrellus\/\"> <\/a><strong><a href=\"https:\/\/webs.uab.cat\/bees\/genero-pipistrellus\/\" data-type=\"page\" data-id=\"141\">Genero pipistrellus<\/a><\/strong><\/p>\n\n\n\n<p class=\"has-text-align-justify has-small-font-size\"><strong>b. <\/strong>Este murci\u00e9lago puede superar los 10cm i sus orejas son grandes i con morfolog\u00edas complejas &#8212;&#8212;&#8212;&#8212;&#8212;&#8212;&#8212;&#8212;&#8212;&#8212;&#8212;-&gt; <strong><a href=\"https:\/\/webs.uab.cat\/bees\/murcielago-rabudo\/\" data-type=\"page\" data-id=\"163\">Tadarida teniotis<\/a><\/strong><\/p>\n\n\n\n<div style=\"height:30px\" aria-hidden=\"true\" class=\"wp-block-spacer\"><\/div>\n\n\n\n<p><strong>Bibliografia:<\/strong><\/p>\n\n\n\n<p class=\"has-text-align-justify has-small-font-size\"><em>Murci\u00e9lagos (Orden Chiroptera)<\/em>. (n.d.). iNaturalist Mexico. Retrieved December 23, 2024, from <a href=\"https:\/\/mexico.inaturalist.org\/taxa\/40268-Chiroptera\">https:\/\/mexico.inaturalist.org\/taxa\/40268-Chiroptera<\/a><\/p>\n\n\n\n<p class=\"has-text-align-justify has-small-font-size\">Kroll, K. (2018, February 15).&nbsp;<em>Microbats and their classification systems<\/em>. Tolga Bat Hospital. <a href=\"https:\/\/tolgabathospital.org\/microbats\/\">https:\/\/tolgabathospital.org\/microbats\/<\/a><\/p>\n\n\n\n<p class=\"has-text-align-justify has-small-font-size\">Wikipedia contributors. (n.d.).&nbsp;<em>Microchiroptera<\/em>. Wikipedia, The Free Encyclopedia. <a href=\"https:\/\/es.wikipedia.org\/w\/index.php?title=Microchiroptera&amp;oldid=162831556\">https:\/\/es.wikipedia.org\/w\/index.php?title=Microchiroptera&amp;oldid=162831556<\/a><\/p>\n\n\n\n<p><\/p>\n","protected":false},"excerpt":{"rendered":"<p>Descripci\u00f3n: Este orden est\u00e1 compuesto por unas 1.400 especies (aproximadamente el 20% de los mam\u00edferos) y es al que pertenecen los murci\u00e9lagos. Este grupo se caracteriza principalmente por la modificaci\u00f3n de las patas anteriores, que se transforman en alas que les permiten volar. Para formar estas alas, han tenido que modificar la estructura de los [&hellip;]<\/p>\n","protected":false},"author":2556,"featured_media":0,"parent":0,"menu_order":0,"comment_status":"closed","ping_status":"closed","template":"","meta":{"footnotes":""},"class_list":["post-321","page","type-page","status-publish","hentry"],"_links":{"self":[{"href":"https:\/\/webs.uab.cat\/bees\/wp-json\/wp\/v2\/pages\/321","targetHints":{"allow":["GET"]}}],"collection":[{"href":"https:\/\/webs.uab.cat\/bees\/wp-json\/wp\/v2\/pages"}],"about":[{"href":"https:\/\/webs.uab.cat\/bees\/wp-json\/wp\/v2\/types\/page"}],"author":[{"embeddable":true,"href":"https:\/\/webs.uab.cat\/bees\/wp-json\/wp\/v2\/users\/2556"}],"replies":[{"embeddable":true,"href":"https:\/\/webs.uab.cat\/bees\/wp-json\/wp\/v2\/comments?post=321"}],"version-history":[{"count":2,"href":"https:\/\/webs.uab.cat\/bees\/wp-json\/wp\/v2\/pages\/321\/revisions"}],"predecessor-version":[{"id":4159,"href":"https:\/\/webs.uab.cat\/bees\/wp-json\/wp\/v2\/pages\/321\/revisions\/4159"}],"wp:attachment":[{"href":"https:\/\/webs.uab.cat\/bees\/wp-json\/wp\/v2\/media?parent=321"}],"curies":[{"name":"wp","href":"https:\/\/api.w.org\/{rel}","templated":true}]}}