{"id":33,"date":"2025-05-14T11:40:07","date_gmt":"2025-05-14T09:40:07","guid":{"rendered":"https:\/\/biocampus25.wordpress.com\/?page_id=33"},"modified":"2025-05-16T10:51:33","modified_gmt":"2025-05-16T08:51:33","slug":"clave-dicotomica","status":"publish","type":"page","link":"https:\/\/webs.uab.cat\/bees\/clave-dicotomica\/","title":{"rendered":"CLAVE DICOTOMICA"},"content":{"rendered":"\n<p class=\"has-text-align-center has-alegreya-font-family\">EL PRIMER PASO ES CONOCER A QUE GRAN GRUPO DE ORGANISMOS PERTENECEN:<\/p>\n\n\n\n<div style=\"height:22px\" aria-hidden=\"true\" class=\"wp-block-spacer\"><\/div>\n\n\n\n<div class=\"wp-block-columns is-layout-flex wp-container-core-columns-is-layout-9d6595d7 wp-block-columns-is-layout-flex\">\n<div class=\"wp-block-column is-layout-flow wp-block-column-is-layout-flow\">\n<p class=\"has-text-align-center has-alegreya-font-family has-medium-font-size\">Se trata de un <a href=\"https:\/\/webs.uab.cat\/bees\/vertebrados\/\" data-type=\"page\" data-id=\"43\">vertebrado <\/a>(mam\u00edferos, reptiles, anfibios, aves o peces)<\/p>\n<\/div>\n\n\n\n<div class=\"wp-block-column is-layout-flow wp-block-column-is-layout-flow\">\n<p class=\"has-text-align-center has-alegreya-font-family\">Se trata de un <a href=\"https:\/\/webs.uab.cat\/bees\/invertebrados\/\" data-type=\"page\" data-id=\"4098\">invertebrado <\/a>(crust\u00e1ceos, insectos, ara\u00f1as, moluscos&#8230;)<\/p>\n<\/div>\n<\/div>\n\n\n\n<div style=\"height:0px\" aria-hidden=\"true\" class=\"wp-block-spacer\"><\/div>\n\n\n\n<div class=\"wp-block-columns is-layout-flex wp-container-core-columns-is-layout-9d6595d7 wp-block-columns-is-layout-flex\">\n<div class=\"wp-block-column is-layout-flow wp-block-column-is-layout-flow\">\n<figure class=\"wp-block-image size-large\"><img loading=\"lazy\" decoding=\"async\" width=\"444\" height=\"289\" src=\"https:\/\/biocampus25.wordpress.com\/wp-content\/uploads\/2025\/03\/captura-de-pantalla-2025-03-25-223318.png?w=444\" alt=\"\" class=\"wp-image-39\" srcset=\"https:\/\/webs.uab.cat\/bees\/wp-content\/uploads\/sites\/329\/2025\/03\/captura-de-pantalla-2025-03-25-223318.png 444w, https:\/\/webs.uab.cat\/bees\/wp-content\/uploads\/sites\/329\/2025\/03\/captura-de-pantalla-2025-03-25-223318-300x195.png 300w\" sizes=\"auto, (max-width: 444px) 100vw, 444px\" \/><\/figure>\n<\/div>\n\n\n\n<div class=\"wp-block-column is-layout-flow wp-block-column-is-layout-flow\">\n<figure class=\"wp-block-image size-large\"><img loading=\"lazy\" decoding=\"async\" width=\"413\" height=\"275\" src=\"https:\/\/biocampus25.wordpress.com\/wp-content\/uploads\/2025\/05\/captura-de-pantalla-2025-03-25-223330-edited.png\" alt=\"\" class=\"wp-image-2544\" style=\"aspect-ratio:1.4048320565704184\" srcset=\"https:\/\/webs.uab.cat\/bees\/wp-content\/uploads\/sites\/329\/2025\/05\/captura-de-pantalla-2025-03-25-223330-edited.png 413w, https:\/\/webs.uab.cat\/bees\/wp-content\/uploads\/sites\/329\/2025\/05\/captura-de-pantalla-2025-03-25-223330-edited-300x200.png 300w\" sizes=\"auto, (max-width: 413px) 100vw, 413px\" \/><\/figure>\n<\/div>\n<\/div>\n\n\n\n<p><\/p>\n","protected":false},"excerpt":{"rendered":"<p>EL PRIMER PASO ES CONOCER A QUE GRAN GRUPO DE ORGANISMOS PERTENECEN: Se trata de un vertebrado (mam\u00edferos, reptiles, anfibios, aves o peces) Se trata de un invertebrado (crust\u00e1ceos, insectos, ara\u00f1as, moluscos&#8230;)<\/p>\n","protected":false},"author":2556,"featured_media":0,"parent":0,"menu_order":0,"comment_status":"closed","ping_status":"closed","template":"","meta":{"footnotes":""},"class_list":["post-33","page","type-page","status-publish","hentry"],"_links":{"self":[{"href":"https:\/\/webs.uab.cat\/bees\/wp-json\/wp\/v2\/pages\/33","targetHints":{"allow":["GET"]}}],"collection":[{"href":"https:\/\/webs.uab.cat\/bees\/wp-json\/wp\/v2\/pages"}],"about":[{"href":"https:\/\/webs.uab.cat\/bees\/wp-json\/wp\/v2\/types\/page"}],"author":[{"embeddable":true,"href":"https:\/\/webs.uab.cat\/bees\/wp-json\/wp\/v2\/users\/2556"}],"replies":[{"embeddable":true,"href":"https:\/\/webs.uab.cat\/bees\/wp-json\/wp\/v2\/comments?post=33"}],"version-history":[{"count":1,"href":"https:\/\/webs.uab.cat\/bees\/wp-json\/wp\/v2\/pages\/33\/revisions"}],"predecessor-version":[{"id":4115,"href":"https:\/\/webs.uab.cat\/bees\/wp-json\/wp\/v2\/pages\/33\/revisions\/4115"}],"wp:attachment":[{"href":"https:\/\/webs.uab.cat\/bees\/wp-json\/wp\/v2\/media?parent=33"}],"curies":[{"name":"wp","href":"https:\/\/api.w.org\/{rel}","templated":true}]}}