{"id":331,"date":"2025-05-14T11:39:44","date_gmt":"2025-05-14T09:39:44","guid":{"rendered":"https:\/\/biocampus25.wordpress.com\/?page_id=331"},"modified":"2025-05-19T10:44:11","modified_gmt":"2025-05-19T08:44:11","slug":"carnivora","status":"publish","type":"page","link":"https:\/\/webs.uab.cat\/bees\/carnivora\/","title":{"rendered":"Carnivora"},"content":{"rendered":"\n<div class=\"wp-block-group is-vertical is-layout-flex wp-container-core-group-is-layout-769d0143 wp-block-group-is-layout-flex\">\n<p><strong>Descripci\u00f3n:<\/strong><\/p>\n\n\n\n<p class=\"has-text-align-justify has-alegreya-font-family has-small-font-size\">Este orden incluye a todos aquellos animales que se alimentan de otros, dieta que requiere especializaciones en la dentici\u00f3n. Entre estas se incluyen la presencia de 6 incisivos, 2 caninos y varios premolares y molares serrados o afilados.<\/p>\n\n\n\n<p class=\"has-text-align-justify has-alegreya-font-family has-small-font-size\">Adem\u00e1s, necesitan una buena musculatura craneal para generar la fuerza necesaria en la masticaci\u00f3n. Por esta raz\u00f3n, poseen arcos cigom\u00e1ticos prominentes. Estos son unos huesos situados en la zona de uni\u00f3n entre la mand\u00edbula y el cr\u00e1neo, cuya funci\u00f3n es permitir la inserci\u00f3n y articulaci\u00f3n de la musculatura mandibular.<\/p>\n\n\n\n<p class=\"has-text-align-justify has-alegreya-font-family has-small-font-size\">Tambi\u00e9n tienen los sentidos bien desarrollados para facilitar la detecci\u00f3n de las presas. Esto se ha logrado gracias a un cerebro grande y desarrollado, alojado en una caja craneal amplia. Algunos organismos presentan vibrisas t\u00e1ctiles, es decir, pelos sensoriales, en las patas y la cara. Esto les permite orientarse en zonas con poca luz.<\/p>\n\n\n\n<p class=\"has-text-align-justify has-alegreya-font-family has-small-font-size\">La gran mayor\u00eda presenta 4-5 dedos en cada pata, con un pulgar generalmente reducido y no oponible. Tambi\u00e9n pueden tener garras en los dedos, que facilitan las tareas de cortar o atacar a las presas. Sin embargo, algunos han perdido esta estructura para adaptarse a un estilo de vida acu\u00e1tico, como por ejemplo la foca.<\/p>\n<\/div>\n\n\n\n<div style=\"height:30px\" aria-hidden=\"true\" class=\"wp-block-spacer\"><\/div>\n\n\n\n<p><strong>Clave dicot\u00f3mica:<\/strong><\/p>\n\n\n\n<div class=\"wp-block-group is-vertical is-layout-flex wp-container-core-group-is-layout-769d0143 wp-block-group-is-layout-flex\">\n<p class=\"has-text-align-justify has-small-font-size\"><strong>1a. <\/strong>Tiene la cabeza de color blanco, con dos manchas negras. Su cola y sus patas son cortas, adem\u00e1s estas tienen garras grandes i duras &#8212;&#8212;&#8212;&#8212;&#8212;&#8212;&#8212;-&gt; <strong><a href=\"https:\/\/webs.uab.cat\/bees\/tejon-europeo\/\" data-type=\"page\" data-id=\"4110\">Meles meles<\/a><\/strong><\/p>\n\n\n\n<p class=\"has-text-align-justify has-small-font-size\"><strong>1b.<\/strong> Presenta una cola larga i peluda. Sus patas son cortas i tienen u\u00f1as peque\u00f1as y retr\u00e1ctiles &#8212;&#8212;&#8212;&#8212;&#8212;&#8212;&#8212;&#8212;&#8212;&#8212;&#8212;&#8212;&#8212;&#8212;&#8212;&#8212;&#8212;&gt;2<\/p>\n<\/div>\n\n\n\n<div class=\"wp-block-group is-vertical is-layout-flex wp-container-core-group-is-layout-769d0143 wp-block-group-is-layout-flex\">\n<p class=\"has-text-align-justify has-small-font-size\"><strong>2a. <\/strong>Este organismo tiene un pelaje de colores variables, una cola estrecha i una cara redonda &#8212;&#8212;&#8212;&#8212;&#8212;&#8212;&#8212;&#8212;&#8212;&#8212;&#8212;&#8212;&#8212;&#8212;&#8212;-&gt; <strong><a href=\"https:\/\/webs.uab.cat\/bees\/gato-domestico\/\" data-type=\"page\" data-id=\"202\">Felis catus<\/a><\/strong><\/p>\n\n\n\n<p class=\"has-text-align-justify has-small-font-size\"><strong>2b.<\/strong> Su pelaje var\u00eda entre tonos marrones y grises, pero siempre con manchas oscuras. Su cola es densa i larga, su cara tambi\u00e9n es alargada &#8212;-&gt; <strong><a href=\"https:\/\/webs.uab.cat\/bees\/gineta\/\" data-type=\"page\" data-id=\"226\">Genetta genetta<\/a><\/strong><\/p>\n<\/div>\n\n\n\n<div style=\"height:30px\" aria-hidden=\"true\" class=\"wp-block-spacer\"><\/div>\n\n\n\n<p><strong>Bibliografia:<\/strong><\/p>\n\n\n\n<p class=\"has-text-align-justify has-small-font-size\">Wikipedia contributors. (n.d.-a).&nbsp;<em>Carnivora<\/em>. Wikipedia, The Free Encyclopedia. <a href=\"https:\/\/es.wikipedia.org\/w\/index.php?title=Carnivora&amp;oldid=166788183\">https:\/\/es.wikipedia.org\/w\/index.php?title=Carnivora&amp;oldid=166788183<\/a><\/p>\n\n\n\n<p class=\"has-text-align-justify has-small-font-size\">Su\u00e1rez-Castro, A.F., H.E. Ram\u00edrez-Chaves (editores). 2015. Los carn\u00edvoros terrestres y semiacu\u00e1ticos continentales de Colombia. Gu\u00eda de Campo. Bogot\u00e1: Editorial Universidad Nacional de Colombia, 224 pp.<\/p>\n\n\n\n<p><\/p>\n","protected":false},"excerpt":{"rendered":"<p>Descripci\u00f3n: Este orden incluye a todos aquellos animales que se alimentan de otros, dieta que requiere especializaciones en la dentici\u00f3n. Entre estas se incluyen la presencia de 6 incisivos, 2 caninos y varios premolares y molares serrados o afilados. Adem\u00e1s, necesitan una buena musculatura craneal para generar la fuerza necesaria en la masticaci\u00f3n. Por esta [&hellip;]<\/p>\n","protected":false},"author":2556,"featured_media":0,"parent":0,"menu_order":0,"comment_status":"closed","ping_status":"closed","template":"","meta":{"footnotes":""},"class_list":["post-331","page","type-page","status-publish","hentry"],"_links":{"self":[{"href":"https:\/\/webs.uab.cat\/bees\/wp-json\/wp\/v2\/pages\/331","targetHints":{"allow":["GET"]}}],"collection":[{"href":"https:\/\/webs.uab.cat\/bees\/wp-json\/wp\/v2\/pages"}],"about":[{"href":"https:\/\/webs.uab.cat\/bees\/wp-json\/wp\/v2\/types\/page"}],"author":[{"embeddable":true,"href":"https:\/\/webs.uab.cat\/bees\/wp-json\/wp\/v2\/users\/2556"}],"replies":[{"embeddable":true,"href":"https:\/\/webs.uab.cat\/bees\/wp-json\/wp\/v2\/comments?post=331"}],"version-history":[{"count":2,"href":"https:\/\/webs.uab.cat\/bees\/wp-json\/wp\/v2\/pages\/331\/revisions"}],"predecessor-version":[{"id":4153,"href":"https:\/\/webs.uab.cat\/bees\/wp-json\/wp\/v2\/pages\/331\/revisions\/4153"}],"wp:attachment":[{"href":"https:\/\/webs.uab.cat\/bees\/wp-json\/wp\/v2\/media?parent=331"}],"curies":[{"name":"wp","href":"https:\/\/api.w.org\/{rel}","templated":true}]}}