{"id":339,"date":"2025-05-14T11:43:38","date_gmt":"2025-05-14T09:43:38","guid":{"rendered":"https:\/\/biocampus25.wordpress.com\/?page_id=339"},"modified":"2025-05-19T13:37:38","modified_gmt":"2025-05-19T11:37:38","slug":"rodentia","status":"publish","type":"page","link":"https:\/\/webs.uab.cat\/bees\/rodentia\/","title":{"rendered":"Rodentia"},"content":{"rendered":"\n<div class=\"wp-block-group is-vertical is-layout-flex wp-container-core-group-is-layout-769d0143 wp-block-group-is-layout-flex\">\n<p><strong>Descripci\u00f3n:<\/strong><\/p>\n\n\n\n<p class=\"has-text-align-justify has-alegreya-font-family has-small-font-size\">En este grupo podemos encontrar animales de tama\u00f1o reducido que, como caracter\u00edstica definitoria, tienen dos incisivos de crecimiento continuo en cada mand\u00edbula. Adem\u00e1s, presentan una capa gruesa de esmalte en la parte delantera y los lados de los incisivos, lo que les confiere mayor resistencia.<\/p>\n\n\n\n<p class=\"has-text-align-justify has-alegreya-font-family has-small-font-size\">La posici\u00f3n de estos incisivos es anterior a la de los molares y premolares, los cuales forman una segunda l\u00ednea de dientes en el interior de la boca. Cuando los roedores comen, colocan la piel peluda de la cara detr\u00e1s de los incisivos, permitiendo as\u00ed proteger la boca de la entrada de elementos no digeribles.<\/p>\n\n\n\n<p class=\"has-text-align-justify has-alegreya-font-family has-small-font-size\">Este tipo de dentici\u00f3n est\u00e1 adaptada a una dieta basada generalmente en organismos vegetales, aunque tambi\u00e9n hay especies omn\u00edvoras. Esta capacidad para digerir la celulosa proviene de la ayuda de bacterias simbi\u00f3ticas que viven en sus ciegos intestinales.<\/p>\n\n\n\n<p class=\"has-text-align-justify has-alegreya-font-family has-small-font-size\">Es importante mencionar que su mand\u00edbula es alargada y tiene un movimiento exclusivamente vertical. Su cr\u00e1neo tambi\u00e9n es alargado, bajo y ligeramente plano. Todo esto hace que sean animales con la cabeza y el cuerpo generalmente alargados.<\/p>\n\n\n\n<p class=\"has-text-align-justify has-alegreya-font-family has-small-font-size\">En cuanto a su h\u00e1bitat, suelen ser organismos crepusculares o nocturnos que se pueden encontrar en todos los continentes, excepto en la Ant\u00e1rtida. Su amplia distribuci\u00f3n se asocia, entre otras cosas, a su proximidad con el ser humano y a que, en muchas ocasiones, comparten el mismo nicho ecol\u00f3gico.<\/p>\n\n\n\n<p class=\"has-text-align-justify has-alegreya-font-family has-small-font-size\">En lo que respecta a su reproducci\u00f3n, son animales que tienden a tener muchas cr\u00edas a la vez. Adem\u00e1s, pueden reproducirse varias veces al a\u00f1o, debido a que su desarrollo embrionario es corto, aunque muchas veces las cr\u00edas mueren poco despu\u00e9s de nacer.<\/p>\n<\/div>\n\n\n\n<div style=\"height:30px\" aria-hidden=\"true\" class=\"wp-block-spacer\"><\/div>\n\n\n\n<p><strong>Clave dicot\u00f3mica:<\/strong><\/p>\n\n\n\n<div class=\"wp-block-group is-vertical is-layout-flex wp-container-core-group-is-layout-769d0143 wp-block-group-is-layout-flex\">\n<p class=\"has-text-align-justify has-small-font-size\"><strong>1a.<\/strong> Animal peque\u00f1o, con orejas largas i peludas que presentan una cola prominente i espesa &#8212;&#8212;&#8212;&#8212;&#8212;&#8212;&#8212;&#8212;&#8212;&#8212;&#8212;&#8212;&#8211;&gt; <strong><a href=\"https:\/\/webs.uab.cat\/bees\/ardilla-roja\/\" data-type=\"page\" data-id=\"245\">Sciurus vulgaris<\/a><\/strong><\/p>\n\n\n\n<p class=\"has-text-align-justify has-small-font-size\"><strong>1b.<\/strong> Animal peque\u00f1o con cuerpo alargado, orejas sin pelo i cola reducida -&gt; 2<\/p>\n<\/div>\n\n\n\n<div class=\"wp-block-group is-vertical is-layout-flex wp-container-core-group-is-layout-769d0143 wp-block-group-is-layout-flex\">\n<p class=\"has-text-align-justify has-small-font-size\"><strong>2a. <\/strong>Mam\u00edfero con manchas negras en la cara. Cola con pelos cortos pero densos &#8212;&#8212;&#8212;&#8212;&#8212;&#8212;&#8212;&#8212;&#8212;&#8212;&#8212;&#8212;&#8212;&#8212;&#8212;&#8212;-&gt; <strong><a href=\"https:\/\/webs.uab.cat\/bees\/liron-careto\/\" data-type=\"page\" data-id=\"266\">Eliomys quercinus<\/a><\/strong><\/p>\n\n\n\n<p class=\"has-text-align-justify has-small-font-size\"><strong>2b. <\/strong>Mam\u00edfero sin manchas negras en la cara. La cola de longitud similar a la cabeza y sin casi pelos &#8212;&#8212;&#8212;&#8212;&#8212;&#8212;&#8212;&#8212;&#8212;&#8212;&gt; <strong><a href=\"https:\/\/webs.uab.cat\/bees\/raton-de-campo\/\" data-type=\"page\" data-id=\"285\">Apodemus sylvaticus<\/a><\/strong><\/p>\n<\/div>\n\n\n\n<div style=\"height:30px\" aria-hidden=\"true\" class=\"wp-block-spacer\"><\/div>\n\n\n\n<p><strong>Bibliografia:<\/strong><\/p>\n\n\n\n<p class=\"has-text-align-justify has-small-font-size\"><em>Rodentia<\/em>. (n.d.). Madrid.org. Retrieved December 20, 2024, from <a href=\"https:\/\/animalandia.educa.madrid.org\/taxon.php?nombre=Rodentia\">https:\/\/animalandia.educa.madrid.org\/taxon.php?nombre=Rodentia<\/a><\/p>\n\n\n\n<p class=\"has-text-align-justify has-small-font-size\">Wikipedia contributors. (n.d.-c).&nbsp;<em>Rodentia<\/em>. Wikipedia, The Free Encyclopedia. <a href=\"https:\/\/es.wikipedia.org\/w\/index.php?title=Rodentia&amp;oldid=166335344\">https:\/\/es.wikipedia.org\/w\/index.php?title=Rodentia&amp;oldid=166335344<\/a><\/p>\n\n\n\n<p><\/p>\n","protected":false},"excerpt":{"rendered":"<p>Descripci\u00f3n: En este grupo podemos encontrar animales de tama\u00f1o reducido que, como caracter\u00edstica definitoria, tienen dos incisivos de crecimiento continuo en cada mand\u00edbula. Adem\u00e1s, presentan una capa gruesa de esmalte en la parte delantera y los lados de los incisivos, lo que les confiere mayor resistencia. La posici\u00f3n de estos incisivos es anterior a la [&hellip;]<\/p>\n","protected":false},"author":2556,"featured_media":0,"parent":0,"menu_order":0,"comment_status":"closed","ping_status":"closed","template":"","meta":{"footnotes":""},"class_list":["post-339","page","type-page","status-publish","hentry"],"_links":{"self":[{"href":"https:\/\/webs.uab.cat\/bees\/wp-json\/wp\/v2\/pages\/339","targetHints":{"allow":["GET"]}}],"collection":[{"href":"https:\/\/webs.uab.cat\/bees\/wp-json\/wp\/v2\/pages"}],"about":[{"href":"https:\/\/webs.uab.cat\/bees\/wp-json\/wp\/v2\/types\/page"}],"author":[{"embeddable":true,"href":"https:\/\/webs.uab.cat\/bees\/wp-json\/wp\/v2\/users\/2556"}],"replies":[{"embeddable":true,"href":"https:\/\/webs.uab.cat\/bees\/wp-json\/wp\/v2\/comments?post=339"}],"version-history":[{"count":1,"href":"https:\/\/webs.uab.cat\/bees\/wp-json\/wp\/v2\/pages\/339\/revisions"}],"predecessor-version":[{"id":4285,"href":"https:\/\/webs.uab.cat\/bees\/wp-json\/wp\/v2\/pages\/339\/revisions\/4285"}],"wp:attachment":[{"href":"https:\/\/webs.uab.cat\/bees\/wp-json\/wp\/v2\/media?parent=339"}],"curies":[{"name":"wp","href":"https:\/\/api.w.org\/{rel}","templated":true}]}}