{"id":349,"date":"2025-05-14T11:41:05","date_gmt":"2025-05-14T09:41:05","guid":{"rendered":"https:\/\/biocampus25.wordpress.com\/?page_id=349"},"modified":"2025-05-19T11:20:08","modified_gmt":"2025-05-19T09:20:08","slug":"eulipotyphla","status":"publish","type":"page","link":"https:\/\/webs.uab.cat\/bees\/eulipotyphla\/","title":{"rendered":"Eulipotyphla"},"content":{"rendered":"\n<div class=\"wp-block-group is-vertical is-layout-flex wp-container-core-group-is-layout-769d0143 wp-block-group-is-layout-flex\">\n<p><strong>Descripci\u00f3n:<\/strong><\/p>\n\n\n\n<p class=\"has-text-align-justify has-alegreya-font-family has-small-font-size\">En este grupo podemos incluir a aquellos animales peque\u00f1os, con un hocico alargado y puntiagudo, que viven generalmente en el continente euroasi\u00e1tico.<\/p>\n\n\n\n<p class=\"has-text-align-justify has-alegreya-font-family has-small-font-size\">Aunque la mayor\u00eda tienen pelo en la superficie, algunos presentan p\u00faas. Esta caracter\u00edstica les proporciona cierta protecci\u00f3n contra los ataques de depredadores, como aves o lobos.<\/p>\n\n\n\n<p class=\"has-text-align-justify has-alegreya-font-family has-small-font-size\">Principalmente son organismos solitarios y nocturnos, aunque tambi\u00e9n pueden ser diurnos. Se alimentan principalmente de invertebrados. Aunque generalmente son insect\u00edvoros, algunos pueden comer plantas y hongos.<\/p>\n\n\n\n<p class=\"has-text-align-justify has-alegreya-font-family has-small-font-size\">Se les puede encontrar viviendo tanto en bosques como en desiertos, pero en todos los biomas construyen madrigueras donde se esconden de sus depredadores.<\/p>\n\n\n\n<p class=\"has-text-align-justify has-alegreya-font-family has-small-font-size\">En cuanto a su reproducci\u00f3n, suelen parir durante la \u00e9poca favorable (entre la primavera y el oto\u00f1o), momento en el que tienen varias cr\u00edas. Algunas especies pueden vivir varios a\u00f1os y tener descendencia cada a\u00f1o, pero en otras la esperanza de vida puede ser tan solo de un a\u00f1o.<\/p>\n<\/div>\n\n\n\n<div style=\"height:30px\" aria-hidden=\"true\" class=\"wp-block-spacer\"><\/div>\n\n\n\n<p><strong>Clave dicot\u00f3mica:<\/strong><\/p>\n\n\n\n<p class=\"has-text-align-justify has-small-font-size\"><strong>a.<\/strong> Animal muy peque\u00f1o y de forma redondeada, En su superficie presenta p\u00faas &#8212;&#8212;&#8212;&#8212;&#8212;&#8212;&#8212;&#8212;&#8212;&#8212;&#8212;&#8212;&#8212;&#8212;&#8212;&#8212;&gt; <strong><a href=\"https:\/\/webs.uab.cat\/bees\/erizo-europeo\/\" data-type=\"page\" data-id=\"303\">Erinaceus europaeus<\/a><\/strong><\/p>\n\n\n\n<p class=\"has-text-align-justify has-small-font-size\"><strong>b.<\/strong> Animal peque\u00f1o, de forma alargada y sin espinas &#8212;&#8211;&gt; <strong><a href=\"https:\/\/webs.uab.cat\/bees\/musarana-gris\/\" data-type=\"page\" data-id=\"4100\">Crocidura r\u00fassula<\/a><\/strong><\/p>\n\n\n\n<div style=\"height:30px\" aria-hidden=\"true\" class=\"wp-block-spacer\"><\/div>\n\n\n\n<p><strong>Bibliografia:<\/strong><\/p>\n\n\n\n<p class=\"has-text-align-justify has-small-font-size\">Wikipedia contributors. (n.d.-b).&nbsp;<em>Eulipotyphla<\/em>. Wikipedia, The Free Encyclopedia. <a href=\"https:\/\/es.wikipedia.org\/w\/index.php?title=Eulipotyphla&amp;oldid=166025663\">https:\/\/es.wikipedia.org\/w\/index.php?title=Eulipotyphla&amp;oldid=166025663<\/a><\/p>\n\n\n\n<p><\/p>\n","protected":false},"excerpt":{"rendered":"<p>Descripci\u00f3n: En este grupo podemos incluir a aquellos animales peque\u00f1os, con un hocico alargado y puntiagudo, que viven generalmente en el continente euroasi\u00e1tico. Aunque la mayor\u00eda tienen pelo en la superficie, algunos presentan p\u00faas. Esta caracter\u00edstica les proporciona cierta protecci\u00f3n contra los ataques de depredadores, como aves o lobos. Principalmente son organismos solitarios y nocturnos, [&hellip;]<\/p>\n","protected":false},"author":2556,"featured_media":0,"parent":0,"menu_order":0,"comment_status":"closed","ping_status":"closed","template":"","meta":{"footnotes":""},"class_list":["post-349","page","type-page","status-publish","hentry"],"_links":{"self":[{"href":"https:\/\/webs.uab.cat\/bees\/wp-json\/wp\/v2\/pages\/349","targetHints":{"allow":["GET"]}}],"collection":[{"href":"https:\/\/webs.uab.cat\/bees\/wp-json\/wp\/v2\/pages"}],"about":[{"href":"https:\/\/webs.uab.cat\/bees\/wp-json\/wp\/v2\/types\/page"}],"author":[{"embeddable":true,"href":"https:\/\/webs.uab.cat\/bees\/wp-json\/wp\/v2\/users\/2556"}],"replies":[{"embeddable":true,"href":"https:\/\/webs.uab.cat\/bees\/wp-json\/wp\/v2\/comments?post=349"}],"version-history":[{"count":2,"href":"https:\/\/webs.uab.cat\/bees\/wp-json\/wp\/v2\/pages\/349\/revisions"}],"predecessor-version":[{"id":4194,"href":"https:\/\/webs.uab.cat\/bees\/wp-json\/wp\/v2\/pages\/349\/revisions\/4194"}],"wp:attachment":[{"href":"https:\/\/webs.uab.cat\/bees\/wp-json\/wp\/v2\/media?parent=349"}],"curies":[{"name":"wp","href":"https:\/\/api.w.org\/{rel}","templated":true}]}}