{"id":376,"date":"2025-05-14T11:43:34","date_gmt":"2025-05-14T09:43:34","guid":{"rendered":"https:\/\/biocampus25.wordpress.com\/?page_id=376"},"modified":"2025-05-19T13:18:24","modified_gmt":"2025-05-19T11:18:24","slug":"pico-picapinos","status":"publish","type":"page","link":"https:\/\/webs.uab.cat\/bees\/pico-picapinos\/","title":{"rendered":"PICO PICAPINOS\u00a0"},"content":{"rendered":"\n<div class=\"wp-block-group is-vertical is-layout-flex wp-container-core-group-is-layout-769d0143 wp-block-group-is-layout-flex\">\n<figure class=\"wp-block-image size-large\"><img loading=\"lazy\" decoding=\"async\" width=\"640\" height=\"457\" src=\"https:\/\/biocampus25.wordpress.com\/wp-content\/uploads\/2025\/04\/great_spotted_woodpecker_-_dendrocopos_major_52103312245.jpg?w=640\" alt=\"\" class=\"wp-image-378\" srcset=\"https:\/\/webs.uab.cat\/bees\/wp-content\/uploads\/sites\/329\/2025\/04\/great_spotted_woodpecker_-_dendrocopos_major_52103312245.jpg 640w, https:\/\/webs.uab.cat\/bees\/wp-content\/uploads\/sites\/329\/2025\/04\/great_spotted_woodpecker_-_dendrocopos_major_52103312245-300x214.jpg 300w\" sizes=\"auto, (max-width: 640px) 100vw, 640px\" \/><\/figure>\n\n\n\n<p class=\"has-text-align-justify has-small-font-size\">Dendrocopos major. Imagen con copyright CC BY 2.0, creada por Caroline Legg y obtenida de Wikimedia commons de: <a href=\"https:\/\/commons.wikimedia.org\/wiki\/File:Great_Spotted_Woodpecker_-_Dendrocopos_major_(52103312245).jpg\">https:\/\/commons.wikimedia.org\/wiki\/File:Great_Spotted_Woodpecker_-_Dendrocopos_major_(52103312245).jpg<\/a><\/p>\n<\/div>\n\n\n\n<div style=\"height:10px\" aria-hidden=\"true\" class=\"wp-block-spacer\"><\/div>\n\n\n\n<div class=\"wp-block-columns is-layout-flex wp-container-core-columns-is-layout-9d6595d7 wp-block-columns-is-layout-flex\">\n<div class=\"wp-block-column is-layout-flow wp-block-column-is-layout-flow\">\n<figure class=\"wp-block-table has-alegreya-font-family has-small-font-size\"><table class=\"has-fixed-layout\"><tbody><tr><td><strong>Reino<\/strong><\/td><td>Animalia<\/td><\/tr><tr><td><strong>Filo<\/strong><\/td><td>Chordata<\/td><\/tr><tr><td><strong>Subfilo<\/strong><\/td><td><a href=\"https:\/\/webs.uab.cat\/bees\/vertebrados\/\" data-type=\"page\" data-id=\"43\">Vertebrata<\/a><\/td><\/tr><tr><td><strong>Clase<\/strong><\/td><td><a href=\"https:\/\/webs.uab.cat\/bees\/aves\/\" data-type=\"page\" data-id=\"4085\">Aves<\/a><\/td><\/tr><tr><td><strong>Orden<\/strong><\/td><td><a href=\"https:\/\/webs.uab.cat\/bees\/piciforme\/\" data-type=\"page\" data-id=\"4108\">Piciformes<\/a><\/td><\/tr><tr><td><strong>Familia<\/strong><\/td><td>Picidae<\/td><\/tr><tr><td><strong>G\u00e9nero<\/strong><\/td><td>Dendrocopos<\/td><\/tr><tr><td><strong>Especie<\/strong><\/td><td>D. major<\/td><\/tr><\/tbody><\/table><\/figure>\n<\/div>\n\n\n\n<div class=\"wp-block-column is-layout-flow wp-block-column-is-layout-flow\">\n<div class=\"wp-block-group is-vertical is-layout-flex wp-container-core-group-is-layout-769d0143 wp-block-group-is-layout-flex\">\n<p><strong>DESCRIPCI\u00d3N:<\/strong><\/p>\n\n\n\n<p class=\"has-text-align-justify has-alegreya-font-family has-small-font-size\">Este animal es de tama\u00f1o medio, aproximadamente 23-26cm de longitud y unos 40 de envergadura. Es por eso por lo que habitualmente su peso ronda los 100 gramos.<\/p>\n\n\n\n<p class=\"has-text-align-justify has-alegreya-font-family has-small-font-size\">Su plumaje es de color blanco en la regi\u00f3n ventral, mientras que en la zona dorsal hay una combinaci\u00f3n de plumas blancas y negras. En la zona alrededor del ano lucen unas plumas rojizas muy caracter\u00edsticas. En la cara presentan dos l\u00edneas negras alrededor de los ojos, que posteriormente se unen a la regi\u00f3n negra del dorso.<\/p>\n\n\n\n<p class=\"has-text-align-justify has-alegreya-font-family has-small-font-size\">Su dimorfismo sexual se basa en la coloraci\u00f3n de la nuca, donde los machos la tienen rojiza y las hembras negruzcas.<\/p>\n\n\n\n<p class=\"has-text-align-justify has-alegreya-font-family has-small-font-size\">Entre las caracter\u00edsticas m\u00e1s destacables de esta especie tenemos el poderoso pico, que le permite agujerear la madera al darle golpes, adem\u00e1s de las patas zigod\u00e1ctiles.<\/p>\n<\/div>\n<\/div>\n<\/div>\n\n\n\n<div style=\"height:10px\" aria-hidden=\"true\" class=\"wp-block-spacer\"><\/div>\n\n\n\n<div class=\"wp-block-group is-vertical is-layout-flex wp-container-core-group-is-layout-769d0143 wp-block-group-is-layout-flex\">\n<p><strong>DIETA:<\/strong><\/p>\n\n\n\n<p class=\"has-text-align-justify has-alegreya-font-family has-small-font-size\">Habitualmente se alimentan de insectos y sus larvas, los cuales captura del interior del tronco o debajo de la corteza. Cuando es invierno, como la presencia de insectos disminuye, se alimentan de frutos secos tales como pi\u00f1ones o avellanas. Para abrir estos, los deposita en un hueco del tronco y con el pico taladra su corteza.<\/p>\n<\/div>\n\n\n\n<div style=\"height:10px\" aria-hidden=\"true\" class=\"wp-block-spacer\"><\/div>\n\n\n\n<div class=\"wp-block-group is-vertical is-layout-flex wp-container-core-group-is-layout-769d0143 wp-block-group-is-layout-flex\">\n<p><strong>ESTRUCTURA SOCIAL Y COMPORTAMIENTO:<\/strong><\/p>\n\n\n\n<p class=\"has-text-align-justify has-alegreya-font-family has-small-font-size\">El pico picapinos es un organismo generalmente solitario y territorial, pero una vez que empieza el periodo reproductivo (alrededor de abril) se vuelven m\u00e1s sociables. Es en este momento en el que intentan atraer a la hembra a trav\u00e9s del canto.<\/p>\n\n\n\n<p class=\"has-text-align-justify has-alegreya-font-family has-small-font-size\">Despu\u00e9s de que nazcan sus polluelos, los cuidan ambos individuos durante unos 20-23 d\u00edas. M\u00e1s tarde, estos individuos juveniles abandonan el nido y cada progenitor permanece solitario pero pr\u00f3ximo al nido, de esta forma ayudan a una parte de la nidada durante 10 d\u00edas m\u00e1s.<\/p>\n\n\n\n<p class=\"has-text-align-justify has-alegreya-font-family has-small-font-size\">Durante el periodo reproductivo ambos individuos se comportan de forma mon\u00f3gama, pero entre temporadas pueden cambiar de compa\u00f1ero.<\/p>\n<\/div>\n\n\n<div class=\"wp-block-image\">\n<figure class=\"aligncenter size-large\"><img loading=\"lazy\" decoding=\"async\" width=\"1445\" height=\"122\" src=\"https:\/\/biocampus25.wordpress.com\/wp-content\/uploads\/2025\/04\/captura-de-pantalla-2025-03-27-220716-6.png?w=1024\" alt=\"\" class=\"wp-image-386\" srcset=\"https:\/\/webs.uab.cat\/bees\/wp-content\/uploads\/sites\/329\/2025\/04\/captura-de-pantalla-2025-03-27-220716-6.png 1445w, https:\/\/webs.uab.cat\/bees\/wp-content\/uploads\/sites\/329\/2025\/04\/captura-de-pantalla-2025-03-27-220716-6-300x25.png 300w, https:\/\/webs.uab.cat\/bees\/wp-content\/uploads\/sites\/329\/2025\/04\/captura-de-pantalla-2025-03-27-220716-6-1024x86.png 1024w, https:\/\/webs.uab.cat\/bees\/wp-content\/uploads\/sites\/329\/2025\/04\/captura-de-pantalla-2025-03-27-220716-6-768x65.png 768w, https:\/\/webs.uab.cat\/bees\/wp-content\/uploads\/sites\/329\/2025\/04\/captura-de-pantalla-2025-03-27-220716-6-1200x101.png 1200w\" sizes=\"auto, (max-width: 1445px) 100vw, 1445px\" \/><\/figure>\n<\/div>\n\n\n<div style=\"height:10px\" aria-hidden=\"true\" class=\"wp-block-spacer\"><\/div>\n\n\n\n<div class=\"wp-block-group is-vertical is-layout-flex wp-container-core-group-is-layout-769d0143 wp-block-group-is-layout-flex\">\n<p><strong>HABITAT Y ZONA DE DISTRIBUCI\u00d3N:<\/strong><\/p>\n\n\n\n<p class=\"has-text-align-justify has-alegreya-font-family has-small-font-size\">Esta ave se encuentra distribuida por toda Europa, el norte de \u00c1frica y gran parte del centro y este asi\u00e1tico.<\/p>\n\n\n\n<p class=\"has-text-align-justify has-alegreya-font-family has-small-font-size\">Su h\u00e1bitat suele ser formaciones forestales, ya sean abiertas o cerradas, des del nivel del mar a los 2.000m de altura. Adem\u00e1s, tienen la capacidad de picar distintos tipos de \u00e1rbol sin necesidad de que la madera est\u00e9 blanda, por lo que se adapta a una gran cantidad de ecosistemas.<\/p>\n<\/div>\n\n\n\n<div class=\"wp-block-group is-vertical is-layout-flex wp-container-core-group-is-layout-769d0143 wp-block-group-is-layout-flex\">\n<figure class=\"wp-block-image size-large is-resized\"><img loading=\"lazy\" decoding=\"async\" width=\"533\" height=\"264\" src=\"https:\/\/biocampus25.wordpress.com\/wp-content\/uploads\/2025\/04\/captura-de-pantalla-2025-04-13-120850.png?w=533\" alt=\"\" class=\"wp-image-389\" style=\"width:620px;height:auto\" srcset=\"https:\/\/webs.uab.cat\/bees\/wp-content\/uploads\/sites\/329\/2025\/04\/captura-de-pantalla-2025-04-13-120850.png 533w, https:\/\/webs.uab.cat\/bees\/wp-content\/uploads\/sites\/329\/2025\/04\/captura-de-pantalla-2025-04-13-120850-300x149.png 300w\" sizes=\"auto, (max-width: 533px) 100vw, 533px\" \/><\/figure>\n\n\n\n<p class=\"has-text-align-justify has-small-font-size\">Mapa de distribuci\u00f3n de Dendrocopos major. Imagen obtenida de Gbif en: <a href=\"https:\/\/www.gbif.org\/es\/species\/2477968\">https:\/\/www.gbif.org\/es\/species\/2477968<\/a><\/p>\n<\/div>\n\n\n\n<div style=\"height:10px\" aria-hidden=\"true\" class=\"wp-block-spacer\"><\/div>\n\n\n\n<div class=\"wp-block-group is-vertical is-layout-flex wp-container-core-group-is-layout-769d0143 wp-block-group-is-layout-flex\">\n<p><strong>ESTADO DE CONSERVACI\u00d3N:<\/strong><\/p>\n\n\n\n<p class=\"has-text-align-justify has-alegreya-font-family has-small-font-size\">Esta especie est\u00e1 considerada como Least concern (LC) en la IUCN, esto quiere decir que no est\u00e1 considerada en situaci\u00f3n de riesgo.<\/p>\n<\/div>\n\n\n<div class=\"wp-block-image\">\n<figure class=\"aligncenter size-large\"><img loading=\"lazy\" decoding=\"async\" width=\"797\" height=\"222\" src=\"https:\/\/biocampus25.wordpress.com\/wp-content\/uploads\/2025\/04\/captura_de_pantalla_2025-03-27_213157-removebg-preview-7.png?w=797\" alt=\"\" class=\"wp-image-391\" srcset=\"https:\/\/webs.uab.cat\/bees\/wp-content\/uploads\/sites\/329\/2025\/04\/captura_de_pantalla_2025-03-27_213157-removebg-preview-7.png 797w, https:\/\/webs.uab.cat\/bees\/wp-content\/uploads\/sites\/329\/2025\/04\/captura_de_pantalla_2025-03-27_213157-removebg-preview-7-300x84.png 300w, https:\/\/webs.uab.cat\/bees\/wp-content\/uploads\/sites\/329\/2025\/04\/captura_de_pantalla_2025-03-27_213157-removebg-preview-7-768x214.png 768w\" sizes=\"auto, (max-width: 797px) 100vw, 797px\" \/><\/figure>\n<\/div>\n\n\n<div style=\"height:30px\" aria-hidden=\"true\" class=\"wp-block-spacer\"><\/div>\n\n\n\n<p><strong>REFERENCIAS:<\/strong><\/p>\n\n\n\n<p class=\"has-text-align-justify has-small-font-size\"><em>Pico picapinos (Dendrocopos major)<\/em>. (n.d.). Natusfera. Retrieved February 6, 2025, from <a href=\"https:\/\/spain.inaturalist.org\/taxa\/17871-Dendrocopos-major\">https:\/\/spain.inaturalist.org\/taxa\/17871-Dendrocopos-major<\/a><\/p>\n\n\n\n<p class=\"has-text-align-justify has-small-font-size\"><em>Pico picapinos<\/em>. (2013, October 23). SEO\/BirdLife. <a href=\"https:\/\/seo.org\/ave\/pico-picapinos\/\">https:\/\/seo.org\/ave\/pico-picapinos\/<\/a><\/p>\n\n\n\n<p class=\"has-text-align-justify has-small-font-size\">Wikipedia contributors. (2024, June 19).&nbsp;<em>Great spotted woodpecker<\/em>. Wikipedia, The Free Encyclopedia. <a href=\"https:\/\/en.wikipedia.org\/w\/index.php?title=Great_spotted_woodpecker&amp;oldid=1229992046\">https:\/\/en.wikipedia.org\/w\/index.php?title=Great_spotted_woodpecker&amp;oldid=1229992046<\/a><\/p>\n\n\n\n<p class=\"has-text-align-justify has-small-font-size\">BirdLife International (BirdLife International). (2016). IUCN Red List of Threatened Species: Dendrocopos major.&nbsp;<em>IUCN Red List of Threatened Species<\/em>. <a href=\"https:\/\/www.iucnredlist.org\/species\/22681124\/87323054\">https:\/\/www.iucnredlist.org\/species\/22681124\/87323054<\/a><\/p>\n","protected":false},"excerpt":{"rendered":"<p>Dendrocopos major. Imagen con copyright CC BY 2.0, creada por Caroline Legg y obtenida de Wikimedia commons de: https:\/\/commons.wikimedia.org\/wiki\/File:Great_Spotted_Woodpecker_-_Dendrocopos_major_(52103312245).jpg Reino Animalia Filo Chordata Subfilo Vertebrata Clase Aves Orden Piciformes Familia Picidae G\u00e9nero Dendrocopos Especie D. major DESCRIPCI\u00d3N: Este animal es de tama\u00f1o medio, aproximadamente 23-26cm de longitud y unos 40 de envergadura. Es por eso [&hellip;]<\/p>\n","protected":false},"author":2556,"featured_media":0,"parent":0,"menu_order":0,"comment_status":"closed","ping_status":"closed","template":"","meta":{"footnotes":""},"class_list":["post-376","page","type-page","status-publish","hentry"],"_links":{"self":[{"href":"https:\/\/webs.uab.cat\/bees\/wp-json\/wp\/v2\/pages\/376","targetHints":{"allow":["GET"]}}],"collection":[{"href":"https:\/\/webs.uab.cat\/bees\/wp-json\/wp\/v2\/pages"}],"about":[{"href":"https:\/\/webs.uab.cat\/bees\/wp-json\/wp\/v2\/types\/page"}],"author":[{"embeddable":true,"href":"https:\/\/webs.uab.cat\/bees\/wp-json\/wp\/v2\/users\/2556"}],"replies":[{"embeddable":true,"href":"https:\/\/webs.uab.cat\/bees\/wp-json\/wp\/v2\/comments?post=376"}],"version-history":[{"count":1,"href":"https:\/\/webs.uab.cat\/bees\/wp-json\/wp\/v2\/pages\/376\/revisions"}],"predecessor-version":[{"id":4273,"href":"https:\/\/webs.uab.cat\/bees\/wp-json\/wp\/v2\/pages\/376\/revisions\/4273"}],"wp:attachment":[{"href":"https:\/\/webs.uab.cat\/bees\/wp-json\/wp\/v2\/media?parent=376"}],"curies":[{"name":"wp","href":"https:\/\/api.w.org\/{rel}","templated":true}]}}