{"id":395,"date":"2025-05-14T11:39:42","date_gmt":"2025-05-14T09:39:42","guid":{"rendered":"https:\/\/biocampus25.wordpress.com\/?page_id=395"},"modified":"2025-05-19T10:41:13","modified_gmt":"2025-05-19T08:41:13","slug":"carabo-comun","status":"publish","type":"page","link":"https:\/\/webs.uab.cat\/bees\/carabo-comun\/","title":{"rendered":"C\u00c1RABO COM\u00daN"},"content":{"rendered":"<div class=\"wp-block-image\">\n<figure class=\"aligncenter size-large\"><img decoding=\"async\" src=\"https:\/\/biocampus25.wordpress.com\/wp-content\/uploads\/2025\/04\/owl_the_nightbird-edited.jpg\" alt=\"\" class=\"wp-image-399\" \/><\/figure>\n<\/div>\n\n\n<div style=\"height:10px\" aria-hidden=\"true\" class=\"wp-block-spacer\"><\/div>\n\n\n\n<div class=\"wp-block-columns is-layout-flex wp-container-core-columns-is-layout-9d6595d7 wp-block-columns-is-layout-flex\">\n<div class=\"wp-block-column is-layout-flow wp-block-column-is-layout-flow\">\n<figure class=\"wp-block-table has-alegreya-font-family has-small-font-size\"><table><tbody><tr><td class=\"has-text-align-center\" data-align=\"center\"><strong>Reino<\/strong><\/td><td class=\"has-text-align-center\" data-align=\"center\">Animalia<\/td><\/tr><tr><td class=\"has-text-align-center\" data-align=\"center\"><strong>Filo<\/strong><\/td><td class=\"has-text-align-center\" data-align=\"center\">Chordata<\/td><\/tr><tr><td class=\"has-text-align-center\" data-align=\"center\"><strong>Subfilo<\/strong><\/td><td class=\"has-text-align-center\" data-align=\"center\"><a href=\"https:\/\/webs.uab.cat\/bees\/vertebrados\/\" data-type=\"page\" data-id=\"43\">Vertebrata<\/a><\/td><\/tr><tr><td class=\"has-text-align-center\" data-align=\"center\"><strong>Clase<\/strong><\/td><td class=\"has-text-align-center\" data-align=\"center\"><a href=\"https:\/\/webs.uab.cat\/bees\/aves\/\" data-type=\"page\" data-id=\"4085\">Aves<\/a><\/td><\/tr><tr><td class=\"has-text-align-center\" data-align=\"center\"><strong>Orden<\/strong><\/td><td class=\"has-text-align-center\" data-align=\"center\"><a href=\"https:\/\/webs.uab.cat\/bees\/strigiforme\/\" data-type=\"page\" data-id=\"4112\">Strigiformes<\/a><\/td><\/tr><tr><td class=\"has-text-align-center\" data-align=\"center\"><strong>Familia<\/strong><\/td><td class=\"has-text-align-center\" data-align=\"center\">Strigidae<\/td><\/tr><tr><td class=\"has-text-align-center\" data-align=\"center\"><strong>G\u00e9nero<\/strong><\/td><td class=\"has-text-align-center\" data-align=\"center\">Strix<\/td><\/tr><tr><td class=\"has-text-align-center\" data-align=\"center\"><strong>Especie<\/strong><\/td><td class=\"has-text-align-center\" data-align=\"center\">S. aluco<\/td><\/tr><\/tbody><\/table><\/figure>\n<\/div>\n\n\n\n<div class=\"wp-block-column is-layout-flow wp-block-column-is-layout-flow\">\n<div class=\"wp-block-group is-vertical is-layout-flex wp-container-core-group-is-layout-769d0143 wp-block-group-is-layout-flex\">\n<p><strong>DESCRIPCI\u00d3N:<\/strong><\/p>\n\n\n\n<p class=\"has-text-align-justify has-alegreya-font-family has-small-font-size\">Strix aluco es un ave rapaz, con un tama\u00f1o medio de unos 36-46cm de longitud y 81-105cm de envergadura. Esto hace que puedan llegar a pesar hasta los 390-800 gramos.<\/p>\n\n\n\n<p class=\"has-text-align-justify has-alegreya-font-family has-small-font-size\">Su plumaje es gris\u00e1ceo o pardo por la parte dorsal, aunque su tono varia entre las diferentes subespecies, mientras que es de colores claros y l\u00edneas oscuras en la parte ventral. Estos colores le permiten mimetizarse con el entorno, por lo que suelen esconderse entre las ramas y al detectar a la presa, se abalanzan.<\/p>\n\n\n\n<p class=\"has-text-align-justify has-alegreya-font-family has-small-font-size\">Su cabeza es prominente e incluye un par de ojos bien desarrollados, que le permiten ver en la oscuridad, y un par de o\u00eddos que facilitan la detecci\u00f3n del sonido cuando son incapaces de orientarse solo con la vista. En cuanto a sus patas, han desarrollado la capacidad de desplazar un dedo de la parte delantera a la trasera, de esta forma le facilita la caza o el agarre a las ramas.<\/p>\n<\/div>\n<\/div>\n<\/div>\n\n\n\n<div style=\"height:10px\" aria-hidden=\"true\" class=\"wp-block-spacer\"><\/div>\n\n\n\n<div class=\"wp-block-group is-vertical is-layout-flex wp-container-core-group-is-layout-769d0143 wp-block-group-is-layout-flex\">\n<p><strong>DIETA:<\/strong><\/p>\n\n\n\n<p class=\"has-text-align-justify has-alegreya-font-family has-small-font-size\">El c\u00e1rabo com\u00fan es un gran conocedor del entorno del que se rodea, por lo que conoce que alimentos abundan m\u00e1s en cada momento del a\u00f1o. Es por este motivo que caza a los animales m\u00e1s abundantes del momento, lo cual suelen ser peque\u00f1os mam\u00edferos, invertebrados, aves, reptiles o anfibios.<\/p>\n<\/div>\n\n\n\n<div style=\"height:10px\" aria-hidden=\"true\" class=\"wp-block-spacer\"><\/div>\n\n\n\n<div class=\"wp-block-group is-vertical is-layout-flex wp-container-core-group-is-layout-769d0143 wp-block-group-is-layout-flex\">\n<p><strong>ESTRUCTURA SOCIAL Y COMPORTAMIENTO:<\/strong><\/p>\n\n\n\n<p class=\"has-text-align-justify has-alegreya-font-family has-small-font-size\">El estilo de vida de este animal est\u00e1 descrito como nocturno, de manera que cazan en esta franja (momento en el que hacen uso de sus tan desarrollados sentidos) y por el d\u00eda muestran m\u00ednima actividad. Adem\u00e1s, son muy territoriales, ya que suelen utilizar el canto para indicar que ese territorio les pertenece y en caso de que otro individuo lo traspase le atacan.<\/p>\n\n\n\n<p class=\"has-text-align-justify has-alegreya-font-family has-small-font-size\">Normalmente el periodo de celo se inicia a finales de diciembre o principios de enero, momento en el que se reproducen y dan lugar a unos 2-5 huevos a partir de febrero. Estos son depositados en nidos situados en huecos de \u00e1rboles viejos o construcciones, pero no suelen ser ellos los que lo construyan. Todo el proceso de incubaci\u00f3n y construcci\u00f3n del nido recaer\u00e1 en la hembra.<\/p>\n\n\n\n<p class=\"has-text-align-justify has-alegreya-font-family has-small-font-size\">Pasado unos 28-30 d\u00edas, los huevos empiezan a eclosionar y despu\u00e9s de un poco m\u00e1s de un mes, los polluelos ya podr\u00e1n empezar a volar. Cabe decir que no ser\u00e1 hasta finales de verano que los juveniles abandonaran el nido.<\/p>\n<\/div>\n\n\n<div class=\"wp-block-image\">\n<figure class=\"aligncenter size-large\"><img decoding=\"async\" src=\"https:\/\/biocampus25.wordpress.com\/wp-content\/uploads\/2025\/04\/captura-de-pantalla-2025-03-27-220716-7.png?w=1024\" alt=\"\" class=\"wp-image-404\" \/><\/figure>\n<\/div>\n\n\n<div style=\"height:10px\" aria-hidden=\"true\" class=\"wp-block-spacer\"><\/div>\n\n\n\n<div class=\"wp-block-group is-vertical is-layout-flex wp-container-core-group-is-layout-769d0143 wp-block-group-is-layout-flex\">\n<p><strong>HABITAT Y ZONA DE DISTRIBUCI\u00d3N:<\/strong><\/p>\n\n\n\n<p class=\"has-text-align-justify has-alegreya-font-family has-small-font-size\">Esta ave se encuentra ampliamente distribuida por toda Europa (a excepci\u00f3n de Irlanda, Islandia y el norte de Escandinavia), el norte de \u00c1frica y en zonas aisladas de Asia.<\/p>\n\n\n\n<p class=\"has-text-align-justify has-alegreya-font-family has-small-font-size\">Su h\u00e1bitat suele consistir en bosques densos y dehesas. Aun as\u00ed, es capaz de adaptarse a vivir en parques urbanos, construcciones humanas o taludes.<\/p>\n<\/div>\n\n\n\n<div class=\"wp-block-group is-vertical is-layout-flex wp-container-core-group-is-layout-769d0143 wp-block-group-is-layout-flex\">\n<figure class=\"wp-block-image size-large\"><img decoding=\"async\" src=\"https:\/\/biocampus25.wordpress.com\/wp-content\/uploads\/2025\/04\/captura-de-pantalla-2025-04-13-122421.png?w=1024\" alt=\"\" class=\"wp-image-407\" \/><\/figure>\n\n\n\n<p class=\"has-text-align-justify has-small-font-size\">Mapa de distribuci\u00f3n de Strix aluco. Imagen obtenida de Gbif en: <a href=\"https:\/\/www.gbif.org\/es\/species\/9282206\">https:\/\/www.gbif.org\/es\/species\/9282206<\/a><\/p>\n<\/div>\n\n\n\n<div style=\"height:10px\" aria-hidden=\"true\" class=\"wp-block-spacer\"><\/div>\n\n\n\n<div class=\"wp-block-group is-vertical is-layout-flex wp-container-core-group-is-layout-769d0143 wp-block-group-is-layout-flex\">\n<p><strong>ESTADO DE CONSERVACI\u00d3N:<\/strong><\/p>\n\n\n\n<p class=\"has-text-align-justify has-alegreya-font-family has-small-font-size\">Los datos de la IUCN muestran que esta especie se encuentra en estado de preocupaci\u00f3n menor.<\/p>\n<\/div>\n\n\n<div class=\"wp-block-image\">\n<figure class=\"aligncenter size-large\"><img decoding=\"async\" src=\"https:\/\/biocampus25.wordpress.com\/wp-content\/uploads\/2025\/04\/captura_de_pantalla_2025-03-27_213157-removebg-preview-8.png?w=797\" alt=\"\" class=\"wp-image-409\" \/><\/figure>\n<\/div>\n\n\n<div style=\"height:30px\" aria-hidden=\"true\" class=\"wp-block-spacer\"><\/div>\n\n\n\n<p><strong>REFERENCIAS:<\/strong><\/p>\n\n\n\n<p class=\"has-text-align-justify has-small-font-size\"><em>C\u00e1rabo (Strix aluco)<\/em>. (n.d.). Natusfera. Retrieved February 8, 2025, from <a href=\"https:\/\/spain.inaturalist.org\/taxa\/19898-Strix-aluco\">https:\/\/spain.inaturalist.org\/taxa\/19898-Strix-aluco<\/a><\/p>\n\n\n\n<p class=\"has-text-align-justify has-small-font-size\"><em>C\u00e1rabo com\u00fan<\/em>. (2013, October 23). SEO\/BirdLife. <a href=\"https:\/\/seo.org\/ave\/carabo-comun\/\">https:\/\/seo.org\/ave\/carabo-comun\/<\/a><\/p>\n\n\n\n<p class=\"has-text-align-justify has-small-font-size\"><em>C\u00e1rabo com\u00fan<\/em> (n.d.). ANIMALIA <a href=\"https:\/\/animalia.bio\/es\/tawny-owl?environment=9\">https:\/\/animalia.bio\/es\/tawny-owl?environment=9<\/a><\/p>\n\n\n\n<p class=\"has-text-align-justify has-small-font-size\">BirdLife International (BirdLife International). (2024). IUCN Red List of Threatened Species: Strix aluco.&nbsp;<em>IUCN Red List of Threatened Species<\/em>. <a href=\"https:\/\/www.iucnredlist.org\/species\/22725469\/264546097\">https:\/\/www.iucnredlist.org\/species\/22725469\/264546097<\/a><\/p>\n","protected":false},"excerpt":{"rendered":"<p>Reino Animalia Filo Chordata Subfilo Vertebrata Clase Aves Orden Strigiformes Familia Strigidae G\u00e9nero Strix Especie S. aluco DESCRIPCI\u00d3N: Strix aluco es un ave rapaz, con un tama\u00f1o medio de unos 36-46cm de longitud y 81-105cm de envergadura. Esto hace que puedan llegar a pesar hasta los 390-800 gramos. Su plumaje es gris\u00e1ceo o pardo por [&hellip;]<\/p>\n","protected":false},"author":2556,"featured_media":0,"parent":0,"menu_order":0,"comment_status":"closed","ping_status":"closed","template":"","meta":{"footnotes":""},"class_list":["post-395","page","type-page","status-publish","hentry"],"_links":{"self":[{"href":"https:\/\/webs.uab.cat\/bees\/wp-json\/wp\/v2\/pages\/395","targetHints":{"allow":["GET"]}}],"collection":[{"href":"https:\/\/webs.uab.cat\/bees\/wp-json\/wp\/v2\/pages"}],"about":[{"href":"https:\/\/webs.uab.cat\/bees\/wp-json\/wp\/v2\/types\/page"}],"author":[{"embeddable":true,"href":"https:\/\/webs.uab.cat\/bees\/wp-json\/wp\/v2\/users\/2556"}],"replies":[{"embeddable":true,"href":"https:\/\/webs.uab.cat\/bees\/wp-json\/wp\/v2\/comments?post=395"}],"version-history":[{"count":1,"href":"https:\/\/webs.uab.cat\/bees\/wp-json\/wp\/v2\/pages\/395\/revisions"}],"predecessor-version":[{"id":4148,"href":"https:\/\/webs.uab.cat\/bees\/wp-json\/wp\/v2\/pages\/395\/revisions\/4148"}],"wp:attachment":[{"href":"https:\/\/webs.uab.cat\/bees\/wp-json\/wp\/v2\/media?parent=395"}],"curies":[{"name":"wp","href":"https:\/\/api.w.org\/{rel}","templated":true}]}}