{"id":4084,"date":"2025-05-14T11:38:40","date_gmt":"2025-05-14T09:38:40","guid":{"rendered":"https:\/\/biocampus25.wordpress.com\/?page_id=429"},"modified":"2025-05-19T10:15:37","modified_gmt":"2025-05-19T08:15:37","slug":"abulilla","status":"publish","type":"page","link":"https:\/\/webs.uab.cat\/bees\/abulilla\/","title":{"rendered":"ABULILLA"},"content":{"rendered":"<div class=\"wp-block-image\">\n<figure class=\"aligncenter size-large\"><img decoding=\"async\" src=\"https:\/\/biocampus25.wordpress.com\/wp-content\/uploads\/2025\/04\/papuniak-edited.jpg\" alt=\"\" class=\"wp-image-432\" \/><\/figure>\n<\/div>\n\n\n<div style=\"height:10px\" aria-hidden=\"true\" class=\"wp-block-spacer\"><\/div>\n\n\n\n<div class=\"wp-block-columns is-layout-flex wp-container-core-columns-is-layout-9d6595d7 wp-block-columns-is-layout-flex\">\n<div class=\"wp-block-column is-layout-flow wp-block-column-is-layout-flow\">\n<figure class=\"wp-block-table has-alegreya-font-family has-small-font-size\"><table><tbody><tr><td class=\"has-text-align-center\" data-align=\"center\"><strong>Reino<\/strong><\/td><td class=\"has-text-align-center\" data-align=\"center\">Animalia<\/td><\/tr><tr><td class=\"has-text-align-center\" data-align=\"center\"><strong>Filo<\/strong><\/td><td class=\"has-text-align-center\" data-align=\"center\">Chordata<\/td><\/tr><tr><td class=\"has-text-align-center\" data-align=\"center\"><strong>Subfilo<\/strong><\/td><td class=\"has-text-align-center\" data-align=\"center\"><a href=\"https:\/\/webs.uab.cat\/bees\/vertebrados\/\" data-type=\"page\" data-id=\"43\">Vertebrata<\/a><\/td><\/tr><tr><td class=\"has-text-align-center\" data-align=\"center\"><strong>Clase<\/strong><\/td><td class=\"has-text-align-center\" data-align=\"center\"><a href=\"https:\/\/webs.uab.cat\/bees\/aves\/\" data-type=\"page\" data-id=\"4085\">Aves<\/a><\/td><\/tr><tr><td class=\"has-text-align-center\" data-align=\"center\"><strong>Orden<\/strong><\/td><td class=\"has-text-align-center\" data-align=\"center\"><a href=\"https:\/\/webs.uab.cat\/bees\/bucerotiforme\/\" data-type=\"page\" data-id=\"691\">Bucerotiformes<\/a><\/td><\/tr><tr><td class=\"has-text-align-center\" data-align=\"center\"><strong>Familia<\/strong><\/td><td class=\"has-text-align-center\" data-align=\"center\">Upupidae<\/td><\/tr><tr><td class=\"has-text-align-center\" data-align=\"center\"><strong>G\u00e9nero<\/strong><\/td><td class=\"has-text-align-center\" data-align=\"center\">Upupa<\/td><\/tr><tr><td class=\"has-text-align-center\" data-align=\"center\"><strong>Especie<\/strong><\/td><td class=\"has-text-align-center\" data-align=\"center\">U. epops<\/td><\/tr><\/tbody><\/table><\/figure>\n<\/div>\n\n\n\n<div class=\"wp-block-column is-layout-flow wp-block-column-is-layout-flow\">\n<div class=\"wp-block-group is-vertical is-layout-flex wp-container-core-group-is-layout-769d0143 wp-block-group-is-layout-flex\">\n<p><strong>DESCRIPCI\u00d3N:<\/strong><\/p>\n\n\n\n<p class=\"has-text-align-justify has-alegreya-font-family has-small-font-size\">Este bucerotiforme es de tama\u00f1o mediano, unos 27 cent\u00edmetros de longitud y unos 44-48 de envergadura. Todo esto hace que pesen unos 46-89 gramos.<\/p>\n\n\n\n<p class=\"has-text-align-justify has-alegreya-font-family has-small-font-size\">Su plumaje es rojizo en la zona cercana a la cabeza, mientras que en la parte posterior combina unas l\u00edneas negras y otras blancas. El dimorfismo sexual \u00fanicamente incluye una coloraci\u00f3n m\u00e1s apagada en la hembra.<\/p>\n\n\n\n<p class=\"has-text-align-justify has-alegreya-font-family has-small-font-size\">En la cabeza podemos destacar una cresta anaranjada con las puntas negras, que extiende durante el cortejo o al inquietarse, adem\u00e1s de un pico alargado, curvado y delgado. Sus patas son gris\u00e1ceas y sus dedos tienen una disposici\u00f3n anisod\u00e1ctila (tres dedos hacia delante y uno atr\u00e1s) para poder desplazarse caminando.<\/p>\n<\/div>\n<\/div>\n<\/div>\n\n\n\n<div style=\"height:10px\" aria-hidden=\"true\" class=\"wp-block-spacer\"><\/div>\n\n\n\n<div class=\"wp-block-group is-vertical is-layout-flex wp-container-core-group-is-layout-769d0143 wp-block-group-is-layout-flex\">\n<p><strong>DIETA:<\/strong><\/p>\n\n\n\n<p class=\"has-text-align-justify has-alegreya-font-family has-small-font-size\">Esta ave rebusca por el suelo con su pico en busca de larvas y pupas de insectos, que m\u00e1s tarde ingiere.<\/p>\n<\/div>\n\n\n\n<div style=\"height:10px\" aria-hidden=\"true\" class=\"wp-block-spacer\"><\/div>\n\n\n\n<div class=\"wp-block-group is-vertical is-layout-flex wp-container-core-group-is-layout-769d0143 wp-block-group-is-layout-flex\">\n<p><strong>ESTRUCTURA SOCIAL Y COMPORTAMIENTO:<\/strong><\/p>\n\n\n\n<p class=\"has-text-align-justify has-alegreya-font-family has-small-font-size\">Habitualmente se comportan de forma solitaria, pero esto puede cambiar en determinadas condiciones como seria al migrar (momento en el que se agrupan distintos individuos). Adem\u00e1s, suelen ser organismos monoicos que atraen a la pareja a trav\u00e9s de la emisi\u00f3n de un canto que se escucha a gran distancia.<\/p>\n\n\n\n<p class=\"has-text-align-justify has-alegreya-font-family has-small-font-size\">El periodo de celo suele iniciarse a mediados de mayo, momento en el que buscaran un agujero para formar un nido hecho de hojas y hierbas. Aqu\u00ed se depositan unos 7-10 huevos, que ser\u00e1n incubados por la hembra por 17-20 d\u00edas. Pasado este tiempo, la hembra se encarga del cuidado de los polluelos, mientras que el macho es quien busca el alimento. Finalmente, pasados 26-29 d\u00edas (normalmente a finales de julio o inicios de agosto) los juveniles abandonan el nido.<\/p>\n<\/div>\n\n\n<div class=\"wp-block-image\">\n<figure class=\"aligncenter size-large\"><img decoding=\"async\" src=\"https:\/\/biocampus25.wordpress.com\/wp-content\/uploads\/2025\/04\/captura-de-pantalla-2025-04-14-215656.png?w=955\" alt=\"\" class=\"wp-image-443\" \/><\/figure>\n<\/div>\n\n\n<div style=\"height:10px\" aria-hidden=\"true\" class=\"wp-block-spacer\"><\/div>\n\n\n\n<div class=\"wp-block-group is-vertical is-layout-flex wp-container-core-group-is-layout-769d0143 wp-block-group-is-layout-flex\">\n<p><strong>HABITAT Y ZONA DE DISTRIBUCI\u00d3N:<\/strong><\/p>\n\n\n\n<p class=\"has-text-align-justify has-alegreya-font-family has-small-font-size\">La abulilla se encuentra ampliamente distribuida por toda Europa, la gran mayor\u00eda de \u00c1frica (excepto en las zonas del Sahara, donde encontramos pocos individuos) y Asia (a excepci\u00f3n de la zona norte).<\/p>\n\n\n\n<p class=\"has-text-align-justify has-alegreya-font-family has-small-font-size\">En estas regiones los podemos encontrar habitando en bosques abiertos, siempre y cuando no superen los 1000 metros de altitud.<\/p>\n<\/div>\n\n\n\n<div class=\"wp-block-group is-vertical is-layout-flex wp-container-core-group-is-layout-769d0143 wp-block-group-is-layout-flex\">\n<figure class=\"wp-block-image size-large\"><img loading=\"lazy\" decoding=\"async\" width=\"1065\" height=\"532\" src=\"https:\/\/biocampus25.wordpress.com\/wp-content\/uploads\/2025\/04\/captura-de-pantalla-2025-04-14-215002.png?w=1024\" alt=\"\" class=\"wp-image-439\" srcset=\"https:\/\/webs.uab.cat\/bees\/wp-content\/uploads\/sites\/329\/2025\/04\/captura-de-pantalla-2025-04-14-215002.png 1065w, https:\/\/webs.uab.cat\/bees\/wp-content\/uploads\/sites\/329\/2025\/04\/captura-de-pantalla-2025-04-14-215002-300x150.png 300w, https:\/\/webs.uab.cat\/bees\/wp-content\/uploads\/sites\/329\/2025\/04\/captura-de-pantalla-2025-04-14-215002-1024x512.png 1024w, https:\/\/webs.uab.cat\/bees\/wp-content\/uploads\/sites\/329\/2025\/04\/captura-de-pantalla-2025-04-14-215002-768x384.png 768w\" sizes=\"auto, (max-width: 1065px) 100vw, 1065px\" \/><\/figure>\n\n\n\n<p class=\"has-text-align-justify has-small-font-size\">Mapa de distribuci\u00f3n de Upupa epops. Imagen obtenida de Gbif en: <a href=\"https:\/\/www.gbif.org\/es\/species\/2498415\">https:\/\/www.gbif.org\/es\/species\/2498415<\/a><\/p>\n<\/div>\n\n\n\n<div style=\"height:10px\" aria-hidden=\"true\" class=\"wp-block-spacer\"><\/div>\n\n\n\n<div class=\"wp-block-group is-vertical is-layout-flex wp-container-core-group-is-layout-769d0143 wp-block-group-is-layout-flex\">\n<p><strong>ESTADO DE CONSERVACI\u00d3N:<\/strong><\/p>\n\n\n\n<p class=\"has-text-align-justify has-alegreya-font-family has-small-font-size\">Pese a que esta especie se encuentra en estado de preocupaci\u00f3n menor, s\u00ed que se puede decir que las poblaciones est\u00e1n decreciendo por lo que podr\u00eda ser que pr\u00f3ximamente se encontraran en peligro.<\/p>\n<\/div>\n\n\n<div class=\"wp-block-image\">\n<figure class=\"aligncenter size-large\"><img loading=\"lazy\" decoding=\"async\" width=\"797\" height=\"222\" src=\"https:\/\/biocampus25.wordpress.com\/wp-content\/uploads\/2025\/04\/captura_de_pantalla_2025-03-27_213157-removebg-preview-10.png?w=797\" alt=\"\" class=\"wp-image-441\" srcset=\"https:\/\/webs.uab.cat\/bees\/wp-content\/uploads\/sites\/329\/2025\/04\/captura_de_pantalla_2025-03-27_213157-removebg-preview-10.png 797w, https:\/\/webs.uab.cat\/bees\/wp-content\/uploads\/sites\/329\/2025\/04\/captura_de_pantalla_2025-03-27_213157-removebg-preview-10-300x84.png 300w, https:\/\/webs.uab.cat\/bees\/wp-content\/uploads\/sites\/329\/2025\/04\/captura_de_pantalla_2025-03-27_213157-removebg-preview-10-768x214.png 768w\" sizes=\"auto, (max-width: 797px) 100vw, 797px\" \/><\/figure>\n<\/div>\n\n\n<div style=\"height:30px\" aria-hidden=\"true\" class=\"wp-block-spacer\"><\/div>\n\n\n\n<p><strong>REFERENCIAS:<\/strong><\/p>\n\n\n\n<p class=\"has-text-align-justify has-small-font-size\"><em>Abubilla (Upupa epops)<\/em>. (n.d.). Natusfera. Retrieved February 8, 2025, from <a href=\"https:\/\/spain.inaturalist.org\/taxa\/20969-Upupa-epops\">https:\/\/spain.inaturalist.org\/taxa\/20969-Upupa-epops<\/a><\/p>\n\n\n\n<p class=\"has-text-align-justify has-small-font-size\"><em>Abubilla com\u00fan<\/em>. (2013, October 23). SEO\/BirdLife. <a href=\"https:\/\/seo.org\/ave\/abubilla-comun\/\">https:\/\/seo.org\/ave\/abubilla-comun\/<\/a><\/p>\n\n\n\n<p class=\"has-text-align-justify has-small-font-size\">Mlodinow, S. G. and P. Pyle (2024).&nbsp;Eurasian Hoopoe&nbsp;(<em>Upupa epops<\/em>), version 2.1. In Birds of the World (S. M. Billerman and G. M. Kirwan, Editors). Cornell Lab of Ornithology, Ithaca, NY, USA.&nbsp;<a href=\"https:\/\/doi.org\/10.2173\/bow.hoopoe.02.1\">https:\/\/doi.org\/10.2173\/bow.hoopoe.02.1<\/a><\/p>\n\n\n\n<p class=\"has-text-align-justify has-small-font-size\">Upupa epops: BirdLife International. (2020).&nbsp;<em>The IUCN Red List of Threatened Species<\/em>. <a href=\"https:\/\/doi.org\/10.2305\/iucn.uk.2016-3.rlts.t22682655a86880168.en\">https:\/\/doi.org\/10.2305\/iucn.uk.2016-3.rlts.t22682655a86880168.en<\/a><\/p>\n","protected":false},"excerpt":{"rendered":"<p>Reino Animalia Filo Chordata Subfilo Vertebrata Clase Aves Orden Bucerotiformes Familia Upupidae G\u00e9nero Upupa Especie U. epops DESCRIPCI\u00d3N: Este bucerotiforme es de tama\u00f1o mediano, unos 27 cent\u00edmetros de longitud y unos 44-48 de envergadura. Todo esto hace que pesen unos 46-89 gramos. Su plumaje es rojizo en la zona cercana a la cabeza, mientras que [&hellip;]<\/p>\n","protected":false},"author":2556,"featured_media":0,"parent":0,"menu_order":0,"comment_status":"closed","ping_status":"closed","template":"","meta":{"footnotes":""},"class_list":["post-4084","page","type-page","status-publish","hentry"],"_links":{"self":[{"href":"https:\/\/webs.uab.cat\/bees\/wp-json\/wp\/v2\/pages\/4084","targetHints":{"allow":["GET"]}}],"collection":[{"href":"https:\/\/webs.uab.cat\/bees\/wp-json\/wp\/v2\/pages"}],"about":[{"href":"https:\/\/webs.uab.cat\/bees\/wp-json\/wp\/v2\/types\/page"}],"author":[{"embeddable":true,"href":"https:\/\/webs.uab.cat\/bees\/wp-json\/wp\/v2\/users\/2556"}],"replies":[{"embeddable":true,"href":"https:\/\/webs.uab.cat\/bees\/wp-json\/wp\/v2\/comments?post=4084"}],"version-history":[{"count":1,"href":"https:\/\/webs.uab.cat\/bees\/wp-json\/wp\/v2\/pages\/4084\/revisions"}],"predecessor-version":[{"id":4124,"href":"https:\/\/webs.uab.cat\/bees\/wp-json\/wp\/v2\/pages\/4084\/revisions\/4124"}],"wp:attachment":[{"href":"https:\/\/webs.uab.cat\/bees\/wp-json\/wp\/v2\/media?parent=4084"}],"curies":[{"name":"wp","href":"https:\/\/api.w.org\/{rel}","templated":true}]}}