{"id":4085,"date":"2025-05-14T11:38:44","date_gmt":"2025-05-14T09:38:44","guid":{"rendered":"https:\/\/biocampus25.wordpress.com\/?page_id=631"},"modified":"2025-05-19T10:32:29","modified_gmt":"2025-05-19T08:32:29","slug":"aves","status":"publish","type":"page","link":"https:\/\/webs.uab.cat\/bees\/aves\/","title":{"rendered":"Aves"},"content":{"rendered":"\n<div class=\"wp-block-group is-vertical is-layout-flex wp-container-core-group-is-layout-3e0ae1ae wp-block-group-is-layout-flex\">\n<p><strong>Descripci\u00f3n:<\/strong><\/p>\n\n\n\n<p class=\"has-text-align-justify\">Este grupo incluye a los organismos que tienen plumas en la superficie de su cuerpo. Esta caracter\u00edstica les sirve para mantener una temperatura constante, que proviene de su metabolismo interno (son organismos homeotermos y endotermos, respectivamente), y tambi\u00e9n es \u00fatil para el vuelo.<\/p>\n\n\n\n<p class=\"has-text-align-justify\">Para volar no basta con tener plumas y alas grandes con morfolog\u00edas adecuadas, sino que se requiere una remodelaci\u00f3n completa de la estructura corporal. Entre otras cosas, es necesario tener huesos huecos por dentro (para reducir el peso), la presencia de la quilla (un hueso longitudinal del estern\u00f3n que conecta con las costillas y permite la inserci\u00f3n de los m\u00fasculos del vuelo) y las plumas rectrices de la cola (que regulan el equilibrio y gu\u00edan la direcci\u00f3n durante el vuelo).<\/p>\n\n\n\n<p class=\"has-text-align-justify\">Aunque la mayor\u00eda de las aves tienen la capacidad de volar, ciertas especies han perdido esta habilidad. Esto puede deberse a diversos motivos, como la ausencia de depredadores o un estilo de vida que no requiere el vuelo (por ejemplo, los ping\u00fcinos, que tienen una vida acu\u00e1tica).<\/p>\n\n\n\n<p class=\"has-text-align-justify\">La dieta de estas aves puede ser muy variada, dependiendo del grupo o la especie. Sin embargo, la estructura de su tubo digestivo est\u00e1 bastante conservada y presenta elementos \u00fanicos de esta clase:<\/p>\n\n\n\n<div class=\"wp-block-group has-alegreya-font-family has-small-font-size is-vertical is-layout-flex wp-container-core-group-is-layout-3e0ae1ae wp-block-group-is-layout-flex\">\n<ul class=\"wp-block-list\">\n<li><strong>El pico:<\/strong> Seg\u00fan la dieta, presenta una morfolog\u00eda y tama\u00f1o caracter\u00edsticos. Generalmente, despu\u00e9s del pico tienen la boca, que por lo general carece de dientes.<\/li>\n\n\n\n<li><strong>El buche: <\/strong>Sirve para almacenar alimento, lo que resulta \u00fatil para guardarlo cuando lo necesiten, especialmente durante el vuelo, que implica un gran gasto energ\u00e9tico.<\/li>\n\n\n\n<li><strong>La molleja:<\/strong> Funciona como un dep\u00f3sito de piedras que permite realizar la digesti\u00f3n mec\u00e1nica.<\/li>\n\n\n\n<li><strong>La cloaca:<\/strong> Es el punto donde desembocan los residuos digestivos, urinarios y reproductivos.<\/li>\n<\/ul>\n\n\n\n<p class=\"has-text-align-justify\">El sistema card\u00edaco de las aves es igual al de los mam\u00edferos; es decir, es un sistema cerrado y doble (la sangre pasa dos veces por el coraz\u00f3n, una vez desoxigenada y otra oxigenada).<\/p>\n\n\n\n<p class=\"has-text-align-justify\">Su sistema respiratorio es \u00fanico, ya que poseen sacos a\u00e9reos que permiten un mayor almacenamiento y uso del ox\u00edgeno que captan. Esto es especialmente \u00fatil para los individuos que vuelan a grandes alturas, donde el ox\u00edgeno es escaso.<\/p>\n\n\n\n<p class=\"has-text-align-justify\">Finalmente, son organismos dioicos (con sexos separados), realizan fecundaci\u00f3n interna y ponen huevos. Es caracter\u00edstico de las aves, debido a su alta inteligencia, realizar rituales de apareamiento en los que un individuo atrae al otro. Estos rituales pueden incluir tanto danzas como su canto, que aprenden de sus progenitores.<\/p>\n<\/div>\n<\/div>\n\n\n\n<div style=\"height:10px\" aria-hidden=\"true\" class=\"wp-block-spacer\"><\/div>\n\n\n\n<p><strong>Clave dicot\u00f3mica:<\/strong><\/p>\n\n\n\n<div class=\"wp-block-columns is-layout-flex wp-container-core-columns-is-layout-9d6595d7 wp-block-columns-is-layout-flex\">\n<div class=\"wp-block-column is-layout-flow wp-block-column-is-layout-flow\" style=\"flex-basis:66.66%\">\n<div class=\"wp-block-group is-vertical is-layout-flex wp-container-core-group-is-layout-769d0143 wp-block-group-is-layout-flex\">\n<p class=\"has-text-align-justify has-small-font-size\"><strong>1a.\u00a0 <\/strong>Tiene dos dedos hacia delante y dos hacia atr\u00e1s (zigodact\u00edlia) &#8212;&#8212;&#8212;&#8212;&#8212;&#8212;&gt; <strong><a href=\"https:\/\/webs.uab.cat\/bees\/piciforme\/\" data-type=\"page\" data-id=\"4108\">Piciforme<\/a><\/strong><\/p>\n\n\n\n<p class=\"has-text-align-justify has-small-font-size\"><strong>1b. <\/strong>Tiene tres dedos hacia delante y uno hacia atr\u00e1s, o los cuatro hacia delante (pamprodact\u00edlia) &#8212;&#8212;&#8212;&#8212;&#8212;&#8212;&#8212;&#8212;&#8212;&#8211;&gt; 2<\/p>\n<\/div>\n\n\n\n<div style=\"height:100px\" aria-hidden=\"true\" class=\"wp-block-spacer\"><\/div>\n\n\n\n<div class=\"wp-block-group is-vertical is-layout-flex wp-container-core-group-is-layout-769d0143 wp-block-group-is-layout-flex\">\n<p class=\"has-text-align-justify has-small-font-size\"><strong>2a.\u00a0 <\/strong>Dedos adaptados a la depredaci\u00f3n (un dedo con posici\u00f3n reversible) &#8212;&#8212;&#8212;&#8211;&gt; <strong><a href=\"https:\/\/webs.uab.cat\/bees\/strigiforme\/\" data-type=\"page\" data-id=\"4112\">Strigiforme<\/a><\/strong><\/p>\n\n\n\n<p class=\"has-text-align-justify has-small-font-size\"><strong>2b. <\/strong>No tiene los dedos reversibles &#8212;&#8212;&#8212;&#8212;&gt; 3<\/p>\n<\/div>\n\n\n\n<div style=\"height:37px\" aria-hidden=\"true\" class=\"wp-block-spacer\"><\/div>\n\n\n\n<div class=\"wp-block-group is-vertical is-layout-flex wp-container-core-group-is-layout-769d0143 wp-block-group-is-layout-flex\">\n<p class=\"has-text-align-justify has-small-font-size\"><strong>3a.\u00a0 <\/strong>Es de tama\u00f1o reducido, con alas curvas y delgadas, la cola est\u00e1 bifurcada. Se parece a las golondrinas &#8212;&#8212;&#8212;&#8212;&#8212;&#8212;&#8212;&#8211;&gt; <strong><a href=\"https:\/\/webs.uab.cat\/bees\/apodiforme\/\" data-type=\"page\" data-id=\"684\">Apodiforme<\/a><\/strong><\/p>\n\n\n\n<p class=\"has-text-align-justify has-small-font-size\"><strong>3b. <\/strong>No presenta estas caracter\u00edsticas &#8212;&#8212;-&gt; 4<\/p>\n<\/div>\n\n\n\n<div style=\"height:76px\" aria-hidden=\"true\" class=\"wp-block-spacer\"><\/div>\n\n\n\n<div class=\"wp-block-group is-vertical is-layout-flex wp-container-core-group-is-layout-769d0143 wp-block-group-is-layout-flex\">\n<p class=\"has-text-align-justify has-small-font-size\"><strong>4a. <\/strong>Presenta un pico grande o alargada, siempre con una alta curvatura. En la cabeza tienen una cresta o un casco &#8212;&#8212;&#8212;&#8212;&#8211;&gt; <strong><a href=\"https:\/\/webs.uab.cat\/bees\/bucerotiforme\/\" data-type=\"page\" data-id=\"691\">Bucerotiforme<\/a><\/strong><\/p>\n\n\n\n<p class=\"has-text-align-justify has-small-font-size\"><strong>4b. <\/strong>No presentan este grupo de caracter\u00edsticas &#8212;&#8212;&#8212;&#8212;&#8212;&#8212;&#8212;&#8212;&#8212;&#8212;&#8212;&#8212;&#8212;&#8212;&#8212;&#8211;&gt; 5<\/p>\n<\/div>\n\n\n\n<div style=\"height:64px\" aria-hidden=\"true\" class=\"wp-block-spacer\"><\/div>\n\n\n\n<div class=\"wp-block-group is-vertical is-layout-flex wp-container-core-group-is-layout-769d0143 wp-block-group-is-layout-flex\">\n<p class=\"has-text-align-justify has-small-font-size\"><strong>5a.<\/strong> Son aves grandes con extremidades alargadas i cuerpo adaptado a vivir en zonas h\u00famedas. Recuerdan a las cig\u00fce\u00f1as &#8212;&#8212;&#8212;&#8212;&#8212;&#8212;&#8212;&#8212;&#8212;&#8212;&#8212;&#8212;&#8212;&#8212;&#8212;&#8211;&gt; <strong><a href=\"https:\/\/webs.uab.cat\/bees\/ciconiiforme\/\" data-type=\"page\" data-id=\"699\">Ciconiiforme<\/a><\/strong><\/p>\n\n\n\n<p class=\"has-text-align-justify has-small-font-size\"><strong>5b. <\/strong>Son de mida reducida-mediana y sin extremidades alargadas &#8212;&#8212;&#8212;&#8212;&#8212;&#8212;&#8212;&gt; 6<\/p>\n<\/div>\n\n\n\n<div style=\"height:26px\" aria-hidden=\"true\" class=\"wp-block-spacer\"><\/div>\n\n\n\n<div class=\"wp-block-group is-vertical is-layout-flex wp-container-core-group-is-layout-769d0143 wp-block-group-is-layout-flex\">\n<p class=\"has-text-align-justify has-small-font-size\"><strong>6a.<\/strong> Normalmente son de tama\u00f1o mediana i tienen un pico corto, robusto i de forma c\u00f3nica. Adem\u00e1s, tienen las patas adaptadas para caminar &#8212;&#8212;&#8212;&#8212;&#8212;&#8212;&#8212;&#8212;&gt; <strong><a href=\"https:\/\/webs.uab.cat\/bees\/columbiforme\/\" data-type=\"page\" data-id=\"708\">Columbiforme<\/a><\/strong><\/p>\n\n\n\n<p class=\"has-text-align-justify has-small-font-size\"><strong>6b. <\/strong>Son m\u00e1s peque\u00f1os que los anteriores. Su pico es m\u00e1s variado, pero tiende a acabar en forma de punta. Est\u00e1n adaptados a agarrarse a las ramas &#8212;&#8212;&#8212;&#8212;&#8212;&#8212;&#8212;-&gt; <strong> <a href=\"https:\/\/webs.uab.cat\/bees\/passeriforme\/\" data-type=\"page\" data-id=\"714\">Passeriformes<\/a><\/strong><\/p>\n<\/div>\n<\/div>\n\n\n\n<div class=\"wp-block-column is-layout-flow wp-block-column-is-layout-flow\" style=\"flex-basis:33.33%\">\n<div class=\"wp-block-group is-vertical is-layout-flex wp-container-core-group-is-layout-769d0143 wp-block-group-is-layout-flex\">\n<figure class=\"wp-block-image size-large\"><img decoding=\"async\" src=\"https:\/\/biocampus25.wordpress.com\/wp-content\/uploads\/2025\/04\/640px-bird-feets.png?w=640\" alt=\"\" class=\"wp-image-642\" \/><figcaption class=\"wp-element-caption\">Bird feets. Imagen con copyright CC BY-SA 3.0 obtenida de Wikimedia commons en: <a href=\"https:\/\/commons.wikimedia.org\/wiki\/File:Bird-feets.png\">https:\/\/commons.wikimedia.org\/wiki\/File:Bird-feets.png<\/a><\/figcaption><\/figure>\n\n\n\n<div style=\"height:9px\" aria-hidden=\"true\" class=\"wp-block-spacer wp-container-content-579443fb\"><\/div>\n<\/div>\n\n\n\n<div class=\"wp-block-group is-vertical is-layout-flex wp-container-core-group-is-layout-769d0143 wp-block-group-is-layout-flex\">\n<figure class=\"wp-block-image size-large\"><img decoding=\"async\" src=\"https:\/\/biocampus25.wordpress.com\/wp-content\/uploads\/2025\/04\/apuscafferinflight-edited.jpg\" alt=\"\" class=\"wp-image-646\" \/><figcaption class=\"wp-element-caption\"><a href=\"https:\/\/webs.uab.cat\/bees\/apodiforme\/\" data-type=\"page\" data-id=\"684\">Apodiforme<\/a><\/figcaption><\/figure>\n<\/div>\n\n\n\n<div class=\"wp-block-group is-vertical is-layout-flex wp-container-core-group-is-layout-769d0143 wp-block-group-is-layout-flex\">\n<figure class=\"wp-block-image size-large\"><img decoding=\"async\" src=\"https:\/\/biocampus25.wordpress.com\/wp-content\/uploads\/2025\/04\/640px-great_indian_hornbill._great_indian_hornbill._10199049535.jpg?w=640\" alt=\"\" class=\"wp-image-648\" \/><figcaption class=\"wp-element-caption\"><a href=\"https:\/\/webs.uab.cat\/bees\/bucerotiforme\/\" data-type=\"page\" data-id=\"691\">Bucerotiforme<\/a><\/figcaption><\/figure>\n<\/div>\n\n\n\n<div class=\"wp-block-group is-vertical is-layout-flex wp-container-core-group-is-layout-769d0143 wp-block-group-is-layout-flex\">\n<figure class=\"wp-block-image size-large\"><img decoding=\"async\" src=\"https:\/\/biocampus25.wordpress.com\/wp-content\/uploads\/2025\/04\/storch_wetterau.jpg?w=640\" alt=\"\" class=\"wp-image-653\" \/><figcaption class=\"wp-element-caption\"><a href=\"https:\/\/webs.uab.cat\/bees\/ciconiiforme\/\" data-type=\"page\" data-id=\"699\">Ciconiiforme<\/a><\/figcaption><\/figure>\n<\/div>\n\n\n\n<div class=\"wp-block-group is-vertical is-layout-flex wp-container-core-group-is-layout-769d0143 wp-block-group-is-layout-flex\">\n<figure class=\"wp-block-image size-large\"><img decoding=\"async\" src=\"https:\/\/biocampus25.wordpress.com\/wp-content\/uploads\/2025\/04\/male_hihi_perched_on_a_twig_tiritiri_matangi.jpg?w=640\" alt=\"\" class=\"wp-image-655\" \/><figcaption class=\"wp-element-caption\"><a href=\"https:\/\/webs.uab.cat\/bees\/passeriforme\/\" data-type=\"page\" data-id=\"714\">Passeriforme<\/a><\/figcaption><\/figure>\n<\/div>\n<\/div>\n<\/div>\n\n\n\n<div style=\"height:30px\" aria-hidden=\"true\" class=\"wp-block-spacer\"><\/div>\n\n\n\n<p><strong>Bibliografia:<\/strong><\/p>\n\n\n\n<p class=\"has-text-align-justify has-small-font-size\">Aves &#8211; ejemplos, tipos de aves y su clasificaci\u00f3n. (n.d.).&nbsp;<em>National geographic<\/em>. Retrieved December 26, 2024, from <a href=\"https:\/\/www.nationalgeographic.com.es\/animales\/aves\">https:\/\/www.nationalgeographic.com.es\/animales\/aves<\/a><\/p>\n\n\n\n<p class=\"has-text-align-justify has-small-font-size\">Wikipedia contributors. (n.d.).&nbsp;<em>Aves<\/em>. Wikipedia, The Free Encyclopedia. <a href=\"https:\/\/es.wikipedia.org\/w\/index.php?title=Aves&amp;oldid=166800580\">https:\/\/es.wikipedia.org\/w\/index.php?title=Aves&amp;oldid=166800580<\/a><\/p>\n\n\n\n<p class=\"has-text-align-justify has-small-font-size\">Romero H., N. A. (2023, March 10). \u00bfPor d\u00f3nde y c\u00f3mo respiran las aves?&nbsp;<em>expertoanimal.com<\/em>. <a href=\"https:\/\/www.expertoanimal.com\/por-donde-y-como-respiran-las-aves-26409.html\">https:\/\/www.expertoanimal.com\/por-donde-y-como-respiran-las-aves-26409.html<\/a><\/p>\n\n\n\n<p class=\"has-text-align-justify has-small-font-size\">Nadal, J., Vericad, J.R. Vidal, A. Martinez-Rica, J.P. &amp; Ballcells, R. 1968. Gui\u00f3n para trabajos pr\u00e1cticos de Zoolog\u00eda-Cordados. Publicaciones del Centro Pirenaico de Biolog\u00eda Experimental. Barcelona. 350 pp<\/p>\n","protected":false},"excerpt":{"rendered":"<p>Descripci\u00f3n: Este grupo incluye a los organismos que tienen plumas en la superficie de su cuerpo. Esta caracter\u00edstica les sirve para mantener una temperatura constante, que proviene de su metabolismo interno (son organismos homeotermos y endotermos, respectivamente), y tambi\u00e9n es \u00fatil para el vuelo. Para volar no basta con tener plumas y alas grandes con [&hellip;]<\/p>\n","protected":false},"author":2556,"featured_media":0,"parent":0,"menu_order":0,"comment_status":"closed","ping_status":"closed","template":"","meta":{"footnotes":""},"class_list":["post-4085","page","type-page","status-publish","hentry"],"_links":{"self":[{"href":"https:\/\/webs.uab.cat\/bees\/wp-json\/wp\/v2\/pages\/4085","targetHints":{"allow":["GET"]}}],"collection":[{"href":"https:\/\/webs.uab.cat\/bees\/wp-json\/wp\/v2\/pages"}],"about":[{"href":"https:\/\/webs.uab.cat\/bees\/wp-json\/wp\/v2\/types\/page"}],"author":[{"embeddable":true,"href":"https:\/\/webs.uab.cat\/bees\/wp-json\/wp\/v2\/users\/2556"}],"replies":[{"embeddable":true,"href":"https:\/\/webs.uab.cat\/bees\/wp-json\/wp\/v2\/comments?post=4085"}],"version-history":[{"count":2,"href":"https:\/\/webs.uab.cat\/bees\/wp-json\/wp\/v2\/pages\/4085\/revisions"}],"predecessor-version":[{"id":4139,"href":"https:\/\/webs.uab.cat\/bees\/wp-json\/wp\/v2\/pages\/4085\/revisions\/4139"}],"wp:attachment":[{"href":"https:\/\/webs.uab.cat\/bees\/wp-json\/wp\/v2\/media?parent=4085"}],"curies":[{"name":"wp","href":"https:\/\/api.w.org\/{rel}","templated":true}]}}