{"id":4086,"date":"2025-05-14T11:38:40","date_gmt":"2025-05-14T09:38:40","guid":{"rendered":"https:\/\/biocampus25.wordpress.com\/?page_id=754"},"modified":"2025-05-19T10:17:36","modified_gmt":"2025-05-19T08:17:36","slug":"anfibios","status":"publish","type":"page","link":"https:\/\/webs.uab.cat\/bees\/anfibios\/","title":{"rendered":"Anfibios"},"content":{"rendered":"\n<div class=\"wp-block-group is-vertical is-layout-flex wp-container-core-group-is-layout-3e0ae1ae wp-block-group-is-layout-flex\">\n<p><strong>Descripci\u00f3n:<\/strong><\/p>\n\n\n\n<div class=\"wp-block-group has-alegreya-font-family has-small-font-size is-vertical is-layout-flex wp-container-core-group-is-layout-8cf370e7 wp-block-group-is-layout-flex\">\n<p class=\"has-text-align-justify\">En esta clase encontramos a los animales vertebrados, generalmente terrestres, que habitan en regiones h\u00famedas cercanas a masas de agua dulce. Esta proximidad a las masas de agua es fundamental por varios motivos:<\/p>\n\n\n\n<ul class=\"wp-block-list\">\n<li><strong>Piel desnuda:<\/strong> Tienen la piel desnuda, lo que los hace propensos a deshidratarse en ambientes secos. Aunque esto puede parecer una desventaja, les aporta beneficios como la respiraci\u00f3n cut\u00e1nea y la secreci\u00f3n de compuestos defensivos contra depredadores.<\/li>\n\n\n\n<li><strong>Metamorfosis:<\/strong> Experimentan una metamorfosis al pasar de la fase juvenil a la adulta. En la fase juvenil, se desplazan con aletas y tienen respiraci\u00f3n branquial. Al llegar a la adultez, desarrollan patas y, generalmente, respiran mediante pulmones.<\/li>\n\n\n\n<li><strong>Reproducci\u00f3n:<\/strong> Su reproducci\u00f3n est\u00e1 vinculada al agua. Son organismos con sexos separados y ponen huevos sin c\u00e1scara. La ausencia de c\u00e1scara ser\u00eda un problema en ambientes secos, ya que el embri\u00f3n se deshidratar\u00eda. Por ello, la fase juvenil ocurre en el medio acu\u00e1tico, y los adultos pueden desplazarse al medio terrestre.<\/li>\n<\/ul>\n\n\n\n<p class=\"has-text-align-justify\">Su aparato digestivo comienza con una boca grande, equipada con dientes muy peque\u00f1os y una lengua grande y flexible. Esto les permite ingerir presas enteras sin fragmentarlas. La estructura del sistema digestivo es similar a la humana, pero finaliza en una cloaca, que recoge los residuos digestivos, urinarios y reproductivos.<\/p>\n\n\n\n<p class=\"has-text-align-justify\">Poseen un sistema circulatorio doble y cerrado, con un coraz\u00f3n tricameral compuesto por dos aur\u00edculas y un ventr\u00edculo. Esta configuraci\u00f3n permite que existan vasos sangu\u00edneos que capten ox\u00edgeno tanto de los pulmones como, en menor medida, de la piel.<\/p>\n\n\n\n<p class=\"has-text-align-justify\">Los anfibios son ectotermos, lo que significa que no pueden regular su temperatura corporal. Por ello, su temperatura suele ser similar a la del ambiente en el que viven.<\/p>\n<\/div>\n<\/div>\n\n\n\n<div style=\"height:30px\" aria-hidden=\"true\" class=\"wp-block-spacer\"><\/div>\n\n\n\n<p><strong>Clave dicot\u00f3mica:<\/strong><\/p>\n\n\n\n<p class=\"has-text-align-justify has-small-font-size\"><strong>a. <\/strong>Presenta las pupilas en posici\u00f3n horizontal. Es de color marr\u00f3n, verde o gris &#8212;&#8212;&#8212;&#8212;&#8212;&#8212;&#8212;&#8212;&#8212;&#8212;&#8212;&#8212;&#8212;&#8212;&#8212;&#8212;&#8212;&#8211;&gt; <strong><a href=\"https:\/\/webs.uab.cat\/bees\/sapo-corredor\/\" data-type=\"page\" data-id=\"4106\">Epidalea calamita<\/a><\/strong><\/p>\n\n\n\n<p class=\"has-text-align-justify has-small-font-size\"><strong>b.<\/strong> Sus pupilas son redondas y ellos son de color verde claro, con manchas oscuras &#8212;&#8212;&#8212;&#8212;&#8212;&#8212;&#8212;&#8212;&#8212;&#8212;&#8212;&#8212;&#8212;&#8212;&#8212;-&gt; <strong><a href=\"https:\/\/webs.uab.cat\/bees\/sapillo-pintojo-mediterraneo\/\" data-type=\"page\" data-id=\"4107\">Discoglossus pictus<\/a><\/strong><\/p>\n\n\n\n<div style=\"height:30px\" aria-hidden=\"true\" class=\"wp-block-spacer\"><\/div>\n\n\n\n<p><strong>Bibliografia:<\/strong><\/p>\n\n\n\n<p class=\"has-text-align-justify has-small-font-size\"><em>Anfibios &#8211; Concepto, origen, tipos, caracter\u00edsticas y ejemplos<\/em>. (n.d.). Retrieved December 22, 2024, from <a href=\"https:\/\/concepto.de\/anfibios\/\">https:\/\/concepto.de\/anfibios\/<\/a><\/p>\n\n\n\n<p class=\"has-text-align-justify has-small-font-size\">Wikipedia contributors. (n.d.-a).&nbsp;<em>Amphibia<\/em>. Wikipedia, The Free Encyclopedia. <a href=\"https:\/\/es.wikipedia.org\/w\/index.php?title=Amphibia&amp;oldid=166692836\">https:\/\/es.wikipedia.org\/w\/index.php?title=Amphibia&amp;oldid=166692836<\/a><\/p>\n\n\n\n<p><\/p>\n","protected":false},"excerpt":{"rendered":"<p>Descripci\u00f3n: En esta clase encontramos a los animales vertebrados, generalmente terrestres, que habitan en regiones h\u00famedas cercanas a masas de agua dulce. Esta proximidad a las masas de agua es fundamental por varios motivos: Su aparato digestivo comienza con una boca grande, equipada con dientes muy peque\u00f1os y una lengua grande y flexible. Esto les [&hellip;]<\/p>\n","protected":false},"author":2556,"featured_media":0,"parent":0,"menu_order":0,"comment_status":"closed","ping_status":"closed","template":"","meta":{"footnotes":""},"class_list":["post-4086","page","type-page","status-publish","hentry"],"_links":{"self":[{"href":"https:\/\/webs.uab.cat\/bees\/wp-json\/wp\/v2\/pages\/4086","targetHints":{"allow":["GET"]}}],"collection":[{"href":"https:\/\/webs.uab.cat\/bees\/wp-json\/wp\/v2\/pages"}],"about":[{"href":"https:\/\/webs.uab.cat\/bees\/wp-json\/wp\/v2\/types\/page"}],"author":[{"embeddable":true,"href":"https:\/\/webs.uab.cat\/bees\/wp-json\/wp\/v2\/users\/2556"}],"replies":[{"embeddable":true,"href":"https:\/\/webs.uab.cat\/bees\/wp-json\/wp\/v2\/comments?post=4086"}],"version-history":[{"count":2,"href":"https:\/\/webs.uab.cat\/bees\/wp-json\/wp\/v2\/pages\/4086\/revisions"}],"predecessor-version":[{"id":4126,"href":"https:\/\/webs.uab.cat\/bees\/wp-json\/wp\/v2\/pages\/4086\/revisions\/4126"}],"wp:attachment":[{"href":"https:\/\/webs.uab.cat\/bees\/wp-json\/wp\/v2\/media?parent=4086"}],"curies":[{"name":"wp","href":"https:\/\/api.w.org\/{rel}","templated":true}]}}