{"id":4087,"date":"2025-05-14T11:38:45","date_gmt":"2025-05-14T09:38:45","guid":{"rendered":"https:\/\/biocampus25.wordpress.com\/?page_id=794"},"modified":"2025-05-19T10:33:38","modified_gmt":"2025-05-19T08:33:38","slug":"babosa-gris-de-jardin","status":"publish","type":"page","link":"https:\/\/webs.uab.cat\/bees\/babosa-gris-de-jardin\/","title":{"rendered":"BABOSA GRIS DE JARDIN"},"content":{"rendered":"\n<div class=\"wp-block-group is-vertical is-layout-flex wp-container-core-group-is-layout-769d0143 wp-block-group-is-layout-flex\">\n<figure class=\"wp-block-image size-large\"><img decoding=\"async\" src=\"https:\/\/biocampus25.wordpress.com\/wp-content\/uploads\/2025\/04\/deroceras_reticulatum_106587833.jpg?w=995\" alt=\"\" class=\"wp-image-795\" \/><\/figure>\n\n\n\n<p class=\"has-text-align-justify has-small-font-size\">Deroceras reticulatum. Imagen con copyright CC BY 4.0, creada por Cole Shoemaker y obtenida de Wikimedia commons en: <a href=\"https:\/\/commons.wikimedia.org\/wiki\/File:Deroceras_reticulatum_106587833.jpg\">https:\/\/commons.wikimedia.org\/wiki\/File:Deroceras_reticulatum_106587833.jpg<\/a><\/p>\n<\/div>\n\n\n\n<div style=\"height:10px\" aria-hidden=\"true\" class=\"wp-block-spacer\"><\/div>\n\n\n\n<div class=\"wp-block-columns is-layout-flex wp-container-core-columns-is-layout-9d6595d7 wp-block-columns-is-layout-flex\">\n<div class=\"wp-block-column is-layout-flow wp-block-column-is-layout-flow\">\n<figure class=\"wp-block-table has-alegreya-font-family has-small-font-size\"><table><tbody><tr><td class=\"has-text-align-center\" data-align=\"center\"><strong>Reino<\/strong><\/td><td class=\"has-text-align-center\" data-align=\"center\">Animalia<\/td><\/tr><tr><td class=\"has-text-align-center\" data-align=\"center\"><strong>Filo<\/strong><\/td><td class=\"has-text-align-center\" data-align=\"center\"><a href=\"https:\/\/webs.uab.cat\/bees\/mollusca\/\" data-type=\"page\" data-id=\"4099\">Mollusca<\/a><\/td><\/tr><tr><td class=\"has-text-align-center\" data-align=\"center\"><strong>Clase<\/strong><\/td><td class=\"has-text-align-center\" data-align=\"center\">Gastropoda<\/td><\/tr><tr><td class=\"has-text-align-center\" data-align=\"center\"><strong>Subclase<\/strong><\/td><td class=\"has-text-align-center\" data-align=\"center\">Heterobranchia<\/td><\/tr><tr><td class=\"has-text-align-center\" data-align=\"center\"><strong>Infraclase<\/strong><\/td><td class=\"has-text-align-center\" data-align=\"center\">Euthyneura<\/td><\/tr><tr><td class=\"has-text-align-center\" data-align=\"center\"><strong>Superorden<\/strong><\/td><td class=\"has-text-align-center\" data-align=\"center\">Eupulmonata<\/td><\/tr><tr><td class=\"has-text-align-center\" data-align=\"center\"><strong>Orden<\/strong><\/td><td class=\"has-text-align-center\" data-align=\"center\">Stylommatophora<\/td><\/tr><tr><td class=\"has-text-align-center\" data-align=\"center\"><strong>Suborden<\/strong><\/td><td class=\"has-text-align-center\" data-align=\"center\">Helicina<\/td><\/tr><tr><td class=\"has-text-align-center\" data-align=\"center\"><strong>Infraorden<\/strong><\/td><td class=\"has-text-align-center\" data-align=\"center\">Limacoidei<\/td><\/tr><tr><td class=\"has-text-align-center\" data-align=\"center\"><strong>Superfamilia<\/strong><\/td><td class=\"has-text-align-center\" data-align=\"center\">Limacoidea<\/td><\/tr><tr><td class=\"has-text-align-center\" data-align=\"center\"><strong>Familia<\/strong><\/td><td class=\"has-text-align-center\" data-align=\"center\">Agriolimacidae<\/td><\/tr><tr><td class=\"has-text-align-center\" data-align=\"center\"><strong>Subfamilia<\/strong><\/td><td class=\"has-text-align-center\" data-align=\"center\">Agriolimacinae<\/td><\/tr><tr><td class=\"has-text-align-center\" data-align=\"center\"><strong>G\u00e9nero<\/strong><\/td><td class=\"has-text-align-center\" data-align=\"center\">Deroceras<\/td><\/tr><tr><td class=\"has-text-align-center\" data-align=\"center\"><strong>Especie<\/strong><\/td><td class=\"has-text-align-center\" data-align=\"center\">D. reticulatum<\/td><\/tr><\/tbody><\/table><\/figure>\n<\/div>\n\n\n\n<div class=\"wp-block-column is-layout-flow wp-block-column-is-layout-flow\">\n<div class=\"wp-block-group is-vertical is-layout-flex wp-container-core-group-is-layout-769d0143 wp-block-group-is-layout-flex\">\n<p><strong>DESCRIPCI\u00d3N:<\/strong><\/p>\n\n\n\n<p class=\"has-text-align-justify has-alegreya-font-family has-small-font-size\">La babosa gris de jard\u00edn es un gaster\u00f3podo de tama\u00f1o mediano, que mide unos 4-6cm. Como su nombre indica, es de color gris\u00e1ceo o color caf\u00e9 con leche. Al desplazarse va dejando un mucus incoloro que puede tornarse blanquecino si el animal es molestado.<\/p>\n\n\n\n<p class=\"has-text-align-justify has-alegreya-font-family has-small-font-size\">Como el resto de las babosas, no presenta una concha, aunque si que es reconocible la regi\u00f3n del manto. Posterior a este, podemos encontrar unas manchas m\u00e1s oscuras que forman un patr\u00f3n reticulado.<\/p>\n\n\n\n<p class=\"has-text-align-justify has-alegreya-font-family has-small-font-size\">En la regi\u00f3n de la cabeza podemos distinguir un par de tent\u00e1culos \u00f3pticos de gran tama\u00f1o, que tienen en su parte terminal unos ojos muy simples. Debajo de estos tambi\u00e9n hay un par de peque\u00f1os tent\u00e1culos t\u00e1ctiles que permiten detectar est\u00edmulos olfativos y t\u00e1ctiles.<\/p>\n<\/div>\n<\/div>\n<\/div>\n\n\n\n<div style=\"height:10px\" aria-hidden=\"true\" class=\"wp-block-spacer\"><\/div>\n\n\n\n<div class=\"wp-block-group is-vertical is-layout-flex wp-container-core-group-is-layout-769d0143 wp-block-group-is-layout-flex\">\n<p><strong>DIETA:<\/strong><\/p>\n\n\n\n<p class=\"has-text-align-justify has-alegreya-font-family has-small-font-size\">Su dieta es generalmente herb\u00edvora, con una clara preferencia por las hojas de lechuga, coles o acelgas.<\/p>\n<\/div>\n\n\n\n<div style=\"height:10px\" aria-hidden=\"true\" class=\"wp-block-spacer\"><\/div>\n\n\n\n<div class=\"wp-block-group is-vertical is-layout-flex wp-container-core-group-is-layout-769d0143 wp-block-group-is-layout-flex\">\n<p><strong>ESTRUCTURA SOCIAL Y COMPORTAMIENTO:<\/strong><\/p>\n\n\n\n<p class=\"has-text-align-justify has-alegreya-font-family has-small-font-size\">Esta especie est\u00e1 formada por individuos hermafroditas y solitarios. Pese a que prefieren hacer fecundaci\u00f3n cruzada, \u00fanico momento en el que se vuelven ligeramente m\u00e1s sociales, tambi\u00e9n pueden autofecundarse.<\/p>\n\n\n\n<p class=\"has-text-align-justify has-alegreya-font-family has-small-font-size\">El periodo reproductivo se da principalmente entre verano y oto\u00f1o, aunque depende de la regi\u00f3n del mundo puede darse durante todo el a\u00f1o. Despu\u00e9s de la c\u00f3pula, se generan unos 300 huevos, que ser\u00e1n pr\u00e1cticamente los \u00fanicos seres que sobreviven al invierno. Una vez llegado el mes de abril-mayo, estos huevos se abrir\u00e1n y en cuesti\u00f3n de unos 40-55 d\u00edas, llegar\u00e1n a la fase adulta.<\/p>\n<\/div>\n\n\n<div class=\"wp-block-image\">\n<figure class=\"aligncenter size-large\"><img decoding=\"async\" src=\"https:\/\/biocampus25.wordpress.com\/wp-content\/uploads\/2025\/04\/captura-de-pantalla-2025-04-16-165620.png?w=1024\" alt=\"\" class=\"wp-image-801\" \/><\/figure>\n<\/div>\n\n\n<div style=\"height:10px\" aria-hidden=\"true\" class=\"wp-block-spacer\"><\/div>\n\n\n\n<div class=\"wp-block-group is-vertical is-layout-flex wp-container-core-group-is-layout-769d0143 wp-block-group-is-layout-flex\">\n<div class=\"wp-block-group is-vertical is-layout-flex wp-container-core-group-is-layout-769d0143 wp-block-group-is-layout-flex\">\n<p><strong>HABITAT Y ZONA DE DISTRIBUCI\u00d3N:<\/strong><\/p>\n\n\n\n<p class=\"has-text-align-justify has-alegreya-font-family has-small-font-size\">Su \u00e1rea de distribuci\u00f3n incluye buena parte de Europa, los Estados Unidos, la costa oeste de Sud-Am\u00e9rica y la regi\u00f3n del oeste de Australia y Nueva Zelanda.<\/p>\n\n\n\n<p class=\"has-text-align-justify has-alegreya-font-family has-small-font-size\">Su h\u00e1bitat es exclusivo de campos de cultivo o jardines, lugares de donde obtiene su alimento. Pr\u00e1cticamente nunca va a ser encontrado dentro de un bosque.<\/p>\n<\/div>\n\n\n\n<figure class=\"wp-block-image size-large is-resized\"><img decoding=\"async\" src=\"https:\/\/biocampus25.wordpress.com\/wp-content\/uploads\/2025\/04\/captura-de-pantalla-2025-04-16-165821.png?w=524\" alt=\"\" class=\"wp-image-804\" style=\"width:620px;height:auto\" \/><\/figure>\n\n\n\n<p class=\"has-small-font-size\">Mapa de distribuci\u00f3n de Deroceras reticulatum. Imagen obtenida de Gbif en: <a href=\"https:\/\/www.gbif.org\/es\/species\/5781277\">https:\/\/www.gbif.org\/es\/species\/5781277<\/a><\/p>\n<\/div>\n\n\n\n<div style=\"height:10px\" aria-hidden=\"true\" class=\"wp-block-spacer\"><\/div>\n\n\n\n<div class=\"wp-block-group is-vertical is-layout-flex wp-container-core-group-is-layout-769d0143 wp-block-group-is-layout-flex\">\n<p><strong>ESTADO DE CONSERVACI\u00d3N:<\/strong><\/p>\n\n\n\n<p class=\"has-text-align-justify has-alegreya-font-family has-small-font-size\">Seg\u00fan los datos de la IUCN, esta especie est\u00e1 considerada de preocupaci\u00f3n menor en Europa.<\/p>\n<\/div>\n\n\n<div class=\"wp-block-image\">\n<figure class=\"aligncenter size-large\"><img decoding=\"async\" src=\"https:\/\/biocampus25.wordpress.com\/wp-content\/uploads\/2025\/04\/captura_de_pantalla_2025-03-27_213157-removebg-preview-21.png?w=797\" alt=\"\" class=\"wp-image-807\" \/><\/figure>\n<\/div>\n\n\n<div style=\"height:30px\" aria-hidden=\"true\" class=\"wp-block-spacer\"><\/div>\n\n\n\n<p><strong>REFERENCIAS:<\/strong><\/p>\n\n\n\n<p class=\"has-text-align-justify has-small-font-size\"><em>Babosa gris de jard\u00edn (Deroceras reticulatum)<\/em>. (n.d.). iNaturalist Ecuador. Retrieved February 12, 2025, from <a href=\"https:\/\/ecuador.inaturalist.org\/taxa\/124432-Deroceras-reticulatum\">https:\/\/ecuador.inaturalist.org\/taxa\/124432-Deroceras-reticulatum<\/a><\/p>\n\n\n\n<p class=\"has-text-align-justify has-small-font-size\">Valderrey, J. L. M. (2012, February 19).&nbsp;<em>Deroceras reticulatum (O. F. M\u00fcller, 1774)<\/em>. Naturaleza y turismo. <a href=\"https:\/\/www.asturnatura.com\/especie\/deroceras-reticulatum\">https:\/\/www.asturnatura.com\/especie\/deroceras-reticulatum<\/a><\/p>\n\n\n\n<p class=\"has-text-align-justify has-small-font-size\">Ben Rowson (European Red List: terrestrial mollusc assessor). (2016). IUCN Red List of Threatened Species: Deroceras reticulatum.&nbsp;<em>IUCN Red List of Threatened Species<\/em>.&nbsp;&nbsp;&nbsp;&nbsp;&nbsp;&nbsp;&nbsp;&nbsp;&nbsp; <a href=\"https:\/\/www.iucnredlist.org\/species\/170699\/85576527\">https:\/\/www.iucnredlist.org\/species\/170699\/85576527<\/a><\/p>\n","protected":false},"excerpt":{"rendered":"<p>Deroceras reticulatum. Imagen con copyright CC BY 4.0, creada por Cole Shoemaker y obtenida de Wikimedia commons en: https:\/\/commons.wikimedia.org\/wiki\/File:Deroceras_reticulatum_106587833.jpg Reino Animalia Filo Mollusca Clase Gastropoda Subclase Heterobranchia Infraclase Euthyneura Superorden Eupulmonata Orden Stylommatophora Suborden Helicina Infraorden Limacoidei Superfamilia Limacoidea Familia Agriolimacidae Subfamilia Agriolimacinae G\u00e9nero Deroceras Especie D. reticulatum DESCRIPCI\u00d3N: La babosa gris de jard\u00edn es [&hellip;]<\/p>\n","protected":false},"author":2556,"featured_media":0,"parent":0,"menu_order":0,"comment_status":"closed","ping_status":"closed","template":"","meta":{"footnotes":""},"class_list":["post-4087","page","type-page","status-publish","hentry"],"_links":{"self":[{"href":"https:\/\/webs.uab.cat\/bees\/wp-json\/wp\/v2\/pages\/4087","targetHints":{"allow":["GET"]}}],"collection":[{"href":"https:\/\/webs.uab.cat\/bees\/wp-json\/wp\/v2\/pages"}],"about":[{"href":"https:\/\/webs.uab.cat\/bees\/wp-json\/wp\/v2\/types\/page"}],"author":[{"embeddable":true,"href":"https:\/\/webs.uab.cat\/bees\/wp-json\/wp\/v2\/users\/2556"}],"replies":[{"embeddable":true,"href":"https:\/\/webs.uab.cat\/bees\/wp-json\/wp\/v2\/comments?post=4087"}],"version-history":[{"count":1,"href":"https:\/\/webs.uab.cat\/bees\/wp-json\/wp\/v2\/pages\/4087\/revisions"}],"predecessor-version":[{"id":4141,"href":"https:\/\/webs.uab.cat\/bees\/wp-json\/wp\/v2\/pages\/4087\/revisions\/4141"}],"wp:attachment":[{"href":"https:\/\/webs.uab.cat\/bees\/wp-json\/wp\/v2\/media?parent=4087"}],"curies":[{"name":"wp","href":"https:\/\/api.w.org\/{rel}","templated":true}]}}