{"id":4088,"date":"2025-05-14T11:38:40","date_gmt":"2025-05-14T09:38:40","guid":{"rendered":"https:\/\/biocampus25.wordpress.com\/?page_id=846"},"modified":"2025-05-19T10:17:57","modified_gmt":"2025-05-19T08:17:57","slug":"annelida","status":"publish","type":"page","link":"https:\/\/webs.uab.cat\/bees\/annelida\/","title":{"rendered":"Annelida"},"content":{"rendered":"\n<div class=\"wp-block-group is-vertical is-layout-flex wp-container-core-group-is-layout-3e0ae1ae wp-block-group-is-layout-flex\">\n<p><strong>Descripci\u00f3n:<\/strong><\/p>\n\n\n\n<div class=\"wp-block-group has-small-font-size is-vertical is-layout-flex wp-container-core-group-is-layout-8cf370e7 wp-block-group-is-layout-flex\">\n<div class=\"wp-block-group has-alegreya-font-family is-vertical is-layout-flex wp-container-core-group-is-layout-8cf370e7 wp-block-group-is-layout-flex\">\n<p class=\"has-text-align-justify\">El filo de los an\u00e9lidos est\u00e1 compuesto por m\u00e1s de 24,000 especies, las cuales se agrupan en tres grandes grupos con caracter\u00edsticas diferenciadas:<\/p>\n\n\n\n<ul class=\"wp-block-list\">\n<li><strong>Poliquetos<\/strong>: poseen un gran n\u00famero de quetas, y su locomoci\u00f3n, que se realiza de forma serpenteante, est\u00e1 regulada por estructuras denominadas parapodios. Se encuentran principalmente en ambientes marinos, aunque tambi\u00e9n pueden habitar en medios terrestres o de agua dulce.<\/li>\n\n\n\n<li><strong>Oligoquetos<\/strong>: presentan pocas quetas y se desplazan mediante movimientos de contracci\u00f3n, gracias a la alternancia entre contracci\u00f3n y elongaci\u00f3n de la musculatura longitudinal y circular. Suelen habitar en suelos, aunque tambi\u00e9n hay especies asociadas a medios acu\u00e1ticos.<\/li>\n\n\n\n<li><strong>Hirud\u00edneos<\/strong>: carecen de quetas y su desplazamiento ocurre mediante movimientos de contracci\u00f3n, facilitados por la presencia de una ventosa oral y otra anal. Son bastante comunes en ambientes de agua dulce, como por ejemplo las sanguijuelas.<\/li>\n<\/ul>\n\n\n\n<p class=\"has-text-align-justify\">Los oligoquetos y los hirud\u00edneos comparten una caracter\u00edstica que no poseen los poliquetos: la presencia del clitelo. Este es un engrosamiento de la pared del animal que aparece cuando alcanzan la madurez sexual.<\/p>\n\n\n\n<p class=\"has-text-align-justify\">El nombre del filo proviene de la estructura segmentada o anillada de su cuerpo. Esto implica que, despu\u00e9s del prostomio (cabeza), el tronco del animal est\u00e1 segmentado, lo que tambi\u00e9n afecta a sus sistemas internos. Esto afecta a la estructura del sistema nervioso (que tiene una estructura cerebroide centralizada con un par de ganglios por segmento), el sistema excretor (cuenta con dos nefridios por segmento) y el celoma (cavidad llena de l\u00edquido que act\u00faa como esqueleto hidrost\u00e1tico).<\/p>\n\n\n\n<p class=\"has-text-align-justify\">Sin embargo, esta segmentaci\u00f3n no afecta al sistema circulatorio. Este est\u00e1 compuesto por un vaso central y otro perif\u00e9rico que se extienden longitudinalmente a lo largo del cuerpo, conectados por vasos m\u00e1s peque\u00f1os. Adem\u00e1s, en los primeros segmentos hay cinco vasos sangu\u00edneos que act\u00faan como corazones, impulsando la sangre al resto del cuerpo.<\/p>\n\n\n\n<p class=\"has-text-align-justify\">El tubo digestivo tampoco est\u00e1 segmentado. Es completo y termina en un ano ubicado en el pigidio o segmento posterior.<\/p>\n\n\n\n<p class=\"has-text-align-justify\">En el campus universitario solo se ha identificado una especie de an\u00e9lido: \u201c<em><a href=\"https:\/\/webs.uab.cat\/bees\/lombriz-de-tierra-comun\/\" data-type=\"page\" data-id=\"852\">Lumbricus terrestris<\/a>\u201d<\/em>.<\/p>\n<\/div>\n<\/div>\n<\/div>\n\n\n\n<div style=\"height:30px\" aria-hidden=\"true\" class=\"wp-block-spacer\"><\/div>\n\n\n\n<p><strong>Bibliografia:<\/strong><\/p>\n\n\n\n<p class=\"has-text-align-justify has-small-font-size\"><em>AN\u00c9LIDOS<\/em>. (n.d.). Ugr.es. Retrieved December 30, 2024, from <a href=\"https:\/\/litoraldegranada.ugr.es\/el-litoral\/el-litoral-sumergido\/fauna\/anelidos\/\">https:\/\/litoraldegranada.ugr.es\/el-litoral\/el-litoral-sumergido\/fauna\/anelidos\/<\/a><\/p>\n\n\n\n<p class=\"has-text-align-justify has-small-font-size\">Solano, J. N. (2021, December 1). \u00bfQu\u00e9 son los an\u00e9lidos? &#8211; Caracter\u00edsticas y ejemplos.&nbsp;<em>Enciclopedia Iberoamericana<\/em>. <a href=\"https:\/\/enciclopediaiberoamericana.com\/anelidos\/\">https:\/\/enciclopediaiberoamericana.com\/anelidos\/<\/a><\/p>\n\n\n\n<p><\/p>\n","protected":false},"excerpt":{"rendered":"<p>Descripci\u00f3n: El filo de los an\u00e9lidos est\u00e1 compuesto por m\u00e1s de 24,000 especies, las cuales se agrupan en tres grandes grupos con caracter\u00edsticas diferenciadas: Los oligoquetos y los hirud\u00edneos comparten una caracter\u00edstica que no poseen los poliquetos: la presencia del clitelo. Este es un engrosamiento de la pared del animal que aparece cuando alcanzan la [&hellip;]<\/p>\n","protected":false},"author":2556,"featured_media":0,"parent":0,"menu_order":0,"comment_status":"closed","ping_status":"closed","template":"","meta":{"footnotes":""},"class_list":["post-4088","page","type-page","status-publish","hentry"],"_links":{"self":[{"href":"https:\/\/webs.uab.cat\/bees\/wp-json\/wp\/v2\/pages\/4088","targetHints":{"allow":["GET"]}}],"collection":[{"href":"https:\/\/webs.uab.cat\/bees\/wp-json\/wp\/v2\/pages"}],"about":[{"href":"https:\/\/webs.uab.cat\/bees\/wp-json\/wp\/v2\/types\/page"}],"author":[{"embeddable":true,"href":"https:\/\/webs.uab.cat\/bees\/wp-json\/wp\/v2\/users\/2556"}],"replies":[{"embeddable":true,"href":"https:\/\/webs.uab.cat\/bees\/wp-json\/wp\/v2\/comments?post=4088"}],"version-history":[{"count":1,"href":"https:\/\/webs.uab.cat\/bees\/wp-json\/wp\/v2\/pages\/4088\/revisions"}],"predecessor-version":[{"id":4127,"href":"https:\/\/webs.uab.cat\/bees\/wp-json\/wp\/v2\/pages\/4088\/revisions\/4127"}],"wp:attachment":[{"href":"https:\/\/webs.uab.cat\/bees\/wp-json\/wp\/v2\/media?parent=4088"}],"curies":[{"name":"wp","href":"https:\/\/api.w.org\/{rel}","templated":true}]}}