{"id":4090,"date":"2025-05-14T11:39:41","date_gmt":"2025-05-14T09:39:41","guid":{"rendered":"https:\/\/biocampus25.wordpress.com\/?page_id=1007"},"modified":"2025-05-19T10:36:58","modified_gmt":"2025-05-19T08:36:58","slug":"calliphoridae","status":"publish","type":"page","link":"https:\/\/webs.uab.cat\/bees\/calliphoridae\/","title":{"rendered":"Calliphoridae"},"content":{"rendered":"\n<div class=\"wp-block-group is-vertical is-layout-flex wp-container-core-group-is-layout-3e0ae1ae wp-block-group-is-layout-flex\">\n<p><strong>Descripci\u00f3n:<\/strong><\/p>\n\n\n\n<p class=\"has-text-align-justify has-alegreya-font-family has-small-font-size\">En esta familia de d\u00edpteros braqu\u00edceros se encuentran moscas con un cuerpo de coloraci\u00f3n brillante.<\/p>\n\n\n\n<p class=\"has-text-align-justify has-alegreya-font-family has-small-font-size\">En la zona de la cabeza tienen antenas formadas por tres segmentos, donde el segundo segmento presenta una arista plumosa con alta pilosidad. En la regi\u00f3n tor\u00e1cica, un car\u00e1cter distintivo son las cerdas hipopleurales, que son pelos situados a cada lado del cuerpo.<\/p>\n\n\n\n<p class=\"has-text-align-justify has-alegreya-font-family has-small-font-size\">Las hembras son capaces de depositar entre 100 y 200 huevos por puesta, los cuales son colocados sobre carro\u00f1a o animales vivos debido a la alta demanda de prote\u00ednas que tienen las larvas. Antes de llegar a la fase adulta, las larvas pasan por tres estadios y, una vez completados, se entierran durante 7 a 14 d\u00edas para desarrollar el estado de pupa.<\/p>\n\n\n\n<p class=\"has-text-align-justify has-alegreya-font-family has-small-font-size\">En la fase pupal, se produce un cambio en su dieta, y los adultos pasan a ser organismos polinizadores. Es importante destacar que estos adultos se sienten atra\u00eddos por olores putrefactos, y algunas flores aprovechan esto generando olores fuertes para enga\u00f1arlos y lograr su polinizaci\u00f3n.<\/p>\n\n\n\n<p class=\"has-text-align-justify has-alegreya-font-family has-small-font-size\">La especie &#8220;<em><a href=\"https:\/\/webs.uab.cat\/bees\/moscarda-azul\/\" data-type=\"page\" data-id=\"4104\">Calliphora Vicina<\/a><\/em>&#8221; es la \u00fanica presente en el campus, por lo que se considera representativa de este grupo.<\/p>\n<\/div>\n\n\n\n<div style=\"height:30px\" aria-hidden=\"true\" class=\"wp-block-spacer\"><\/div>\n\n\n\n<p><strong>Bibliografia:<\/strong><\/p>\n\n\n\n<p class=\"has-text-align-justify has-small-font-size\">Wikipedia contributors. (n.d.-d).&nbsp;<em>Calliphoridae<\/em>. Wikipedia, The Free Encyclopedia. <a href=\"https:\/\/es.wikipedia.org\/w\/index.php?title=Calliphoridae&amp;oldid=161908491\">https:\/\/es.wikipedia.org\/w\/index.php?title=Calliphoridae&amp;oldid=161908491<\/a><\/p>\n\n\n\n<p><\/p>\n","protected":false},"excerpt":{"rendered":"<p>Descripci\u00f3n: En esta familia de d\u00edpteros braqu\u00edceros se encuentran moscas con un cuerpo de coloraci\u00f3n brillante. En la zona de la cabeza tienen antenas formadas por tres segmentos, donde el segundo segmento presenta una arista plumosa con alta pilosidad. En la regi\u00f3n tor\u00e1cica, un car\u00e1cter distintivo son las cerdas hipopleurales, que son pelos situados a [&hellip;]<\/p>\n","protected":false},"author":2556,"featured_media":0,"parent":0,"menu_order":0,"comment_status":"closed","ping_status":"closed","template":"","meta":{"footnotes":""},"class_list":["post-4090","page","type-page","status-publish","hentry"],"_links":{"self":[{"href":"https:\/\/webs.uab.cat\/bees\/wp-json\/wp\/v2\/pages\/4090","targetHints":{"allow":["GET"]}}],"collection":[{"href":"https:\/\/webs.uab.cat\/bees\/wp-json\/wp\/v2\/pages"}],"about":[{"href":"https:\/\/webs.uab.cat\/bees\/wp-json\/wp\/v2\/types\/page"}],"author":[{"embeddable":true,"href":"https:\/\/webs.uab.cat\/bees\/wp-json\/wp\/v2\/users\/2556"}],"replies":[{"embeddable":true,"href":"https:\/\/webs.uab.cat\/bees\/wp-json\/wp\/v2\/comments?post=4090"}],"version-history":[{"count":1,"href":"https:\/\/webs.uab.cat\/bees\/wp-json\/wp\/v2\/pages\/4090\/revisions"}],"predecessor-version":[{"id":4145,"href":"https:\/\/webs.uab.cat\/bees\/wp-json\/wp\/v2\/pages\/4090\/revisions\/4145"}],"wp:attachment":[{"href":"https:\/\/webs.uab.cat\/bees\/wp-json\/wp\/v2\/media?parent=4090"}],"curies":[{"name":"wp","href":"https:\/\/api.w.org\/{rel}","templated":true}]}}