{"id":4091,"date":"2025-05-14T11:40:11","date_gmt":"2025-05-14T09:40:11","guid":{"rendered":"https:\/\/biocampus25.wordpress.com\/?page_id=519"},"modified":"2025-05-19T11:04:16","modified_gmt":"2025-05-19T09:04:16","slug":"culebrilla-de-cristal","status":"publish","type":"page","link":"https:\/\/webs.uab.cat\/bees\/culebrilla-de-cristal\/","title":{"rendered":"CULEBRILLA DE CRISTAL"},"content":{"rendered":"<div class=\"wp-block-image\">\n<figure class=\"aligncenter size-large\"><img loading=\"lazy\" decoding=\"async\" width=\"640\" height=\"360\" src=\"https:\/\/biocampus25.wordpress.com\/wp-content\/uploads\/2025\/04\/anguis-fragilis-male-edited.jpg\" alt=\"\" class=\"wp-image-522\" srcset=\"https:\/\/webs.uab.cat\/bees\/wp-content\/uploads\/sites\/329\/2025\/04\/anguis-fragilis-male-edited.jpg 640w, https:\/\/webs.uab.cat\/bees\/wp-content\/uploads\/sites\/329\/2025\/04\/anguis-fragilis-male-edited-300x169.jpg 300w\" sizes=\"auto, (max-width: 640px) 100vw, 640px\" \/><\/figure>\n<\/div>\n\n\n<div style=\"height:10px\" aria-hidden=\"true\" class=\"wp-block-spacer\"><\/div>\n\n\n\n<div class=\"wp-block-columns is-layout-flex wp-container-core-columns-is-layout-9d6595d7 wp-block-columns-is-layout-flex\">\n<div class=\"wp-block-column is-layout-flow wp-block-column-is-layout-flow\">\n<figure class=\"wp-block-table has-alegreya-font-family has-small-font-size\"><table><tbody><tr><td class=\"has-text-align-center\" data-align=\"center\"><strong>Reino<\/strong><\/td><td class=\"has-text-align-center\" data-align=\"center\">Animalia<\/td><\/tr><tr><td class=\"has-text-align-center\" data-align=\"center\"><strong>Filo<\/strong><\/td><td class=\"has-text-align-center\" data-align=\"center\">Chordata<\/td><\/tr><tr><td class=\"has-text-align-center\" data-align=\"center\"><strong>Subfilo<\/strong><\/td><td class=\"has-text-align-center\" data-align=\"center\"><a href=\"https:\/\/webs.uab.cat\/bees\/vertebrados\/\" data-type=\"page\" data-id=\"43\">Vertebrata<\/a><\/td><\/tr><tr><td class=\"has-text-align-center\" data-align=\"center\"><strong>Clase<\/strong><\/td><td class=\"has-text-align-center\" data-align=\"center\"><a href=\"https:\/\/webs.uab.cat\/bees\/reptiles\/\" data-type=\"page\" data-id=\"727\">Reptilia<\/a><\/td><\/tr><tr><td class=\"has-text-align-center\" data-align=\"center\"><strong>Orden<\/strong><\/td><td class=\"has-text-align-center\" data-align=\"center\">Squamata<\/td><\/tr><tr><td class=\"has-text-align-center\" data-align=\"center\"><strong>Suborden<\/strong><\/td><td class=\"has-text-align-center\" data-align=\"center\">Sauria<\/td><\/tr><tr><td class=\"has-text-align-center\" data-align=\"center\"><strong>Familia<\/strong><\/td><td class=\"has-text-align-center\" data-align=\"center\">Anguidae<\/td><\/tr><tr><td class=\"has-text-align-center\" data-align=\"center\"><strong>Subfamilia<\/strong><\/td><td class=\"has-text-align-center\" data-align=\"center\">Anguinae<\/td><\/tr><tr><td class=\"has-text-align-center\" data-align=\"center\"><strong>G\u00e9nero<\/strong><\/td><td class=\"has-text-align-center\" data-align=\"center\">Anguis<\/td><\/tr><tr><td class=\"has-text-align-center\" data-align=\"center\"><strong>Especie<\/strong><\/td><td class=\"has-text-align-center\" data-align=\"center\">A. fragilis<\/td><\/tr><\/tbody><\/table><\/figure>\n<\/div>\n\n\n\n<div class=\"wp-block-column is-layout-flow wp-block-column-is-layout-flow\">\n<div class=\"wp-block-group is-vertical is-layout-flex wp-container-core-group-is-layout-769d0143 wp-block-group-is-layout-flex\">\n<p><strong>DESCRIPCI\u00d3N:<\/strong><\/p>\n\n\n\n<p class=\"has-text-align-justify has-alegreya-font-family has-small-font-size\">La culebrilla de cristal es una lagartija que ha perdido las patas, por lo que tiene una forma muy parecida a la de una serpiente. Es por eso por lo que cuesta distinguir su tronco con la cola. Su tama\u00f1o varia entre los 11 y 19 cent\u00edmetros, mientras que su cola puede llegar a ser 1,3 veces la longitud de su cuerpo.<\/p>\n\n\n\n<p class=\"has-text-align-justify has-alegreya-font-family has-small-font-size\">Sus escamas son lisas, brillantes y se encuentran ordenadas en unas 24-36 filas a lo largo de su cuerpo. Debajo de estas podemos encontrar osteodermos (placas \u00f3seas que ofrecen cierta resistencia y protecci\u00f3n a la piel. Su piel es gris\u00e1cea o parda, mostrando mayor homogeneidad en machos.<\/p>\n\n\n\n<p class=\"has-text-align-justify has-alegreya-font-family has-small-font-size\">Su cabeza es de reducido tama\u00f1o y el cuello es pr\u00e1cticamente irreconocible. En esta regi\u00f3n se pueden distinguir unos ojos provistos de p\u00e1rpados m\u00f3viles, caracter\u00edstica que nos permite diferenciarlos de las serpientes.<\/p>\n<\/div>\n<\/div>\n<\/div>\n\n\n\n<div style=\"height:10px\" aria-hidden=\"true\" class=\"wp-block-spacer\"><\/div>\n\n\n\n<div class=\"wp-block-group is-vertical is-layout-flex wp-container-core-group-is-layout-769d0143 wp-block-group-is-layout-flex\">\n<p><strong>DIETA:<\/strong><\/p>\n\n\n\n<p class=\"has-text-align-justify has-alegreya-font-family has-small-font-size\">Su dieta suele estar basada en la ingesta de larvas de insectos, gaster\u00f3podos y oligoquetos. Adem\u00e1s, se le ha podido ver en repetidas ocasiones comerse otros reptiles o incluso otros miembros de la misma especie.<\/p>\n<\/div>\n\n\n\n<div style=\"height:10px\" aria-hidden=\"true\" class=\"wp-block-spacer\"><\/div>\n\n\n\n<div class=\"wp-block-group is-vertical is-layout-flex wp-container-core-group-is-layout-769d0143 wp-block-group-is-layout-flex\">\n<p><strong>ESTRUCTURA SOCIAL Y COMPORTAMIENTO:<\/strong><\/p>\n\n\n\n<p class=\"has-text-align-justify has-alegreya-font-family has-small-font-size\">Esta especie est\u00e1 formada por individuos especialmente solitarios, que pueden llegar a ser bastante agresivos entre s\u00ed por la obtenci\u00f3n de la hembra. Solamente se comportan de forma sociable cuando es el periodo de hibernaci\u00f3n.<\/p>\n\n\n\n<p class=\"has-text-align-justify has-alegreya-font-family has-small-font-size\">Principalmente se encuentra activo en horario nocturno o crepuscular, sobre todo entre febrero y noviembre.<\/p>\n\n\n\n<p class=\"has-text-align-justify has-alegreya-font-family has-small-font-size\">Su periodo reproductivo se produce entre abril y mayo. Su copula presenta una caracter\u00edstica diferente a la de otros grupos, que el macho muerde detr\u00e1s de la cabeza a la hembra. Despu\u00e9s de este proceso, genera unos 6-24 huevos que se desarrollan dentro de la hembra y salen a los 5-6 meses de gestaci\u00f3n.<\/p>\n<\/div>\n\n\n<div class=\"wp-block-image\">\n<figure class=\"aligncenter size-large\"><img loading=\"lazy\" decoding=\"async\" width=\"950\" height=\"81\" src=\"https:\/\/biocampus25.wordpress.com\/wp-content\/uploads\/2025\/04\/captura-de-pantalla-2025-04-15-180244.png?w=950\" alt=\"\" class=\"wp-image-548\" srcset=\"https:\/\/webs.uab.cat\/bees\/wp-content\/uploads\/sites\/329\/2025\/04\/captura-de-pantalla-2025-04-15-180244.png 950w, https:\/\/webs.uab.cat\/bees\/wp-content\/uploads\/sites\/329\/2025\/04\/captura-de-pantalla-2025-04-15-180244-300x26.png 300w, https:\/\/webs.uab.cat\/bees\/wp-content\/uploads\/sites\/329\/2025\/04\/captura-de-pantalla-2025-04-15-180244-768x65.png 768w\" sizes=\"auto, (max-width: 950px) 100vw, 950px\" \/><\/figure>\n<\/div>\n\n\n<div style=\"height:10px\" aria-hidden=\"true\" class=\"wp-block-spacer\"><\/div>\n\n\n\n<div class=\"wp-block-group is-vertical is-layout-flex wp-container-core-group-is-layout-769d0143 wp-block-group-is-layout-flex\">\n<p><strong>HABITAT Y ZONA DE DISTRIBUCI\u00d3N:<\/strong><\/p>\n\n\n\n<p class=\"has-text-align-justify has-alegreya-font-family has-small-font-size\">Este reptil se encuentra ampliamente distribuido por Europa, Turqu\u00eda, Iran y al oeste de Siberia.<\/p>\n\n\n\n<p class=\"has-text-align-justify has-alegreya-font-family has-small-font-size\">En estas regiones suelen habitar lugares h\u00famedos, sombr\u00edos y con vegetaci\u00f3n abundante y baja (mucha hojarasca, musgo y l\u00edquenes). Muchas veces se refugian bajo piedras, troncos o en las galer\u00edas creadas por micromam\u00edferos.<\/p>\n<\/div>\n\n\n\n<div class=\"wp-block-group is-vertical is-layout-flex wp-container-core-group-is-layout-769d0143 wp-block-group-is-layout-flex\">\n<figure class=\"wp-block-image size-large is-resized\"><img decoding=\"async\" src=\"https:\/\/biocampus25.wordpress.com\/wp-content\/uploads\/2025\/04\/captura-de-pantalla-2025-04-15-173411.png?w=511\" alt=\"\" class=\"wp-image-530\" style=\"width:620px;height:auto\" \/><\/figure>\n\n\n\n<p class=\"has-text-align-justify has-small-font-size\">Mapa de distribuci\u00f3n de Anguis fragilis. Imagen obtenida de Gbif en: <a href=\"https:\/\/www.gbif.org\/es\/species\/2468095\">https:\/\/www.gbif.org\/es\/species\/2468095<\/a><\/p>\n<\/div>\n\n\n\n<div style=\"height:10px\" aria-hidden=\"true\" class=\"wp-block-spacer\"><\/div>\n\n\n\n<div class=\"wp-block-group is-vertical is-layout-flex wp-container-core-group-is-layout-769d0143 wp-block-group-is-layout-flex\">\n<p><strong>ESTADO DE CONSERVACI\u00d3N:<\/strong><\/p>\n\n\n\n<p class=\"has-text-align-justify has-alegreya-font-family has-small-font-size\">Seg\u00fan los datos obtenidos de la IUCN, esta especie se encuentra en estado de preocupaci\u00f3n menor.<\/p>\n<\/div>\n\n\n<div class=\"wp-block-image\">\n<figure class=\"aligncenter size-large\"><img decoding=\"async\" src=\"https:\/\/biocampus25.wordpress.com\/wp-content\/uploads\/2025\/04\/captura_de_pantalla_2025-03-27_213157-removebg-preview-15.png?w=797\" alt=\"\" class=\"wp-image-532\" \/><\/figure>\n<\/div>\n\n\n<div style=\"height:30px\" aria-hidden=\"true\" class=\"wp-block-spacer\"><\/div>\n\n\n\n<p><strong>REFERENCIAS:<\/strong><\/p>\n\n\n\n<p class=\"has-text-align-justify has-small-font-size\"><em>Culebrilla de cristal (Anguis fragilis)<\/em>. (n.d.). iNaturalist Ecuador. Retrieved February 10, 2025, from <a href=\"https:\/\/ecuador.inaturalist.org\/taxa\/343021-Anguis-fragilis\">https:\/\/ecuador.inaturalist.org\/taxa\/343021-Anguis-fragilis<\/a><\/p>\n\n\n\n<p class=\"has-text-align-justify has-small-font-size\">Valderrey, J. L. M. (2009, February 1).&nbsp;<em>Anguis fragilis Linnaeus, 1758<\/em>. Naturaleza y turismo. <a href=\"https:\/\/www.asturnatura.com\/especie\/anguis-fragilis\">https:\/\/www.asturnatura.com\/especie\/anguis-fragilis<\/a><\/p>\n\n\n\n<p class=\"has-text-align-justify has-small-font-size\">Gal\u00e1n, P., Salvador, A. (2015). Luci\u00f3n \u2013&nbsp;<em>Anguis fragilis<\/em>. En:&nbsp;<em>Enciclopedia Virtual de los Vertebrados Espa\u00f1oles<\/em>. Salvador, A., Marco, A. (Eds.). Museo Nacional de Ciencias Naturales, Madrid. <a href=\"http:\/\/www.vertebradosibericos.org\/\">http:\/\/www.vertebradosibericos.org\/<\/a><\/p>\n\n\n\n<p class=\"has-text-align-justify has-small-font-size\"><em>Aig\u00fcestortes i Estany de Sant Maurici<\/em>. (n.d.). Ministerio para la Transici\u00f3n Ecol\u00f3gica y el Reto Demogr\u00e1fico. Retrieved April 15, 2025, from <a href=\"https:\/\/www.miteco.gob.es\/eu\/parques-nacionales-oapn\/red-parques-nacionales\/parques-nacionales\/aiguestortes\/visita-virtual\/fauna\/lucion-vidriol.html\">https:\/\/www.miteco.gob.es\/eu\/parques-nacionales-oapn\/red-parques-nacionales\/parques-nacionales\/aiguestortes\/visita-virtual\/fauna\/lucion-vidriol.html<\/a><\/p>\n\n\n\n<p class=\"has-text-align-justify has-small-font-size\">Philip Bowles (IUCN SSC\/CI Biodiversity Assessment Unit). (2023). IUCN Red List of Threatened Species: Anguis fragilis.&nbsp;<em>IUCN Red List of Threatened Species<\/em>.&nbsp;&nbsp;&nbsp;&nbsp;&nbsp;&nbsp;&nbsp;&nbsp; <a href=\"https:\/\/www.iucnredlist.org\/species\/47113126\/204902180\">https:\/\/www.iucnredlist.org\/species\/47113126\/204902180<\/a><\/p>\n","protected":false},"excerpt":{"rendered":"<p>Reino Animalia Filo Chordata Subfilo Vertebrata Clase Reptilia Orden Squamata Suborden Sauria Familia Anguidae Subfamilia Anguinae G\u00e9nero Anguis Especie A. fragilis DESCRIPCI\u00d3N: La culebrilla de cristal es una lagartija que ha perdido las patas, por lo que tiene una forma muy parecida a la de una serpiente. Es por eso por lo que cuesta distinguir [&hellip;]<\/p>\n","protected":false},"author":2556,"featured_media":0,"parent":0,"menu_order":0,"comment_status":"closed","ping_status":"closed","template":"","meta":{"footnotes":""},"class_list":["post-4091","page","type-page","status-publish","hentry"],"_links":{"self":[{"href":"https:\/\/webs.uab.cat\/bees\/wp-json\/wp\/v2\/pages\/4091","targetHints":{"allow":["GET"]}}],"collection":[{"href":"https:\/\/webs.uab.cat\/bees\/wp-json\/wp\/v2\/pages"}],"about":[{"href":"https:\/\/webs.uab.cat\/bees\/wp-json\/wp\/v2\/types\/page"}],"author":[{"embeddable":true,"href":"https:\/\/webs.uab.cat\/bees\/wp-json\/wp\/v2\/users\/2556"}],"replies":[{"embeddable":true,"href":"https:\/\/webs.uab.cat\/bees\/wp-json\/wp\/v2\/comments?post=4091"}],"version-history":[{"count":1,"href":"https:\/\/webs.uab.cat\/bees\/wp-json\/wp\/v2\/pages\/4091\/revisions"}],"predecessor-version":[{"id":4176,"href":"https:\/\/webs.uab.cat\/bees\/wp-json\/wp\/v2\/pages\/4091\/revisions\/4176"}],"wp:attachment":[{"href":"https:\/\/webs.uab.cat\/bees\/wp-json\/wp\/v2\/media?parent=4091"}],"curies":[{"name":"wp","href":"https:\/\/api.w.org\/{rel}","templated":true}]}}