{"id":4092,"date":"2025-05-14T11:40:12","date_gmt":"2025-05-14T09:40:12","guid":{"rendered":"https:\/\/biocampus25.wordpress.com\/?page_id=936"},"modified":"2025-05-19T11:11:48","modified_gmt":"2025-05-19T09:11:48","slug":"diptera","status":"publish","type":"page","link":"https:\/\/webs.uab.cat\/bees\/diptera\/","title":{"rendered":"Diptera"},"content":{"rendered":"\n<div class=\"wp-block-group is-vertical is-layout-flex wp-container-core-group-is-layout-3e0ae1ae wp-block-group-is-layout-flex\">\n<p><strong>Descripci\u00f3n:<\/strong><\/p>\n\n\n\n<p class=\"has-text-align-justify\">Este orden incluye cerca de 160.000 especies de invertebrados, que se agrupan en 2 infra\u00f3rdenes: los nemat\u00f3ceros, como los mosquitos, caracterizados por tener antenas y cuerpo alargados; y los braqu\u00edceros, como las moscas, que poseen un cuerpo redondeado y antenas cortas.<\/p>\n\n\n\n<p class=\"has-text-align-justify\">El nombre de este orden proviene del hecho de que solo tienen un par de alas funcionales, mientras que las posteriores han perdido su funci\u00f3n. Estas estructuras globulares se llaman halterios, y han adquirido la funci\u00f3n de facilitar el equilibrio y la movilidad en el aire. Gracias a esto, pueden esquivar ataques dirigidos hacia ellos y volar a gran velocidad.<\/p>\n\n\n\n<p class=\"has-text-align-justify\">En la zona de la cabeza se encuentra un aparato bucal, conocido como prob\u00f3scide, generalmente adaptado a la succi\u00f3n, aunque tambi\u00e9n podr\u00eda presentar una mand\u00edbula especializada para la masticaci\u00f3n. En esta regi\u00f3n tambi\u00e9n hay un par de ojos compuestos y un n\u00famero variable de ocelos (ojos simples que normalmente solo detectan la presencia de luz).<\/p>\n\n\n\n<p class=\"has-text-align-justify\">El abdomen est\u00e1 formado por once segmentos, aunque algunos de ellos pueden estar fusionados. Cada segmento presenta dos placas: una dorsal llamada tergito y otra ventral conocida como esternito.<\/p>\n\n\n\n<p class=\"has-text-align-justify\">En cuanto a la reproducci\u00f3n, pueden poner una cantidad muy variable de huevos (desde 6-8 hasta miles en una sola puesta). De estos huevos eclosionan larvas, que pueden tener dietas muy diversas o ser par\u00e1sitas de otros artr\u00f3podos. Adem\u00e1s, las larvas de los nemat\u00f3ceros se pueden distinguir de las de los braqu\u00edceros por la presencia de patas falsas y una cabeza diferenciada.<\/p>\n\n\n\n<p class=\"has-text-align-justify\">Tras un tiempo, la larva pasa al estado de pupa. Esta fase puede ser de dos tipos:<\/p>\n\n\n\n<div class=\"wp-block-group has-alegreya-font-family has-small-font-size is-vertical is-layout-flex wp-container-core-group-is-layout-8cf370e7 wp-block-group-is-layout-flex\">\n<ul class=\"wp-block-list\">\n<li><strong>Obtecta<\/strong>: presenta todos (o casi todos) los ap\u00e9ndices de la fase adulta. Adem\u00e1s, tiene una cubierta externa con espinas y cuenta con \u00f3rganos respiratorios y remos locomotores.<\/li>\n\n\n\n<li><strong>Coartada<\/strong>: los ap\u00e9ndices no son visibles, y la superficie externa, llamada pupario, es lisa y sirve para proteger a la verdadera pupa que se encuentra en su interior.<\/li>\n<\/ul>\n\n\n\n<p class=\"has-text-align-justify\">Finalmente, cabe mencionar que el individuo adulto vive poco tiempo, y su funci\u00f3n principal es la reproducci\u00f3n, que es de tipo interna.<\/p>\n<\/div>\n<\/div>\n\n\n\n<div style=\"height:20px\" aria-hidden=\"true\" class=\"wp-block-spacer\"><\/div>\n\n\n\n<div class=\"wp-block-group is-vertical is-layout-flex wp-container-core-group-is-layout-769d0143 wp-block-group-is-layout-flex\">\n<p><strong>Clave dicot\u00f3mica:<\/strong><\/p>\n\n\n\n<div class=\"wp-block-columns is-layout-flex wp-container-core-columns-is-layout-9d6595d7 wp-block-columns-is-layout-flex\">\n<div class=\"wp-block-column is-layout-flow wp-block-column-is-layout-flow\" style=\"flex-basis:66.66%\">\n<div class=\"wp-block-group has-small-font-size is-vertical is-layout-flex wp-container-core-group-is-layout-769d0143 wp-block-group-is-layout-flex\">\n<p class=\"has-text-align-justify has-small-font-size\"><strong>1a.<\/strong> La antena presenta 6 o m\u00e1s segmentos y las patas no son tan largas &#8212;&#8212;&#8212;&#8212;&#8211;&gt; <strong><a href=\"https:\/\/webs.uab.cat\/bees\/culicidae\/\" data-type=\"page\" data-id=\"4093\">Culicidae<\/a><\/strong><\/p>\n\n\n\n<p class=\"has-text-align-justify has-small-font-size\"><strong>1b.<\/strong> La antena tiene 5 segmentos o menos y las patas son robustas &#8212;&#8212;&#8212;&#8212;&#8212;&#8212;&#8212;&#8212;&#8211;&gt; 2<\/p>\n<\/div>\n\n\n\n<div style=\"height:10px\" aria-hidden=\"true\" class=\"wp-block-spacer\"><\/div>\n\n\n\n<div class=\"wp-block-group is-vertical is-layout-flex wp-container-core-group-is-layout-769d0143 wp-block-group-is-layout-flex\">\n<p class=\"has-text-align-justify has-small-font-size\"><strong>2a.<\/strong> Se parecen bastante a las avispas, entre otras cosas por no tener casi pelo &#8211;&gt; <strong><a href=\"https:\/\/webs.uab.cat\/bees\/syrphidae\/\" data-type=\"page\" data-id=\"4114\">Syrphidae<\/a><\/strong><\/p>\n\n\n\n<p class=\"has-text-align-justify has-small-font-size\"><strong>2b. <\/strong>No se parecen a las avispas &#8212;&#8212;&#8212;&#8212;&#8211;&gt; 3<\/p>\n<\/div>\n\n\n\n<div style=\"height:65px\" aria-hidden=\"true\" class=\"wp-block-spacer\"><\/div>\n\n\n\n<div class=\"wp-block-group is-vertical is-layout-flex wp-container-core-group-is-layout-769d0143 wp-block-group-is-layout-flex\">\n<p class=\"has-text-align-justify has-small-font-size\"><strong>3a.<\/strong> Presenta una cut\u00edcula con un cierto brillo met\u00e1lico &#8212;&#8212;&#8212;&#8212;&#8212;&#8212;&#8212;&#8212;-&gt; <strong><a href=\"https:\/\/webs.uab.cat\/bees\/calliphoridae\/\" data-type=\"page\" data-id=\"4090\">Calliphoridae<\/a><\/strong><\/p>\n\n\n\n<p class=\"has-text-align-justify has-small-font-size\"><strong>3b.<\/strong> Suele tener coloraci\u00f3n oscura &#8212;&gt; <strong><a href=\"https:\/\/webs.uab.cat\/bees\/muscidae\/\" data-type=\"page\" data-id=\"1029\">Muscidae<\/a><\/strong><\/p>\n<\/div>\n<\/div>\n\n\n\n<div class=\"wp-block-column is-layout-flow wp-block-column-is-layout-flow\" style=\"flex-basis:33.33%\">\n<div style=\"height:69px\" aria-hidden=\"true\" class=\"wp-block-spacer\"><\/div>\n\n\n\n<div class=\"wp-block-group is-vertical is-layout-flex wp-container-core-group-is-layout-769d0143 wp-block-group-is-layout-flex\">\n<figure class=\"wp-block-image size-large is-resized\"><img decoding=\"async\" src=\"https:\/\/biocampus25.wordpress.com\/wp-content\/uploads\/2025\/04\/syrphidae_bel-edited.jpg\" alt=\"\" class=\"wp-image-945\" style=\"width:221px;height:auto\" \/><figcaption class=\"wp-element-caption\"><a href=\"https:\/\/webs.uab.cat\/bees\/syrphidae\/\" data-type=\"page\" data-id=\"4114\">Syrphidae<\/a><\/figcaption><\/figure>\n<\/div>\n\n\n\n<div class=\"wp-block-group is-vertical is-layout-flex wp-container-core-group-is-layout-769d0143 wp-block-group-is-layout-flex\">\n<figure class=\"wp-block-image size-large\"><img decoding=\"async\" src=\"https:\/\/biocampus25.wordpress.com\/wp-content\/uploads\/2025\/04\/blowfly2.jpg?w=640\" alt=\"\" class=\"wp-image-947\" \/><figcaption class=\"wp-element-caption\"><a href=\"https:\/\/webs.uab.cat\/bees\/calliphoridae\/\" data-type=\"page\" data-id=\"4090\">Calliphoridae<\/a><\/figcaption><\/figure>\n<\/div>\n<\/div>\n<\/div>\n<\/div>\n\n\n\n<div style=\"height:10px\" aria-hidden=\"true\" class=\"wp-block-spacer\"><\/div>\n\n\n\n<p><strong>Bibliografia:<\/strong><\/p>\n\n\n\n<p class=\"has-text-align-justify has-small-font-size\">Rothschuh, U. (2022, June 16). D\u00edpteros: definici\u00f3n, caracter\u00edsticas y tipos.&nbsp;<em>ecologiaverde.com<\/em>. <a href=\"https:\/\/www.ecologiaverde.com\/dipteros-definicion-caracteristicas-y-tipos-3946.html\">https:\/\/www.ecologiaverde.com\/dipteros-definicion-caracteristicas-y-tipos-3946.html<\/a><\/p>\n\n\n\n<p class=\"has-text-align-justify has-small-font-size\"><em>Orden Diptera &#8211; Insectarium Virtual del Parc Natural del Penyal d\u2019Ifac &#8211; Generalitat Valenciana<\/em>. (n.d.). Insectarium Virtual del Parc Natural del Penyal d\u2019Ifac. Retrieved January 2, 2025, from <a href=\"https:\/\/parquesnaturales.gva.es\/es\/web\/insectarium-virtual-del-parc-natural-del-penyal-d-ifac\/orden-diptera\">https:\/\/parquesnaturales.gva.es\/es\/web\/insectarium-virtual-del-parc-natural-del-penyal-d-ifac\/orden-diptera<\/a><\/p>\n\n\n\n<p class=\"has-text-align-justify has-small-font-size\"><em>Moscas y mosquitos (Orden Diptera)<\/em>. (n.d.). iNaturalist Mexico. Retrieved January 2, 2025, from <a href=\"https:\/\/mexico.inaturalist.org\/taxa\/47822-Diptera\">https:\/\/mexico.inaturalist.org\/taxa\/47822-Diptera<\/a><\/p>\n","protected":false},"excerpt":{"rendered":"<p>Descripci\u00f3n: Este orden incluye cerca de 160.000 especies de invertebrados, que se agrupan en 2 infra\u00f3rdenes: los nemat\u00f3ceros, como los mosquitos, caracterizados por tener antenas y cuerpo alargados; y los braqu\u00edceros, como las moscas, que poseen un cuerpo redondeado y antenas cortas. El nombre de este orden proviene del hecho de que solo tienen un [&hellip;]<\/p>\n","protected":false},"author":2556,"featured_media":0,"parent":0,"menu_order":0,"comment_status":"closed","ping_status":"closed","template":"","meta":{"footnotes":""},"class_list":["post-4092","page","type-page","status-publish","hentry"],"_links":{"self":[{"href":"https:\/\/webs.uab.cat\/bees\/wp-json\/wp\/v2\/pages\/4092","targetHints":{"allow":["GET"]}}],"collection":[{"href":"https:\/\/webs.uab.cat\/bees\/wp-json\/wp\/v2\/pages"}],"about":[{"href":"https:\/\/webs.uab.cat\/bees\/wp-json\/wp\/v2\/types\/page"}],"author":[{"embeddable":true,"href":"https:\/\/webs.uab.cat\/bees\/wp-json\/wp\/v2\/users\/2556"}],"replies":[{"embeddable":true,"href":"https:\/\/webs.uab.cat\/bees\/wp-json\/wp\/v2\/comments?post=4092"}],"version-history":[{"count":2,"href":"https:\/\/webs.uab.cat\/bees\/wp-json\/wp\/v2\/pages\/4092\/revisions"}],"predecessor-version":[{"id":4182,"href":"https:\/\/webs.uab.cat\/bees\/wp-json\/wp\/v2\/pages\/4092\/revisions\/4182"}],"wp:attachment":[{"href":"https:\/\/webs.uab.cat\/bees\/wp-json\/wp\/v2\/media?parent=4092"}],"curies":[{"name":"wp","href":"https:\/\/api.w.org\/{rel}","templated":true}]}}