{"id":4093,"date":"2025-05-14T11:40:11","date_gmt":"2025-05-14T09:40:11","guid":{"rendered":"https:\/\/biocampus25.wordpress.com\/?page_id=951"},"modified":"2025-05-19T11:04:48","modified_gmt":"2025-05-19T09:04:48","slug":"culicidae","status":"publish","type":"page","link":"https:\/\/webs.uab.cat\/bees\/culicidae\/","title":{"rendered":"Culicidae"},"content":{"rendered":"\n<div class=\"wp-block-group is-vertical is-layout-flex wp-container-core-group-is-layout-3e0ae1ae wp-block-group-is-layout-flex\">\n<p><strong>Descripci\u00f3n:<\/strong><\/p>\n\n\n\n<p class=\"has-text-align-justify has-alegreya-font-family has-small-font-size\">Este grupo, que forma parte del infraorden de los nemat\u00f3ceros, se caracteriza por el hecho de que las hembras son hemat\u00f3fagas, es decir, se alimentan de la sangre de mam\u00edferos. Por otro lado, los machos consumen n\u00e9ctar, savia y jugos de frutas.<\/p>\n\n\n\n<p class=\"has-text-align-justify has-alegreya-font-family has-small-font-size\">Esta dieta basada en sangre es fundamental para el ciclo vital de los mosquitos, ya que, una vez ingieren este alimento, comienza el proceso de maduraci\u00f3n de sus g\u00f3nadas o del embri\u00f3n. Si no logran consumir suficiente alimento, el embri\u00f3n entra en diapausa, lo que significa que deja de crecer durante un tiempo determinado.<\/p>\n\n\n\n<p class=\"has-text-align-justify has-alegreya-font-family has-small-font-size\">Esta familia, al igual que el resto de los d\u00edpteros, tiene un ciclo vital que consta de 4 fases. Cada estadio vital dura aproximadamente entre cinco y catorce d\u00edas, aunque este tiempo puede verse afectado por condiciones clim\u00e1ticas y ambientales adversas.<\/p>\n\n\n\n<p class=\"has-text-align-justify has-alegreya-font-family has-small-font-size\">Las hembras depositan los huevos en masas de agua estancada, ya sea libre o sobre plantas. De los huevos nace una larva sin patas, pero equipada con un cepillo bucal que le sirve tanto para captar alimento como para desplazarse. Estas larvas respiran a trav\u00e9s de un espir\u00e1culo ubicado en el octavo segmento abdominal.<\/p>\n\n\n\n<p class=\"has-text-align-justify has-alegreya-font-family has-small-font-size\">Cuando la larva se transforma en pupa, el t\u00f3rax y el abdomen se fusionan en una estructura llamada cefalot\u00f3rax. Otra caracter\u00edstica importante es la ausencia del cepillo bucal, lo que significa que en esta fase no se alimentan. Durante este periodo, simplemente ascienden y descienden en la columna de agua para respirar. Finalmente, tras unos d\u00edas, la superficie dorsal de la pupa se rompe y emerge el mosquito adulto.<\/p>\n\n\n\n<p class=\"has-text-align-justify has-alegreya-font-family has-small-font-size\">La \u00fanica especie conocida de esta familia es &#8220;<em><a href=\"https:\/\/webs.uab.cat\/bees\/mosquito-tigre\/\" data-type=\"page\" data-id=\"4102\">Aedes albopictus<\/a><\/em>&#8220;, que sirve como referencia para describir este grupo.<\/p>\n<\/div>\n\n\n\n<div style=\"height:30px\" aria-hidden=\"true\" class=\"wp-block-spacer\"><\/div>\n\n\n\n<p><strong>Bibliografia:<\/strong><\/p>\n\n\n\n<p class=\"has-text-align-justify has-small-font-size\">Wikipedia contributors. (n.d.-d).&nbsp;<em>Culicidae<\/em>. Wikipedia, The Free Encyclopedia. <a href=\"https:\/\/es.wikipedia.org\/w\/index.php?title=Culicidae&amp;oldid=166314867\">https:\/\/es.wikipedia.org\/w\/index.php?title=Culicidae&amp;oldid=166314867<\/a><\/p>\n","protected":false},"excerpt":{"rendered":"<p>Descripci\u00f3n: Este grupo, que forma parte del infraorden de los nemat\u00f3ceros, se caracteriza por el hecho de que las hembras son hemat\u00f3fagas, es decir, se alimentan de la sangre de mam\u00edferos. Por otro lado, los machos consumen n\u00e9ctar, savia y jugos de frutas. Esta dieta basada en sangre es fundamental para el ciclo vital de [&hellip;]<\/p>\n","protected":false},"author":2556,"featured_media":0,"parent":0,"menu_order":0,"comment_status":"closed","ping_status":"closed","template":"","meta":{"footnotes":""},"class_list":["post-4093","page","type-page","status-publish","hentry"],"_links":{"self":[{"href":"https:\/\/webs.uab.cat\/bees\/wp-json\/wp\/v2\/pages\/4093","targetHints":{"allow":["GET"]}}],"collection":[{"href":"https:\/\/webs.uab.cat\/bees\/wp-json\/wp\/v2\/pages"}],"about":[{"href":"https:\/\/webs.uab.cat\/bees\/wp-json\/wp\/v2\/types\/page"}],"author":[{"embeddable":true,"href":"https:\/\/webs.uab.cat\/bees\/wp-json\/wp\/v2\/users\/2556"}],"replies":[{"embeddable":true,"href":"https:\/\/webs.uab.cat\/bees\/wp-json\/wp\/v2\/comments?post=4093"}],"version-history":[{"count":1,"href":"https:\/\/webs.uab.cat\/bees\/wp-json\/wp\/v2\/pages\/4093\/revisions"}],"predecessor-version":[{"id":4177,"href":"https:\/\/webs.uab.cat\/bees\/wp-json\/wp\/v2\/pages\/4093\/revisions\/4177"}],"wp:attachment":[{"href":"https:\/\/webs.uab.cat\/bees\/wp-json\/wp\/v2\/media?parent=4093"}],"curies":[{"name":"wp","href":"https:\/\/api.w.org\/{rel}","templated":true}]}}