{"id":4094,"date":"2025-05-14T11:41:08","date_gmt":"2025-05-14T09:41:08","guid":{"rendered":"https:\/\/biocampus25.wordpress.com\/?page_id=501"},"modified":"2025-05-19T11:47:27","modified_gmt":"2025-05-19T09:47:27","slug":"herrerillo-comun","status":"publish","type":"page","link":"https:\/\/webs.uab.cat\/bees\/herrerillo-comun\/","title":{"rendered":"HERRERILLO COM\u00daN"},"content":{"rendered":"<div class=\"wp-block-image\">\n<figure class=\"aligncenter size-large\"><img decoding=\"async\" src=\"https:\/\/biocampus25.wordpress.com\/wp-content\/uploads\/2025\/04\/640px-cyanistes_caeruleus_oulu_20120303-edited.jpg\" alt=\"\" class=\"wp-image-503\" \/><\/figure>\n<\/div>\n\n\n<div style=\"height:10px\" aria-hidden=\"true\" class=\"wp-block-spacer\"><\/div>\n\n\n\n<div class=\"wp-block-columns is-layout-flex wp-container-core-columns-is-layout-9d6595d7 wp-block-columns-is-layout-flex\">\n<div class=\"wp-block-column is-layout-flow wp-block-column-is-layout-flow\">\n<figure class=\"wp-block-table has-alegreya-font-family has-small-font-size\"><table><tbody><tr><td class=\"has-text-align-center\" data-align=\"center\"><strong>Reino<\/strong><\/td><td class=\"has-text-align-center\" data-align=\"center\">Animalia<\/td><\/tr><tr><td class=\"has-text-align-center\" data-align=\"center\"><strong>Filo<\/strong><\/td><td class=\"has-text-align-center\" data-align=\"center\">Chordata<\/td><\/tr><tr><td class=\"has-text-align-center\" data-align=\"center\"><strong>Subfilo<\/strong><\/td><td class=\"has-text-align-center\" data-align=\"center\"><a href=\"https:\/\/webs.uab.cat\/bees\/vertebrados\/\" data-type=\"page\" data-id=\"43\">Vertebrata<\/a><\/td><\/tr><tr><td class=\"has-text-align-center\" data-align=\"center\"><strong>Clase<\/strong><\/td><td class=\"has-text-align-center\" data-align=\"center\"><a href=\"https:\/\/webs.uab.cat\/bees\/aves\/\" data-type=\"page\" data-id=\"4085\">Aves<\/a><\/td><\/tr><tr><td class=\"has-text-align-center\" data-align=\"center\"><strong>Orden<\/strong><\/td><td class=\"has-text-align-center\" data-align=\"center\"><a href=\"https:\/\/webs.uab.cat\/bees\/passeriforme\/\" data-type=\"page\" data-id=\"714\">Passeriformes<\/a><\/td><\/tr><tr><td class=\"has-text-align-center\" data-align=\"center\"><strong>Familia<\/strong><\/td><td class=\"has-text-align-center\" data-align=\"center\">Paridae<\/td><\/tr><tr><td class=\"has-text-align-center\" data-align=\"center\"><strong>G\u00e9nero<\/strong><\/td><td class=\"has-text-align-center\" data-align=\"center\">Cyanistes<\/td><\/tr><tr><td class=\"has-text-align-center\" data-align=\"center\"><strong>Especie<\/strong><\/td><td class=\"has-text-align-center\" data-align=\"center\">C. caeruleus<\/td><\/tr><\/tbody><\/table><\/figure>\n<\/div>\n\n\n\n<div class=\"wp-block-column is-layout-flow wp-block-column-is-layout-flow\">\n<div class=\"wp-block-group is-vertical is-layout-flex wp-container-core-group-is-layout-769d0143 wp-block-group-is-layout-flex\">\n<p><strong>DESCRIPCI\u00d3N:<\/strong><\/p>\n\n\n\n<p class=\"has-text-align-justify has-alegreya-font-family has-small-font-size\">El herrerillo com\u00fan es un ave de peque\u00f1o tama\u00f1o, que de forma habitual tiene una longitud de 11,5cm y una envergadura de 17-20cm. Esto hace que su peso sea de tan solo 10-12 gramos.<\/p>\n\n\n\n<p class=\"has-text-align-justify has-alegreya-font-family has-small-font-size\">Su plumaje es uno de los caracteres m\u00e1s destacables, puesto que, en la cola, las alas y la cabeza es azulado con peque\u00f1os tintes verdosos, mientras que la zona ventral es amarilla. Su cara es generalmente blanca, con peque\u00f1as manchas negras que llegan a la nuca.<\/p>\n\n\n\n<p class=\"has-text-align-justify has-alegreya-font-family has-small-font-size\">En cuanto al dimorfismo sexual, el macho suele presentar el p\u00edleo (parte superior de la cabeza) con tonos m\u00e1s vivos y la banda negra es m\u00e1s ancha que en la hembra.<\/p>\n\n\n\n<p class=\"has-text-align-justify has-alegreya-font-family has-small-font-size\">Su pico es de un tama\u00f1o muy reducido y ligeramente acabado en punta. Las patas son azuladas y cuentan con tres dedos hacia delante y uno hacia atr\u00e1s, lo que favorece el agarre a las ramas.<\/p>\n<\/div>\n<\/div>\n<\/div>\n\n\n\n<div style=\"height:10px\" aria-hidden=\"true\" class=\"wp-block-spacer\"><\/div>\n\n\n\n<div class=\"wp-block-group is-vertical is-layout-flex wp-container-core-group-is-layout-769d0143 wp-block-group-is-layout-flex\">\n<p><strong>DIETA:<\/strong><\/p>\n\n\n\n<p class=\"has-text-align-justify has-alegreya-font-family has-small-font-size\">Esta ave puede comer una gran cantidad de invertebrados, brotes, frutos y semillas, aunque lo que suelen preferir es la ingesta de insectos.<\/p>\n<\/div>\n\n\n\n<div style=\"height:10px\" aria-hidden=\"true\" class=\"wp-block-spacer\"><\/div>\n\n\n\n<div class=\"wp-block-group is-vertical is-layout-flex wp-container-core-group-is-layout-769d0143 wp-block-group-is-layout-flex\">\n<p><strong>ESTRUCTURA SOCIAL Y COMPORTAMIENTO:<\/strong><\/p>\n\n\n\n<p class=\"has-text-align-justify has-alegreya-font-family has-small-font-size\">Cuando est\u00e1n en \u00e9poca reproductiva suelen comportarse de forma solitaria y territorial, defendiendo activamente la zona alrededor del nido. Fuera de esta \u00e9poca, suelen formar bandadas en las que se pueden incluir individuos de otras especies de p\u00e1ridos.<\/p>\n\n\n\n<p class=\"has-text-align-justify has-alegreya-font-family has-small-font-size\">Su per\u00edodo reproductivo puede verse afectado por la disponibilidad de recursos, el clima y las condiciones del ambiente. Aun as\u00ed, suele ocurrir entre finales de diciembre y la primavera. Es en este momento en el que la hembra construye su nido (que est\u00e1 formado por hojas, musgo, pelos, pluma etc.) dentro de huecos de \u00e1rboles viejos o construcciones.<\/p>\n\n\n\n<p class=\"has-text-align-justify has-alegreya-font-family has-small-font-size\">Aqu\u00ed deposita sus 6-12 huevos que, tras 12-16 d\u00edas de incubaci\u00f3n, dar\u00e1n lugar a unos polluelos de tama\u00f1o muy reducido. Estos son alimentados y cuidados por ambos progenitores, hasta que cumplen las tres semanas de edad y empiezan a volar.<\/p>\n<\/div>\n\n\n<div class=\"wp-block-image\">\n<figure class=\"aligncenter size-large\"><img decoding=\"async\" src=\"https:\/\/biocampus25.wordpress.com\/wp-content\/uploads\/2025\/04\/captura-de-pantalla-2025-03-27-220716-10.png?w=1024\" alt=\"\" class=\"wp-image-510\" \/><\/figure>\n<\/div>\n\n\n<div style=\"height:10px\" aria-hidden=\"true\" class=\"wp-block-spacer\"><\/div>\n\n\n\n<div class=\"wp-block-group is-vertical is-layout-flex wp-container-core-group-is-layout-769d0143 wp-block-group-is-layout-flex\">\n<p><strong>HABITAT Y ZONA DE DISTRIBUCI\u00d3N:<\/strong><\/p>\n\n\n\n<p class=\"has-text-align-justify has-alegreya-font-family has-small-font-size\">Esta especie se extiende por todo el ancho de Europa y por la zona norte de \u00c1frica. Recientemente se ha empezado a discutir si la poblaci\u00f3n africana podr\u00eda estar considerada otra especie.<\/p>\n\n\n\n<p class=\"has-text-align-justify has-alegreya-font-family has-small-font-size\">Podemos encontrarlos preferentemente en grandes bosques abiertos, sobre todo si es un bosque caducifolio. Tambi\u00e9n pueden estar en parques, huertos y ca\u00f1averales.<\/p>\n<\/div>\n\n\n\n<div class=\"wp-block-group is-vertical is-layout-flex wp-container-core-group-is-layout-769d0143 wp-block-group-is-layout-flex\">\n<figure class=\"wp-block-image size-large\"><img decoding=\"async\" src=\"https:\/\/biocampus25.wordpress.com\/wp-content\/uploads\/2025\/04\/captura-de-pantalla-2025-04-14-230923.png?w=1024\" alt=\"\" class=\"wp-image-513\" \/><\/figure>\n\n\n\n<p class=\"has-text-align-justify has-small-font-size\">Mapa de distribuci\u00f3n de Cyanistes caeruleus. Imagen obtenida de Gbif en: <a href=\"https:\/\/www.gbif.org\/es\/species\/2487879\">https:\/\/www.gbif.org\/es\/species\/2487879<\/a><\/p>\n<\/div>\n\n\n\n<div style=\"height:10px\" aria-hidden=\"true\" class=\"wp-block-spacer\"><\/div>\n\n\n\n<div class=\"wp-block-group is-vertical is-layout-flex wp-container-core-group-is-layout-769d0143 wp-block-group-is-layout-flex\">\n<p><strong>ESTADO DE CONSERVACI\u00d3N:<\/strong><\/p>\n\n\n\n<p class=\"has-text-align-justify has-alegreya-font-family has-small-font-size\">La web de la IUCN nos indica que esta especie est\u00e1 en estado de preocupaci\u00f3n menor.<\/p>\n<\/div>\n\n\n<div class=\"wp-block-image\">\n<figure class=\"aligncenter size-large\"><img loading=\"lazy\" decoding=\"async\" width=\"797\" height=\"222\" src=\"https:\/\/biocampus25.wordpress.com\/wp-content\/uploads\/2025\/04\/captura_de_pantalla_2025-03-27_213157-removebg-preview-14.png?w=797\" alt=\"\" class=\"wp-image-516\" srcset=\"https:\/\/webs.uab.cat\/bees\/wp-content\/uploads\/sites\/329\/2025\/04\/captura_de_pantalla_2025-03-27_213157-removebg-preview-14.png 797w, https:\/\/webs.uab.cat\/bees\/wp-content\/uploads\/sites\/329\/2025\/04\/captura_de_pantalla_2025-03-27_213157-removebg-preview-14-300x84.png 300w, https:\/\/webs.uab.cat\/bees\/wp-content\/uploads\/sites\/329\/2025\/04\/captura_de_pantalla_2025-03-27_213157-removebg-preview-14-768x214.png 768w\" sizes=\"auto, (max-width: 797px) 100vw, 797px\" \/><\/figure>\n<\/div>\n\n\n<div style=\"height:30px\" aria-hidden=\"true\" class=\"wp-block-spacer\"><\/div>\n\n\n\n<p><strong>REFERENCIAS:<\/strong><\/p>\n\n\n\n<p class=\"has-text-align-justify has-small-font-size\"><em>Herrerillo com\u00fan (Cyanistes caeruleus)<\/em>. (n.d.). ArgentiNat. Retrieved February 9, 2025, from <a href=\"https:\/\/www.argentinat.org\/taxa\/144849-Cyanistes-caeruleus\">https:\/\/www.argentinat.org\/taxa\/144849-Cyanistes-caeruleus<\/a><\/p>\n\n\n\n<p class=\"has-text-align-justify has-small-font-size\"><em>Herrerillo com\u00fan<\/em>. (2013, November 2). SEO\/BirdLife. <a href=\"https:\/\/seo.org\/ave\/herrerillo-comun\/\">https:\/\/seo.org\/ave\/herrerillo-comun\/<\/a><\/p>\n\n\n\n<p class=\"has-text-align-justify has-small-font-size\"><em>Herrerillo com\u00fan<\/em>. (n.d.). Aves de Badajoz de Roc\u00edo Salgado. Retrieved February 9, 2025, from <a href=\"https:\/\/avesdebadajoz.webnode.es\/herrerillo-comun\/\">https:\/\/avesdebadajoz.webnode.es\/herrerillo-comun\/<\/a><\/p>\n\n\n\n<p class=\"has-text-align-justify has-small-font-size\">Salvador, A. (2016). Herrerillo com\u00fan \u2013&nbsp;<em>Cyanistes&nbsp;caeruleus<\/em>. En:&nbsp;<em>Enciclopedia Virtual de los Vertebrados Espa\u00f1oles<\/em>. Salvador, A., Morales, M. B. (Eds.). Museo Nacional de Ciencias Naturales, Madrid.&nbsp;&nbsp;&nbsp;&nbsp;&nbsp;&nbsp;&nbsp;&nbsp;&nbsp;&nbsp;&nbsp;&nbsp;&nbsp; <a href=\"http:\/\/www.vertebradosibericos.org\/\">http:\/\/www.vertebradosibericos.org\/<\/a><\/p>\n\n\n\n<p class=\"has-text-align-justify has-small-font-size\">BirdLife International (BirdLife International). (2024). Cyanistes caeruleus.&nbsp;<em>IUCN Red List of Threatened Species<\/em>.&nbsp;&nbsp;&nbsp;&nbsp;&nbsp;&nbsp; <a href=\"https:\/\/www.iucnredlist.org\/species\/103761667\/264532201\">https:\/\/www.iucnredlist.org\/species\/103761667\/264532201<\/a><\/p>\n","protected":false},"excerpt":{"rendered":"<p>Reino Animalia Filo Chordata Subfilo Vertebrata Clase Aves Orden Passeriformes Familia Paridae G\u00e9nero Cyanistes Especie C. caeruleus DESCRIPCI\u00d3N: El herrerillo com\u00fan es un ave de peque\u00f1o tama\u00f1o, que de forma habitual tiene una longitud de 11,5cm y una envergadura de 17-20cm. Esto hace que su peso sea de tan solo 10-12 gramos. Su plumaje es [&hellip;]<\/p>\n","protected":false},"author":2556,"featured_media":0,"parent":0,"menu_order":0,"comment_status":"closed","ping_status":"closed","template":"","meta":{"footnotes":""},"class_list":["post-4094","page","type-page","status-publish","hentry"],"_links":{"self":[{"href":"https:\/\/webs.uab.cat\/bees\/wp-json\/wp\/v2\/pages\/4094","targetHints":{"allow":["GET"]}}],"collection":[{"href":"https:\/\/webs.uab.cat\/bees\/wp-json\/wp\/v2\/pages"}],"about":[{"href":"https:\/\/webs.uab.cat\/bees\/wp-json\/wp\/v2\/types\/page"}],"author":[{"embeddable":true,"href":"https:\/\/webs.uab.cat\/bees\/wp-json\/wp\/v2\/users\/2556"}],"replies":[{"embeddable":true,"href":"https:\/\/webs.uab.cat\/bees\/wp-json\/wp\/v2\/comments?post=4094"}],"version-history":[{"count":1,"href":"https:\/\/webs.uab.cat\/bees\/wp-json\/wp\/v2\/pages\/4094\/revisions"}],"predecessor-version":[{"id":4206,"href":"https:\/\/webs.uab.cat\/bees\/wp-json\/wp\/v2\/pages\/4094\/revisions\/4206"}],"wp:attachment":[{"href":"https:\/\/webs.uab.cat\/bees\/wp-json\/wp\/v2\/media?parent=4094"}],"curies":[{"name":"wp","href":"https:\/\/api.w.org\/{rel}","templated":true}]}}