{"id":4096,"date":"2025-05-14T11:41:54","date_gmt":"2025-05-14T09:41:54","guid":{"rendered":"https:\/\/biocampus25.wordpress.com\/?page_id=69"},"modified":"2025-05-19T12:09:10","modified_gmt":"2025-05-19T10:09:10","slug":"jabali","status":"publish","type":"page","link":"https:\/\/webs.uab.cat\/bees\/jabali\/","title":{"rendered":"JABAL\u00cd"},"content":{"rendered":"<div class=\"wp-block-image\">\n<figure class=\"aligncenter size-large\"><img loading=\"lazy\" decoding=\"async\" width=\"640\" height=\"360\" src=\"https:\/\/biocampus25.wordpress.com\/wp-content\/uploads\/2025\/03\/sus_scrofa_1_-_otter_owl_and_wildlife_park-edited.jpg\" alt=\"\" class=\"wp-image-83\" srcset=\"https:\/\/webs.uab.cat\/bees\/wp-content\/uploads\/sites\/329\/2025\/03\/sus_scrofa_1_-_otter_owl_and_wildlife_park-edited.jpg 640w, https:\/\/webs.uab.cat\/bees\/wp-content\/uploads\/sites\/329\/2025\/03\/sus_scrofa_1_-_otter_owl_and_wildlife_park-edited-300x169.jpg 300w\" sizes=\"auto, (max-width: 640px) 100vw, 640px\" \/><\/figure>\n<\/div>\n\n\n<div style=\"height:10px\" aria-hidden=\"true\" class=\"wp-block-spacer\"><\/div>\n\n\n\n<div class=\"wp-block-columns is-layout-flex wp-container-core-columns-is-layout-9d6595d7 wp-block-columns-is-layout-flex\">\n<div class=\"wp-block-column is-layout-flow wp-block-column-is-layout-flow\">\n<div class=\"wp-block-group\"><div class=\"wp-block-group__inner-container is-layout-constrained wp-block-group-is-layout-constrained\">\n<figure style=\"margin-top:var(--wp--preset--spacing--20);margin-right:var(--wp--preset--spacing--20);margin-bottom:var(--wp--preset--spacing--20);margin-left:var(--wp--preset--spacing--20)\" class=\"wp-block-table has-alegreya-font-family has-small-font-size\"><table class=\"has-primary-color has-text-color has-link-color\"><tbody><tr><td class=\"has-text-align-center\" data-align=\"center\"><strong>Reino<\/strong><\/td><td class=\"has-text-align-center\" data-align=\"center\">Animalia<\/td><\/tr><tr><td class=\"has-text-align-center\" data-align=\"center\"><strong>Filo<\/strong><\/td><td class=\"has-text-align-center\" data-align=\"center\">Chordata<\/td><\/tr><tr><td class=\"has-text-align-center\" data-align=\"center\"><strong>Subfilo<\/strong><\/td><td class=\"has-text-align-center\" data-align=\"center\"><a href=\"https:\/\/webs.uab.cat\/bees\/vertebrados\/\" data-type=\"page\" data-id=\"43\">Vertebrata<\/a><\/td><\/tr><tr><td class=\"has-text-align-center\" data-align=\"center\"><strong>Clase<\/strong><\/td><td class=\"has-text-align-center\" data-align=\"center\"><a href=\"https:\/\/webs.uab.cat\/bees\/mamiferos\/\" data-type=\"page\" data-id=\"54\">Mammalia<\/a><\/td><\/tr><tr><td class=\"has-text-align-center\" data-align=\"center\"><strong>Subclase<\/strong><\/td><td class=\"has-text-align-center\" data-align=\"center\">Theria<\/td><\/tr><tr><td class=\"has-text-align-center\" data-align=\"center\"><strong>Infraclase<\/strong><\/td><td class=\"has-text-align-center\" data-align=\"center\">Placentalia<\/td><\/tr><tr><td class=\"has-text-align-center\" data-align=\"center\"><strong>Superorden<\/strong><\/td><td class=\"has-text-align-center\" data-align=\"center\">Laurasiatheria<\/td><\/tr><tr><td class=\"has-text-align-center\" data-align=\"center\"><strong>Orden<\/strong><\/td><td class=\"has-text-align-center\" data-align=\"center\">Artiodactyla<\/td><\/tr><tr><td class=\"has-text-align-center\" data-align=\"center\"><strong>Suborden<\/strong><\/td><td class=\"has-text-align-center\" data-align=\"center\">Suina<\/td><\/tr><tr><td class=\"has-text-align-center\" data-align=\"center\"><strong>Familia<\/strong><\/td><td class=\"has-text-align-center\" data-align=\"center\">Suidae<\/td><\/tr><tr><td class=\"has-text-align-center\" data-align=\"center\"><strong>Subfamilia<\/strong><\/td><td class=\"has-text-align-center\" data-align=\"center\">Suinae<\/td><\/tr><tr><td class=\"has-text-align-center\" data-align=\"center\"><strong>Tribu<\/strong><\/td><td class=\"has-text-align-center\" data-align=\"center\">Suini<\/td><\/tr><tr><td class=\"has-text-align-center\" data-align=\"center\"><strong>G\u00e9nero<\/strong><\/td><td class=\"has-text-align-center\" data-align=\"center\">Sus<\/td><\/tr><tr><td class=\"has-text-align-center\" data-align=\"center\"><strong>Especie<\/strong><\/td><td class=\"has-text-align-center\" data-align=\"center\">S. scrofa<\/td><\/tr><\/tbody><\/table><\/figure>\n<\/div><\/div>\n<\/div>\n\n\n\n<div class=\"wp-block-column is-layout-flow wp-block-column-is-layout-flow\">\n<div class=\"wp-block-group is-vertical is-layout-flex wp-container-core-group-is-layout-769d0143 wp-block-group-is-layout-flex\">\n<p><strong>DESCRIPCI\u00d3N:<\/strong><\/p>\n\n\n\n<p class=\"has-text-align-justify has-alegreya-font-family has-small-font-size\">Es un animal corpulento, con un macho que mide aproximadamente 0.9-1.6m y tiene un peso de 70-90 kg, mientras que la mujer mide 0.9-1.2m y pesa 40-65 kg. Tambi\u00e9n se muestra dimorfismo sexual en cuanto a la forma de los dientes, en la que los molares est\u00e1n m\u00e1s desarrollados en los machos.<\/p>\n\n\n\n<p class=\"has-text-align-justify has-alegreya-font-family has-small-font-size\">En el \u00e1rea de la cabeza, tienen ojos peque\u00f1os y mal desarrollados, que compensan con un olfato y o\u00eddo muy desarrollados. Su cuello es ancho y corto, lo que dificulta su identificaci\u00f3n. En cuanto a sus piernas, estas son estrechas y relativamente cortas, terminadas en pezu\u00f1as.<\/p>\n\n\n\n<p class=\"has-text-align-justify has-alegreya-font-family has-small-font-size\">Durante los primeros meses de vida, los j\u00f3venes tienen un pelaje rojizo, con 11 l\u00edneas longitudinales m\u00e1s oscuras. Posteriormente, el color se vuelve uniforme (marr\u00f3n rojizo) y cuando alcanzan los 10-12 meses, ya adoptan el color adulto gris\u00e1ceo o negro.<\/p>\n<\/div>\n<\/div>\n<\/div>\n\n\n\n<div class=\"wp-block-columns is-layout-flex wp-container-core-columns-is-layout-9d6595d7 wp-block-columns-is-layout-flex\">\n<div class=\"wp-block-column is-layout-flow wp-block-column-is-layout-flow\">\n<div style=\"height:10px\" aria-hidden=\"true\" class=\"wp-block-spacer\"><\/div>\n<\/div>\n<\/div>\n\n\n\n<div class=\"wp-block-group is-vertical is-layout-flex wp-container-core-group-is-layout-769d0143 wp-block-group-is-layout-flex\">\n<p><strong>DIETA:<\/strong><\/p>\n\n\n\n<p class=\"has-text-align-justify has-alegreya-font-family has-small-font-size\">Estos animales son omn\u00edvoros con preferencia por la materia vegetal, aunque pueden comer invertebrados, peque\u00f1os vertebrados u hongos. Es por eso que tienen molares con puntas afiladas, lo que les facilita la digesti\u00f3n de este alimento.<\/p>\n<\/div>\n\n\n\n<div style=\"height:10px\" aria-hidden=\"true\" class=\"wp-block-spacer\"><\/div>\n\n\n\n<div class=\"wp-block-group is-vertical is-layout-flex wp-container-core-group-is-layout-8cf370e7 wp-block-group-is-layout-flex\">\n<p><strong>ESTRUCTURA SOCIAL Y COMPORTAMIENTO:<\/strong><\/p>\n\n\n\n<p class=\"has-text-align-justify has-alegreya-font-family has-small-font-size\">De manera natural suelen desplazarse en peque\u00f1os grupos matriarcales, es decir las hembras con sus cr\u00edas, mientras que los machos son solitarios. Cuando llega la \u00e9poca de celo (entre septiembre y diciembre), se produce la reproducci\u00f3n, que genera unas 3-4 cr\u00edas despu\u00e9s de unos 120 d\u00edas de gestaci\u00f3n.<\/p>\n\n\n\n<p class=\"has-text-align-justify has-alegreya-font-family has-small-font-size\">Los jabal\u00edes son animales especialmente activos en horario nocturno, mientras que por el d\u00eda son m\u00e1s sedentarios. Este hecho puede cambiar si viven en una regi\u00f3n pr\u00f3xima a un asentamiento humanos, en el que se puede detectar actividad durante el d\u00eda.<\/p>\n<\/div>\n\n\n<div class=\"wp-block-image\">\n<figure class=\"aligncenter size-large\"><img loading=\"lazy\" decoding=\"async\" width=\"1445\" height=\"122\" src=\"https:\/\/biocampus25.wordpress.com\/wp-content\/uploads\/2025\/03\/captura-de-pantalla-2025-03-27-220716.png?w=1024\" alt=\"\" class=\"wp-image-127\" srcset=\"https:\/\/webs.uab.cat\/bees\/wp-content\/uploads\/sites\/329\/2025\/03\/captura-de-pantalla-2025-03-27-220716.png 1445w, https:\/\/webs.uab.cat\/bees\/wp-content\/uploads\/sites\/329\/2025\/03\/captura-de-pantalla-2025-03-27-220716-300x25.png 300w, https:\/\/webs.uab.cat\/bees\/wp-content\/uploads\/sites\/329\/2025\/03\/captura-de-pantalla-2025-03-27-220716-1024x86.png 1024w, https:\/\/webs.uab.cat\/bees\/wp-content\/uploads\/sites\/329\/2025\/03\/captura-de-pantalla-2025-03-27-220716-768x65.png 768w, https:\/\/webs.uab.cat\/bees\/wp-content\/uploads\/sites\/329\/2025\/03\/captura-de-pantalla-2025-03-27-220716-1200x101.png 1200w\" sizes=\"auto, (max-width: 1445px) 100vw, 1445px\" \/><\/figure>\n<\/div>\n\n\n<div style=\"height:10px\" aria-hidden=\"true\" class=\"wp-block-spacer\"><\/div>\n\n\n\n<div class=\"wp-block-group is-vertical is-layout-flex wp-container-core-group-is-layout-769d0143 wp-block-group-is-layout-flex\">\n<p><strong>HABITAT Y ZONA DE DISTRIBUCI\u00d3N:<\/strong><\/p>\n\n\n\n<p class=\"has-text-align-justify has-alegreya-font-family has-small-font-size\">Esta especie se encuentra ampliamente distribuida por la regi\u00f3n de Europa, Asia y el norte de \u00c1frica. Incluso se ha visto introducida en el continente americano, Australia y diversas islas del Pac\u00edfico.<\/p>\n\n\n\n<p class=\"has-text-align-justify has-alegreya-font-family has-small-font-size\">En estas zonas suele habitar en zonas forestales, marismas, agrosistemas, pastos subalpinos y tambi\u00e9n en regiones urbanas. Esta proximidad a las zonas habitadas por el hombre ha provocado que recientemente puedan ser observado por las calles, buscando alimento.<\/p>\n<\/div>\n\n\n\n<div class=\"wp-block-group is-vertical is-layout-flex wp-container-core-group-is-layout-769d0143 wp-block-group-is-layout-flex\">\n<div class=\"wp-block-group is-vertical is-layout-flex wp-container-core-group-is-layout-769d0143 wp-block-group-is-layout-flex\"><div class=\"wp-block-image\">\n<figure class=\"aligncenter size-large is-resized\" style=\"margin-top:var(--wp--preset--spacing--20);margin-right:var(--wp--preset--spacing--20);margin-bottom:var(--wp--preset--spacing--20);margin-left:var(--wp--preset--spacing--20)\"><img loading=\"lazy\" decoding=\"async\" width=\"513\" height=\"256\" src=\"https:\/\/biocampus25.wordpress.com\/wp-content\/uploads\/2025\/03\/captura-de-pantalla-2025-03-25-233950.png?w=513\" alt=\"\" class=\"wp-image-91\" style=\"width:613px;height:auto\" srcset=\"https:\/\/webs.uab.cat\/bees\/wp-content\/uploads\/sites\/329\/2025\/03\/captura-de-pantalla-2025-03-25-233950.png 513w, https:\/\/webs.uab.cat\/bees\/wp-content\/uploads\/sites\/329\/2025\/03\/captura-de-pantalla-2025-03-25-233950-300x150.png 300w\" sizes=\"auto, (max-width: 513px) 100vw, 513px\" \/><\/figure>\n<\/div>\n\n\n<p class=\"has-text-align-justify has-small-font-size\">Mapa de distribuci\u00f3n de Sus scrofa. Imagen obtenida de Gbif en <a href=\"https:\/\/www.gbif.org\/es\/species\/7705930\">https:\/\/www.gbif.org\/es\/species\/7705930<\/a><\/p>\n<\/div>\n<\/div>\n\n\n\n<div style=\"height:10px\" aria-hidden=\"true\" class=\"wp-block-spacer\"><\/div>\n\n\n\n<div class=\"wp-block-group is-vertical is-layout-flex wp-container-core-group-is-layout-769d0143 wp-block-group-is-layout-flex\">\n<p><strong>ESTADO DE CONSERVACI\u00d3N:<\/strong><\/p>\n\n\n\n<p class=\"has-alegreya-font-family has-small-font-size\">Los datos de la IUCN apuntan a que esta especie se encuentra en estado de preocupaci\u00f3n menor.<\/p>\n<\/div>\n\n\n\n<figure class=\"wp-block-image size-large\"><img loading=\"lazy\" decoding=\"async\" width=\"797\" height=\"222\" src=\"https:\/\/biocampus25.wordpress.com\/wp-content\/uploads\/2025\/03\/captura_de_pantalla_2025-03-27_213157-removebg-preview.png?w=797\" alt=\"\" class=\"wp-image-126\" srcset=\"https:\/\/webs.uab.cat\/bees\/wp-content\/uploads\/sites\/329\/2025\/03\/captura_de_pantalla_2025-03-27_213157-removebg-preview.png 797w, https:\/\/webs.uab.cat\/bees\/wp-content\/uploads\/sites\/329\/2025\/03\/captura_de_pantalla_2025-03-27_213157-removebg-preview-300x84.png 300w, https:\/\/webs.uab.cat\/bees\/wp-content\/uploads\/sites\/329\/2025\/03\/captura_de_pantalla_2025-03-27_213157-removebg-preview-768x214.png 768w\" sizes=\"auto, (max-width: 797px) 100vw, 797px\" \/><\/figure>\n\n\n\n<div style=\"height:30px\" aria-hidden=\"true\" class=\"wp-block-spacer\"><\/div>\n\n\n\n<p><strong>REFERENCIAS:<\/strong><\/p>\n\n\n\n<p class=\"has-text-align-justify has-small-font-size\"><em>Jabal\u00ed europeo (Sus scrofa)<\/em>. (n.d.). iNaturalist Ecuador. Retrieved February 3, 2025, from <a href=\"https:\/\/ecuador.inaturalist.org\/taxa\/42134-Sus-scrofa\">https:\/\/ecuador.inaturalist.org\/taxa\/42134-Sus-scrofa<\/a><\/p>\n\n\n\n<p class=\"has-text-align-justify has-small-font-size\">Rosell, Carme y Herrero, Juan (n.d.). Sus scrofa Linnaeus. Gob.Es. Retrieved February 3, 2025, from <a href=\"https:\/\/www.miteco.gob.es\/content\/dam\/miteco\/es\/biodiversidad\/temas\/inventarios-nacionales\/ieet_mami_sus_scrofa_tcm30-99882.pdf\">https:\/\/www.miteco.gob.es\/content\/dam\/miteco\/es\/biodiversidad\/temas\/inventarios-nacionales\/ieet_mami_sus_scrofa_tcm30-99882.pdf<\/a><\/p>\n\n\n\n<p class=\"has-text-align-justify has-small-font-size\">Alberto. (2013, April 19).&nbsp;<em>Jabal\u00ed (Sus Scrofa)<\/em>. Sierradebaza.org; Revista digital Sierra de Baza. Proyecto Sierra de Baza. <a href=\"https:\/\/sierradebaza.org\/fichas-tecnicas\/fichas-de-fauna\/fichas-mamiferos\/i-orden-artiodactyla\/familia-suidos\/jabali\">https:\/\/sierradebaza.org\/fichas-tecnicas\/fichas-de-fauna\/fichas-mamiferos\/i-orden-artiodactyla\/familia-suidos\/jabali<\/a><\/p>\n\n\n\n<p class=\"has-text-align-justify has-small-font-size\">Oliver Keuling (Stiftung Tier\u00e4rztliche Hochschule Hannover Institute for Wildlife Research), &amp; Kristin Leus (IUCN SSC Wild Pig Specialist Group). (2018). IUCN Red List of Threatened Species: Sus scrofa.&nbsp;<em>IUCN Red List of Threatened Species<\/em>. <a href=\"https:\/\/www.iucnredlist.org\/species\/41775\/44141833\">https:\/\/www.iucnredlist.org\/species\/41775\/44141833<\/a><\/p>\n","protected":false},"excerpt":{"rendered":"<p>Reino Animalia Filo Chordata Subfilo Vertebrata Clase Mammalia Subclase Theria Infraclase Placentalia Superorden Laurasiatheria Orden Artiodactyla Suborden Suina Familia Suidae Subfamilia Suinae Tribu Suini G\u00e9nero Sus Especie S. scrofa DESCRIPCI\u00d3N: Es un animal corpulento, con un macho que mide aproximadamente 0.9-1.6m y tiene un peso de 70-90 kg, mientras que la mujer mide 0.9-1.2m y [&hellip;]<\/p>\n","protected":false},"author":2556,"featured_media":0,"parent":0,"menu_order":0,"comment_status":"closed","ping_status":"closed","template":"","meta":{"footnotes":""},"class_list":["post-4096","page","type-page","status-publish","hentry"],"_links":{"self":[{"href":"https:\/\/webs.uab.cat\/bees\/wp-json\/wp\/v2\/pages\/4096","targetHints":{"allow":["GET"]}}],"collection":[{"href":"https:\/\/webs.uab.cat\/bees\/wp-json\/wp\/v2\/pages"}],"about":[{"href":"https:\/\/webs.uab.cat\/bees\/wp-json\/wp\/v2\/types\/page"}],"author":[{"embeddable":true,"href":"https:\/\/webs.uab.cat\/bees\/wp-json\/wp\/v2\/users\/2556"}],"replies":[{"embeddable":true,"href":"https:\/\/webs.uab.cat\/bees\/wp-json\/wp\/v2\/comments?post=4096"}],"version-history":[{"count":1,"href":"https:\/\/webs.uab.cat\/bees\/wp-json\/wp\/v2\/pages\/4096\/revisions"}],"predecessor-version":[{"id":4218,"href":"https:\/\/webs.uab.cat\/bees\/wp-json\/wp\/v2\/pages\/4096\/revisions\/4218"}],"wp:attachment":[{"href":"https:\/\/webs.uab.cat\/bees\/wp-json\/wp\/v2\/media?parent=4096"}],"curies":[{"name":"wp","href":"https:\/\/api.w.org\/{rel}","templated":true}]}}