{"id":4097,"date":"2025-05-14T11:41:55","date_gmt":"2025-05-14T09:41:55","guid":{"rendered":"https:\/\/biocampus25.wordpress.com\/?page_id=577"},"modified":"2025-05-19T12:09:40","modified_gmt":"2025-05-19T10:09:40","slug":"lagartija-parda","status":"publish","type":"page","link":"https:\/\/webs.uab.cat\/bees\/lagartija-parda\/","title":{"rendered":"LAGARTIJA PARDA"},"content":{"rendered":"<div class=\"wp-block-image\">\n<figure class=\"aligncenter size-large\"><img loading=\"lazy\" decoding=\"async\" width=\"1200\" height=\"760\" src=\"https:\/\/biocampus25.wordpress.com\/wp-content\/uploads\/2025\/04\/catalan_wall_lizards_podarcis_liolepis_40588664815.jpg?w=1024\" alt=\"\" class=\"wp-image-578\" srcset=\"https:\/\/webs.uab.cat\/bees\/wp-content\/uploads\/sites\/329\/2025\/04\/catalan_wall_lizards_podarcis_liolepis_40588664815.jpg 1200w, https:\/\/webs.uab.cat\/bees\/wp-content\/uploads\/sites\/329\/2025\/04\/catalan_wall_lizards_podarcis_liolepis_40588664815-300x190.jpg 300w, https:\/\/webs.uab.cat\/bees\/wp-content\/uploads\/sites\/329\/2025\/04\/catalan_wall_lizards_podarcis_liolepis_40588664815-1024x649.jpg 1024w, https:\/\/webs.uab.cat\/bees\/wp-content\/uploads\/sites\/329\/2025\/04\/catalan_wall_lizards_podarcis_liolepis_40588664815-768x486.jpg 768w\" sizes=\"auto, (max-width: 1200px) 100vw, 1200px\" \/><\/figure>\n<\/div>\n\n\n<p class=\"has-small-font-size\">Podarcis liolepis. Imagen con copyright CC BY-SA 2.0, creada por Bernard DUPONT y obtenida de Wikimedia commons en:&nbsp;&nbsp;&nbsp;&nbsp;&nbsp; <a href=\"https:\/\/commons.wikimedia.org\/wiki\/File:Catalan_Wall_Lizards_(Podarcis_liolepis)_(40588664815).jpg\">https:\/\/commons.wikimedia.org\/wiki\/File:Catalan_Wall_Lizards_(Podarcis_liolepis)_(40588664815).jpg<\/a><\/p>\n\n\n\n<div style=\"height:10px\" aria-hidden=\"true\" class=\"wp-block-spacer\"><\/div>\n\n\n\n<div class=\"wp-block-columns is-layout-flex wp-container-core-columns-is-layout-9d6595d7 wp-block-columns-is-layout-flex\">\n<div class=\"wp-block-column is-layout-flow wp-block-column-is-layout-flow\">\n<figure class=\"wp-block-table has-alegreya-font-family has-small-font-size\"><table><tbody><tr><td class=\"has-text-align-center\" data-align=\"center\"><strong>Reino<\/strong><\/td><td class=\"has-text-align-center\" data-align=\"center\">Animalia<\/td><\/tr><tr><td class=\"has-text-align-center\" data-align=\"center\"><strong>Filo<\/strong><\/td><td class=\"has-text-align-center\" data-align=\"center\">Chordata<\/td><\/tr><tr><td class=\"has-text-align-center\" data-align=\"center\"><strong>Subfilo<\/strong><\/td><td class=\"has-text-align-center\" data-align=\"center\"><a href=\"https:\/\/webs.uab.cat\/bees\/vertebrados\/\" data-type=\"page\" data-id=\"43\">Vertebrata<\/a><\/td><\/tr><tr><td class=\"has-text-align-center\" data-align=\"center\"><strong>Clase<\/strong><\/td><td class=\"has-text-align-center\" data-align=\"center\"><a href=\"https:\/\/webs.uab.cat\/bees\/reptiles\/\" data-type=\"page\" data-id=\"727\">Reptilia<\/a><\/td><\/tr><tr><td class=\"has-text-align-center\" data-align=\"center\"><strong>Orden<\/strong><\/td><td class=\"has-text-align-center\" data-align=\"center\">Squamata<\/td><\/tr><tr><td class=\"has-text-align-center\" data-align=\"center\"><strong>Suborden<\/strong><\/td><td class=\"has-text-align-center\" data-align=\"center\">Sauria<\/td><\/tr><tr><td class=\"has-text-align-center\" data-align=\"center\"><strong>Familia<\/strong><\/td><td class=\"has-text-align-center\" data-align=\"center\">Lacertidae<\/td><\/tr><tr><td class=\"has-text-align-center\" data-align=\"center\"><strong>Subfamilia<\/strong><\/td><td class=\"has-text-align-center\" data-align=\"center\">Lacertinae<\/td><\/tr><tr><td class=\"has-text-align-center\" data-align=\"center\"><strong>G\u00e9nero<\/strong><\/td><td class=\"has-text-align-center\" data-align=\"center\">Podarcis<\/td><\/tr><tr><td class=\"has-text-align-center\" data-align=\"center\"><strong>Especie<\/strong><\/td><td class=\"has-text-align-center\" data-align=\"center\">P. liolepis<\/td><\/tr><\/tbody><\/table><\/figure>\n<\/div>\n\n\n\n<div class=\"wp-block-column is-layout-flow wp-block-column-is-layout-flow\">\n<div class=\"wp-block-group is-vertical is-layout-flex wp-container-core-group-is-layout-769d0143 wp-block-group-is-layout-flex\">\n<p><strong>DESCRIPCI\u00d3N:<\/strong><\/p>\n\n\n\n<p class=\"has-text-align-justify has-alegreya-font-family has-small-font-size\">La lagartija parda es un reptil de tama\u00f1o reducido, que suele tener un tama\u00f1o corporal de 6cm m\u00e1s 12cm de cola. El macho suele ser de mayor tama\u00f1o, con patas y cola m\u00e1s alargadas y una cabeza m\u00e1s robusta.<\/p>\n\n\n\n<p class=\"has-text-align-justify has-alegreya-font-family has-small-font-size\">En la zona dorsal tienden a tener coloraciones gris\u00e1ceas o pardas, mientras que en el vientre son blanquecinos tirando a rojizos. El macho suele tener unos patrones m\u00e1s reticulados mientras que las hembras son m\u00e1s rayados, con l\u00edneas oscuras a los lados y blancas por la zona superior.<\/p>\n\n\n\n<p class=\"has-text-align-justify has-alegreya-font-family has-small-font-size\">Su cabeza es peque\u00f1a y acaba en un morro puntiagudo. Su cuerpo est\u00e1 ligeramente aplanado y sus patas son alargadas y contienen u\u00f1as largas y afiladas.<\/p>\n<\/div>\n<\/div>\n<\/div>\n\n\n\n<div style=\"height:10px\" aria-hidden=\"true\" class=\"wp-block-spacer\"><\/div>\n\n\n\n<div class=\"wp-block-group is-vertical is-layout-flex wp-container-core-group-is-layout-769d0143 wp-block-group-is-layout-flex\">\n<p><strong>DIETA:<\/strong><\/p>\n\n\n\n<p class=\"has-text-align-justify has-alegreya-font-family has-small-font-size\">Este reptil es un depredador que combina las t\u00e9cnicas de caza activa con la de caza al acecho, para poder capturar invertebrados terrestres. Adem\u00e1s, pueden comer materia vegetal o comerse a individuos juveniles de su misma especie.<\/p>\n<\/div>\n\n\n\n<div style=\"height:10px\" aria-hidden=\"true\" class=\"wp-block-spacer\"><\/div>\n\n\n\n<div class=\"wp-block-group is-vertical is-layout-flex wp-container-core-group-is-layout-769d0143 wp-block-group-is-layout-flex\">\n<p><strong>ESTRUCTURA SOCIAL Y COMPORTAMIENTO:<\/strong><\/p>\n\n\n\n<p class=\"has-text-align-justify has-alegreya-font-family has-small-font-size\">Estas lagartijas tienen un comportamiento complejo, ya que los machos suelen comportarse de forma solitaria, territorial y agresiva, mientras que las hembras son capaces de detectar los olores dejados por los machos y escoger aquellas regiones en las que haya individuos de menor tama\u00f1o.<\/p>\n\n\n\n<p class=\"has-text-align-justify has-alegreya-font-family has-small-font-size\">Este comportamiento se relaciona con la reproducci\u00f3n, en la que los machos competir\u00e1n entre si por la obtenci\u00f3n de la hembra (pudiendo incluso reconocer los olores de otros machos conocidos), mientras que la hembra va en busca del macho.<\/p>\n\n\n\n<p class=\"has-text-align-justify has-alegreya-font-family has-small-font-size\">El per\u00edodo de celo se inicia a principios de la primavera, proceso que genera unos 1-5 huevos que deber\u00e1n ser incubados aproximadamente 54-63 d\u00edas. De estos surgen unos juveniles que poco despu\u00e9s de nacer abandonan a sus progenitores y alcanzan la madurez sexual a los 7 meses de vida.<\/p>\n<\/div>\n\n\n<div class=\"wp-block-image\">\n<figure class=\"aligncenter size-large\"><img decoding=\"async\" src=\"https:\/\/biocampus25.wordpress.com\/wp-content\/uploads\/2025\/04\/captura-de-pantalla-2025-04-15-215730.png?w=1024\" alt=\"\" class=\"wp-image-593\" \/><\/figure>\n<\/div>\n\n\n<div style=\"height:10px\" aria-hidden=\"true\" class=\"wp-block-spacer\"><\/div>\n\n\n\n<div class=\"wp-block-group is-vertical is-layout-flex wp-container-core-group-is-layout-769d0143 wp-block-group-is-layout-flex\">\n<p><strong>HABITAT Y ZONA DE DISTRIBUCI\u00d3N:<\/strong><\/p>\n\n\n\n<p class=\"has-text-align-justify has-alegreya-font-family has-small-font-size\">Esta especie se encuentra presente en la mitad norte y este de la Pen\u00ednsula Ib\u00e9rica, as\u00ed como en la regi\u00f3n sur de Francia.<\/p>\n\n\n\n<p class=\"has-text-align-justify has-alegreya-font-family has-small-font-size\">En estas zonas suele vivir sobre el suelo despejado, con poca cobertura vegetal. Tambi\u00e9n est\u00e1n presentes en h\u00e1bitats con buena disponibilidad de rocas o arena.<\/p>\n<\/div>\n\n\n\n<div class=\"wp-block-group is-vertical is-layout-flex wp-container-core-group-is-layout-769d0143 wp-block-group-is-layout-flex\">\n<figure class=\"wp-block-image size-large\"><img decoding=\"async\" src=\"https:\/\/biocampus25.wordpress.com\/wp-content\/uploads\/2025\/04\/captura-de-pantalla-2025-04-15-214639.png?w=1024\" alt=\"\" class=\"wp-image-588\" \/><\/figure>\n\n\n\n<p class=\"has-text-align-justify has-small-font-size\">Mapa de distribuci\u00f3n de Podarcis liolepis. Imagen obtenida de Gbif en: <a href=\"https:\/\/www.gbif.org\/es\/species\/7444957\">https:\/\/www.gbif.org\/es\/species\/7444957<\/a><\/p>\n<\/div>\n\n\n\n<div style=\"height:10px\" aria-hidden=\"true\" class=\"wp-block-spacer\"><\/div>\n\n\n\n<div class=\"wp-block-group is-vertical is-layout-flex wp-container-core-group-is-layout-769d0143 wp-block-group-is-layout-flex\">\n<p><strong>ESTADO DE CONSERVACI\u00d3N:<\/strong><\/p>\n\n\n\n<p class=\"has-text-align-justify has-alegreya-font-family has-small-font-size\">Seg\u00fan los datos presentes en la IUCN, esta especie est\u00e1 en estado de preocupaci\u00f3n menor.<\/p>\n<\/div>\n\n\n<div class=\"wp-block-image\">\n<figure class=\"aligncenter size-large\"><img decoding=\"async\" src=\"https:\/\/biocampus25.wordpress.com\/wp-content\/uploads\/2025\/04\/captura_de_pantalla_2025-03-27_213157-removebg-preview-18.png?w=797\" alt=\"\" class=\"wp-image-591\" \/><\/figure>\n<\/div>\n\n\n<div style=\"height:30px\" aria-hidden=\"true\" class=\"wp-block-spacer\"><\/div>\n\n\n\n<p><strong>REFERENCIAS:<\/strong><\/p>\n\n\n\n<p class=\"has-text-align-justify has-small-font-size\"><em>Lagartija parda (Podarcis liolepis)<\/em>. (n.d.). Natusfera. Retrieved February 11, 2025, from <a href=\"https:\/\/spain.inaturalist.org\/taxa\/35666-Podarcis-liolepis\">https:\/\/spain.inaturalist.org\/taxa\/35666-Podarcis-liolepis<\/a><\/p>\n\n\n\n<p class=\"has-text-align-justify has-small-font-size\">Carretero, M. A., Salvador, A. (2016). Lagartija parda &#8211;<em>Podarcis liolepis.<\/em>&nbsp;En:&nbsp;<em>Enciclopedia Virtual de los Vertebrados Espa\u00f1oles<\/em>. Salvador, A., Marco, A. (Eds.). Museo Nacional de Ciencias Naturales, Madrid. <a href=\"http:\/\/www.vertebradosibericos.org\/\">http:\/\/www.vertebradosibericos.org\/<\/a><\/p>\n\n\n\n<p class=\"has-text-align-justify has-small-font-size\">Blasco-Zumeta, Javier (n.d.). 095 Podarcis liolepis (Squamata, Lacertidae). Fauna de Pina de Ebro y su comarca. Retrieved February 11, 2025, from <a href=\"https:\/\/monteriza.aranzadi.eus\/wp-content\/uploads\/reptiles\/095.podarcis-liolepis.pdf\">https:\/\/monteriza.aranzadi.eus\/wp-content\/uploads\/reptiles\/095.podarcis-liolepis.pdf<\/a><\/p>\n\n\n\n<p class=\"has-text-align-justify has-small-font-size\">Philip Bowles (IUCN SSC\/CI Biodiversity Assessment Unit). (2022a). IUCN Red List of Threatened Species: Podarcis liolepis.&nbsp;<em>IUCN Red List of Threatened Species<\/em>. <a href=\"https:\/\/www.iucnredlist.org\/species\/204900953\/204901543\">https:\/\/www.iucnredlist.org\/species\/204900953\/204901543<\/a><\/p>\n","protected":false},"excerpt":{"rendered":"<p>Podarcis liolepis. Imagen con copyright CC BY-SA 2.0, creada por Bernard DUPONT y obtenida de Wikimedia commons en:&nbsp;&nbsp;&nbsp;&nbsp;&nbsp; https:\/\/commons.wikimedia.org\/wiki\/File:Catalan_Wall_Lizards_(Podarcis_liolepis)_(40588664815).jpg Reino Animalia Filo Chordata Subfilo Vertebrata Clase Reptilia Orden Squamata Suborden Sauria Familia Lacertidae Subfamilia Lacertinae G\u00e9nero Podarcis Especie P. liolepis DESCRIPCI\u00d3N: La lagartija parda es un reptil de tama\u00f1o reducido, que suele tener un tama\u00f1o [&hellip;]<\/p>\n","protected":false},"author":2556,"featured_media":0,"parent":0,"menu_order":0,"comment_status":"closed","ping_status":"closed","template":"","meta":{"footnotes":""},"class_list":["post-4097","page","type-page","status-publish","hentry"],"_links":{"self":[{"href":"https:\/\/webs.uab.cat\/bees\/wp-json\/wp\/v2\/pages\/4097","targetHints":{"allow":["GET"]}}],"collection":[{"href":"https:\/\/webs.uab.cat\/bees\/wp-json\/wp\/v2\/pages"}],"about":[{"href":"https:\/\/webs.uab.cat\/bees\/wp-json\/wp\/v2\/types\/page"}],"author":[{"embeddable":true,"href":"https:\/\/webs.uab.cat\/bees\/wp-json\/wp\/v2\/users\/2556"}],"replies":[{"embeddable":true,"href":"https:\/\/webs.uab.cat\/bees\/wp-json\/wp\/v2\/comments?post=4097"}],"version-history":[{"count":1,"href":"https:\/\/webs.uab.cat\/bees\/wp-json\/wp\/v2\/pages\/4097\/revisions"}],"predecessor-version":[{"id":4219,"href":"https:\/\/webs.uab.cat\/bees\/wp-json\/wp\/v2\/pages\/4097\/revisions\/4219"}],"wp:attachment":[{"href":"https:\/\/webs.uab.cat\/bees\/wp-json\/wp\/v2\/media?parent=4097"}],"curies":[{"name":"wp","href":"https:\/\/api.w.org\/{rel}","templated":true}]}}