{"id":4098,"date":"2025-05-14T11:41:11","date_gmt":"2025-05-14T09:41:11","guid":{"rendered":"https:\/\/biocampus25.wordpress.com\/?page_id=764"},"modified":"2025-05-19T12:02:15","modified_gmt":"2025-05-19T10:02:15","slug":"invertebrados","status":"publish","type":"page","link":"https:\/\/webs.uab.cat\/bees\/invertebrados\/","title":{"rendered":"Invertebrados"},"content":{"rendered":"\n<div class=\"wp-block-group is-vertical is-layout-flex wp-container-core-group-is-layout-3e0ae1ae wp-block-group-is-layout-flex\">\n<p><strong>Descripci\u00f3n:<\/strong><\/p>\n\n\n\n<p class=\"has-text-align-justify has-alegreya-font-family has-small-font-size\">El grupo de los invertebrados incluye a todos aquellos animales que carecen de columna vertebral. Esto representa m\u00e1s del 95% de la diversidad de animales en el mundo, por lo que es muy importante aprender sobre ellos.<\/p>\n\n\n\n<p class=\"has-text-align-justify has-alegreya-font-family has-small-font-size\">Generalmente, son m\u00e1s peque\u00f1os y simples (en t\u00e9rminos morfol\u00f3gicos) que los vertebrados, aunque siempre hay excepciones. La diversidad de formas y estilos de vida es extremadamente amplia, lo que hace que sea complicado hablar de ellos en t\u00e9rminos generales. Sin embargo, todos comparten una caracter\u00edstica com\u00fan: la ausencia de un endoesqueleto.<\/p>\n\n\n\n<p class=\"has-text-align-justify has-alegreya-font-family has-small-font-size\">Esto implica que muchos de estos organismos tienen cuerpos blandos, aunque muchos han desarrollado estructuras protectoras como un exoesqueleto (que pueden mudar o no, dependiendo del grupo) o una concha.<\/p>\n\n\n\n<p class=\"has-text-align-justify has-alegreya-font-family has-small-font-size\">Dado que este grupo abarca una gran variedad de formas, simetr\u00edas y funcionamiento de \u00f3rganos, es imposible ofrecer m\u00e1s detalles generales sin profundizar en las caracter\u00edsticas espec\u00edficas del organismo que se estudia.<\/p>\n<\/div>\n\n\n\n<div style=\"height:10px\" aria-hidden=\"true\" class=\"wp-block-spacer\"><\/div>\n\n\n\n<p><strong>Clave dicot\u00f3mica:<\/strong><\/p>\n\n\n\n<div class=\"wp-block-columns is-layout-flex wp-container-core-columns-is-layout-9d6595d7 wp-block-columns-is-layout-flex\">\n<div class=\"wp-block-column is-layout-flow wp-block-column-is-layout-flow\" style=\"flex-basis:66.66%\">\n<div class=\"wp-block-group is-vertical is-layout-flex wp-container-core-group-is-layout-769d0143 wp-block-group-is-layout-flex\">\n<p class=\"has-text-align-justify has-small-font-size\"><strong>1a. <\/strong>Este organismo tiene patas que le permiten desplazarse &#8212;&#8212;&#8212;&#8212;&#8212;&#8212;&#8212;&#8212;&#8212;&#8212;&#8212;-&gt; 2<\/p>\n\n\n\n<p class=\"has-text-align-justify has-small-font-size\"><strong>1b. <\/strong>El animal no tiene patas, solo un pie musculoso y viscoso &#8212;&#8212;&#8212;&#8212;&#8212;&#8211;&gt;<strong><a href=\"https:\/\/webs.uab.cat\/bees\/mollusca\/\" data-type=\"page\" data-id=\"4099\"> Mollusca<\/a><\/strong><\/p>\n<\/div>\n\n\n\n<div style=\"height:137px\" aria-hidden=\"true\" class=\"wp-block-spacer\"><\/div>\n\n\n\n<div class=\"wp-block-group is-vertical is-layout-flex wp-container-core-group-is-layout-769d0143 wp-block-group-is-layout-flex\">\n<p class=\"has-text-align-justify has-small-font-size\"><strong>2a. <\/strong>Organismo con forma cil\u00edndrica, que presenta unos peque\u00f1os pelos que le favorecen el movimiento y tiene la superficie ligeramente viscosa &#8211;&gt; <strong><a href=\"https:\/\/webs.uab.cat\/bees\/annelida\/\" data-type=\"page\" data-id=\"4088\">Annelida<\/a><\/strong><\/p>\n\n\n\n<p class=\"has-text-align-justify has-small-font-size\"><strong>2b. <\/strong>No presenta los anteriores caracteres, sino que tiene unas patas bien formadas &#8212;&#8212;&#8212;&gt; 3<\/p>\n<\/div>\n\n\n\n<div style=\"height:10px\" aria-hidden=\"true\" class=\"wp-block-spacer\"><\/div>\n\n\n\n<div class=\"wp-block-group is-vertical is-layout-flex wp-container-core-group-is-layout-769d0143 wp-block-group-is-layout-flex\">\n<p class=\"has-text-align-justify has-small-font-size\"><strong>3a. <\/strong>Presenta tres pares de patas &#8212;-&gt; <strong><a href=\"https:\/\/webs.uab.cat\/bees\/hexapoda\/\" data-type=\"page\" data-id=\"4095\">Hexapoda<\/a><\/strong><\/p>\n\n\n\n<p class=\"has-text-align-justify has-small-font-size\"><strong>3b. <\/strong>Tiene m\u00e1s de seis patas &#8212;&#8212;&#8212;&#8212;&#8212;&#8212;&gt; 4<\/p>\n<\/div>\n\n\n\n<div style=\"height:10px\" aria-hidden=\"true\" class=\"wp-block-spacer\"><\/div>\n\n\n\n<div class=\"wp-block-group has-small-font-size is-vertical is-layout-flex wp-container-core-group-is-layout-769d0143 wp-block-group-is-layout-flex\">\n<p class=\"has-text-align-justify has-small-font-size\"><strong>4a. <\/strong>Tiene cuatro pares de patas &#8212;-&gt; <strong><a href=\"https:\/\/webs.uab.cat\/bees\/arachnida\/\" data-type=\"page\" data-id=\"1893\">Arachnida<\/a><\/strong><\/p>\n\n\n\n<p class=\"has-text-align-justify has-small-font-size\"><strong>4b. <\/strong>Tiene un mayor n\u00famero de patas &#8212;&#8212;&#8212;&gt;  5<\/p>\n<\/div>\n\n\n\n<div style=\"height:10px\" aria-hidden=\"true\" class=\"wp-block-spacer\"><\/div>\n\n\n\n<div class=\"wp-block-group is-vertical is-layout-flex wp-container-core-group-is-layout-769d0143 wp-block-group-is-layout-flex\">\n<p class=\"has-text-align-justify has-small-font-size\"><strong>5a. <\/strong>Son animales que presentan entre diez y catorce patas &#8212;&#8212;&#8212;&#8212;&#8212;&#8212;&gt; <strong><a href=\"https:\/\/webs.uab.cat\/bees\/malacostraca\/\" data-type=\"page\" data-id=\"2005\">Malacostraca<\/a><\/strong><\/p>\n\n\n\n<p class=\"has-text-align-justify has-small-font-size\"><strong>5b. <\/strong>Presentan m\u00e1s de 14 patas, agrupados por segmentos &#8212;&#8212;&#8212;&#8212;&#8212;&#8212;&#8212;&#8212;-&gt; <strong><a href=\"https:\/\/webs.uab.cat\/bees\/myriapoda\/\" data-type=\"page\" data-id=\"2049\">Myriapoda<\/a><\/strong><\/p>\n<\/div>\n<\/div>\n\n\n\n<div class=\"wp-block-column is-layout-flow wp-block-column-is-layout-flow\" style=\"flex-basis:33.33%\">\n<div class=\"wp-block-group is-vertical is-layout-flex wp-container-core-group-is-layout-769d0143 wp-block-group-is-layout-flex\">\n<figure class=\"wp-block-image size-large\"><img decoding=\"async\" src=\"https:\/\/biocampus25.wordpress.com\/wp-content\/uploads\/2025\/04\/helix_pomatia_burgundy_snail_roman_snail_edible_snail_or_escargot_11-edited.jpg\" alt=\"\" class=\"wp-image-771\" \/><figcaption class=\"wp-element-caption\">Caracol, con su pie musculoso<\/figcaption><\/figure>\n<\/div>\n\n\n\n<div class=\"wp-block-group is-vertical is-layout-flex wp-container-core-group-is-layout-769d0143 wp-block-group-is-layout-flex\">\n<figure class=\"wp-block-image size-large\"><img loading=\"lazy\" decoding=\"async\" width=\"640\" height=\"427\" src=\"https:\/\/biocampus25.wordpress.com\/wp-content\/uploads\/2025\/04\/annelida_polychaeta_polynoidae_48724570088.jpg?w=640\" alt=\"\" class=\"wp-image-774\" srcset=\"https:\/\/webs.uab.cat\/bees\/wp-content\/uploads\/sites\/329\/2025\/04\/annelida_polychaeta_polynoidae_48724570088.jpg 640w, https:\/\/webs.uab.cat\/bees\/wp-content\/uploads\/sites\/329\/2025\/04\/annelida_polychaeta_polynoidae_48724570088-300x200.jpg 300w\" sizes=\"auto, (max-width: 640px) 100vw, 640px\" \/><figcaption class=\"wp-element-caption\">Sedas de un an\u00e9lido bajo lupa. Imagen con copyright CC BY 2.0, creada por Auckland Museum Collections y obtenida de Wikimedia commons en: <a href=\"https:\/\/commons.wikimedia.org\/wiki\/File:Annelida_polychaeta_polynoidae_(48724570088).jpg\">https:\/\/commons.wikimedia.org\/wiki\/File:Annelida_polychaeta_polynoidae_(48724570088).jpg<\/a><\/figcaption><\/figure>\n<\/div>\n<\/div>\n<\/div>\n\n\n\n<div style=\"height:30px\" aria-hidden=\"true\" class=\"wp-block-spacer\"><\/div>\n\n\n\n<p><strong>Bibliografia:<\/strong><\/p>\n\n\n\n<p class=\"has-text-align-justify has-small-font-size\">Wikipedia contributors. (n.d.-d).&nbsp;<em>Invertebrado<\/em>. Wikipedia, The Free Encyclopedia. <a href=\"https:\/\/es.wikipedia.org\/w\/index.php?title=Invertebrado&amp;oldid=166041001\">https:\/\/es.wikipedia.org\/w\/index.php?title=Invertebrado&amp;oldid=166041001<\/a><\/p>\n\n\n\n<p><\/p>\n","protected":false},"excerpt":{"rendered":"<p>Descripci\u00f3n: El grupo de los invertebrados incluye a todos aquellos animales que carecen de columna vertebral. Esto representa m\u00e1s del 95% de la diversidad de animales en el mundo, por lo que es muy importante aprender sobre ellos. Generalmente, son m\u00e1s peque\u00f1os y simples (en t\u00e9rminos morfol\u00f3gicos) que los vertebrados, aunque siempre hay excepciones. La [&hellip;]<\/p>\n","protected":false},"author":2556,"featured_media":0,"parent":0,"menu_order":0,"comment_status":"closed","ping_status":"closed","template":"","meta":{"footnotes":""},"class_list":["post-4098","page","type-page","status-publish","hentry"],"_links":{"self":[{"href":"https:\/\/webs.uab.cat\/bees\/wp-json\/wp\/v2\/pages\/4098","targetHints":{"allow":["GET"]}}],"collection":[{"href":"https:\/\/webs.uab.cat\/bees\/wp-json\/wp\/v2\/pages"}],"about":[{"href":"https:\/\/webs.uab.cat\/bees\/wp-json\/wp\/v2\/types\/page"}],"author":[{"embeddable":true,"href":"https:\/\/webs.uab.cat\/bees\/wp-json\/wp\/v2\/users\/2556"}],"replies":[{"embeddable":true,"href":"https:\/\/webs.uab.cat\/bees\/wp-json\/wp\/v2\/comments?post=4098"}],"version-history":[{"count":3,"href":"https:\/\/webs.uab.cat\/bees\/wp-json\/wp\/v2\/pages\/4098\/revisions"}],"predecessor-version":[{"id":4215,"href":"https:\/\/webs.uab.cat\/bees\/wp-json\/wp\/v2\/pages\/4098\/revisions\/4215"}],"wp:attachment":[{"href":"https:\/\/webs.uab.cat\/bees\/wp-json\/wp\/v2\/media?parent=4098"}],"curies":[{"name":"wp","href":"https:\/\/api.w.org\/{rel}","templated":true}]}}