{"id":4102,"date":"2025-05-14T11:42:28","date_gmt":"2025-05-14T09:42:28","guid":{"rendered":"https:\/\/biocampus25.wordpress.com\/?page_id=958"},"modified":"2025-05-19T12:55:23","modified_gmt":"2025-05-19T10:55:23","slug":"mosquito-tigre","status":"publish","type":"page","link":"https:\/\/webs.uab.cat\/bees\/mosquito-tigre\/","title":{"rendered":"MOSQUITO TIGRE"},"content":{"rendered":"<div class=\"wp-block-image\">\n<figure class=\"aligncenter size-large\"><img decoding=\"async\" src=\"https:\/\/biocampus25.wordpress.com\/wp-content\/uploads\/2025\/04\/cdc-gathany-aedes-albopictus-1-edited.jpg\" alt=\"\" class=\"wp-image-961\" \/><\/figure>\n<\/div>\n\n\n<div style=\"height:10px\" aria-hidden=\"true\" class=\"wp-block-spacer\"><\/div>\n\n\n\n<div class=\"wp-block-columns is-layout-flex wp-container-core-columns-is-layout-9d6595d7 wp-block-columns-is-layout-flex\">\n<div class=\"wp-block-column is-layout-flow wp-block-column-is-layout-flow\">\n<figure class=\"wp-block-table has-alegreya-font-family has-small-font-size\"><table><tbody><tr><td class=\"has-text-align-center\" data-align=\"center\"><strong>Reino<\/strong><\/td><td class=\"has-text-align-center\" data-align=\"center\">Animalia<\/td><\/tr><tr><td class=\"has-text-align-center\" data-align=\"center\"><strong>Filo<\/strong><\/td><td class=\"has-text-align-center\" data-align=\"center\">Arthropoda<\/td><\/tr><tr><td class=\"has-text-align-center\" data-align=\"center\"><strong>Subfilo<\/strong><\/td><td class=\"has-text-align-center\" data-align=\"center\"><a href=\"https:\/\/webs.uab.cat\/bees\/hexapoda\/\" data-type=\"page\" data-id=\"4095\">Hexapoda<\/a><\/td><\/tr><tr><td class=\"has-text-align-center\" data-align=\"center\"><strong>Clase<\/strong><\/td><td class=\"has-text-align-center\" data-align=\"center\">Insecta<\/td><\/tr><tr><td class=\"has-text-align-center\" data-align=\"center\"><strong>Orden<\/strong><\/td><td class=\"has-text-align-center\" data-align=\"center\"><a href=\"https:\/\/webs.uab.cat\/bees\/diptera\/\" data-type=\"page\" data-id=\"4092\">Diptera<\/a><\/td><\/tr><tr><td class=\"has-text-align-center\" data-align=\"center\"><strong>Suborden<\/strong><\/td><td class=\"has-text-align-center\" data-align=\"center\">Nematocera<\/td><\/tr><tr><td class=\"has-text-align-center\" data-align=\"center\"><strong>Familia<\/strong><\/td><td class=\"has-text-align-center\" data-align=\"center\"><a href=\"https:\/\/webs.uab.cat\/bees\/culicidae\/\" data-type=\"page\" data-id=\"4093\">Culicidae<\/a><\/td><\/tr><tr><td class=\"has-text-align-center\" data-align=\"center\"><strong>Subfamilia<\/strong><\/td><td class=\"has-text-align-center\" data-align=\"center\">Culicinae<\/td><\/tr><tr><td class=\"has-text-align-center\" data-align=\"center\"><strong>Tribu<\/strong><\/td><td class=\"has-text-align-center\" data-align=\"center\">Aedini<\/td><\/tr><tr><td class=\"has-text-align-center\" data-align=\"center\"><strong>G\u00e9nero<\/strong><\/td><td class=\"has-text-align-center\" data-align=\"center\">Aedes<\/td><\/tr><tr><td class=\"has-text-align-center\" data-align=\"center\"><strong>Especie<\/strong><\/td><td class=\"has-text-align-center\" data-align=\"center\">A. albopictus<\/td><\/tr><\/tbody><\/table><\/figure>\n<\/div>\n\n\n\n<div class=\"wp-block-column is-layout-flow wp-block-column-is-layout-flow\">\n<div class=\"wp-block-group is-vertical is-layout-flex wp-container-core-group-is-layout-769d0143 wp-block-group-is-layout-flex\">\n<p><strong>DESCRIPCI\u00d3N:<\/strong><\/p>\n\n\n\n<p class=\"has-text-align-justify has-alegreya-font-family has-small-font-size\">El mosquito tigre es un d\u00edptero de tama\u00f1o reducido, que suele medir unos 6-9mm de longitud. Como bien indica su nombre, presenta una coloraci\u00f3n que combina el negro de fondo con unas l\u00edneas o anillos blancos, lo que nos recuerda a la coloraci\u00f3n de un tigre.<\/p>\n\n\n\n<p class=\"has-text-align-justify has-alegreya-font-family has-small-font-size\">El macho se diferencia de la hembra por la presencia de unas antenas de forma plumosa y unos palpos m\u00e1s alargados. Adem\u00e1s, las hembras tienen su prob\u00f3scide m\u00e1s desarrollada para permitir la captura de la sangre.<\/p>\n\n\n\n<p class=\"has-text-align-justify has-alegreya-font-family has-small-font-size\">En la zona tor\u00e1cica presentan unas extremidades alargadas, delgadas y que les permiten adherirse a diferentes tipos de superficie, a parte de sus alas membranosas. Por otro lado, el abdomen es alargado y, al ingerir sangre, se puede inflar.<\/p>\n<\/div>\n<\/div>\n<\/div>\n\n\n\n<div style=\"height:10px\" aria-hidden=\"true\" class=\"wp-block-spacer\"><\/div>\n\n\n\n<div class=\"wp-block-group is-vertical is-layout-flex wp-container-core-group-is-layout-769d0143 wp-block-group-is-layout-flex\">\n<p><strong>DIETA:<\/strong><\/p>\n\n\n\n<p class=\"has-text-align-justify has-small-font-size\">Su dieta depende principalmente del sexo del individuo. Esto es debido a que las hembras son las que pican a los humanos en busca de la sangre, su alimento, mientras que los machos suelen ingerir n\u00e9ctar y jugos de frutas.<\/p>\n<\/div>\n\n\n\n<div style=\"height:10px\" aria-hidden=\"true\" class=\"wp-block-spacer\"><\/div>\n\n\n\n<div class=\"wp-block-group is-vertical is-layout-flex wp-container-core-group-is-layout-769d0143 wp-block-group-is-layout-flex\">\n<p><strong>ESTRUCTURA SOCIAL Y COMPORTAMIENTO:<\/strong><\/p>\n\n\n\n<p class=\"has-text-align-justify has-alegreya-font-family has-small-font-size\">Pese a que en algunos momentos puedan estar en grupos, estos no tienen ning\u00fan tipo de organizaci\u00f3n ni cooperaci\u00f3n. \u00danicamente se juntan por la presencia de un buen h\u00e1bitat.<\/p>\n\n\n\n<p class=\"has-text-align-justify has-alegreya-font-family has-small-font-size\">A diferencia de otros mosquitos, este se encuentra especialmente activo a pleno d\u00eda y cuando llega la noche entran en estado de reposo. Adem\u00e1s, \u00fanicamente los podemos encontrar entre finales de abril hasta inicios de noviembre.<\/p>\n\n\n\n<p class=\"has-text-align-justify has-alegreya-font-family has-small-font-size\">Durante este periodo cada vez que una hembra pica, deposita unos 70-100 huevos. Estos se sit\u00faan en contenedores artificiales que se contengan agua encharcada durante largos periodos de tiempo, por ejemplo en macetas o en alcantarillas.<\/p>\n\n\n\n<p class=\"has-text-align-justify has-alegreya-font-family has-small-font-size\">Una vez que el huevo entra en contacto con el agua, dar\u00e1 lugar a una larva que durante 5 d\u00edas se alimentaran de materia org\u00e1nica y microorganismos. Despu\u00e9s viene una fase de pupa, que dura 2-3 d\u00edas. Esta es capaz de hacer la metamorfosis para dar lugar a un adulto.<\/p>\n<\/div>\n\n\n<div class=\"wp-block-image\">\n<figure class=\"aligncenter size-large\"><img decoding=\"async\" src=\"https:\/\/biocampus25.wordpress.com\/wp-content\/uploads\/2025\/04\/captura-de-pantalla-2025-04-17-171132.png?w=1024\" alt=\"\" class=\"wp-image-995\" \/><\/figure>\n<\/div>\n\n\n<div style=\"height:10px\" aria-hidden=\"true\" class=\"wp-block-spacer\"><\/div>\n\n\n\n<div class=\"wp-block-group is-vertical is-layout-flex wp-container-core-group-is-layout-769d0143 wp-block-group-is-layout-flex\">\n<p><strong>HABITAT Y ZONA DE DISTRIBUCI\u00d3N:<\/strong><\/p>\n\n\n\n<p class=\"has-text-align-justify has-alegreya-font-family has-small-font-size\">Debido a su gran capacidad de adaptaci\u00f3n, se encuentran ampliamente distribuidos por el mundo. Los podemos encontrar en Europa (a excepci\u00f3n de Escandinavia), Algunas regiones aisladas de \u00c1frica, gran parte del sureste asi\u00e1tico y gran parte de Am\u00e9rica (excepto Canad\u00e1 y la zona oeste de Sudam\u00e9rica).<\/p>\n\n\n\n<p class=\"has-text-align-justify has-alegreya-font-family has-small-font-size\">Su h\u00e1bitat puede ser tanto el interior de las casas, lugar donde suelen obtener el alimento, como la vegetaci\u00f3n donde reposan. Siempre tienden a buscar zonas h\u00famedas y generalmente sombr\u00edas.<\/p>\n<\/div>\n\n\n\n<div class=\"wp-block-group is-vertical is-layout-flex wp-container-core-group-is-layout-769d0143 wp-block-group-is-layout-flex\">\n<figure class=\"wp-block-image size-large\"><img decoding=\"async\" src=\"https:\/\/biocampus25.wordpress.com\/wp-content\/uploads\/2025\/04\/captura-de-pantalla-2025-04-17-163340.png?w=1024\" alt=\"\" class=\"wp-image-970\" \/><\/figure>\n\n\n\n<p class=\"has-text-align-justify has-small-font-size\">Mapa de distribuci\u00f3n de Aedes albopictus. Imagen obtenida de Gbif en: <a href=\"https:\/\/www.gbif.org\/es\/species\/1651430\">https:\/\/www.gbif.org\/es\/species\/1651430<\/a><\/p>\n<\/div>\n\n\n\n<div style=\"height:10px\" aria-hidden=\"true\" class=\"wp-block-spacer\"><\/div>\n\n\n\n<div class=\"wp-block-group is-vertical is-layout-flex wp-container-core-group-is-layout-769d0143 wp-block-group-is-layout-flex\">\n<p><strong>ESTADO DE CONSERVACI\u00d3N:<\/strong><\/p>\n\n\n\n<p class=\"has-text-align-justify has-alegreya-font-family has-small-font-size\">Su estado de conservaci\u00f3n no se encuentra correctamente estudiado, pero si que se conoce que es una especie invasora en diferentes zonas del mundo (entre ellas Espa\u00f1a).<\/p>\n<\/div>\n\n\n<div class=\"wp-block-image\">\n<figure class=\"aligncenter size-large is-resized\"><img decoding=\"async\" src=\"https:\/\/biocampus25.wordpress.com\/wp-content\/uploads\/2025\/04\/captura_de_pantalla_2025-04-16_221652-removebg-preview-1.png?w=582\" alt=\"\" class=\"wp-image-974\" style=\"width:620px;height:auto\" \/><\/figure>\n<\/div>\n\n\n<div style=\"height:30px\" aria-hidden=\"true\" class=\"wp-block-spacer\"><\/div>\n\n\n\n<p><strong>REFERENCIAS:<\/strong><\/p>\n\n\n\n<div class=\"wp-block-group is-vertical is-layout-flex wp-container-core-group-is-layout-8cf370e7 wp-block-group-is-layout-flex\">\n<p class=\"has-text-align-justify has-small-font-size\">Wikipedia contributors. (n.d.).&nbsp;<em>Aedes albopictus<\/em>. Wikipedia, The Free Encyclopedia. <a href=\"https:\/\/es.wikipedia.org\/w\/index.php?title=Aedes_albopictus&amp;oldid=162655885\">https:\/\/es.wikipedia.org\/w\/index.php?title=Aedes_albopictus&amp;oldid=162655885<\/a><\/p>\n\n\n\n<p class=\"has-text-align-justify has-small-font-size\">Richter-Boix, A. (2020, July 27).&nbsp;<em>Mosquito tigre<\/em>. Mosquito Alert. <a href=\"https:\/\/www.mosquitoalert.com\/sobre-mosquitos\/mosquito-tigre\/\">https:\/\/www.mosquitoalert.com\/sobre-mosquitos\/mosquito-tigre\/<\/a><\/p>\n\n\n\n<p class=\"has-text-align-justify has-small-font-size\">Ciclo de vida del mosquito: Aedes aegypti and Ae. Albopictus. U.S. Department of Health and Human Services. Retrieved February 14, 2025, from <a href=\"https:\/\/www.cdc.gov\/mosquitoes\/pdfs\/aedeslifecycle_esp-p.pdf\">https:\/\/www.cdc.gov\/mosquitoes\/pdfs\/aedeslifecycle_esp-p.pdf<\/a><\/p>\n<\/div>\n\n\n\n<p><\/p>\n","protected":false},"excerpt":{"rendered":"<p>Reino Animalia Filo Arthropoda Subfilo Hexapoda Clase Insecta Orden Diptera Suborden Nematocera Familia Culicidae Subfamilia Culicinae Tribu Aedini G\u00e9nero Aedes Especie A. albopictus DESCRIPCI\u00d3N: El mosquito tigre es un d\u00edptero de tama\u00f1o reducido, que suele medir unos 6-9mm de longitud. Como bien indica su nombre, presenta una coloraci\u00f3n que combina el negro de fondo con [&hellip;]<\/p>\n","protected":false},"author":2556,"featured_media":0,"parent":0,"menu_order":0,"comment_status":"closed","ping_status":"closed","template":"","meta":{"footnotes":""},"class_list":["post-4102","page","type-page","status-publish","hentry"],"_links":{"self":[{"href":"https:\/\/webs.uab.cat\/bees\/wp-json\/wp\/v2\/pages\/4102","targetHints":{"allow":["GET"]}}],"collection":[{"href":"https:\/\/webs.uab.cat\/bees\/wp-json\/wp\/v2\/pages"}],"about":[{"href":"https:\/\/webs.uab.cat\/bees\/wp-json\/wp\/v2\/types\/page"}],"author":[{"embeddable":true,"href":"https:\/\/webs.uab.cat\/bees\/wp-json\/wp\/v2\/users\/2556"}],"replies":[{"embeddable":true,"href":"https:\/\/webs.uab.cat\/bees\/wp-json\/wp\/v2\/comments?post=4102"}],"version-history":[{"count":1,"href":"https:\/\/webs.uab.cat\/bees\/wp-json\/wp\/v2\/pages\/4102\/revisions"}],"predecessor-version":[{"id":4253,"href":"https:\/\/webs.uab.cat\/bees\/wp-json\/wp\/v2\/pages\/4102\/revisions\/4253"}],"wp:attachment":[{"href":"https:\/\/webs.uab.cat\/bees\/wp-json\/wp\/v2\/media?parent=4102"}],"curies":[{"name":"wp","href":"https:\/\/api.w.org\/{rel}","templated":true}]}}