{"id":4103,"date":"2025-05-14T11:42:27","date_gmt":"2025-05-14T09:42:27","guid":{"rendered":"https:\/\/biocampus25.wordpress.com\/?page_id=985"},"modified":"2025-05-19T12:54:03","modified_gmt":"2025-05-19T10:54:03","slug":"mosca-zangano-europea","status":"publish","type":"page","link":"https:\/\/webs.uab.cat\/bees\/mosca-zangano-europea\/","title":{"rendered":"MOSCA Z\u00c1NGANO EUROPEA"},"content":{"rendered":"<div class=\"wp-block-image\">\n<figure class=\"aligncenter size-large\"><img decoding=\"async\" src=\"https:\/\/biocampus25.wordpress.com\/wp-content\/uploads\/2025\/04\/eristalis_tenax_slovenia-edited.jpg\" alt=\"\" class=\"wp-image-988\" \/><\/figure>\n<\/div>\n\n\n<div style=\"height:10px\" aria-hidden=\"true\" class=\"wp-block-spacer\"><\/div>\n\n\n\n<div class=\"wp-block-columns is-layout-flex wp-container-core-columns-is-layout-9d6595d7 wp-block-columns-is-layout-flex\">\n<div class=\"wp-block-column is-layout-flow wp-block-column-is-layout-flow\">\n<figure class=\"wp-block-table has-alegreya-font-family has-small-font-size\"><table><tbody><tr><td class=\"has-text-align-center\" data-align=\"center\"><strong>Reino<\/strong><\/td><td class=\"has-text-align-center\" data-align=\"center\">Animalia<\/td><\/tr><tr><td class=\"has-text-align-center\" data-align=\"center\"><strong>Filo<\/strong><\/td><td class=\"has-text-align-center\" data-align=\"center\">Arthropoda<\/td><\/tr><tr><td class=\"has-text-align-center\" data-align=\"center\"><strong>Subfilo<\/strong><\/td><td class=\"has-text-align-center\" data-align=\"center\"><a href=\"https:\/\/webs.uab.cat\/bees\/hexapoda\/\" data-type=\"page\" data-id=\"4095\">Hexapoda<\/a><\/td><\/tr><tr><td class=\"has-text-align-center\" data-align=\"center\"><strong>Clase<\/strong><\/td><td class=\"has-text-align-center\" data-align=\"center\">Insecta<\/td><\/tr><tr><td class=\"has-text-align-center\" data-align=\"center\"><strong>Subclase<\/strong><\/td><td class=\"has-text-align-center\" data-align=\"center\">Pterygota<\/td><\/tr><tr><td class=\"has-text-align-center\" data-align=\"center\"><strong>Orden<\/strong><\/td><td class=\"has-text-align-center\" data-align=\"center\"><a href=\"https:\/\/webs.uab.cat\/bees\/diptera\/\" data-type=\"page\" data-id=\"4092\">Diptera<\/a><\/td><\/tr><tr><td class=\"has-text-align-center\" data-align=\"center\"><strong>Suborden<\/strong><\/td><td class=\"has-text-align-center\" data-align=\"center\">Brachycera<\/td><\/tr><tr><td class=\"has-text-align-center\" data-align=\"center\"><strong>Infraorden<\/strong><\/td><td class=\"has-text-align-center\" data-align=\"center\">Cyclorrhapha<\/td><\/tr><tr><td class=\"has-text-align-center\" data-align=\"center\"><strong>Familia<\/strong><\/td><td class=\"has-text-align-center\" data-align=\"center\"><a href=\"https:\/\/webs.uab.cat\/bees\/syrphidae\/\" data-type=\"page\" data-id=\"4114\">Syrphidae<\/a><\/td><\/tr><tr><td class=\"has-text-align-center\" data-align=\"center\"><strong>Subfamilia<\/strong><\/td><td class=\"has-text-align-center\" data-align=\"center\">Eristalinae<\/td><\/tr><tr><td class=\"has-text-align-center\" data-align=\"center\"><strong>Tribu<\/strong><\/td><td class=\"has-text-align-center\" data-align=\"center\">Eristalini<\/td><\/tr><tr><td class=\"has-text-align-center\" data-align=\"center\"><strong>Subtribu<\/strong><\/td><td class=\"has-text-align-center\" data-align=\"center\">Eristalina<\/td><\/tr><tr><td class=\"has-text-align-center\" data-align=\"center\"><strong>G\u00e9nero<\/strong><\/td><td class=\"has-text-align-center\" data-align=\"center\">Eristalis<\/td><\/tr><tr><td class=\"has-text-align-center\" data-align=\"center\"><strong>Especie<\/strong><\/td><td class=\"has-text-align-center\" data-align=\"center\">E. tenax<\/td><\/tr><\/tbody><\/table><\/figure>\n<\/div>\n\n\n\n<div class=\"wp-block-column is-layout-flow wp-block-column-is-layout-flow\">\n<div class=\"wp-block-group is-vertical is-layout-flex wp-container-core-group-is-layout-769d0143 wp-block-group-is-layout-flex\">\n<p><strong>DESCRIPCI\u00d3N:<\/strong><\/p>\n\n\n\n<p class=\"has-text-align-justify has-small-font-size\">La mosca z\u00e1ngano europea es un d\u00edptero de tama\u00f1o reducido, que suele medir unos 14-16mm. Son principalmente de color negro, pero pueden presentar manchas amarillentas o anaranjadas en diferentes segmentos de su cuerpo.<\/p>\n\n\n\n<p class=\"has-text-align-justify has-small-font-size\">El dimorfismo sexual se basa en el tama\u00f1o y forma de las alas, donde los machos destacan por tener unos ojos grandes que casi contactan por la parte superior, mientras que las hembras tienen alas m\u00e1s alargadas.<\/p>\n\n\n\n<p class=\"has-text-align-justify has-small-font-size\">Entre algunas de las caracter\u00edsticas m\u00e1s destacables de esta especie est\u00e1 la presencia de dos bandas verticales de pelos en los ojos, adem\u00e1s de la presencia de una falsa vena en sus alas.<\/p>\n<\/div>\n<\/div>\n<\/div>\n\n\n\n<div style=\"height:10px\" aria-hidden=\"true\" class=\"wp-block-spacer\"><\/div>\n\n\n\n<div class=\"wp-block-group is-vertical is-layout-flex wp-container-core-group-is-layout-769d0143 wp-block-group-is-layout-flex\">\n<p><strong>DIETA:<\/strong><\/p>\n\n\n\n<p class=\"has-text-align-justify has-alegreya-font-family has-small-font-size\">Esta es una mosca polinizadora, por lo que suelen ingerir el n\u00e9ctar de las flores que llaman su atenci\u00f3n.<\/p>\n<\/div>\n\n\n\n<div style=\"height:10px\" aria-hidden=\"true\" class=\"wp-block-spacer\"><\/div>\n\n\n\n<div class=\"wp-block-group is-vertical is-layout-flex wp-container-core-group-is-layout-769d0143 wp-block-group-is-layout-flex\">\n<p><strong>ESTRUCTURA SOCIAL Y COMPORTAMIENTO:<\/strong><\/p>\n\n\n\n<p class=\"has-text-align-justify has-alegreya-font-family has-small-font-size\">Esta especie est\u00e1 formada por individuos que permanecen toda la vida en un mismo territorio, es por ello por lo que los machos pueden comportarse de forma territorial en el periodo reproductivo.<\/p>\n\n\n\n<p class=\"has-text-align-justify has-alegreya-font-family has-small-font-size\">Su periodo reproductivo se da pasado unos 20 des de que emergieron como adultos, lo cual puede variar seg\u00fan la disponibilidad de alimento y las condiciones ambientales. Ser\u00e1 en este momento en el que la hembra deposita aproximadamente 130 huevos, de los cuales saldr\u00e1n unas larvas acu\u00e1ticas con un sif\u00f3n terminal para la respiraci\u00f3n.<\/p>\n\n\n\n<p class=\"has-text-align-justify has-alegreya-font-family has-small-font-size\">Despu\u00e9s de unas 2-3 semanas de desarrollo larval, da lugar a una pupa. Esta al cabo de unos 8-10 d\u00edas dar\u00e1 lugar a un adulto.<\/p>\n<\/div>\n\n\n<div class=\"wp-block-image\">\n<figure class=\"aligncenter size-large\"><img decoding=\"async\" src=\"https:\/\/biocampus25.wordpress.com\/wp-content\/uploads\/2025\/04\/captura-de-pantalla-2025-04-17-172053.png?w=1024\" alt=\"\" class=\"wp-image-998\" \/><\/figure>\n<\/div>\n\n\n<div style=\"height:10px\" aria-hidden=\"true\" class=\"wp-block-spacer\"><\/div>\n\n\n\n<div class=\"wp-block-group is-vertical is-layout-flex wp-container-core-group-is-layout-769d0143 wp-block-group-is-layout-flex\">\n<p><strong>HABITAT Y ZONA DE DISTRIBUCI\u00d3N:<\/strong><\/p>\n\n\n\n<p class=\"has-text-align-justify has-alegreya-font-family has-small-font-size\">Esta mosca se encuentra ampliamente distribuido por todo el mundo, a excepci\u00f3n de las regiones de mayor latitud, la mayor\u00eda de \u00c1frica y la zona norte de Sudam\u00e9rica.<\/p>\n\n\n\n<p class=\"has-text-align-justify has-alegreya-font-family has-small-font-size\">Suele habitar en zonas abiertas, como seria la zona m\u00e1s externa de los bosques o en jardines urbanos.<\/p>\n<\/div>\n\n\n\n<div class=\"wp-block-group is-vertical is-layout-flex wp-container-core-group-is-layout-769d0143 wp-block-group-is-layout-flex\">\n<figure class=\"wp-block-image size-large\"><img decoding=\"async\" src=\"https:\/\/biocampus25.wordpress.com\/wp-content\/uploads\/2025\/04\/captura-de-pantalla-2025-04-17-172353.png?w=1024\" alt=\"\" class=\"wp-image-1000\" \/><\/figure>\n\n\n\n<p class=\"has-text-align-justify has-small-font-size\">Mapa de distribuci\u00f3n de Eristalis tenax. Imagen obtenida de Gbif en: <a href=\"https:\/\/www.gbif.org\/es\/species\/1541217\">https:\/\/www.gbif.org\/es\/species\/1541217<\/a><\/p>\n<\/div>\n\n\n\n<div style=\"height:10px\" aria-hidden=\"true\" class=\"wp-block-spacer\"><\/div>\n\n\n\n<div class=\"wp-block-group is-vertical is-layout-flex wp-container-core-group-is-layout-769d0143 wp-block-group-is-layout-flex\">\n<p><strong>ESTADO DE CONSERVACI\u00d3N:<\/strong><\/p>\n\n\n\n<p class=\"has-text-align-justify has-alegreya-font-family has-small-font-size\">Seg\u00fan los datos de la IUCN, esta especie est\u00e1 considerada de preocupaci\u00f3n menor.<\/p>\n<\/div>\n\n\n<div class=\"wp-block-image\">\n<figure class=\"aligncenter size-large\"><img decoding=\"async\" src=\"https:\/\/biocampus25.wordpress.com\/wp-content\/uploads\/2025\/04\/captura_de_pantalla_2025-03-27_213157-removebg-preview-24.png?w=797\" alt=\"\" class=\"wp-image-1002\" \/><\/figure>\n<\/div>\n\n\n<div style=\"height:30px\" aria-hidden=\"true\" class=\"wp-block-spacer\"><\/div>\n\n\n\n<p><strong>REFERENCIAS:<\/strong><\/p>\n\n\n\n<p class=\"has-text-align-justify has-small-font-size\"><em>Mosca z\u00e1ngano europea (Eristalis tenax)<\/em>. (n.d.). ArgentiNat. Retrieved February 14, 2025, from <a href=\"https:\/\/www.argentinat.org\/taxa\/55719-Eristalis-tenax\">https:\/\/www.argentinat.org\/taxa\/55719-Eristalis-tenax<\/a><\/p>\n\n\n\n<p class=\"has-text-align-justify has-small-font-size\">Valderrey, J. L. M. (2007, April 22).&nbsp;<em>Eristalis tenax (Linnaeus, 1758)<\/em>. Naturaleza y turismo. <a href=\"https:\/\/www.asturnatura.com\/especie\/eristalis-tenax\">https:\/\/www.asturnatura.com\/especie\/eristalis-tenax<\/a><\/p>\n\n\n\n<p class=\"has-text-align-justify has-small-font-size\"><em>Drone Fly, Rat-Tailed Maggot Eristalis tenax (Linnaeus) (Insecta: Diptera: Syrphidae)<\/em>. (n.d.). Ask IFAS &#8211; Powered by EDIS. Retrieved February 14, 2025, from <a href=\"https:\/\/edis.ifas.ufl.edu\/publication\/IN809\">https:\/\/edis.ifas.ufl.edu\/publication\/IN809<\/a><\/p>\n\n\n\n<p class=\"has-text-align-justify has-small-font-size\">Wikipedia contributors. (2025, February 3).&nbsp;<em>Eristalis tenax<\/em>. Wikipedia, The Free Encyclopedia. <a href=\"https:\/\/en.wikipedia.org\/w\/index.php?title=Eristalis_tenax&amp;oldid=1273571404\">https:\/\/en.wikipedia.org\/w\/index.php?title=Eristalis_tenax&amp;oldid=1273571404<\/a><\/p>\n\n\n\n<p class=\"has-text-align-justify has-small-font-size\">Aracil, A., P\u00e9rez, C. &amp; Rojo, S. (2020).&nbsp;Eristalis tenax. <em>The IUCN Red List of Threatened Species<\/em>. <a href=\"https:\/\/doi.org\/10.2305\/iucn.uk.2021-3.rlts.t149163763a151663293.en\">https:\/\/doi.org\/10.2305\/iucn.uk.2021-3.rlts.t149163763a151663293.en<\/a><\/p>\n","protected":false},"excerpt":{"rendered":"<p>Reino Animalia Filo Arthropoda Subfilo Hexapoda Clase Insecta Subclase Pterygota Orden Diptera Suborden Brachycera Infraorden Cyclorrhapha Familia Syrphidae Subfamilia Eristalinae Tribu Eristalini Subtribu Eristalina G\u00e9nero Eristalis Especie E. tenax DESCRIPCI\u00d3N: La mosca z\u00e1ngano europea es un d\u00edptero de tama\u00f1o reducido, que suele medir unos 14-16mm. Son principalmente de color negro, pero pueden presentar manchas amarillentas [&hellip;]<\/p>\n","protected":false},"author":2556,"featured_media":0,"parent":0,"menu_order":0,"comment_status":"closed","ping_status":"closed","template":"","meta":{"footnotes":""},"class_list":["post-4103","page","type-page","status-publish","hentry"],"_links":{"self":[{"href":"https:\/\/webs.uab.cat\/bees\/wp-json\/wp\/v2\/pages\/4103","targetHints":{"allow":["GET"]}}],"collection":[{"href":"https:\/\/webs.uab.cat\/bees\/wp-json\/wp\/v2\/pages"}],"about":[{"href":"https:\/\/webs.uab.cat\/bees\/wp-json\/wp\/v2\/types\/page"}],"author":[{"embeddable":true,"href":"https:\/\/webs.uab.cat\/bees\/wp-json\/wp\/v2\/users\/2556"}],"replies":[{"embeddable":true,"href":"https:\/\/webs.uab.cat\/bees\/wp-json\/wp\/v2\/comments?post=4103"}],"version-history":[{"count":1,"href":"https:\/\/webs.uab.cat\/bees\/wp-json\/wp\/v2\/pages\/4103\/revisions"}],"predecessor-version":[{"id":4251,"href":"https:\/\/webs.uab.cat\/bees\/wp-json\/wp\/v2\/pages\/4103\/revisions\/4251"}],"wp:attachment":[{"href":"https:\/\/webs.uab.cat\/bees\/wp-json\/wp\/v2\/media?parent=4103"}],"curies":[{"name":"wp","href":"https:\/\/api.w.org\/{rel}","templated":true}]}}