{"id":4106,"date":"2025-05-14T11:43:39","date_gmt":"2025-05-14T09:43:39","guid":{"rendered":"https:\/\/biocampus25.wordpress.com\/?page_id=595"},"modified":"2025-05-19T13:39:35","modified_gmt":"2025-05-19T11:39:35","slug":"sapo-corredor","status":"publish","type":"page","link":"https:\/\/webs.uab.cat\/bees\/sapo-corredor\/","title":{"rendered":"SAPO CORREDOR"},"content":{"rendered":"<div class=\"wp-block-image\">\n<figure class=\"aligncenter size-large\"><img decoding=\"async\" src=\"https:\/\/biocampus25.wordpress.com\/wp-content\/uploads\/2025\/04\/bufo_calamita224.jpg?w=640\" alt=\"\" class=\"wp-image-596\" \/><\/figure>\n<\/div>\n\n\n<div style=\"height:10px\" aria-hidden=\"true\" class=\"wp-block-spacer\"><\/div>\n\n\n\n<div class=\"wp-block-columns is-layout-flex wp-container-core-columns-is-layout-9d6595d7 wp-block-columns-is-layout-flex\">\n<div class=\"wp-block-column is-layout-flow wp-block-column-is-layout-flow\">\n<figure class=\"wp-block-table has-alegreya-font-family has-small-font-size\"><table><tbody><tr><td class=\"has-text-align-center\" data-align=\"center\"><strong>Reino<\/strong><\/td><td class=\"has-text-align-center\" data-align=\"center\">Animalia<\/td><\/tr><tr><td class=\"has-text-align-center\" data-align=\"center\"><strong>Filo<\/strong><\/td><td class=\"has-text-align-center\" data-align=\"center\">Chordata<\/td><\/tr><tr><td class=\"has-text-align-center\" data-align=\"center\"><strong>Subfilo<\/strong><\/td><td class=\"has-text-align-center\" data-align=\"center\"><a href=\"https:\/\/webs.uab.cat\/bees\/vertebrados\/\" data-type=\"page\" data-id=\"43\">Vertebrata<\/a><\/td><\/tr><tr><td class=\"has-text-align-center\" data-align=\"center\"><strong>Clase<\/strong><\/td><td class=\"has-text-align-center\" data-align=\"center\"><a href=\"https:\/\/webs.uab.cat\/bees\/anfibios\/\" data-type=\"page\" data-id=\"4086\">Amphibia<\/a><\/td><\/tr><tr><td class=\"has-text-align-center\" data-align=\"center\"><strong>Orden<\/strong><\/td><td class=\"has-text-align-center\" data-align=\"center\">Anura<\/td><\/tr><tr><td class=\"has-text-align-center\" data-align=\"center\"><strong>Familia<\/strong><\/td><td class=\"has-text-align-center\" data-align=\"center\">Bufonidae<\/td><\/tr><tr><td class=\"has-text-align-center\" data-align=\"center\"><strong>G\u00e9nero<\/strong><\/td><td class=\"has-text-align-center\" data-align=\"center\">Epidalea<\/td><\/tr><tr><td class=\"has-text-align-center\" data-align=\"center\"><strong>Especie<\/strong><\/td><td class=\"has-text-align-center\" data-align=\"center\">E. calamita<\/td><\/tr><\/tbody><\/table><\/figure>\n<\/div>\n\n\n\n<div class=\"wp-block-column is-layout-flow wp-block-column-is-layout-flow\">\n<div class=\"wp-block-group is-vertical is-layout-flex wp-container-core-group-is-layout-769d0143 wp-block-group-is-layout-flex\">\n<p><strong>DESCRIPCI\u00d3N:<\/strong><\/p>\n\n\n\n<p class=\"has-text-align-justify has-alegreya-font-family has-small-font-size\">El sapo corredor es un anfibio de tama\u00f1o mediano, donde el macho suele medir unos 7cm mientras que la hembra puede alcanzar los 10cm. Esto hace que su peso varie entre los 10 y 50 gramos.<\/p>\n\n\n\n<p class=\"has-text-align-justify has-alegreya-font-family has-small-font-size\">Su piel es de colores variables, donde destacan los tonos verdes, gris\u00e1ceos y marrones. Tambi\u00e9n tienen diversas manchas de colores claros por toda su superficie, adem\u00e1s de una l\u00ednea amarilla que recorre toda su parte dorsal.<\/p>\n\n\n\n<p class=\"has-text-align-justify has-alegreya-font-family has-small-font-size\">Su dimorfismo sexual, a parte de basarse en la diferencia de tama\u00f1o, tambi\u00e9n incluye el hecho de que los machos tienen un saco vocal grande que les permite gritar, mientras que las hembras tienen su superficie dorsal mucho m\u00e1s verrucosa que los machos.<\/p>\n\n\n\n<p class=\"has-text-align-justify has-alegreya-font-family has-small-font-size\">Su cabeza es m\u00e1s ancha que larga y presenta una boca grande y unos ojos prominentes, con la pupila horizontal. Sus patas son cortas, igual que sus dedos, adem\u00e1s destaca que sus patas posteriores no le permiten saltar, pero si correr a gran velocidad.<\/p>\n<\/div>\n<\/div>\n<\/div>\n\n\n\n<div style=\"height:10px\" aria-hidden=\"true\" class=\"wp-block-spacer\"><\/div>\n\n\n\n<div class=\"wp-block-group is-vertical is-layout-flex wp-container-core-group-is-layout-769d0143 wp-block-group-is-layout-flex\">\n<p><strong>DIETA:<\/strong><\/p>\n\n\n\n<p class=\"has-text-align-justify has-alegreya-font-family has-small-font-size\">Seg\u00fan la fase vital en la que se encuentren, pueden tener una dieta u otra. Los renacuajos son generalmente herb\u00edvoros, pero tambi\u00e9n pueden carro\u00f1ear restos de renacuajos muertos, mientras que los adultos cazan todo tipo de artr\u00f3podos.<\/p>\n<\/div>\n\n\n\n<div style=\"height:10px\" aria-hidden=\"true\" class=\"wp-block-spacer\"><\/div>\n\n\n\n<div class=\"wp-block-group is-vertical is-layout-flex wp-container-core-group-is-layout-769d0143 wp-block-group-is-layout-flex\">\n<p><strong>ESTRUCTURA SOCIAL Y COMPORTAMIENTO:<\/strong><\/p>\n\n\n\n<p class=\"has-text-align-justify has-alegreya-font-family has-small-font-size\">Este animal suele comportarse de forma solitaria y territorial, donde los machos mas grandes tienen territorios de mayor tama\u00f1o. Esto suele cambiar en la \u00e9poca de reproducci\u00f3n, donde tienen cierto comportamiento cooperativo.<\/p>\n\n\n\n<p class=\"has-text-align-justify has-alegreya-font-family has-small-font-size\">Su horario de actividad suele ser nocturno, igual que la gran mayor\u00eda de anfibio, aunque destaca el hecho de que se encuentran especialmente activos los d\u00edas de lluvia. Durante el d\u00eda se esconden bajo piedras, troncos o grietas.<\/p>\n\n\n\n<p class=\"has-text-align-justify has-alegreya-font-family has-small-font-size\">Su periodo reproductivo es muy variable puesto que lo realizan al poco tiempo de que haya llovido, acudiendo a las charcas a formar coros de machos para as\u00ed atraer a las hembras. Despu\u00e9s de esto, las hembras pueden dar lugar a cientos o miles de huevos, que depositan en el agua (o sobre la vegetaci\u00f3n) formando un cord\u00f3n.<\/p>\n\n\n\n<p class=\"has-text-align-justify has-alegreya-font-family has-small-font-size\">El tiempo de desarrollo de estos huevos es muy r\u00e1pido, as\u00ed como el proceso de metamorfosis, donde este \u00faltimo tan solo tarda uno o dos meses.<\/p>\n<\/div>\n\n\n<div class=\"wp-block-image\">\n<figure class=\"aligncenter size-large\"><img decoding=\"async\" src=\"https:\/\/biocampus25.wordpress.com\/wp-content\/uploads\/2025\/04\/captura-de-pantalla-2025-04-15-215730-1.png?w=1024\" alt=\"\" class=\"wp-image-612\" \/><\/figure>\n<\/div>\n\n\n<div style=\"height:10px\" aria-hidden=\"true\" class=\"wp-block-spacer\"><\/div>\n\n\n\n<div class=\"wp-block-group is-vertical is-layout-flex wp-container-core-group-is-layout-769d0143 wp-block-group-is-layout-flex\">\n<p><strong>HABITAT Y ZONA DE DISTRIBUCI\u00d3N:<\/strong><\/p>\n\n\n\n<p class=\"has-text-align-justify has-alegreya-font-family has-small-font-size\">Este sapo se encuentra ampliamente distribuido por Europa, pudiendo ocupar parte del Reino Unido y Irlanda, pero que su territorio se corta por el este con Bielorrusia y al sud con los Alpes.<\/p>\n\n\n\n<p class=\"has-text-align-justify has-alegreya-font-family has-small-font-size\">Es capaz de adaptarse a diversos h\u00e1bitats diferentes, pudiendo encontrarlos des de zonas costaneras o secas hasta zonas a mayor altura y fr\u00edas. Adem\u00e1s, como su per\u00edodo de cr\u00eda es corto, pueden encontrarse no solo en agua dulce sino en masa de agua ligeramente salobres. Tambi\u00e9n pueden llegar a campos de cultivo u otras zonas con actividad antr\u00f3pica.<\/p>\n<\/div>\n\n\n\n<div class=\"wp-block-group is-vertical is-layout-flex wp-container-core-group-is-layout-769d0143 wp-block-group-is-layout-flex\">\n<figure class=\"wp-block-image size-large is-resized\"><img decoding=\"async\" src=\"https:\/\/biocampus25.wordpress.com\/wp-content\/uploads\/2025\/04\/captura-de-pantalla-2025-04-15-221906.png?w=545\" alt=\"\" class=\"wp-image-604\" style=\"width:620px;height:auto\" \/><\/figure>\n\n\n\n<p class=\"has-text-align-justify has-small-font-size\">Mapa de distribuci\u00f3n de Epidalea calamita. Imagen obtenida de Gbif en: <a href=\"https:\/\/www.gbif.org\/es\/species\/2422507\">https:\/\/www.gbif.org\/es\/species\/2422507<\/a><\/p>\n<\/div>\n\n\n\n<div style=\"height:10px\" aria-hidden=\"true\" class=\"wp-block-spacer\"><\/div>\n\n\n\n<div class=\"wp-block-group is-vertical is-layout-flex wp-container-core-group-is-layout-769d0143 wp-block-group-is-layout-flex\">\n<p><strong>ESTADO DE CONSERVACI\u00d3N:<\/strong><\/p>\n\n\n\n<p class=\"has-text-align-justify has-alegreya-font-family has-small-font-size\">Pese a que los datos de la IUCN indiquen que esta especie sea de preocupaci\u00f3n menor, es importante destacar que sus poblaciones est\u00e1n disminuyendo.<\/p>\n<\/div>\n\n\n<div class=\"wp-block-image\">\n<figure class=\"aligncenter size-large\"><img decoding=\"async\" src=\"https:\/\/biocampus25.wordpress.com\/wp-content\/uploads\/2025\/04\/captura_de_pantalla_2025-03-27_213157-removebg-preview-19.png?w=797\" alt=\"\" class=\"wp-image-607\" \/><\/figure>\n<\/div>\n\n\n<div style=\"height:30px\" aria-hidden=\"true\" class=\"wp-block-spacer\"><\/div>\n\n\n\n<p><strong>REFERENCIAS:<\/strong><\/p>\n\n\n\n<p class=\"has-text-align-justify has-small-font-size\"><em>Sapo Corredor (Epidalea calamita)<\/em>. (n.d.). ArgentiNat. Retrieved February 12, 2025, from <a href=\"https:\/\/www.argentinat.org\/taxa\/65450-Epidalea-calamita\">https:\/\/www.argentinat.org\/taxa\/65450-Epidalea-calamita<\/a><\/p>\n\n\n\n<p class=\"has-text-align-justify has-small-font-size\">Gomez-Mestre, I. (2014). Sapo corredor \u2013&nbsp;<em>Epidalea calamita<\/em>. En:&nbsp;<em>Enciclopedia Virtual de los Vertebrados Espa\u00f1oles<\/em>. Salvador, A., Mart\u00ednez-Solano, I. (Eds.). Museo Nacional de Ciencias Naturales, Madrid.&nbsp;&nbsp;&nbsp; <a href=\"http:\/\/www.vertebradosibericos.org\/\">http:\/\/www.vertebradosibericos.org\/<\/a><\/p>\n\n\n\n<p class=\"has-text-align-justify has-small-font-size\">Valderrey, J. L. M. (2009, June 20).&nbsp;<em>Epidalea calamita (Laurenti, 1768)<\/em>. Naturaleza y turismo. <a href=\"https:\/\/www.asturnatura.com\/especie\/epidalea-calamita\">https:\/\/www.asturnatura.com\/especie\/epidalea-calamita<\/a><\/p>\n\n\n\n<p class=\"has-text-align-justify has-small-font-size\"><em>Epidalea calamita<\/em>. (n.d.). Asociaci\u00f3n Herpetol\u00f3gica Timon. Retrieved February 12, 2025, from <a href=\"https:\/\/www.asociaciontimon.org\/especies\/epidalea-calamita\/\">https:\/\/www.asociaciontimon.org\/especies\/epidalea-calamita\/<\/a><\/p>\n\n\n\n<p class=\"has-text-align-justify has-small-font-size\">Ogrodowczyk, A., Kr\u00e1sa, A., Schmidt, B.R., Miaud, C., Tarkhnishvili, D., Mart\u00ednez-Solano, I., Bosch, J., Wilkinson, J., Pobolj\u0161aj, K., Ogielska, M., Denoel, M., Lizana, M., Tejedo, M., Beja, P., Nystr\u00f6m, P., Zollinger, R., Litvinchuk, S. &amp; Beebee, T.&nbsp;2024.&nbsp;<em>Epidalea calamita<\/em>.&nbsp;<em>The IUCN Red List of Threatened Species<\/em>&nbsp;2024. <a href=\"https:\/\/dx.doi.org\/10.2305\/IUCN.UK.2024-2.RLTS.T54598A228181470.en\">https:\/\/dx.doi.org\/10.2305\/IUCN.UK.2024-2.RLTS.T54598A228181470.en<\/a><\/p>\n","protected":false},"excerpt":{"rendered":"<p>Reino Animalia Filo Chordata Subfilo Vertebrata Clase Amphibia Orden Anura Familia Bufonidae G\u00e9nero Epidalea Especie E. calamita DESCRIPCI\u00d3N: El sapo corredor es un anfibio de tama\u00f1o mediano, donde el macho suele medir unos 7cm mientras que la hembra puede alcanzar los 10cm. Esto hace que su peso varie entre los 10 y 50 gramos. Su [&hellip;]<\/p>\n","protected":false},"author":2556,"featured_media":0,"parent":0,"menu_order":0,"comment_status":"closed","ping_status":"closed","template":"","meta":{"footnotes":""},"class_list":["post-4106","page","type-page","status-publish","hentry"],"_links":{"self":[{"href":"https:\/\/webs.uab.cat\/bees\/wp-json\/wp\/v2\/pages\/4106","targetHints":{"allow":["GET"]}}],"collection":[{"href":"https:\/\/webs.uab.cat\/bees\/wp-json\/wp\/v2\/pages"}],"about":[{"href":"https:\/\/webs.uab.cat\/bees\/wp-json\/wp\/v2\/types\/page"}],"author":[{"embeddable":true,"href":"https:\/\/webs.uab.cat\/bees\/wp-json\/wp\/v2\/users\/2556"}],"replies":[{"embeddable":true,"href":"https:\/\/webs.uab.cat\/bees\/wp-json\/wp\/v2\/comments?post=4106"}],"version-history":[{"count":1,"href":"https:\/\/webs.uab.cat\/bees\/wp-json\/wp\/v2\/pages\/4106\/revisions"}],"predecessor-version":[{"id":4289,"href":"https:\/\/webs.uab.cat\/bees\/wp-json\/wp\/v2\/pages\/4106\/revisions\/4289"}],"wp:attachment":[{"href":"https:\/\/webs.uab.cat\/bees\/wp-json\/wp\/v2\/media?parent=4106"}],"curies":[{"name":"wp","href":"https:\/\/api.w.org\/{rel}","templated":true}]}}