{"id":4108,"date":"2025-05-14T11:43:34","date_gmt":"2025-05-14T09:43:34","guid":{"rendered":"https:\/\/biocampus25.wordpress.com\/?page_id=658"},"modified":"2025-05-19T13:17:40","modified_gmt":"2025-05-19T11:17:40","slug":"piciforme","status":"publish","type":"page","link":"https:\/\/webs.uab.cat\/bees\/piciforme\/","title":{"rendered":"Piciforme"},"content":{"rendered":"\n<div class=\"wp-block-group is-vertical is-layout-flex wp-container-core-group-is-layout-3e0ae1ae wp-block-group-is-layout-flex\">\n<p><strong>Descripci\u00f3n:<\/strong><\/p>\n\n\n\n<p class=\"has-text-align-justify has-alegreya-font-family has-small-font-size\">Este orden incluye unas 9 familias de aves, entre las cuales destacan el tuc\u00e1n y el p\u00e1jaro carpintero. Estos organismos son t\u00edpicos de zonas tropicales, aunque algunas especies de p\u00edcidos pueden encontrarse en latitudes m\u00e1s altas.<\/p>\n\n\n\n<p class=\"has-text-align-justify has-alegreya-font-family has-small-font-size\">Generalmente, tienen un tama\u00f1o reducido o mediano (entre 8 y 60 cm) y presentan un patr\u00f3n de coloraci\u00f3n vistosa. Sin embargo, tambi\u00e9n existen especies que optan por una coloraci\u00f3n cr\u00edptica, lo que les permite pasar desapercibidos para cazar o defenderse mejor.<\/p>\n\n\n\n<p class=\"has-text-align-justify has-alegreya-font-family has-small-font-size\">El pico de estas aves puede tener diferentes formas y tama\u00f1os, destacando el gran pico de los tucanes o el pico fino de los p\u00e1jaros carpinteros. Todos ellos son r\u00edgidos y resistentes, lo que les resulta \u00fatil para alimentarse de elementos m\u00e1s duros, como frutas, o para golpear la madera.<\/p>\n\n\n\n<p class=\"has-text-align-justify has-alegreya-font-family has-small-font-size\">Normalmente habitan en bosques, donde pueden hacer agujeros en los troncos de los \u00e1rboles para construir sus nidos. En un mismo ecosistema, suelen convivir pocas especies de este grupo, ya que comparten un nicho ecol\u00f3gico muy similar, lo que podr\u00eda llevar a la competencia entre ellas.<\/p>\n\n\n\n<p class=\"has-text-align-justify has-alegreya-font-family has-small-font-size\">Otra caracter\u00edstica importante es la disposici\u00f3n de los dedos en sus patas. Tienen pies zigod\u00e1ctilos, lo que significa que cuentan con dos dedos orientados hacia adelante y dos hacia atr\u00e1s. Esta configuraci\u00f3n les facilita sujetarse a las ramas de los \u00e1rboles.<\/p>\n\n\n\n<p class=\"has-text-align-justify has-alegreya-font-family has-small-font-size\">Por \u00faltimo, presentan un dimorfismo sexual poco evidente o casi nulo, por lo que ambos sexos se diferencian \u00fanicamente por la presencia de una g\u00f3nada espec\u00edfica.<\/p>\n\n\n\n<p class=\"has-alegreya-font-family has-small-font-size\">La especie elegida para representar a este grupo es el \u201c<em><a href=\"https:\/\/webs.uab.cat\/bees\/pico-picapinos\/\" data-type=\"page\" data-id=\"376\">Dendrocopos major<\/a>\u201d<\/em>.<\/p>\n<\/div>\n\n\n\n<div style=\"height:30px\" aria-hidden=\"true\" class=\"wp-block-spacer\"><\/div>\n\n\n\n<p><strong>Bibliografia:<\/strong><\/p>\n\n\n\n<p class=\"has-text-align-justify has-small-font-size\"><em>Piciformes<\/em>. (n.d.). Madrid.org. Retrieved December 28, 2024, from <a href=\"https:\/\/animalandia.educa.madrid.org\/taxon.php?nombre=Piciformes\">https:\/\/animalandia.educa.madrid.org\/taxon.php?nombre=Piciformes<\/a><\/p>\n\n\n\n<p class=\"has-text-align-justify has-small-font-size\"><em>Tucanes y carpinteros (orden Piciformes)<\/em>. (n.d.). NaturaLista Colombia. Retrieved December 28, 2024, from <a href=\"https:\/\/colombia.inaturalist.org\/taxa\/17550-Piciformes\">https:\/\/colombia.inaturalist.org\/taxa\/17550-Piciformes<\/a><\/p>\n","protected":false},"excerpt":{"rendered":"<p>Descripci\u00f3n: Este orden incluye unas 9 familias de aves, entre las cuales destacan el tuc\u00e1n y el p\u00e1jaro carpintero. Estos organismos son t\u00edpicos de zonas tropicales, aunque algunas especies de p\u00edcidos pueden encontrarse en latitudes m\u00e1s altas. Generalmente, tienen un tama\u00f1o reducido o mediano (entre 8 y 60 cm) y presentan un patr\u00f3n de coloraci\u00f3n [&hellip;]<\/p>\n","protected":false},"author":2556,"featured_media":0,"parent":0,"menu_order":0,"comment_status":"closed","ping_status":"closed","template":"","meta":{"footnotes":""},"class_list":["post-4108","page","type-page","status-publish","hentry"],"_links":{"self":[{"href":"https:\/\/webs.uab.cat\/bees\/wp-json\/wp\/v2\/pages\/4108","targetHints":{"allow":["GET"]}}],"collection":[{"href":"https:\/\/webs.uab.cat\/bees\/wp-json\/wp\/v2\/pages"}],"about":[{"href":"https:\/\/webs.uab.cat\/bees\/wp-json\/wp\/v2\/types\/page"}],"author":[{"embeddable":true,"href":"https:\/\/webs.uab.cat\/bees\/wp-json\/wp\/v2\/users\/2556"}],"replies":[{"embeddable":true,"href":"https:\/\/webs.uab.cat\/bees\/wp-json\/wp\/v2\/comments?post=4108"}],"version-history":[{"count":1,"href":"https:\/\/webs.uab.cat\/bees\/wp-json\/wp\/v2\/pages\/4108\/revisions"}],"predecessor-version":[{"id":4272,"href":"https:\/\/webs.uab.cat\/bees\/wp-json\/wp\/v2\/pages\/4108\/revisions\/4272"}],"wp:attachment":[{"href":"https:\/\/webs.uab.cat\/bees\/wp-json\/wp\/v2\/media?parent=4108"}],"curies":[{"name":"wp","href":"https:\/\/api.w.org\/{rel}","templated":true}]}}