{"id":4109,"date":"2025-05-14T11:43:40","date_gmt":"2025-05-14T09:43:40","guid":{"rendered":"https:\/\/biocampus25.wordpress.com\/?page_id=928"},"modified":"2025-05-14T11:43:40","modified_gmt":"2025-05-14T09:43:40","slug":"siphonaptera","status":"publish","type":"page","link":"https:\/\/webs.uab.cat\/bees\/siphonaptera\/","title":{"rendered":"SIPHONAPTERA"},"content":{"rendered":"\n<div class=\"wp-block-group is-vertical is-layout-flex wp-container-core-group-is-layout-3e0ae1ae wp-block-group-is-layout-flex\">\n<p><strong>Descripci\u00f3n:<\/strong><\/p>\n\n\n\n<p class=\"has-text-align-justify has-alegreya-font-family has-small-font-size\">En este orden podemos encontrar m\u00e1s de 1.900 especies, agrupadas en unas 16 familias. Com\u00fanmente se las conoce como pulgas y suelen habitar en zonas cercanas a otros animales.<\/p>\n\n\n\n<p class=\"has-text-align-justify has-alegreya-font-family has-small-font-size\">Esto se debe a que los organismos de este grupo se caracterizan por ser ectopar\u00e1sitos de animales endotermos (mam\u00edferos y aves), destacando especialmente los roedores. Sin embargo, hay que mencionar que solo los individuos adultos son par\u00e1sitos, mientras que las larvas y pupas se alimentan de otras fuentes.<\/p>\n\n\n\n<p class=\"has-text-align-justify has-alegreya-font-family has-small-font-size\">Su ciclo comienza cuando la hembra adulta se alimenta de sangre, lo que le proporciona suficiente energ\u00eda para poner entre 15 y 20 huevos al d\u00eda. Muchos de estos huevos caen del animal parasitado y, tras 2-14 d\u00edas, eclosionan. De ellos surgen las larvas, que se alimentan de restos org\u00e1nicos y de sangre contenida en las heces de los adultos. Para alcanzar la fase adulta, las larvas deben realizar tres mudas, un proceso que puede durar desde una semana hasta varios meses, dependiendo de la especie y las condiciones ambientales.<\/p>\n\n\n\n<p class=\"has-text-align-justify has-alegreya-font-family has-small-font-size\">Para adaptarse a este estilo de vida, han desarrollado diferentes caracter\u00edsticas corporales. Aunque son de tama\u00f1o muy reducido (1,5-3 mm), pueden llegar hasta sus hu\u00e9spedes gracias a su gran capacidad de salto. Esto lo logran mediante el control y almacenamiento de energ\u00eda en la musculatura de sus patas traseras.<\/p>\n\n\n\n<p class=\"has-text-align-justify has-alegreya-font-family has-small-font-size\">Otras caracter\u00edsticas destacables son su cuerpo ligeramente comprimido lateralmente, lo que facilita su movimiento entre los pelos del hu\u00e9sped, y la presencia de una cut\u00edcula endurecida que las protege de golpes.<\/p>\n\n\n\n<p class=\"has-text-align-justify has-alegreya-font-family has-small-font-size\">El problema de estos animales no se limita a las molestias que causan con sus picaduras, sino tambi\u00e9n al hecho de que pueden actuar como vectores de enfermedades. Esto significa que, al picarnos, podr\u00edan transmitir pat\u00f3genos que de otro modo no llegar\u00edan a nosotros. Un ejemplo muy conocido es la peste bub\u00f3nica, que no era transmitida directamente por los ratones, sino por las pulgas que estos portaban.<\/p>\n<\/div>\n\n\n\n<div style=\"height:30px\" aria-hidden=\"true\" class=\"wp-block-spacer\"><\/div>\n\n\n\n<p><strong>Bibliografia:<\/strong><\/p>\n\n\n\n<p class=\"has-text-align-justify has-small-font-size\"><em>Pulgas y parientes (orden Siphonaptera)<\/em>. (n.d.). NaturaLista Colombia. Retrieved December 31, 2024, from <a href=\"https:\/\/colombia.inaturalist.org\/taxa\/83204-Siphonaptera\">https:\/\/colombia.inaturalist.org\/taxa\/83204-Siphonaptera<\/a><\/p>\n\n\n\n<p class=\"has-text-align-justify has-small-font-size\">William F. Lyon. Fleas HYG-2081-97.  The Ohio state university. Retrieved December 31, 2024, from: <a href=\"https:\/\/web.archive.org\/web\/20080303112443\/http:\/\/ohioline.osu.edu\/hyg-fact\/2000\/2081.html\">https:\/\/web.archive.org\/web\/20080303112443\/http:\/\/ohioline.osu.edu\/hyg-fact\/2000\/2081.html<\/a><\/p>\n\n\n\n<p class=\"has-text-align-justify has-small-font-size\"><em>Peste<\/em>. (n.d.). Medlineplus.gov. Retrieved December 31, 2024, from <a href=\"https:\/\/medlineplus.gov\/spanish\/ency\/article\/000596.htm\">https:\/\/medlineplus.gov\/spanish\/ency\/article\/000596.htm<\/a><\/p>\n","protected":false},"excerpt":{"rendered":"<p>Descripci\u00f3n: En este orden podemos encontrar m\u00e1s de 1.900 especies, agrupadas en unas 16 familias. Com\u00fanmente se las conoce como pulgas y suelen habitar en zonas cercanas a otros animales. Esto se debe a que los organismos de este grupo se caracterizan por ser ectopar\u00e1sitos de animales endotermos (mam\u00edferos y aves), destacando especialmente los roedores. [&hellip;]<\/p>\n","protected":false},"author":2556,"featured_media":0,"parent":0,"menu_order":0,"comment_status":"closed","ping_status":"closed","template":"","meta":{"footnotes":""},"class_list":["post-4109","page","type-page","status-publish","hentry"],"_links":{"self":[{"href":"https:\/\/webs.uab.cat\/bees\/wp-json\/wp\/v2\/pages\/4109","targetHints":{"allow":["GET"]}}],"collection":[{"href":"https:\/\/webs.uab.cat\/bees\/wp-json\/wp\/v2\/pages"}],"about":[{"href":"https:\/\/webs.uab.cat\/bees\/wp-json\/wp\/v2\/types\/page"}],"author":[{"embeddable":true,"href":"https:\/\/webs.uab.cat\/bees\/wp-json\/wp\/v2\/users\/2556"}],"replies":[{"embeddable":true,"href":"https:\/\/webs.uab.cat\/bees\/wp-json\/wp\/v2\/comments?post=4109"}],"version-history":[{"count":0,"href":"https:\/\/webs.uab.cat\/bees\/wp-json\/wp\/v2\/pages\/4109\/revisions"}],"wp:attachment":[{"href":"https:\/\/webs.uab.cat\/bees\/wp-json\/wp\/v2\/media?parent=4109"}],"curies":[{"name":"wp","href":"https:\/\/api.w.org\/{rel}","templated":true}]}}