{"id":4110,"date":"2025-05-14T11:46:44","date_gmt":"2025-05-14T09:46:44","guid":{"rendered":"https:\/\/biocampus25.wordpress.com\/?page_id=180"},"modified":"2025-05-19T13:44:03","modified_gmt":"2025-05-19T11:44:03","slug":"tejon-europeo","status":"publish","type":"page","link":"https:\/\/webs.uab.cat\/bees\/tejon-europeo\/","title":{"rendered":"TEJ\u00d3N EUROPEO"},"content":{"rendered":"\n<div class=\"wp-block-group is-vertical is-layout-flex wp-container-core-group-is-layout-769d0143 wp-block-group-is-layout-flex\">\n<figure class=\"wp-block-image size-large\"><img decoding=\"async\" src=\"https:\/\/biocampus25.wordpress.com\/wp-content\/uploads\/2025\/04\/european_badger_-_meles_meles_52261502699.jpg?w=640\" alt=\"\" class=\"wp-image-181\" \/><\/figure>\n\n\n\n<p class=\"has-text-align-justify has-small-font-size\">Meles meles. Imagen con copyright CC BY 2.0, creada por Caroline Legg y obtenida de Wikimedia commons de: <a href=\"https:\/\/commons.wikimedia.org\/wiki\/File:European_Badger_-_Meles_meles_(52261502699).jpg\">https:\/\/commons.wikimedia.org\/wiki\/File:European_Badger_-_Meles_meles_(52261502699).jpg<\/a><\/p>\n<\/div>\n\n\n\n<div style=\"height:10px\" aria-hidden=\"true\" class=\"wp-block-spacer\"><\/div>\n\n\n\n<div class=\"wp-block-columns is-layout-flex wp-container-core-columns-is-layout-9d6595d7 wp-block-columns-is-layout-flex\">\n<div class=\"wp-block-column is-layout-flow wp-block-column-is-layout-flow\">\n<figure class=\"wp-block-table has-alegreya-font-family has-small-font-size\"><table><tbody><tr><td class=\"has-text-align-center\" data-align=\"center\"><strong>Reino<\/strong><\/td><td class=\"has-text-align-center\" data-align=\"center\">Animalia<\/td><\/tr><tr><td class=\"has-text-align-center\" data-align=\"center\"><strong>Filo<\/strong><\/td><td class=\"has-text-align-center\" data-align=\"center\">Chordata<\/td><\/tr><tr><td class=\"has-text-align-center\" data-align=\"center\"><strong>Subfilo<\/strong><\/td><td class=\"has-text-align-center\" data-align=\"center\"><a href=\"https:\/\/webs.uab.cat\/bees\/vertebrados\/\" data-type=\"page\" data-id=\"43\">Vertebrata<\/a><\/td><\/tr><tr><td class=\"has-text-align-center\" data-align=\"center\"><strong>Clase<\/strong><\/td><td class=\"has-text-align-center\" data-align=\"center\"><a href=\"https:\/\/webs.uab.cat\/bees\/mamiferos\/\" data-type=\"page\" data-id=\"54\">Mammalia<\/a><\/td><\/tr><tr><td class=\"has-text-align-center\" data-align=\"center\"><strong>Subclase<\/strong><\/td><td class=\"has-text-align-center\" data-align=\"center\">Theria<\/td><\/tr><tr><td class=\"has-text-align-center\" data-align=\"center\"><strong>Infraclase<\/strong><\/td><td class=\"has-text-align-center\" data-align=\"center\">Placentalia<\/td><\/tr><tr><td class=\"has-text-align-center\" data-align=\"center\"><strong>Superorden<\/strong><\/td><td class=\"has-text-align-center\" data-align=\"center\">Laurasiatheria<\/td><\/tr><tr><td class=\"has-text-align-center\" data-align=\"center\"><strong>Orden<\/strong><\/td><td class=\"has-text-align-center\" data-align=\"center\"><a href=\"https:\/\/webs.uab.cat\/bees\/carnivora\/\" data-type=\"page\" data-id=\"331\">Carnivora<\/a><\/td><\/tr><tr><td class=\"has-text-align-center\" data-align=\"center\"><strong>Familia<\/strong><\/td><td class=\"has-text-align-center\" data-align=\"center\">Mustelidae<\/td><\/tr><tr><td class=\"has-text-align-center\" data-align=\"center\"><strong>Subfamilia<\/strong><\/td><td class=\"has-text-align-center\" data-align=\"center\">Melinae<\/td><\/tr><tr><td class=\"has-text-align-center\" data-align=\"center\"><strong>G\u00e9nero<\/strong><\/td><td class=\"has-text-align-center\" data-align=\"center\">Meles<\/td><\/tr><tr><td class=\"has-text-align-center\" data-align=\"center\"><strong>Especie<\/strong><\/td><td class=\"has-text-align-center\" data-align=\"center\">M. meles<\/td><\/tr><\/tbody><\/table><\/figure>\n<\/div>\n\n\n\n<div class=\"wp-block-column is-layout-flow wp-block-column-is-layout-flow\">\n<div class=\"wp-block-group is-vertical is-layout-flex wp-container-core-group-is-layout-8cf370e7 wp-block-group-is-layout-flex\">\n<div class=\"wp-block-group is-vertical is-layout-flex wp-container-core-group-is-layout-769d0143 wp-block-group-is-layout-flex\">\n<p><strong>DESCRIPCI\u00d3N:<\/strong><\/p>\n\n\n\n<p class=\"has-text-align-justify has-alegreya-font-family has-small-font-size\">Animal de tama\u00f1o medio, que puede llegar a alcanzar los 90cm de longitud (entre ellos unos 12cm de cola). Su pelaje es mayoritariamente negro, a excepci\u00f3n de las l\u00edneas blancas que presenta en la cara.<\/p>\n\n\n\n<p class=\"has-text-align-justify has-alegreya-font-family has-small-font-size\">Su dimorfismo sexual es muy reducido, pudiendo limitarse a peque\u00f1as diferencias de peso. Normalmente el macho es de un tama\u00f1o ligeramente superior a la hembra.<\/p>\n\n\n\n<p class=\"has-text-align-justify has-alegreya-font-family has-small-font-size\">El cuerpo es robusto y alargado, con unas patas cortas y fuertes que en la zona terminal cuentan con garras alargadas. Por otro lado, la cabeza es peque\u00f1a, igual que el cuello, pero presenta un hocico musculoso y ligeramente alargado.<\/p>\n<\/div>\n<\/div>\n<\/div>\n<\/div>\n\n\n\n<div style=\"height:10px\" aria-hidden=\"true\" class=\"wp-block-spacer\"><\/div>\n\n\n\n<div class=\"wp-block-group is-vertical is-layout-flex wp-container-core-group-is-layout-8cf370e7 wp-block-group-is-layout-flex\">\n<p><strong>DIETA:<\/strong><\/p>\n\n\n\n<p class=\"has-text-align-justify has-alegreya-font-family has-small-font-size\">Su dieta es omn\u00edvora, normalmente basada en aquello que abunda en ese momento. Pueden alimentarse de hongos, frutos, invertebrados, peque\u00f1os vertebrados o carro\u00f1a.<\/p>\n<\/div>\n\n\n\n<div style=\"height:10px\" aria-hidden=\"true\" class=\"wp-block-spacer\"><\/div>\n\n\n\n<div class=\"wp-block-group is-vertical is-layout-flex wp-container-core-group-is-layout-769d0143 wp-block-group-is-layout-flex\">\n<p><strong>ESTRUCTURA SOCIAL Y COMPORTAMIENTO:<\/strong><\/p>\n\n\n\n<p class=\"has-text-align-justify has-alegreya-font-family has-small-font-size\">Suelen vivir en grupos familiares, formados al menos por un macho, una hembra y sus cr\u00edas. Depende de la abundancia de recursos en el territorio, pueden convivir m\u00e1s individuos o menos.<\/p>\n\n\n\n<p class=\"has-text-align-justify has-alegreya-font-family has-small-font-size\">Cada noviembre-enero la hembra dominante pare, dando lugar a unas 1-4 crias. A las pocas semanas del parto ya vuelven a estar en celo. Los machos llegan a la madurez sexual en su primer a\u00f1o, mientras que las hembras pueden tardar dos.<\/p>\n\n\n\n<p class=\"has-text-align-justify has-alegreya-font-family has-small-font-size\">Durante el d\u00eda suelen refugiarse en sus tejoneras (madrigueras subterr\u00e1neas), mientras que por la noche son especialmente activos.<\/p>\n<\/div>\n\n\n<div class=\"wp-block-image\">\n<figure class=\"aligncenter size-large\"><img loading=\"lazy\" decoding=\"async\" width=\"1445\" height=\"122\" src=\"https:\/\/biocampus25.wordpress.com\/wp-content\/uploads\/2025\/04\/captura-de-pantalla-2025-03-27-220716.png?w=1024\" alt=\"\" class=\"wp-image-190\" srcset=\"https:\/\/webs.uab.cat\/bees\/wp-content\/uploads\/sites\/329\/2025\/04\/captura-de-pantalla-2025-03-27-220716.png 1445w, https:\/\/webs.uab.cat\/bees\/wp-content\/uploads\/sites\/329\/2025\/04\/captura-de-pantalla-2025-03-27-220716-300x25.png 300w, https:\/\/webs.uab.cat\/bees\/wp-content\/uploads\/sites\/329\/2025\/04\/captura-de-pantalla-2025-03-27-220716-1024x86.png 1024w, https:\/\/webs.uab.cat\/bees\/wp-content\/uploads\/sites\/329\/2025\/04\/captura-de-pantalla-2025-03-27-220716-768x65.png 768w, https:\/\/webs.uab.cat\/bees\/wp-content\/uploads\/sites\/329\/2025\/04\/captura-de-pantalla-2025-03-27-220716-1200x101.png 1200w\" sizes=\"auto, (max-width: 1445px) 100vw, 1445px\" \/><\/figure>\n<\/div>\n\n\n<div style=\"height:10px\" aria-hidden=\"true\" class=\"wp-block-spacer\"><\/div>\n\n\n\n<div class=\"wp-block-group is-vertical is-layout-flex wp-container-core-group-is-layout-769d0143 wp-block-group-is-layout-flex\">\n<p><strong>HABITAT Y ZONA DE DISTRIBUCI\u00d3N:<\/strong><\/p>\n\n\n\n<p class=\"has-text-align-justify has-alegreya-font-family has-small-font-size\">Podemos encontrarlos por toda Europa, menos en Rusia y Escandinavia, oriente medio y ha habido algunos avistamientos en Jap\u00f3n.<\/p>\n\n\n\n<p class=\"has-text-align-justify has-alegreya-font-family has-small-font-size\">En estas regiones suelen vivir en bosques caducifolios o mixtos, siempre y cuando haya setos y no abunden los espacios abiertos. Son m\u00e1s habituales en regiones monta\u00f1osas de elevaci\u00f3n media.<\/p>\n<\/div>\n\n\n\n<div class=\"wp-block-group is-vertical is-layout-flex wp-container-core-group-is-layout-769d0143 wp-block-group-is-layout-flex\"><div class=\"wp-block-image\">\n<figure class=\"aligncenter size-large is-resized\"><img loading=\"lazy\" decoding=\"async\" width=\"525\" height=\"261\" src=\"https:\/\/biocampus25.wordpress.com\/wp-content\/uploads\/2025\/04\/captura-de-pantalla-2025-04-09-220038.png?w=525\" alt=\"\" class=\"wp-image-194\" style=\"width:620px;height:auto\" srcset=\"https:\/\/webs.uab.cat\/bees\/wp-content\/uploads\/sites\/329\/2025\/04\/captura-de-pantalla-2025-04-09-220038.png 525w, https:\/\/webs.uab.cat\/bees\/wp-content\/uploads\/sites\/329\/2025\/04\/captura-de-pantalla-2025-04-09-220038-300x149.png 300w\" sizes=\"auto, (max-width: 525px) 100vw, 525px\" \/><\/figure>\n<\/div>\n\n\n<p class=\"has-text-align-justify has-small-font-size\">Mapa de distribuci\u00f3n de Meles meles. Imagen obtenida de Gbif en <a href=\"https:\/\/www.gbif.org\/es\/species\/2433875\">https:\/\/www.gbif.org\/es\/species\/2433875<\/a><\/p>\n<\/div>\n\n\n\n<div style=\"height:10px\" aria-hidden=\"true\" class=\"wp-block-spacer\"><\/div>\n\n\n\n<div class=\"wp-block-group is-vertical is-layout-flex wp-container-core-group-is-layout-769d0143 wp-block-group-is-layout-flex\">\n<p><strong>ESTADO DE CONSERVACI\u00d3N:<\/strong><\/p>\n\n\n\n<p class=\"has-text-align-justify has-alegreya-font-family has-small-font-size\">Seg\u00fan los datos obtenidos de la IUCN, el tej\u00f3n se encuentra en estado de preocupaci\u00f3n menor, lo que quiere decir que no se encuentra en peligro.<\/p>\n<\/div>\n\n\n<div class=\"wp-block-image\">\n<figure class=\"aligncenter size-large\"><img loading=\"lazy\" decoding=\"async\" width=\"797\" height=\"222\" src=\"https:\/\/biocampus25.wordpress.com\/wp-content\/uploads\/2025\/04\/captura_de_pantalla_2025-03-27_213157-removebg-preview-2.png?w=797\" alt=\"\" class=\"wp-image-197\" srcset=\"https:\/\/webs.uab.cat\/bees\/wp-content\/uploads\/sites\/329\/2025\/04\/captura_de_pantalla_2025-03-27_213157-removebg-preview-2.png 797w, https:\/\/webs.uab.cat\/bees\/wp-content\/uploads\/sites\/329\/2025\/04\/captura_de_pantalla_2025-03-27_213157-removebg-preview-2-300x84.png 300w, https:\/\/webs.uab.cat\/bees\/wp-content\/uploads\/sites\/329\/2025\/04\/captura_de_pantalla_2025-03-27_213157-removebg-preview-2-768x214.png 768w\" sizes=\"auto, (max-width: 797px) 100vw, 797px\" \/><\/figure>\n<\/div>\n\n\n<div style=\"height:30px\" aria-hidden=\"true\" class=\"wp-block-spacer\"><\/div>\n\n\n\n<p><strong>REFERENCIAS:<\/strong><\/p>\n\n\n\n<p class=\"has-text-align-justify has-small-font-size\"><em>Tej\u00f3n europeo (Meles meles)<\/em>. (n.d.). Natusfera. Retrieved February 4, 2025, from <a href=\"https:\/\/spain.inaturalist.org\/taxa\/855297-Meles-meles\">https:\/\/spain.inaturalist.org\/taxa\/855297-Meles-meles<\/a><\/p>\n\n\n\n<p class=\"has-text-align-justify has-small-font-size\">Revilla, Eloy; Casanovas, Jorge G. y Virg\u00f3s, Emilio (n.d.). Meles meles. Gob.Es. Retrieved February 4, 2025, from <a href=\"https:\/\/www.miteco.gob.es\/content\/dam\/miteco\/es\/biodiversidad\/temas\/inventarios-nacionales\/ieet_mami_meles_meles_tcm30-99822.pdf\">https:\/\/www.miteco.gob.es\/content\/dam\/miteco\/es\/biodiversidad\/temas\/inventarios-nacionales\/ieet_mami_meles_meles_tcm30-99822.pdf<\/a><\/p>\n\n\n\n<p class=\"has-text-align-justify has-small-font-size\">Valderrey, J. L. M. (2008, March 16).&nbsp;<em>Meles meles (Linnaeus, 1758)<\/em>. Naturaleza y turismo. <a href=\"https:\/\/www.asturnatura.com\/especie\/meles-meles\">https:\/\/www.asturnatura.com\/especie\/meles-meles<\/a><\/p>\n\n\n\n<p class=\"has-text-align-justify has-small-font-size\">Tiit Maran (Foundation Lutreola, Tallinn Zoo), Kranz, A., Alexei Abramov (Zoological Institute, Russian Academy of Sciences, St. Petersberg, Russia), &amp; Herrero, J. (2015). IUCN Red List of Threatened Species: Meles meles.&nbsp;<em>IUCN Red List of Threatened Species<\/em>.&nbsp;&nbsp;&nbsp;&nbsp;&nbsp;&nbsp;&nbsp;&nbsp;&nbsp; <a href=\"https:\/\/www.iucnredlist.org\/species\/29673\/45203002\">https:\/\/www.iucnredlist.org\/species\/29673\/45203002<\/a><\/p>\n","protected":false},"excerpt":{"rendered":"<p>Meles meles. Imagen con copyright CC BY 2.0, creada por Caroline Legg y obtenida de Wikimedia commons de: https:\/\/commons.wikimedia.org\/wiki\/File:European_Badger_-_Meles_meles_(52261502699).jpg Reino Animalia Filo Chordata Subfilo Vertebrata Clase Mammalia Subclase Theria Infraclase Placentalia Superorden Laurasiatheria Orden Carnivora Familia Mustelidae Subfamilia Melinae G\u00e9nero Meles Especie M. meles DESCRIPCI\u00d3N: Animal de tama\u00f1o medio, que puede llegar a alcanzar los [&hellip;]<\/p>\n","protected":false},"author":2556,"featured_media":0,"parent":0,"menu_order":0,"comment_status":"closed","ping_status":"closed","template":"","meta":{"footnotes":""},"class_list":["post-4110","page","type-page","status-publish","hentry"],"_links":{"self":[{"href":"https:\/\/webs.uab.cat\/bees\/wp-json\/wp\/v2\/pages\/4110","targetHints":{"allow":["GET"]}}],"collection":[{"href":"https:\/\/webs.uab.cat\/bees\/wp-json\/wp\/v2\/pages"}],"about":[{"href":"https:\/\/webs.uab.cat\/bees\/wp-json\/wp\/v2\/types\/page"}],"author":[{"embeddable":true,"href":"https:\/\/webs.uab.cat\/bees\/wp-json\/wp\/v2\/users\/2556"}],"replies":[{"embeddable":true,"href":"https:\/\/webs.uab.cat\/bees\/wp-json\/wp\/v2\/comments?post=4110"}],"version-history":[{"count":1,"href":"https:\/\/webs.uab.cat\/bees\/wp-json\/wp\/v2\/pages\/4110\/revisions"}],"predecessor-version":[{"id":4295,"href":"https:\/\/webs.uab.cat\/bees\/wp-json\/wp\/v2\/pages\/4110\/revisions\/4295"}],"wp:attachment":[{"href":"https:\/\/webs.uab.cat\/bees\/wp-json\/wp\/v2\/media?parent=4110"}],"curies":[{"name":"wp","href":"https:\/\/api.w.org\/{rel}","templated":true}]}}