{"id":4111,"date":"2025-05-14T11:46:45","date_gmt":"2025-05-14T09:46:45","guid":{"rendered":"https:\/\/biocampus25.wordpress.com\/?page_id=482"},"modified":"2025-05-19T13:45:47","modified_gmt":"2025-05-19T11:45:47","slug":"urraca-comun","status":"publish","type":"page","link":"https:\/\/webs.uab.cat\/bees\/urraca-comun\/","title":{"rendered":"URRACA COM\u00daN"},"content":{"rendered":"<div class=\"wp-block-image\">\n<figure class=\"aligncenter size-large\"><img decoding=\"async\" src=\"https:\/\/biocampus25.wordpress.com\/wp-content\/uploads\/2025\/04\/pica_pica_oulu_finland_2020-09-20-edited.jpg\" alt=\"\" class=\"wp-image-485\" \/><\/figure>\n<\/div>\n\n\n<div style=\"height:10px\" aria-hidden=\"true\" class=\"wp-block-spacer\"><\/div>\n\n\n\n<div class=\"wp-block-columns is-layout-flex wp-container-core-columns-is-layout-9d6595d7 wp-block-columns-is-layout-flex\">\n<div class=\"wp-block-column is-layout-flow wp-block-column-is-layout-flow\">\n<figure class=\"wp-block-table has-alegreya-font-family has-small-font-size\"><table><tbody><tr><td class=\"has-text-align-center\" data-align=\"center\"><strong>Reino<\/strong><\/td><td class=\"has-text-align-center\" data-align=\"center\">Animalia<\/td><\/tr><tr><td class=\"has-text-align-center\" data-align=\"center\"><strong>Filo<\/strong><\/td><td class=\"has-text-align-center\" data-align=\"center\">Chordata<\/td><\/tr><tr><td class=\"has-text-align-center\" data-align=\"center\"><strong>Subfilo<\/strong><\/td><td class=\"has-text-align-center\" data-align=\"center\"><a href=\"https:\/\/webs.uab.cat\/bees\/vertebrados\/\" data-type=\"page\" data-id=\"43\">Vertebrata<\/a><\/td><\/tr><tr><td class=\"has-text-align-center\" data-align=\"center\"><strong>Clase<\/strong><\/td><td class=\"has-text-align-center\" data-align=\"center\"><a href=\"https:\/\/webs.uab.cat\/bees\/aves\/\" data-type=\"page\" data-id=\"4085\">Aves<\/a><\/td><\/tr><tr><td class=\"has-text-align-center\" data-align=\"center\"><strong>Orden<\/strong><\/td><td class=\"has-text-align-center\" data-align=\"center\"><a href=\"https:\/\/webs.uab.cat\/bees\/passeriforme\/\" data-type=\"page\" data-id=\"714\">Passeriformes<\/a><\/td><\/tr><tr><td class=\"has-text-align-center\" data-align=\"center\"><strong>Familia<\/strong><\/td><td class=\"has-text-align-center\" data-align=\"center\">Corvidae<\/td><\/tr><tr><td class=\"has-text-align-center\" data-align=\"center\"><strong>G\u00e9nero<\/strong><\/td><td class=\"has-text-align-center\" data-align=\"center\">Pica<\/td><\/tr><tr><td class=\"has-text-align-center\" data-align=\"center\"><strong>Especie<\/strong><\/td><td class=\"has-text-align-center\" data-align=\"center\">P. pica<\/td><\/tr><\/tbody><\/table><\/figure>\n<\/div>\n\n\n\n<div class=\"wp-block-column is-layout-flow wp-block-column-is-layout-flow\">\n<div class=\"wp-block-group is-vertical is-layout-flex wp-container-core-group-is-layout-769d0143 wp-block-group-is-layout-flex\">\n<p><strong>DESCRIPCI\u00d3N:<\/strong><\/p>\n\n\n\n<p class=\"has-text-align-justify has-alegreya-font-family has-small-font-size\">La urraca com\u00fan es un ave de tama\u00f1o medio, que suele medir unos 40-51cm de longitud y unos 52-60cm de envergadura. Es por eso por lo que su peso suele rondar los 200 gramos.<\/p>\n\n\n\n<p class=\"has-text-align-justify has-alegreya-font-family has-small-font-size\">Su plumaje es bastante caracter\u00edstico, ya que es mayoritariamente blanco en el vientre y negro en el dorso, pero pueden presentar ciertas tonalidades azuladas o iridiscentes sobre todo en las alas.<\/p>\n\n\n\n<p class=\"has-text-align-justify has-alegreya-font-family has-small-font-size\">Entre las diferencias presentes entre ambos sexos destaca el mayor peso de los machos (210-270g) con respecto a las hembras (180-210g), eso es debido tambi\u00e9n a su tama\u00f1o superior.<\/p>\n\n\n\n<p class=\"has-text-align-justify has-alegreya-font-family has-small-font-size\">Entre las caracter\u00edsticas morfol\u00f3gicas m\u00e1s destacables tenemos que en la cabeza tienen unos ojos reducidos y un pico recto y fuerte. Adem\u00e1s, su cola es alargada y escalonada y sus patas cortas y negras.<\/p>\n\n\n\n<p class=\"has-text-align-justify has-alegreya-font-family has-small-font-size\">Cabe destacar que es uno de los animales m\u00e1s inteligentes, ya que son capaces de reconocer su propia imagen o solucionar diversos retos y pruebas.<\/p>\n<\/div>\n<\/div>\n<\/div>\n\n\n\n<div style=\"height:10px\" aria-hidden=\"true\" class=\"wp-block-spacer\"><\/div>\n\n\n\n<div class=\"wp-block-group is-vertical is-layout-flex wp-container-core-group-is-layout-769d0143 wp-block-group-is-layout-flex\">\n<p><strong>DIETA:<\/strong><\/p>\n\n\n\n<p class=\"has-text-align-justify has-alegreya-font-family has-small-font-size\">Su dieta es de las m\u00e1s diversas dentro del grupo de las aves. Esto es debido a que puede comer des de granos, pasando por invertebrados o huevos de otras aves, hasta peque\u00f1os vertebrados. Lo que ingiera depender\u00e1 de su abundancia en cada momento del a\u00f1o.<\/p>\n<\/div>\n\n\n\n<div style=\"height:10px\" aria-hidden=\"true\" class=\"wp-block-spacer\"><\/div>\n\n\n\n<div class=\"wp-block-group is-vertical is-layout-flex wp-container-core-group-is-layout-769d0143 wp-block-group-is-layout-flex\">\n<p><strong>ESTRUCTURA SOCIAL Y COMPORTAMIENTO:<\/strong><\/p>\n\n\n\n<p class=\"has-text-align-justify has-alegreya-font-family has-small-font-size\">Esta urraca se caracteriza por ser sociable y muy cooperativa, pudiendo ayudar a otros individuos a desprenderse de sus dispositivos de rastreo, sobre todo en invierno y oto\u00f1o. Cuando entran en periodo reproductivo se vuelven solitarios y territoriales si han logrado encontrar pareja, sino forman peque\u00f1as colonias con cierta jerarqu\u00eda social.<\/p>\n\n\n\n<p class=\"has-text-align-justify has-alegreya-font-family has-small-font-size\">A finales de marzo la pareja construye su nido sobre arboles altos, arbustos espinosos o torres el\u00e9ctricas, los cuales est\u00e1n formados por ramitas, ra\u00edces, plumas y est\u00e1 tapizado por barro. A veces pueden utilizar objetos brillantes que les llaman la atenci\u00f3n.<\/p>\n\n\n\n<p class=\"has-text-align-justify has-alegreya-font-family has-small-font-size\">En estos nidos depositan sus 5-8 huevos a mediados de abril y son incubados por la hembra durante 21 d\u00edas aproximadamente. Tras nacer, son cuidados por ambos individuos y abandonan el nido a los 24-32 d\u00edas de vida.<\/p>\n<\/div>\n\n\n<div class=\"wp-block-image\">\n<figure class=\"aligncenter size-large\"><img decoding=\"async\" src=\"https:\/\/biocampus25.wordpress.com\/wp-content\/uploads\/2025\/04\/captura-de-pantalla-2025-03-27-220716-9.png?w=1024\" alt=\"\" class=\"wp-image-492\" \/><\/figure>\n<\/div>\n\n\n<div style=\"height:10px\" aria-hidden=\"true\" class=\"wp-block-spacer\"><\/div>\n\n\n\n<div class=\"wp-block-group is-vertical is-layout-flex wp-container-core-group-is-layout-769d0143 wp-block-group-is-layout-flex\">\n<p><strong>HABITAT Y ZONA DE DISTRIBUCI\u00d3N:<\/strong><\/p>\n\n\n\n<p class=\"has-text-align-justify has-alegreya-font-family has-small-font-size\">Esta ave es capaz de adaptarse a una gran cantidad de ecosistemas, es por ello por lo que los podemos encontrar en todo el hemisferio norte a excepci\u00f3n de las regiones con condiciones m\u00e1s extremas.<\/p>\n\n\n\n<p class=\"has-text-align-justify has-alegreya-font-family has-small-font-size\">Preferentemente los podemos encontrar habitando en zonas agr\u00edcolas, en parques urbanos o cerca de las zonas habitadas.<\/p>\n<\/div>\n\n\n\n<div class=\"wp-block-group is-vertical is-layout-flex wp-container-core-group-is-layout-769d0143 wp-block-group-is-layout-flex\">\n<figure class=\"wp-block-image size-large\"><img decoding=\"async\" src=\"https:\/\/biocampus25.wordpress.com\/wp-content\/uploads\/2025\/04\/captura-de-pantalla-2025-04-14-225257.png?w=1024\" alt=\"\" class=\"wp-image-496\" \/><\/figure>\n\n\n\n<p class=\"has-text-align-justify has-small-font-size\">Mapa de distribuci\u00f3n de Pica pica. Imagen obtenida de Gbif en: <a href=\"https:\/\/www.gbif.org\/es\/species\/5229490\">https:\/\/www.gbif.org\/es\/species\/5229490<\/a><\/p>\n<\/div>\n\n\n\n<div style=\"height:10px\" aria-hidden=\"true\" class=\"wp-block-spacer\"><\/div>\n\n\n\n<div class=\"wp-block-group is-vertical is-layout-flex wp-container-core-group-is-layout-769d0143 wp-block-group-is-layout-flex\">\n<p><strong>ESTADO DE CONSERVACI\u00d3N:<\/strong><\/p>\n\n\n\n<p class=\"has-text-align-justify has-alegreya-font-family has-small-font-size\">Los datos de la IUCN nos indican que est\u00e1 especie se encuentra en estado de preocupaci\u00f3n menor.<\/p>\n<\/div>\n\n\n<div class=\"wp-block-image\">\n<figure class=\"aligncenter size-large\"><img loading=\"lazy\" decoding=\"async\" width=\"797\" height=\"222\" src=\"https:\/\/biocampus25.wordpress.com\/wp-content\/uploads\/2025\/04\/captura_de_pantalla_2025-03-27_213157-removebg-preview-13.png?w=797\" alt=\"\" class=\"wp-image-498\" srcset=\"https:\/\/webs.uab.cat\/bees\/wp-content\/uploads\/sites\/329\/2025\/04\/captura_de_pantalla_2025-03-27_213157-removebg-preview-13.png 797w, https:\/\/webs.uab.cat\/bees\/wp-content\/uploads\/sites\/329\/2025\/04\/captura_de_pantalla_2025-03-27_213157-removebg-preview-13-300x84.png 300w, https:\/\/webs.uab.cat\/bees\/wp-content\/uploads\/sites\/329\/2025\/04\/captura_de_pantalla_2025-03-27_213157-removebg-preview-13-768x214.png 768w\" sizes=\"auto, (max-width: 797px) 100vw, 797px\" \/><\/figure>\n<\/div>\n\n\n<div style=\"height:30px\" aria-hidden=\"true\" class=\"wp-block-spacer\"><\/div>\n\n\n\n<p><strong>REFERENCIAS:<\/strong><\/p>\n\n\n\n<p class=\"has-text-align-justify has-small-font-size\"><em>urraca com\u00fan (Pica pica)<\/em>. (n.d.). Natusfera. Retrieved February 9, 2025, from&nbsp;&nbsp;&nbsp;&nbsp; <a href=\"https:\/\/spain.inaturalist.org\/taxa\/891696-Pica-pica\">https:\/\/spain.inaturalist.org\/taxa\/891696-Pica-pica<\/a><\/p>\n\n\n\n<p class=\"has-text-align-justify has-small-font-size\"><em>Urraca com\u00fan<\/em>. (2013, October 24). SEO\/BirdLife. <a href=\"https:\/\/seo.org\/ave\/urraca-comun\/\">https:\/\/seo.org\/ave\/urraca-comun\/<\/a><\/p>\n\n\n\n<p class=\"has-text-align-justify has-small-font-size\">Kuspertova, S. (2023, May 17). Urraca com\u00fan. Academia de la Naturaleza.&nbsp;<em>Zoo del Pirineu | Refugio de animales salvajes<\/em>. <a href=\"https:\/\/zoodelpirineu.com\/urraca-comun-una-gamberra-inteligente\">https:\/\/zoodelpirineu.com\/urraca-comun-una-gamberra-inteligente<\/a><\/p>\n\n\n\n<p class=\"has-text-align-justify has-small-font-size\">BirdLife International (BirdLife International). (2024b). Pica pica.&nbsp;<em>IUCN Red List of Threatened Species<\/em>. <a href=\"https:\/\/www.iucnredlist.org\/species\/103727048\/264575751\">https:\/\/www.iucnredlist.org\/species\/103727048\/264575751<\/a><\/p>\n","protected":false},"excerpt":{"rendered":"<p>Reino Animalia Filo Chordata Subfilo Vertebrata Clase Aves Orden Passeriformes Familia Corvidae G\u00e9nero Pica Especie P. pica DESCRIPCI\u00d3N: La urraca com\u00fan es un ave de tama\u00f1o medio, que suele medir unos 40-51cm de longitud y unos 52-60cm de envergadura. Es por eso por lo que su peso suele rondar los 200 gramos. Su plumaje es [&hellip;]<\/p>\n","protected":false},"author":2556,"featured_media":0,"parent":0,"menu_order":0,"comment_status":"closed","ping_status":"closed","template":"","meta":{"footnotes":""},"class_list":["post-4111","page","type-page","status-publish","hentry"],"_links":{"self":[{"href":"https:\/\/webs.uab.cat\/bees\/wp-json\/wp\/v2\/pages\/4111","targetHints":{"allow":["GET"]}}],"collection":[{"href":"https:\/\/webs.uab.cat\/bees\/wp-json\/wp\/v2\/pages"}],"about":[{"href":"https:\/\/webs.uab.cat\/bees\/wp-json\/wp\/v2\/types\/page"}],"author":[{"embeddable":true,"href":"https:\/\/webs.uab.cat\/bees\/wp-json\/wp\/v2\/users\/2556"}],"replies":[{"embeddable":true,"href":"https:\/\/webs.uab.cat\/bees\/wp-json\/wp\/v2\/comments?post=4111"}],"version-history":[{"count":1,"href":"https:\/\/webs.uab.cat\/bees\/wp-json\/wp\/v2\/pages\/4111\/revisions"}],"predecessor-version":[{"id":4298,"href":"https:\/\/webs.uab.cat\/bees\/wp-json\/wp\/v2\/pages\/4111\/revisions\/4298"}],"wp:attachment":[{"href":"https:\/\/webs.uab.cat\/bees\/wp-json\/wp\/v2\/media?parent=4111"}],"curies":[{"name":"wp","href":"https:\/\/api.w.org\/{rel}","templated":true}]}}