{"id":4112,"date":"2025-05-14T11:43:41","date_gmt":"2025-05-14T09:43:41","guid":{"rendered":"https:\/\/biocampus25.wordpress.com\/?page_id=676"},"modified":"2025-05-19T13:42:08","modified_gmt":"2025-05-19T11:42:08","slug":"strigiforme","status":"publish","type":"page","link":"https:\/\/webs.uab.cat\/bees\/strigiforme\/","title":{"rendered":"Strigiforme"},"content":{"rendered":"\n<p><strong>Descripci\u00f3n:<\/strong><\/p>\n\n\n\n<p class=\"has-text-align-justify has-alegreya-font-family has-small-font-size\">En este grupo se incluyen dos familias: los b\u00fahos (<em>Strigidae<\/em>) y las lechuzas (<em>Tytonidae<\/em>). Este grupo se caracteriza por ser depredadores nocturnos, con un estilo de vida activo raramente durante el d\u00eda.<\/p>\n\n\n\n<p class=\"has-text-align-justify has-alegreya-font-family has-small-font-size\">Podemos encontrar ejemplares de estrigiformes en casi todo el mundo, excepto en la mayor parte de Groenlandia y la Ant\u00e1rtida. Su h\u00e1bitat t\u00edpico son los bosques, donde suelen construir nidos entre las ramas.<\/p>\n\n\n\n<p class=\"has-text-align-justify has-alegreya-font-family has-small-font-size\">Se distinguen por su capacidad de girar la cabeza hasta 270\u00b0, gracias a la alta flexibilidad que les otorgan las 14 v\u00e9rtebras de su cuello. Adem\u00e1s, presentan una especie de orejas rudimentarias y un dedo con posici\u00f3n reversible. Estas caracter\u00edsticas son ideales para la caza, ya que facilitan la detecci\u00f3n y captura de sus presas.<\/p>\n\n\n\n<p class=\"has-text-align-justify has-alegreya-font-family has-small-font-size\">Aunque son animales solitarios, han desarrollado la capacidad de emitir sonidos caracter\u00edsticos de cada especie. Esto les ayuda a encontrar pareja o a se\u00f1alar la ubicaci\u00f3n de una presa.<\/p>\n\n\n\n<p class=\"has-text-align-justify has-alegreya-font-family has-small-font-size\">Los estrigiformes no solo presentan dimorfismo sexual, donde las hembras son m\u00e1s grandes que los machos, sino tambi\u00e9n comportamental. Las hembras suelen encargarse del cuidado de las cr\u00edas, mientras que los machos se encargan de la caza.<\/p>\n\n\n\n<p class=\"has-text-align-justify has-alegreya-font-family has-small-font-size\">En nuestro campus solo podemos encontrar una especie: \u201c<em><a href=\"https:\/\/webs.uab.cat\/bees\/carabo-comun\/\" data-type=\"page\" data-id=\"395\">Strix aluco<\/a>\u201d<\/em>. Por ello, esta especie sirve como una peque\u00f1a representaci\u00f3n de este grupo.<\/p>\n\n\n\n<div style=\"height:30px\" aria-hidden=\"true\" class=\"wp-block-spacer\"><\/div>\n\n\n\n<p><strong>Bibliografia:<\/strong><\/p>\n\n\n\n<p class=\"has-text-align-justify has-small-font-size\">bioexploradores_farallones. (2020, October 13).&nbsp;<em>B\u00fahos y lechuzas \u2013 orden Strigiformes \u2013 Biodiversidad Farallones del Citar\u00e1<\/em>. Biodiversidad Farallones del Citar\u00e1. <a href=\"https:\/\/farallonesdelcitara.bioexploradores.com\/biodiversidad\/aves\/strigiformes\/\">https:\/\/farallonesdelcitara.bioexploradores.com\/biodiversidad\/aves\/strigiformes\/<\/a><\/p>\n\n\n\n<p class=\"has-text-align-justify has-small-font-size\">Wikipedia contributors. (n.d.-b).&nbsp;<em>Strigiformes<\/em>. Wikipedia, The Free Encyclopedia. <a href=\"https:\/\/es.wikipedia.org\/w\/index.php?title=Strigiformes&amp;oldid=166785874\">https:\/\/es.wikipedia.org\/w\/index.php?title=Strigiformes&amp;oldid=166785874<\/a><\/p>\n","protected":false},"excerpt":{"rendered":"<p>Descripci\u00f3n: En este grupo se incluyen dos familias: los b\u00fahos (Strigidae) y las lechuzas (Tytonidae). Este grupo se caracteriza por ser depredadores nocturnos, con un estilo de vida activo raramente durante el d\u00eda. Podemos encontrar ejemplares de estrigiformes en casi todo el mundo, excepto en la mayor parte de Groenlandia y la Ant\u00e1rtida. Su h\u00e1bitat [&hellip;]<\/p>\n","protected":false},"author":2556,"featured_media":0,"parent":0,"menu_order":0,"comment_status":"closed","ping_status":"closed","template":"","meta":{"footnotes":""},"class_list":["post-4112","page","type-page","status-publish","hentry"],"_links":{"self":[{"href":"https:\/\/webs.uab.cat\/bees\/wp-json\/wp\/v2\/pages\/4112","targetHints":{"allow":["GET"]}}],"collection":[{"href":"https:\/\/webs.uab.cat\/bees\/wp-json\/wp\/v2\/pages"}],"about":[{"href":"https:\/\/webs.uab.cat\/bees\/wp-json\/wp\/v2\/types\/page"}],"author":[{"embeddable":true,"href":"https:\/\/webs.uab.cat\/bees\/wp-json\/wp\/v2\/users\/2556"}],"replies":[{"embeddable":true,"href":"https:\/\/webs.uab.cat\/bees\/wp-json\/wp\/v2\/comments?post=4112"}],"version-history":[{"count":1,"href":"https:\/\/webs.uab.cat\/bees\/wp-json\/wp\/v2\/pages\/4112\/revisions"}],"predecessor-version":[{"id":4293,"href":"https:\/\/webs.uab.cat\/bees\/wp-json\/wp\/v2\/pages\/4112\/revisions\/4293"}],"wp:attachment":[{"href":"https:\/\/webs.uab.cat\/bees\/wp-json\/wp\/v2\/media?parent=4112"}],"curies":[{"name":"wp","href":"https:\/\/api.w.org\/{rel}","templated":true}]}}