{"id":4113,"date":"2025-05-14T11:46:47","date_gmt":"2025-05-14T09:46:47","guid":{"rendered":"https:\/\/biocampus25.wordpress.com\/?page_id=920"},"modified":"2025-05-14T11:46:47","modified_gmt":"2025-05-14T09:46:47","slug":"zygentoma","status":"publish","type":"page","link":"https:\/\/webs.uab.cat\/bees\/zygentoma\/","title":{"rendered":"ZYGENTOMA"},"content":{"rendered":"\n<div class=\"wp-block-group is-vertical is-layout-flex wp-container-core-group-is-layout-3e0ae1ae wp-block-group-is-layout-flex\">\n<p><strong>Descripci\u00f3n:<\/strong><\/p>\n\n\n\n<p class=\"has-text-align-justify has-alegreya-font-family has-small-font-size\">Este orden, antes conocido como Thysanura, incluye unas 8 familias de artr\u00f3podos y m\u00e1s de 300 especies. El pez plateado es el organismo m\u00e1s com\u00fan y conocido, siendo la forma dom\u00e9stica de animales de la familia Lepismatidae.<\/p>\n\n\n\n<p class=\"has-text-align-justify has-alegreya-font-family has-small-font-size\">Los individuos de este orden suelen tener una coloraci\u00f3n plateada o amarillenta y miden entre 2 y 20 mm. Su morfolog\u00eda es bastante aplanada, con un t\u00f3rax ligeramente m\u00e1s ancho que el abdomen.<\/p>\n\n\n\n<p class=\"has-text-align-justify has-alegreya-font-family has-small-font-size\">En la cabeza presentan un par de antenas, ojos compuestos (si los tienen) y un aparato bucal especializado para la masticaci\u00f3n, que utilizan principalmente para consumir carbohidratos de origen vegetal (aunque son omn\u00edvoros). En el t\u00f3rax poseen tres pares de patas, lo que les proporciona cierta velocidad al desplazarse. Finalmente, en el abdomen, tienen tres ap\u00e9ndices t\u00e1ctiles al final y uno o varios segmentos con ap\u00e9ndices pregenitales.<\/p>\n\n\n\n<p class=\"has-text-align-justify has-alegreya-font-family has-small-font-size\">Su h\u00e1bitat habitual son zonas oscuras y h\u00famedas, como la hojarasca de los bosques. Sin embargo, tambi\u00e9n se les puede encontrar en lugares h\u00famedos de las viviendas, como el ba\u00f1o o la cocina.<\/p>\n\n\n\n<p class=\"has-text-align-justify has-alegreya-font-family has-small-font-size\">Est\u00e9n donde est\u00e9n, siempre buscan un lugar para esconderse y construir su nido. Esto se debe a que son animales sociales, que buscan formar peque\u00f1os grupos.<\/p>\n\n\n\n<p class=\"has-text-align-justify has-alegreya-font-family has-small-font-size\">Para reproducirse, el macho libera un paquete de esperma. Luego atrae a la hembra para que esta capte los espermatozoides con la ayuda del orificio genital y los almacene en la espermateca. De esta manera, puede decidir cu\u00e1ndo fecundar sus huevos.<\/p>\n<\/div>\n\n\n\n<div style=\"height:30px\" aria-hidden=\"true\" class=\"wp-block-spacer\"><\/div>\n\n\n\n<p><strong>Bibliografia:<\/strong><\/p>\n\n\n\n<p class=\"has-text-align-justify has-small-font-size\">Wikipedia contributors. (2025b, March 17).\u00a0<em>Zygentoma<\/em>. Wikipedia, The Free Encyclopedia. <a href=\"https:\/\/en.wikipedia.org\/w\/index.php?title=Zygentoma&amp;oldid=1281016707\">https:\/\/en.wikipedia.org\/w\/index.php?title=Zygentoma&amp;oldid=1281016707<\/a><\/p>\n\n\n\n<p class=\"has-text-align-justify has-small-font-size\"><em>Order Zygentoma<\/em>. (n.d.). Taxateca.com. Retrieved December 31, 2024, from <a href=\"https:\/\/taxateca.com\/ordenzygentoma.html\">https:\/\/taxateca.com\/ordenzygentoma.html<\/a><\/p>\n\n\n\n<p><\/p>\n","protected":false},"excerpt":{"rendered":"<p>Descripci\u00f3n: Este orden, antes conocido como Thysanura, incluye unas 8 familias de artr\u00f3podos y m\u00e1s de 300 especies. El pez plateado es el organismo m\u00e1s com\u00fan y conocido, siendo la forma dom\u00e9stica de animales de la familia Lepismatidae. Los individuos de este orden suelen tener una coloraci\u00f3n plateada o amarillenta y miden entre 2 y [&hellip;]<\/p>\n","protected":false},"author":2556,"featured_media":0,"parent":0,"menu_order":0,"comment_status":"closed","ping_status":"closed","template":"","meta":{"footnotes":""},"class_list":["post-4113","page","type-page","status-publish","hentry"],"_links":{"self":[{"href":"https:\/\/webs.uab.cat\/bees\/wp-json\/wp\/v2\/pages\/4113","targetHints":{"allow":["GET"]}}],"collection":[{"href":"https:\/\/webs.uab.cat\/bees\/wp-json\/wp\/v2\/pages"}],"about":[{"href":"https:\/\/webs.uab.cat\/bees\/wp-json\/wp\/v2\/types\/page"}],"author":[{"embeddable":true,"href":"https:\/\/webs.uab.cat\/bees\/wp-json\/wp\/v2\/users\/2556"}],"replies":[{"embeddable":true,"href":"https:\/\/webs.uab.cat\/bees\/wp-json\/wp\/v2\/comments?post=4113"}],"version-history":[{"count":0,"href":"https:\/\/webs.uab.cat\/bees\/wp-json\/wp\/v2\/pages\/4113\/revisions"}],"wp:attachment":[{"href":"https:\/\/webs.uab.cat\/bees\/wp-json\/wp\/v2\/media?parent=4113"}],"curies":[{"name":"wp","href":"https:\/\/api.w.org\/{rel}","templated":true}]}}