{"id":4114,"date":"2025-05-14T11:46:43","date_gmt":"2025-05-14T09:46:43","guid":{"rendered":"https:\/\/biocampus25.wordpress.com\/?page_id=979"},"modified":"2025-05-19T13:43:11","modified_gmt":"2025-05-19T11:43:11","slug":"syrphidae","status":"publish","type":"page","link":"https:\/\/webs.uab.cat\/bees\/syrphidae\/","title":{"rendered":"Syrphidae"},"content":{"rendered":"\n<div class=\"wp-block-group is-vertical is-layout-flex wp-container-core-group-is-layout-3e0ae1ae wp-block-group-is-layout-flex\">\n<p><strong>Descripci\u00f3n:<\/strong><\/p>\n\n\n\n<p class=\"has-text-align-justify has-alegreya-font-family has-small-font-size\">Esta familia de braqu\u00edceros, formada por m\u00e1s de 5.000 especies, se caracteriza por presentar un patr\u00f3n de coloraci\u00f3n similar al de las abejas. Este patr\u00f3n es parte de un sistema de protecci\u00f3n conocido como mimetismo batesiano, lo que significa que aparentan ser abejas para que los depredadores crean que son peligrosos, aunque en realidad no lo son.<\/p>\n\n\n\n<p class=\"has-text-align-justify has-alegreya-font-family has-small-font-size\">Este car\u00e1cter no es lo \u00fanico que comparten con las abejas, ya que tambi\u00e9n son un grupo de polinizadores muy importantes. Aunque tienen un grado menor de pilosidad corporal, compensan su baja capacidad para capturar polen con un mayor n\u00famero de visitas a las plantas.<\/p>\n\n\n\n<p class=\"has-text-align-justify has-alegreya-font-family has-small-font-size\">Para diferenciarlos de las abejas, podemos observar que carecen del segundo par de alas y que tienen antenas cortas. Adem\u00e1s, se pueden distinguir los Syrphidae del resto de d\u00edpteros por la presencia de una vena \u00fanica en las alas, conocida como vena espuria.<\/p>\n\n\n\n<p class=\"has-text-align-justify has-alegreya-font-family has-small-font-size\">Las larvas suelen encontrarse en aguas estancadas o sobre plantas, donde se alimentan de hongos o de otros artr\u00f3podos. Debido a esta dieta, tienen una alta importancia agr\u00edcola, ya que ayudan a controlar plagas.<\/p>\n\n\n\n<p class=\"has-text-align-justify has-alegreya-font-family has-small-font-size\">La especie seleccionada como ejemplo es &#8220;<em><a href=\"https:\/\/webs.uab.cat\/bees\/mosca-zangano-europea\/\" data-type=\"page\" data-id=\"4103\">Eristalis tenax<\/a><\/em>&#8220;, debido a su alta abundancia.<\/p>\n<\/div>\n\n\n\n<div style=\"height:30px\" aria-hidden=\"true\" class=\"wp-block-spacer\"><\/div>\n\n\n\n<p><strong>Bibliografia:<\/strong><\/p>\n\n\n\n<p class=\"has-small-font-size\"><em>Moscas de las flores (Familia Syrphidae)<\/em>. (n.d.). iNaturalist Mexico. Retrieved January 3, 2025, from <a href=\"https:\/\/mexico.inaturalist.org\/taxa\/49995-Syrphidae\">https:\/\/mexico.inaturalist.org\/taxa\/49995-Syrphidae<\/a><\/p>\n\n\n\n<p class=\"has-small-font-size\">DGIP. (n.d.).&nbsp;<em>Las moscas de las flores (Syrphidae)<\/em>. Edu.ec. Retrieved January 3, 2025, from <a href=\"https:\/\/biologia.epn.edu.ec\/index.php\/moscas-flores\">https:\/\/biologia.epn.edu.ec\/index.php\/moscas-flores<\/a><\/p>\n\n\n\n<p><\/p>\n","protected":false},"excerpt":{"rendered":"<p>Descripci\u00f3n: Esta familia de braqu\u00edceros, formada por m\u00e1s de 5.000 especies, se caracteriza por presentar un patr\u00f3n de coloraci\u00f3n similar al de las abejas. Este patr\u00f3n es parte de un sistema de protecci\u00f3n conocido como mimetismo batesiano, lo que significa que aparentan ser abejas para que los depredadores crean que son peligrosos, aunque en realidad [&hellip;]<\/p>\n","protected":false},"author":2556,"featured_media":0,"parent":0,"menu_order":0,"comment_status":"closed","ping_status":"closed","template":"","meta":{"footnotes":""},"class_list":["post-4114","page","type-page","status-publish","hentry"],"_links":{"self":[{"href":"https:\/\/webs.uab.cat\/bees\/wp-json\/wp\/v2\/pages\/4114","targetHints":{"allow":["GET"]}}],"collection":[{"href":"https:\/\/webs.uab.cat\/bees\/wp-json\/wp\/v2\/pages"}],"about":[{"href":"https:\/\/webs.uab.cat\/bees\/wp-json\/wp\/v2\/types\/page"}],"author":[{"embeddable":true,"href":"https:\/\/webs.uab.cat\/bees\/wp-json\/wp\/v2\/users\/2556"}],"replies":[{"embeddable":true,"href":"https:\/\/webs.uab.cat\/bees\/wp-json\/wp\/v2\/comments?post=4114"}],"version-history":[{"count":1,"href":"https:\/\/webs.uab.cat\/bees\/wp-json\/wp\/v2\/pages\/4114\/revisions"}],"predecessor-version":[{"id":4294,"href":"https:\/\/webs.uab.cat\/bees\/wp-json\/wp\/v2\/pages\/4114\/revisions\/4294"}],"wp:attachment":[{"href":"https:\/\/webs.uab.cat\/bees\/wp-json\/wp\/v2\/media?parent=4114"}],"curies":[{"name":"wp","href":"https:\/\/api.w.org\/{rel}","templated":true}]}}