{"id":412,"date":"2025-05-14T11:46:45","date_gmt":"2025-05-14T09:46:45","guid":{"rendered":"https:\/\/biocampus25.wordpress.com\/?page_id=412"},"modified":"2025-05-19T13:46:23","modified_gmt":"2025-05-19T11:46:23","slug":"vencejo-comun","status":"publish","type":"page","link":"https:\/\/webs.uab.cat\/bees\/vencejo-comun\/","title":{"rendered":"VENCEJO COM\u00daN"},"content":{"rendered":"\n<div class=\"wp-block-group is-vertical is-layout-flex wp-container-core-group-is-layout-769d0143 wp-block-group-is-layout-flex\">\n<figure class=\"wp-block-image size-large\"><img decoding=\"async\" src=\"https:\/\/biocampus25.wordpress.com\/wp-content\/uploads\/2025\/04\/common_swift_by_naturalist19358.jpg?w=1024\" alt=\"\" class=\"wp-image-413\" \/><\/figure>\n\n\n\n<p class=\"has-text-align-justify has-small-font-size\">Apus apus. Imagen con copyright CC BY 4.0, creada por naturalist19358 y obtenida de Wikimedia commons en <a href=\"https:\/\/commons.wikimedia.org\/wiki\/File:Common_Swift_by_naturalist19358.jpg\">https:\/\/commons.wikimedia.org\/wiki\/File:Common_Swift_by_naturalist19358.jpg<\/a><\/p>\n<\/div>\n\n\n\n<div style=\"height:10px\" aria-hidden=\"true\" class=\"wp-block-spacer\"><\/div>\n\n\n\n<div class=\"wp-block-columns is-layout-flex wp-container-core-columns-is-layout-9d6595d7 wp-block-columns-is-layout-flex\">\n<div class=\"wp-block-column is-layout-flow wp-block-column-is-layout-flow\">\n<figure class=\"wp-block-table has-alegreya-font-family has-small-font-size\"><table><tbody><tr><td class=\"has-text-align-center\" data-align=\"center\"><strong>Reino<\/strong><\/td><td class=\"has-text-align-center\" data-align=\"center\">Animalia<\/td><\/tr><tr><td class=\"has-text-align-center\" data-align=\"center\"><strong>Filo<\/strong><\/td><td class=\"has-text-align-center\" data-align=\"center\">Chordata<\/td><\/tr><tr><td class=\"has-text-align-center\" data-align=\"center\"><strong>Subfilo<\/strong><\/td><td class=\"has-text-align-center\" data-align=\"center\"><a href=\"https:\/\/webs.uab.cat\/bees\/vertebrados\/\" data-type=\"page\" data-id=\"43\">Vertebrata<\/a><\/td><\/tr><tr><td class=\"has-text-align-center\" data-align=\"center\"><strong>Clase<\/strong><\/td><td class=\"has-text-align-center\" data-align=\"center\"><a href=\"https:\/\/webs.uab.cat\/bees\/aves\/\" data-type=\"page\" data-id=\"4085\">Aves<\/a><\/td><\/tr><tr><td class=\"has-text-align-center\" data-align=\"center\"><strong>Orden<\/strong><\/td><td class=\"has-text-align-center\" data-align=\"center\"><a href=\"https:\/\/webs.uab.cat\/bees\/apodiforme\/\" data-type=\"page\" data-id=\"684\">Apodiformes<\/a><\/td><\/tr><tr><td class=\"has-text-align-center\" data-align=\"center\"><strong>Familia<\/strong><\/td><td class=\"has-text-align-center\" data-align=\"center\">Apodidae<\/td><\/tr><tr><td class=\"has-text-align-center\" data-align=\"center\"><strong>G\u00e9nero<\/strong><\/td><td class=\"has-text-align-center\" data-align=\"center\">Apus<\/td><\/tr><tr><td class=\"has-text-align-center\" data-align=\"center\"><strong>Especie<\/strong><\/td><td class=\"has-text-align-center\" data-align=\"center\">A. apus<\/td><\/tr><\/tbody><\/table><\/figure>\n<\/div>\n\n\n\n<div class=\"wp-block-column is-layout-flow wp-block-column-is-layout-flow\">\n<div class=\"wp-block-group is-vertical is-layout-flex wp-container-core-group-is-layout-769d0143 wp-block-group-is-layout-flex\">\n<p><strong>DESCRIPCI\u00d3N:<\/strong><\/p>\n\n\n\n<p class=\"has-text-align-justify has-alegreya-font-family has-small-font-size\">El vencejo com\u00fan es un ave de reducido tama\u00f1o, presentando una longitud de 17cm y una envergadura de 45cm. Esto hace que tan solo pesen unos 35 gramos aproximadamente.<\/p>\n\n\n\n<p class=\"has-text-align-justify has-alegreya-font-family has-small-font-size\">Su plumaje es bastante homog\u00e9neo, mostrando una coloraci\u00f3n negruzca por todo el cuerpo, a excepci\u00f3n de la garganta y la zona inferior de la cara que es blanquinoso.<\/p>\n\n\n\n<p class=\"has-text-align-justify has-alegreya-font-family has-small-font-size\">Su dimorfismo sexual es inexistente, adem\u00e1s el individuo juvenil se distingue del adulto \u00fanicamente por su tama\u00f1o inferior y el plumaje con una tonalidad m\u00e1s claro.<\/p>\n\n\n\n<p class=\"has-text-align-justify has-alegreya-font-family has-small-font-size\">Entre sus caracter\u00edsticas m\u00e1s destacables estar\u00edan las alas en forma falciforme, su cola corta y horquillada, su boca grande con pico reducido y sus patas peque\u00f1as con garras reducidas.<\/p>\n<\/div>\n<\/div>\n<\/div>\n\n\n\n<div style=\"height:10px\" aria-hidden=\"true\" class=\"wp-block-spacer\"><\/div>\n\n\n\n<div class=\"wp-block-group is-vertical is-layout-flex wp-container-core-group-is-layout-769d0143 wp-block-group-is-layout-flex\">\n<p><strong>DIETA:<\/strong><\/p>\n\n\n\n<p class=\"has-text-align-justify has-alegreya-font-family has-small-font-size\">Esta especie est\u00e1 formada por individuos depredadores especialistas. Mientras van volando mantienen la boca abierta, as\u00ed pueden cazar a todos aquellos insectos voladores sin aguij\u00f3n y de tama\u00f1o inferior a 12 mil\u00edmetros.<\/p>\n<\/div>\n\n\n\n<div style=\"height:10px\" aria-hidden=\"true\" class=\"wp-block-spacer\"><\/div>\n\n\n\n<div class=\"wp-block-group is-vertical is-layout-flex wp-container-core-group-is-layout-769d0143 wp-block-group-is-layout-flex\">\n<p><strong>ESTRUCTURA SOCIAL Y COMPORTAMIENTO:<\/strong><\/p>\n\n\n\n<p class=\"has-text-align-justify has-alegreya-font-family has-small-font-size\">Esta ave es colonial, de manera que diversos organismos construyen sus nidos muy pr\u00f3ximos entre ellos. Aun as\u00ed, cada a\u00f1o vuelven al mismo nido de manera que se comportan como organismos mon\u00f3gamos.<\/p>\n\n\n\n<p class=\"has-text-align-justify has-alegreya-font-family has-small-font-size\">Sus nidos siempre se construyen dentro de huecos, lugar en el que depositan ramas y plumas que unen entre si a partir de una mezcla de saliva con cierta capacidad pegajosa.<\/p>\n\n\n\n<p class=\"has-text-align-justify has-alegreya-font-family has-small-font-size\">El periodo de celo se inicia en mayo y la cr\u00eda se alarga hasta julio, que es cuando los polluelos empiezan a volar. Por cada puesta se depositan 1-4 huevos, que ambos progenitores incuban durante 20 d\u00edas. Despu\u00e9s les dan de comer unos 40-45 d\u00edas y despu\u00e9s empiezan a volar, aun as\u00ed, los progenitores pueden abandonar hasta una semana a sus polluelos si el tiempo es adverso.<\/p>\n<\/div>\n\n\n<div class=\"wp-block-image\">\n<figure class=\"aligncenter size-large\"><img decoding=\"async\" src=\"https:\/\/biocampus25.wordpress.com\/wp-content\/uploads\/2025\/04\/captura-de-pantalla-2025-04-13-123644.png?w=952\" alt=\"\" class=\"wp-image-419\" \/><\/figure>\n<\/div>\n\n\n<div style=\"height:10px\" aria-hidden=\"true\" class=\"wp-block-spacer\"><\/div>\n\n\n\n<div class=\"wp-block-group is-vertical is-layout-flex wp-container-core-group-is-layout-769d0143 wp-block-group-is-layout-flex\">\n<p><strong>HABITAT Y ZONA DE DISTRIBUCI\u00d3N:<\/strong><\/p>\n\n\n\n<p class=\"has-text-align-justify has-alegreya-font-family has-small-font-size\">Este vencejo se encuentra muy distribuido por Europa, \u00c1frica (a excepci\u00f3n de la zona del Sahara) y Asia (menos en la zona norte y este).<\/p>\n\n\n\n<p class=\"has-text-align-justify has-alegreya-font-family has-small-font-size\">Debido a su gran capacidad de migraci\u00f3n, suele ser independiente al h\u00e1bitat. Aun as\u00ed, requiere que haya agua e insectos y suele preferir regiones c\u00e1lidas y secas.<\/p>\n<\/div>\n\n\n\n<div class=\"wp-block-group is-vertical is-layout-flex wp-container-core-group-is-layout-769d0143 wp-block-group-is-layout-flex\">\n<figure class=\"wp-block-image size-large\"><img decoding=\"async\" src=\"https:\/\/biocampus25.wordpress.com\/wp-content\/uploads\/2025\/04\/captura-de-pantalla-2025-04-13-123838.png?w=1024\" alt=\"\" class=\"wp-image-422\" \/><\/figure>\n\n\n\n<p class=\"has-text-align-justify has-small-font-size\">Mapa de distribuci\u00f3n de Apus apus. Imagen obtenida de Gbif en: <a href=\"https:\/\/www.gbif.org\/es\/species\/5228676\">https:\/\/www.gbif.org\/es\/species\/5228676<\/a><\/p>\n<\/div>\n\n\n\n<div style=\"height:10px\" aria-hidden=\"true\" class=\"wp-block-spacer\"><\/div>\n\n\n\n<div class=\"wp-block-group is-vertical is-layout-flex wp-container-core-group-is-layout-769d0143 wp-block-group-is-layout-flex\">\n<p><strong>ESTADO DE CONSERVACI\u00d3N:<\/strong><\/p>\n\n\n\n<p class=\"has-text-align-justify has-alegreya-font-family has-small-font-size\">En la IUCN nos informan de que esta especie se encuentra en estado de preocupaci\u00f3n menor a nivel mundial, pero en Europa est\u00e1n cerca del estado de peligro.<\/p>\n<\/div>\n\n\n<div class=\"wp-block-image\">\n<figure class=\"aligncenter size-large\"><img decoding=\"async\" src=\"https:\/\/biocampus25.wordpress.com\/wp-content\/uploads\/2025\/04\/captura_de_pantalla_2025-03-27_213157-removebg-preview-9.png?w=797\" alt=\"\" class=\"wp-image-425\" \/><\/figure>\n<\/div>\n\n\n<div style=\"height:30px\" aria-hidden=\"true\" class=\"wp-block-spacer\"><\/div>\n\n\n\n<p><strong>REFERENCIAS:<\/strong><\/p>\n\n\n\n<p class=\"has-text-align-justify has-small-font-size\"><em>Vencejo com\u00fan (Apus apus)<\/em>. (n.d.). ArgentiNat. Retrieved February 8, 2025, from <a href=\"https:\/\/www.argentinat.org\/taxa\/6638-Apus-apus\">https:\/\/www.argentinat.org\/taxa\/6638-Apus-apus<\/a><\/p>\n\n\n\n<p class=\"has-text-align-justify has-small-font-size\"><em>Vencejo com\u00fan<\/em>. (2013, October 23). SEO\/BirdLife. <a href=\"https:\/\/seo.org\/ave\/vencejo-comun\/\">https:\/\/seo.org\/ave\/vencejo-comun\/<\/a><\/p>\n\n\n\n<p class=\"has-text-align-justify has-small-font-size\">Vencejo com\u00fan (n.d.). ANIMALIA <a href=\"https:\/\/animalia.bio\/index.php\/es\/common-swift\">https:\/\/animalia.bio\/index.php\/es\/common-swift<\/a><\/p>\n\n\n\n<p class=\"has-text-align-justify has-small-font-size\">BirdLife International (BirdLife International). (2016a). IUCN Red List of Threatened Species: Apus apus.&nbsp;<em>IUCN Red List of Threatened Species<\/em>. <a href=\"https:\/\/www.iucnredlist.org\/species\/22686800\/86111691\">https:\/\/www.iucnredlist.org\/species\/22686800\/86111691<\/a><\/p>\n","protected":false},"excerpt":{"rendered":"<p>Apus apus. Imagen con copyright CC BY 4.0, creada por naturalist19358 y obtenida de Wikimedia commons en https:\/\/commons.wikimedia.org\/wiki\/File:Common_Swift_by_naturalist19358.jpg Reino Animalia Filo Chordata Subfilo Vertebrata Clase Aves Orden Apodiformes Familia Apodidae G\u00e9nero Apus Especie A. apus DESCRIPCI\u00d3N: El vencejo com\u00fan es un ave de reducido tama\u00f1o, presentando una longitud de 17cm y una envergadura de 45cm. [&hellip;]<\/p>\n","protected":false},"author":2556,"featured_media":0,"parent":0,"menu_order":0,"comment_status":"closed","ping_status":"closed","template":"","meta":{"footnotes":""},"class_list":["post-412","page","type-page","status-publish","hentry"],"_links":{"self":[{"href":"https:\/\/webs.uab.cat\/bees\/wp-json\/wp\/v2\/pages\/412","targetHints":{"allow":["GET"]}}],"collection":[{"href":"https:\/\/webs.uab.cat\/bees\/wp-json\/wp\/v2\/pages"}],"about":[{"href":"https:\/\/webs.uab.cat\/bees\/wp-json\/wp\/v2\/types\/page"}],"author":[{"embeddable":true,"href":"https:\/\/webs.uab.cat\/bees\/wp-json\/wp\/v2\/users\/2556"}],"replies":[{"embeddable":true,"href":"https:\/\/webs.uab.cat\/bees\/wp-json\/wp\/v2\/comments?post=412"}],"version-history":[{"count":1,"href":"https:\/\/webs.uab.cat\/bees\/wp-json\/wp\/v2\/pages\/412\/revisions"}],"predecessor-version":[{"id":4299,"href":"https:\/\/webs.uab.cat\/bees\/wp-json\/wp\/v2\/pages\/412\/revisions\/4299"}],"wp:attachment":[{"href":"https:\/\/webs.uab.cat\/bees\/wp-json\/wp\/v2\/media?parent=412"}],"curies":[{"name":"wp","href":"https:\/\/api.w.org\/{rel}","templated":true}]}}