{"id":446,"date":"2025-05-14T11:39:48","date_gmt":"2025-05-14T09:39:48","guid":{"rendered":"https:\/\/biocampus25.wordpress.com\/?page_id=446"},"modified":"2025-05-19T10:52:13","modified_gmt":"2025-05-19T08:52:13","slug":"ciguena-blanca","status":"publish","type":"page","link":"https:\/\/webs.uab.cat\/bees\/ciguena-blanca\/","title":{"rendered":"CIG\u00dcE\u00d1A BLANCA"},"content":{"rendered":"<div class=\"wp-block-image\">\n<figure class=\"aligncenter size-large\"><img decoding=\"async\" src=\"https:\/\/biocampus25.wordpress.com\/wp-content\/uploads\/2025\/04\/640px-ciconia_ciconia_hamburg_zoo-edited.jpg\" alt=\"\" class=\"wp-image-449\" \/><\/figure>\n<\/div>\n\n\n<div style=\"height:10px\" aria-hidden=\"true\" class=\"wp-block-spacer\"><\/div>\n\n\n\n<div class=\"wp-block-columns is-layout-flex wp-container-core-columns-is-layout-9d6595d7 wp-block-columns-is-layout-flex\">\n<div class=\"wp-block-column is-layout-flow wp-block-column-is-layout-flow\">\n<figure class=\"wp-block-table has-alegreya-font-family has-small-font-size\"><table><tbody><tr><td class=\"has-text-align-center\" data-align=\"center\"><strong>Reino<\/strong><\/td><td class=\"has-text-align-center\" data-align=\"center\">Animalia<\/td><\/tr><tr><td class=\"has-text-align-center\" data-align=\"center\"><strong>Filo<\/strong><\/td><td class=\"has-text-align-center\" data-align=\"center\">Chordata<\/td><\/tr><tr><td class=\"has-text-align-center\" data-align=\"center\"><strong>Subfilo<\/strong><\/td><td class=\"has-text-align-center\" data-align=\"center\"><a href=\"https:\/\/webs.uab.cat\/bees\/vertebrados\/\" data-type=\"page\" data-id=\"43\">Vertebrata<\/a><\/td><\/tr><tr><td class=\"has-text-align-center\" data-align=\"center\"><strong>Clase<\/strong><\/td><td class=\"has-text-align-center\" data-align=\"center\"><a href=\"https:\/\/webs.uab.cat\/bees\/aves\/\" data-type=\"page\" data-id=\"4085\">Aves<\/a><\/td><\/tr><tr><td class=\"has-text-align-center\" data-align=\"center\"><strong>Orden<\/strong><\/td><td class=\"has-text-align-center\" data-align=\"center\"><a href=\"https:\/\/webs.uab.cat\/bees\/ciconiiforme\/\" data-type=\"page\" data-id=\"699\">Ciconiiformes<\/a><\/td><\/tr><tr><td class=\"has-text-align-center\" data-align=\"center\"><strong>Familia<\/strong><\/td><td class=\"has-text-align-center\" data-align=\"center\">Ciconiidae<\/td><\/tr><tr><td class=\"has-text-align-center\" data-align=\"center\"><strong>G\u00e9nero<\/strong><\/td><td class=\"has-text-align-center\" data-align=\"center\">Ciconia<\/td><\/tr><tr><td class=\"has-text-align-center\" data-align=\"center\"><strong>Especie<\/strong><\/td><td class=\"has-text-align-center\" data-align=\"center\">C. ciconia<\/td><\/tr><\/tbody><\/table><\/figure>\n<\/div>\n\n\n\n<div class=\"wp-block-column is-layout-flow wp-block-column-is-layout-flow\">\n<div class=\"wp-block-group is-vertical is-layout-flex wp-container-core-group-is-layout-769d0143 wp-block-group-is-layout-flex\">\n<p><strong>DESCRIPCI\u00d3N:<\/strong><\/p>\n\n\n\n<p class=\"has-text-align-justify has-alegreya-font-family has-small-font-size\">La cig\u00fce\u00f1a blanca es un ave de gran tama\u00f1o, tiene una longitud de 95-110cm y una envergadura de 180-218cm. Todo esto hace que f\u00e1cilmente pueda llegar a pesar m\u00e1s de 3Kg.<\/p>\n\n\n\n<p class=\"has-text-align-justify has-alegreya-font-family has-small-font-size\">Su plumaje es mayoritariamente blanco, con excepci\u00f3n de las plumas presentes en el extremo posterior de las alas, las cuales son negras. Todas sus plumas son de gran tama\u00f1o, lo que en las alas favorece un vuelo m\u00e1s eficiente y las del pecho les sirve para realizar el cortejo.<\/p>\n\n\n\n<p class=\"has-text-align-justify has-alegreya-font-family has-small-font-size\">Estas cig\u00fce\u00f1as no tienen ning\u00fan tipo de dimorfismo sexual (coloraci\u00f3n y tama\u00f1o id\u00e9nticos), por lo que puede ser complicada su identificaci\u00f3n si no se es experto.<\/p>\n\n\n\n<p class=\"has-text-align-justify has-alegreya-font-family has-small-font-size\">Entre las caracter\u00edsticas m\u00e1s destacables estar\u00edan su pico alargado, puntiagudo y rojizo, adem\u00e1s de sus patas alargadas y estrechas. Normalmente son lentos caminando, movimiento que combinan con el movimiento de la cabeza.<\/p>\n<\/div>\n<\/div>\n<\/div>\n\n\n\n<div style=\"height:10px\" aria-hidden=\"true\" class=\"wp-block-spacer\"><\/div>\n\n\n\n<div class=\"wp-block-group is-vertical is-layout-flex wp-container-core-group-is-layout-769d0143 wp-block-group-is-layout-flex\">\n<p><strong>DIETA:<\/strong><\/p>\n\n\n\n<p class=\"has-text-align-justify has-alegreya-font-family has-small-font-size\">Esta especie est\u00e1 formada por individuos carn\u00edvoros, que se alimentan principalmente de grandes artr\u00f3podos (saltamontes y escarabajos), as\u00ed como muchos otros invertebrados y vertebrados de todo tipo.<\/p>\n<\/div>\n\n\n\n<div style=\"height:10px\" aria-hidden=\"true\" class=\"wp-block-spacer\"><\/div>\n\n\n\n<div class=\"wp-block-group is-vertical is-layout-flex wp-container-core-group-is-layout-769d0143 wp-block-group-is-layout-flex\">\n<p><strong>ESTRUCTURA SOCIAL Y COMPORTAMIENTO:<\/strong><\/p>\n\n\n\n<p class=\"has-text-align-justify has-alegreya-font-family has-small-font-size\">Los individuos de este grupo muestran un comportamiento colonial, a menudo estableciendo sus nidos cerca de otras zancudas, como las garzas.<\/p>\n\n\n\n<p class=\"has-text-align-justify has-alegreya-font-family has-small-font-size\">Durante la temporada de reproducci\u00f3n, que generalmente tiene lugar entre marzo y abril, construyen grandes nidos encima de estructuras humanas. Estos nidos se colocan cercanos entre ellos, con lo que forman unas colonias laxas en las que ambos progenitores participan activamente en su mantenimiento y defensa.<\/p>\n\n\n\n<p class=\"has-text-align-justify has-alegreya-font-family has-small-font-size\">En cada nido se suelen depositar 3-4 huevos que eclosionan despu\u00e9s de pasar unos 29-34 d\u00edas de incubaci\u00f3n. Durante este tiempo, tanto el macho como la hembra se encargan del cuidado de su nido, aunque suele ser el macho quien se ocupa de la b\u00fasqueda de alimento.<\/p>\n\n\n\n<p class=\"has-text-align-justify has-alegreya-font-family has-small-font-size\">Despu\u00e9s de 54-68 d\u00edas de desarrollo, los polluelos se vuelven independientes y abandonan el nido. Estos nuevos organismos juveniles pasar\u00e1n a formar parte de la din\u00e1mica de la colonia.<\/p>\n<\/div>\n\n\n<div class=\"wp-block-image\">\n<figure class=\"aligncenter size-large\"><img decoding=\"async\" src=\"https:\/\/biocampus25.wordpress.com\/wp-content\/uploads\/2025\/04\/captura-de-pantalla-2025-04-14-221644.png?w=954\" alt=\"\" class=\"wp-image-456\" \/><\/figure>\n<\/div>\n\n\n<div style=\"height:10px\" aria-hidden=\"true\" class=\"wp-block-spacer\"><\/div>\n\n\n\n<div class=\"wp-block-group is-vertical is-layout-flex wp-container-core-group-is-layout-769d0143 wp-block-group-is-layout-flex\">\n<p><strong>HABITAT Y ZONA DE DISTRIBUCI\u00d3N:<\/strong><\/p>\n\n\n\n<p class=\"has-text-align-justify has-alegreya-font-family has-small-font-size\">Podemos encontrar a esta ave por toda Europa, as\u00ed como una muy buena parte de \u00c1frica. En Asia puede encontrarse por la zona central (especialmente en India), adem\u00e1s del extremo este (Jap\u00f3n y Corea).<\/p>\n\n\n\n<p class=\"has-text-align-justify has-alegreya-font-family has-small-font-size\">Solemos encontrarlas en zonas naturales abiertas como serian los herbazales, pero muchas veces est\u00e1n en zonas modificadas por el hombre para el cultivo como ser\u00edan los regad\u00edos y los cultivos de secano.<\/p>\n<\/div>\n\n\n\n<div class=\"wp-block-group is-vertical is-layout-flex wp-container-core-group-is-layout-769d0143 wp-block-group-is-layout-flex\">\n<figure class=\"wp-block-image size-large\"><img decoding=\"async\" src=\"https:\/\/biocampus25.wordpress.com\/wp-content\/uploads\/2025\/04\/captura-de-pantalla-2025-04-14-221843.png?w=1024\" alt=\"\" class=\"wp-image-459\" \/><\/figure>\n\n\n\n<p class=\"has-text-align-justify has-small-font-size\">Mapa de distribuci\u00f3n de Ciconia ciconia. Imagen obtenida de Gbif en: <a href=\"https:\/\/www.gbif.org\/es\/species\/2481912\">https:\/\/www.gbif.org\/es\/species\/2481912<\/a><\/p>\n<\/div>\n\n\n\n<div style=\"height:10px\" aria-hidden=\"true\" class=\"wp-block-spacer\"><\/div>\n\n\n\n<div class=\"wp-block-group is-vertical is-layout-flex wp-container-core-group-is-layout-769d0143 wp-block-group-is-layout-flex\">\n<p><strong>ESTADO DE CONSERVACI\u00d3N:<\/strong><\/p>\n\n\n\n<p class=\"has-text-align-justify has-alegreya-font-family has-small-font-size\">Esta especie es de preocupaci\u00f3n menor seg\u00fan la IUCN, adem\u00e1s su poblaci\u00f3n est\u00e1 aumentando.<\/p>\n<\/div>\n\n\n<div class=\"wp-block-image\">\n<figure class=\"aligncenter size-large\"><img decoding=\"async\" src=\"https:\/\/biocampus25.wordpress.com\/wp-content\/uploads\/2025\/04\/captura_de_pantalla_2025-03-27_213157-removebg-preview-11.png?w=797\" alt=\"\" class=\"wp-image-461\" \/><\/figure>\n<\/div>\n\n\n<div style=\"height:30px\" aria-hidden=\"true\" class=\"wp-block-spacer\"><\/div>\n\n\n\n<p><strong>REFERENCIAS:<\/strong><\/p>\n\n\n\n<p class=\"has-text-align-justify has-small-font-size\"><em>Cig\u00fce\u00f1a blanca (Ciconia ciconia)<\/em>. (n.d.). ArgentiNat. Retrieved February 9, 2025, from <a href=\"https:\/\/www.argentinat.org\/taxa\/4733-Ciconia-ciconia\">https:\/\/www.argentinat.org\/taxa\/4733-Ciconia-ciconia<\/a><\/p>\n\n\n\n<p class=\"has-text-align-justify has-small-font-size\"><em>Cig\u00fce\u00f1a blanca<\/em>. (2013, October 21). SEO\/BirdLife. <a href=\"https:\/\/seo.org\/ave\/ciguena-blanca\/\">https:\/\/seo.org\/ave\/ciguena-blanca\/<\/a><\/p>\n\n\n\n<p class=\"has-text-align-justify has-small-font-size\"><em>Cig\u00fce\u00f1a blanca &#8211; Ciconia ciconia<\/em>. (n.d.). Wiki Hoyo de Manzanares; Fandom, Inc. Retrieved February 9, 2025, from <a href=\"https:\/\/hoyodemanzanares.fandom.com\/es\/wiki\/Cig%C3%BCe%C3%B1a_blanca_-_Ciconia_ciconia\">https:\/\/hoyodemanzanares.fandom.com\/es\/wiki\/Cig%C3%BCe%C3%B1a_blanca_-_Ciconia_ciconia<\/a><\/p>\n\n\n\n<p class=\"has-text-align-justify has-small-font-size\">BirdLife International (BirdLife International). (2016b). IUCN Red List of Threatened Species: Ciconia ciconia.&nbsp;<em>IUCN Red List of Threatened Species<\/em>. <a href=\"https:\/\/www.iucnredlist.org\/species\/22697691\/86248677\">https:\/\/www.iucnredlist.org\/species\/22697691\/86248677<\/a><\/p>\n","protected":false},"excerpt":{"rendered":"<p>Reino Animalia Filo Chordata Subfilo Vertebrata Clase Aves Orden Ciconiiformes Familia Ciconiidae G\u00e9nero Ciconia Especie C. ciconia DESCRIPCI\u00d3N: La cig\u00fce\u00f1a blanca es un ave de gran tama\u00f1o, tiene una longitud de 95-110cm y una envergadura de 180-218cm. Todo esto hace que f\u00e1cilmente pueda llegar a pesar m\u00e1s de 3Kg. Su plumaje es mayoritariamente blanco, con [&hellip;]<\/p>\n","protected":false},"author":2556,"featured_media":0,"parent":0,"menu_order":0,"comment_status":"closed","ping_status":"closed","template":"","meta":{"footnotes":""},"class_list":["post-446","page","type-page","status-publish","hentry"],"_links":{"self":[{"href":"https:\/\/webs.uab.cat\/bees\/wp-json\/wp\/v2\/pages\/446","targetHints":{"allow":["GET"]}}],"collection":[{"href":"https:\/\/webs.uab.cat\/bees\/wp-json\/wp\/v2\/pages"}],"about":[{"href":"https:\/\/webs.uab.cat\/bees\/wp-json\/wp\/v2\/types\/page"}],"author":[{"embeddable":true,"href":"https:\/\/webs.uab.cat\/bees\/wp-json\/wp\/v2\/users\/2556"}],"replies":[{"embeddable":true,"href":"https:\/\/webs.uab.cat\/bees\/wp-json\/wp\/v2\/comments?post=446"}],"version-history":[{"count":1,"href":"https:\/\/webs.uab.cat\/bees\/wp-json\/wp\/v2\/pages\/446\/revisions"}],"predecessor-version":[{"id":4165,"href":"https:\/\/webs.uab.cat\/bees\/wp-json\/wp\/v2\/pages\/446\/revisions\/4165"}],"wp:attachment":[{"href":"https:\/\/webs.uab.cat\/bees\/wp-json\/wp\/v2\/media?parent=446"}],"curies":[{"name":"wp","href":"https:\/\/api.w.org\/{rel}","templated":true}]}}