{"id":465,"date":"2025-05-14T11:42:32","date_gmt":"2025-05-14T09:42:32","guid":{"rendered":"https:\/\/biocampus25.wordpress.com\/?page_id=465"},"modified":"2025-05-19T13:14:52","modified_gmt":"2025-05-19T11:14:52","slug":"paloma-torcaz","status":"publish","type":"page","link":"https:\/\/webs.uab.cat\/bees\/paloma-torcaz\/","title":{"rendered":"PALOMA TORCAZ"},"content":{"rendered":"<div class=\"wp-block-image\">\n<figure class=\"aligncenter size-large\"><img loading=\"lazy\" decoding=\"async\" width=\"640\" height=\"457\" src=\"https:\/\/biocampus25.wordpress.com\/wp-content\/uploads\/2025\/04\/stadttaube-felixabraham.jpg?w=640\" alt=\"\" class=\"wp-image-466\" srcset=\"https:\/\/webs.uab.cat\/bees\/wp-content\/uploads\/sites\/329\/2025\/04\/stadttaube-felixabraham.jpg 640w, https:\/\/webs.uab.cat\/bees\/wp-content\/uploads\/sites\/329\/2025\/04\/stadttaube-felixabraham-300x214.jpg 300w\" sizes=\"auto, (max-width: 640px) 100vw, 640px\" \/><\/figure>\n<\/div>\n\n\n<div style=\"height:10px\" aria-hidden=\"true\" class=\"wp-block-spacer\"><\/div>\n\n\n\n<div class=\"wp-block-columns is-layout-flex wp-container-core-columns-is-layout-9d6595d7 wp-block-columns-is-layout-flex\">\n<div class=\"wp-block-column is-layout-flow wp-block-column-is-layout-flow\">\n<figure class=\"wp-block-table has-alegreya-font-family has-small-font-size\"><table><tbody><tr><td class=\"has-text-align-center\" data-align=\"center\"><strong>Reino<\/strong><\/td><td class=\"has-text-align-center\" data-align=\"center\">Animalia<\/td><\/tr><tr><td class=\"has-text-align-center\" data-align=\"center\"><strong>Filo<\/strong><\/td><td class=\"has-text-align-center\" data-align=\"center\">Chordata<\/td><\/tr><tr><td class=\"has-text-align-center\" data-align=\"center\"><strong>Subfilo<\/strong><\/td><td class=\"has-text-align-center\" data-align=\"center\"><a href=\"https:\/\/webs.uab.cat\/bees\/vertebrados\/\" data-type=\"page\" data-id=\"43\">Vertebrata<\/a><\/td><\/tr><tr><td class=\"has-text-align-center\" data-align=\"center\"><strong>Clase<\/strong><\/td><td class=\"has-text-align-center\" data-align=\"center\"><a href=\"https:\/\/webs.uab.cat\/bees\/aves\/\" data-type=\"page\" data-id=\"4085\">Aves<\/a><\/td><\/tr><tr><td class=\"has-text-align-center\" data-align=\"center\"><strong>Orden<\/strong><\/td><td class=\"has-text-align-center\" data-align=\"center\"><a href=\"https:\/\/webs.uab.cat\/bees\/columbiforme\/\" data-type=\"page\" data-id=\"708\">Columbiformes<\/a><\/td><\/tr><tr><td class=\"has-text-align-center\" data-align=\"center\"><strong>Familia<\/strong><\/td><td class=\"has-text-align-center\" data-align=\"center\">Columbidae<\/td><\/tr><tr><td class=\"has-text-align-center\" data-align=\"center\"><strong>G\u00e9nero<\/strong><\/td><td class=\"has-text-align-center\" data-align=\"center\">Columba<\/td><\/tr><tr><td class=\"has-text-align-center\" data-align=\"center\"><strong>Especie<\/strong><\/td><td class=\"has-text-align-center\" data-align=\"center\">C. palumbus<\/td><\/tr><\/tbody><\/table><\/figure>\n<\/div>\n\n\n\n<div class=\"wp-block-column is-layout-flow wp-block-column-is-layout-flow\">\n<div class=\"wp-block-group is-vertical is-layout-flex wp-container-core-group-is-layout-769d0143 wp-block-group-is-layout-flex\">\n<p><strong>DESCRIPCI\u00d3N:<\/strong><\/p>\n\n\n\n<p class=\"has-text-align-justify has-alegreya-font-family has-small-font-size\">La paloma torcaz es un ave de tama\u00f1o medio, que mide alrededor de 40cm de longitud y hasta 80 de envergadura. Con esto logran llegar a pesar hasta 600 gramos.<\/p>\n\n\n\n<p class=\"has-text-align-justify has-alegreya-font-family has-small-font-size\">Generalmente tienen un plumaje gris\u00e1ceo, pero es posible que tenga un cierto brillo alrededor del cuello o que tengan manchas m\u00e1s oscuras al final de la cola (lugar donde puede ser azulado) o las alas. Seg\u00fan el individuo, la pauta de coloraci\u00f3n puede ser un poco diferente entre s\u00ed, sobre todo por la expresi\u00f3n de ciertas regiones con tonos m\u00e1s claros.<\/p>\n\n\n\n<p class=\"has-text-align-justify has-alegreya-font-family has-small-font-size\">Cabe destacar que sus patas est\u00e1n perfectamente adaptadas a la locomoci\u00f3n por el suelo, as\u00ed como a agarrarse a las ramas. Esto es debido a que presentan tres dedos hacia delante y uno hacia atr\u00e1s.<\/p>\n<\/div>\n<\/div>\n<\/div>\n\n\n\n<div style=\"height:10px\" aria-hidden=\"true\" class=\"wp-block-spacer\"><\/div>\n\n\n\n<div class=\"wp-block-group is-vertical is-layout-flex wp-container-core-group-is-layout-769d0143 wp-block-group-is-layout-flex\">\n<p><strong>DIETA:<\/strong><\/p>\n\n\n\n<p class=\"has-text-align-justify has-alegreya-font-family has-small-font-size\">Su dieta se basa principalmente en la ingesta de semillas, aunque tambi\u00e9n pueden comer hojas de dicotiled\u00f3neas y plantas cultivadas.<\/p>\n<\/div>\n\n\n\n<div style=\"height:10px\" aria-hidden=\"true\" class=\"wp-block-spacer\"><\/div>\n\n\n\n<div class=\"wp-block-group is-vertical is-layout-flex wp-container-core-group-is-layout-769d0143 wp-block-group-is-layout-flex\">\n<p><strong>ESTRUCTURA SOCIAL Y COMPORTAMIENTO:<\/strong><\/p>\n\n\n\n<p class=\"has-text-align-justify has-alegreya-font-family has-small-font-size\">Normalmente suelen tener un comportamiento gregario, de manera que buscan alimento o descansan juntos un gran grupo de individuos. En cambio, cuando est\u00e1n en \u00e9poca reproductiva, se vuelven solitarios y muy territoriales, de esta manera protegen las inmediaciones de sus nidos.<\/p>\n\n\n\n<p class=\"has-text-align-justify has-alegreya-font-family has-small-font-size\">Durante el periodo de marzo a septiembre, estas aves se reproducen, dando lugar a uno o dos huevos. Estos se depositan en unos nidos formados por hojas, hierbas y ramas, los cuales se colocan sobre arbustos o \u00e1rboles. El periodo de incubaci\u00f3n dura unos 18 d\u00edas y participan ambos progenitores. Finalmente, una vez han pasado unos 20-35 d\u00edas des de su nacimiento, estos polluelos podr\u00e1n empezar a volar y abandonar\u00e1n el nido.<\/p>\n<\/div>\n\n\n<div class=\"wp-block-image\">\n<figure class=\"aligncenter size-large\"><img decoding=\"async\" src=\"https:\/\/biocampus25.wordpress.com\/wp-content\/uploads\/2025\/04\/captura-de-pantalla-2025-03-27-220716-8.png?w=1024\" alt=\"\" class=\"wp-image-472\" \/><\/figure>\n<\/div>\n\n\n<div style=\"height:10px\" aria-hidden=\"true\" class=\"wp-block-spacer\"><\/div>\n\n\n\n<div class=\"wp-block-group is-vertical is-layout-flex wp-container-core-group-is-layout-769d0143 wp-block-group-is-layout-flex\">\n<p><strong>HABITAT Y ZONA DE DISTRIBUCI\u00d3N:<\/strong><\/p>\n\n\n\n<p class=\"has-text-align-justify has-alegreya-font-family has-small-font-size\">Este tipo de paloma puede ser encontrado en toda Europa, as\u00ed como al norte de \u00c1frica y en el oeste-centro de Asia.<\/p>\n\n\n\n<p class=\"has-text-align-justify has-alegreya-font-family has-small-font-size\">En estas regiones suelen ocupar bosques frondosos, aunque tambi\u00e9n pueden ser encontrados entre los matorrales, en los cultivos o en las proximidades de las con\u00edferas. Pueden llegar a ser bastante abundantes en las regiones urbanas, muchas veces intentando buscar alimento.<\/p>\n<\/div>\n\n\n\n<div class=\"wp-block-group is-vertical is-layout-flex wp-container-core-group-is-layout-769d0143 wp-block-group-is-layout-flex\">\n<figure class=\"wp-block-image size-large\"><img decoding=\"async\" src=\"https:\/\/biocampus25.wordpress.com\/wp-content\/uploads\/2025\/04\/captura-de-pantalla-2025-04-14-223207.png?w=1024\" alt=\"\" class=\"wp-image-475\" \/><\/figure>\n\n\n\n<p class=\"has-text-align-justify has-small-font-size\">Mapa de distribuci\u00f3n de Columba palumbus. Imagen obtenida de Gbif en:&nbsp;&nbsp;&nbsp;&nbsp;&nbsp;&nbsp;&nbsp;&nbsp;&nbsp;&nbsp;&nbsp;&nbsp; <a href=\"https:\/\/www.gbif.org\/es\/species\/2495455\">https:\/\/www.gbif.org\/es\/species\/2495455<\/a><\/p>\n<\/div>\n\n\n\n<div style=\"height:10px\" aria-hidden=\"true\" class=\"wp-block-spacer\"><\/div>\n\n\n\n<div class=\"wp-block-group is-vertical is-layout-flex wp-container-core-group-is-layout-769d0143 wp-block-group-is-layout-flex\">\n<p><strong>ESTADO DE CONSERVACI\u00d3N:<\/strong><\/p>\n\n\n\n<p class=\"has-text-align-justify has-alegreya-font-family has-small-font-size\">Esta especie se encuentra en estado de preocupaci\u00f3n menor seg\u00fan los datos de la IUCN, adem\u00e1s las poblaciones van en aumento.<\/p>\n<\/div>\n\n\n<div class=\"wp-block-image\">\n<figure class=\"aligncenter size-large\"><img decoding=\"async\" src=\"https:\/\/biocampus25.wordpress.com\/wp-content\/uploads\/2025\/04\/captura_de_pantalla_2025-03-27_213157-removebg-preview-12.png?w=797\" alt=\"\" class=\"wp-image-478\" \/><\/figure>\n<\/div>\n\n\n<div style=\"height:30px\" aria-hidden=\"true\" class=\"wp-block-spacer\"><\/div>\n\n\n\n<p><strong>REFERENCIAS:<\/strong><\/p>\n\n\n\n<p class=\"has-text-align-justify has-small-font-size\"><em>Paloma torcaz (Columba palumbus)<\/em>. (n.d.). Natusfera. Retrieved February 9, 2025, from <a href=\"https:\/\/spain.inaturalist.org\/taxa\/3048-Columba-palumbus\">https:\/\/spain.inaturalist.org\/taxa\/3048-Columba-palumbus<\/a><\/p>\n\n\n\n<p class=\"has-text-align-justify has-small-font-size\"><em>Paloma torcaz<\/em>. (2013, October 23). SEO\/BirdLife. <a href=\"https:\/\/seo.org\/ave\/paloma-torcaz\/\">https:\/\/seo.org\/ave\/paloma-torcaz\/<\/a><\/p>\n\n\n\n<p class=\"has-text-align-justify has-small-font-size\">Blasco-Zumeta, Javier y Heinz, Gerd-Michael (n.d.). 215 Columba palumbus (Columbiformes, Columbidae). Fauna de Pina de Ebro y su comarca. Retrieved February 9,2025, from <a href=\"https:\/\/monteriza.aranzadi.eus\/wp-content\/uploads\/aves\/215.columba-palumbus.pdf\">https:\/\/monteriza.aranzadi.eus\/wp-content\/uploads\/aves\/215.columba-palumbus.pdf<\/a><\/p>\n\n\n\n<p class=\"has-text-align-justify has-small-font-size\">Columba palumbus: BirdLife International. (2018).&nbsp;<em>The IUCN Red List of Threatened Species<\/em>. <a href=\"https:\/\/doi.org\/10.2305\/iucn.uk.2018-2.rlts.t22690103a131924602.en\">https:\/\/doi.org\/10.2305\/iucn.uk.2018-2.rlts.t22690103a131924602.en<\/a><\/p>\n","protected":false},"excerpt":{"rendered":"<p>Reino Animalia Filo Chordata Subfilo Vertebrata Clase Aves Orden Columbiformes Familia Columbidae G\u00e9nero Columba Especie C. palumbus DESCRIPCI\u00d3N: La paloma torcaz es un ave de tama\u00f1o medio, que mide alrededor de 40cm de longitud y hasta 80 de envergadura. Con esto logran llegar a pesar hasta 600 gramos. Generalmente tienen un plumaje gris\u00e1ceo, pero es [&hellip;]<\/p>\n","protected":false},"author":2556,"featured_media":0,"parent":0,"menu_order":0,"comment_status":"closed","ping_status":"closed","template":"","meta":{"footnotes":""},"class_list":["post-465","page","type-page","status-publish","hentry"],"_links":{"self":[{"href":"https:\/\/webs.uab.cat\/bees\/wp-json\/wp\/v2\/pages\/465","targetHints":{"allow":["GET"]}}],"collection":[{"href":"https:\/\/webs.uab.cat\/bees\/wp-json\/wp\/v2\/pages"}],"about":[{"href":"https:\/\/webs.uab.cat\/bees\/wp-json\/wp\/v2\/types\/page"}],"author":[{"embeddable":true,"href":"https:\/\/webs.uab.cat\/bees\/wp-json\/wp\/v2\/users\/2556"}],"replies":[{"embeddable":true,"href":"https:\/\/webs.uab.cat\/bees\/wp-json\/wp\/v2\/comments?post=465"}],"version-history":[{"count":1,"href":"https:\/\/webs.uab.cat\/bees\/wp-json\/wp\/v2\/pages\/465\/revisions"}],"predecessor-version":[{"id":4268,"href":"https:\/\/webs.uab.cat\/bees\/wp-json\/wp\/v2\/pages\/465\/revisions\/4268"}],"wp:attachment":[{"href":"https:\/\/webs.uab.cat\/bees\/wp-json\/wp\/v2\/media?parent=465"}],"curies":[{"name":"wp","href":"https:\/\/api.w.org\/{rel}","templated":true}]}}