{"id":502,"date":"2023-02-13T17:13:58","date_gmt":"2023-02-13T15:13:58","guid":{"rendered":"https:\/\/webs.uab.cat\/bees\/?page_id=502"},"modified":"2025-06-04T13:22:10","modified_gmt":"2025-06-04T11:22:10","slug":"arthropod-collection-database-uab","status":"publish","type":"page","link":"https:\/\/webs.uab.cat\/bees\/arthropod-collection-database-uab\/","title":{"rendered":"Entomological Collection"},"content":{"rendered":"\n<p>Our group curates an entomological collection mainly focused on  Mediterranean fauna. It is a working in progress, but you can have access to the preliminary dataset here:<\/p>\n\n\n\n<p><a href=\"https:\/\/ricaliari.shinyapps.io\/UABZoo\/\" target=\"_blank\" rel=\"noreferrer noopener\">Click here to access the application<\/a><\/p>\n\n\n\n<p>This project would not be possible without the help of volunteering students and bursaries.<\/p>\n\n\n\n<p><strong>Collaborators:<\/strong><br>Alejandro Lozano Santa Cruz <br>Daniel Altair Saureu Velasco <br>Enric Garc\u00eda Torras <br>Francisca Yuliana Mu\u00f1oz Cort\u00e9s <br>Mar Escobar Salmer\u00f3n<br>Marta Cald\u00e9s Vallhonrat<br>Nana N\u00faria Quiroga Nakanishi <br>Pau Avellana Ascanio<br>Patricia Gonz\u00e1les Lleida<br>Yaiza Rodr\u00edguez Lumbreras<br>X\u00e8nia Bolet Rosell<\/p>\n","protected":false},"excerpt":{"rendered":"<p>Our group curates an entomological collection mainly focused on Mediterranean fauna. It is a working in progress, but you can have access to the preliminary dataset here: Click here to access the application This project would not be possible without the help of volunteering students and bursaries. Collaborators:Alejandro Lozano Santa Cruz Daniel Altair Saureu Velasco [&hellip;]<\/p>\n","protected":false},"author":2556,"featured_media":552,"parent":0,"menu_order":0,"comment_status":"closed","ping_status":"closed","template":"","meta":{"footnotes":""},"class_list":["post-502","page","type-page","status-publish","has-post-thumbnail","hentry"],"_links":{"self":[{"href":"https:\/\/webs.uab.cat\/bees\/wp-json\/wp\/v2\/pages\/502","targetHints":{"allow":["GET"]}}],"collection":[{"href":"https:\/\/webs.uab.cat\/bees\/wp-json\/wp\/v2\/pages"}],"about":[{"href":"https:\/\/webs.uab.cat\/bees\/wp-json\/wp\/v2\/types\/page"}],"author":[{"embeddable":true,"href":"https:\/\/webs.uab.cat\/bees\/wp-json\/wp\/v2\/users\/2556"}],"replies":[{"embeddable":true,"href":"https:\/\/webs.uab.cat\/bees\/wp-json\/wp\/v2\/comments?post=502"}],"version-history":[{"count":20,"href":"https:\/\/webs.uab.cat\/bees\/wp-json\/wp\/v2\/pages\/502\/revisions"}],"predecessor-version":[{"id":4312,"href":"https:\/\/webs.uab.cat\/bees\/wp-json\/wp\/v2\/pages\/502\/revisions\/4312"}],"wp:featuredmedia":[{"embeddable":true,"href":"https:\/\/webs.uab.cat\/bees\/wp-json\/wp\/v2\/media\/552"}],"wp:attachment":[{"href":"https:\/\/webs.uab.cat\/bees\/wp-json\/wp\/v2\/media?parent=502"}],"curies":[{"name":"wp","href":"https:\/\/api.w.org\/{rel}","templated":true}]}}