{"id":539,"date":"2025-05-14T11:40:10","date_gmt":"2025-05-14T09:40:10","guid":{"rendered":"https:\/\/biocampus25.wordpress.com\/?page_id=539"},"modified":"2025-05-19T11:03:45","modified_gmt":"2025-05-19T09:03:45","slug":"culebra-de-escalera","status":"publish","type":"page","link":"https:\/\/webs.uab.cat\/bees\/culebra-de-escalera\/","title":{"rendered":"CULEBRA DE ESCALERA"},"content":{"rendered":"\n<div class=\"wp-block-group is-vertical is-layout-flex wp-container-core-group-is-layout-769d0143 wp-block-group-is-layout-flex\">\n<figure class=\"wp-block-image size-large\"><img loading=\"lazy\" decoding=\"async\" width=\"1200\" height=\"799\" src=\"https:\/\/biocampus25.wordpress.com\/wp-content\/uploads\/2025\/04\/ladder_snake_zamenis_scalaris.jpg?w=1024\" alt=\"\" class=\"wp-image-540\" srcset=\"https:\/\/webs.uab.cat\/bees\/wp-content\/uploads\/sites\/329\/2025\/04\/ladder_snake_zamenis_scalaris.jpg 1200w, https:\/\/webs.uab.cat\/bees\/wp-content\/uploads\/sites\/329\/2025\/04\/ladder_snake_zamenis_scalaris-300x200.jpg 300w, https:\/\/webs.uab.cat\/bees\/wp-content\/uploads\/sites\/329\/2025\/04\/ladder_snake_zamenis_scalaris-1024x682.jpg 1024w, https:\/\/webs.uab.cat\/bees\/wp-content\/uploads\/sites\/329\/2025\/04\/ladder_snake_zamenis_scalaris-768x511.jpg 768w\" sizes=\"auto, (max-width: 1200px) 100vw, 1200px\" \/><\/figure>\n\n\n\n<p class=\"has-text-align-justify has-small-font-size\">Zamenis scalaris. Imagen con copyright CC BY 4.0, creada por CREAC Calafell y obtenida de Wikimedia commons en: <a href=\"https:\/\/commons.wikimedia.org\/wiki\/File:Ladder_Snake_(Zamenis_scalaris).jpg\">https:\/\/commons.wikimedia.org\/wiki\/File:Ladder_Snake_(Zamenis_scalaris).jpg<\/a><\/p>\n<\/div>\n\n\n\n<div style=\"height:10px\" aria-hidden=\"true\" class=\"wp-block-spacer\"><\/div>\n\n\n\n<div class=\"wp-block-columns is-layout-flex wp-container-core-columns-is-layout-9d6595d7 wp-block-columns-is-layout-flex\">\n<div class=\"wp-block-column is-layout-flow wp-block-column-is-layout-flow\">\n<figure class=\"wp-block-table has-alegreya-font-family has-small-font-size\"><table><tbody><tr><td class=\"has-text-align-center\" data-align=\"center\"><strong>Reino<\/strong><\/td><td class=\"has-text-align-center\" data-align=\"center\">Animalia<\/td><\/tr><tr><td class=\"has-text-align-center\" data-align=\"center\"><strong>Filo<\/strong><\/td><td class=\"has-text-align-center\" data-align=\"center\">Chordata<\/td><\/tr><tr><td class=\"has-text-align-center\" data-align=\"center\"><strong>Subfilo<\/strong><\/td><td class=\"has-text-align-center\" data-align=\"center\"><a href=\"https:\/\/webs.uab.cat\/bees\/vertebrados\/\" data-type=\"page\" data-id=\"43\">Vertebrata<\/a><\/td><\/tr><tr><td class=\"has-text-align-center\" data-align=\"center\"><strong>Clase<\/strong><\/td><td class=\"has-text-align-center\" data-align=\"center\"><a href=\"https:\/\/webs.uab.cat\/bees\/reptiles\/\" data-type=\"page\" data-id=\"727\">Reptilia<\/a><\/td><\/tr><tr><td class=\"has-text-align-center\" data-align=\"center\"><strong>Orden<\/strong><\/td><td class=\"has-text-align-center\" data-align=\"center\">Squamata<\/td><\/tr><tr><td class=\"has-text-align-center\" data-align=\"center\"><strong>Suborden<\/strong><\/td><td class=\"has-text-align-center\" data-align=\"center\">Serpentes<\/td><\/tr><tr><td class=\"has-text-align-center\" data-align=\"center\"><strong>Familia<\/strong><\/td><td class=\"has-text-align-center\" data-align=\"center\">Colubridae<\/td><\/tr><tr><td class=\"has-text-align-center\" data-align=\"center\"><strong>Subfamilia<\/strong><\/td><td class=\"has-text-align-center\" data-align=\"center\">Colubrinae<\/td><\/tr><tr><td class=\"has-text-align-center\" data-align=\"center\"><strong>G\u00e9nero<\/strong><\/td><td class=\"has-text-align-center\" data-align=\"center\">Zamenis<\/td><\/tr><tr><td class=\"has-text-align-center\" data-align=\"center\"><strong>Especie<\/strong><\/td><td class=\"has-text-align-center\" data-align=\"center\">Z. scalaris<\/td><\/tr><\/tbody><\/table><\/figure>\n<\/div>\n\n\n\n<div class=\"wp-block-column is-layout-flow wp-block-column-is-layout-flow\">\n<div class=\"wp-block-group is-vertical is-layout-flex wp-container-core-group-is-layout-769d0143 wp-block-group-is-layout-flex\">\n<p><strong>DESCRIPCI\u00d3N:<\/strong><\/p>\n\n\n\n<p class=\"has-text-align-justify has-alegreya-font-family has-small-font-size\">La culebra de escalera es una especie de tama\u00f1o mediano, pudiendo llegar a medir hasta un metro y medio desde el hocico hasta la cloaca. Adem\u00e1s, cuentan con una cola generalmente corta. Todo esto hace que pesen aproximadamente 240 gramos.<\/p>\n\n\n\n<p class=\"has-text-align-justify has-alegreya-font-family has-small-font-size\">Sus escamas se agrupan normalmente en 27 grupos\/l\u00edneas. Su coloraci\u00f3n suele ser amarillento-pardo, con dos l\u00edneas dorsolaterales, que se van uniendo de forma escalonada, y diversas manchas de tonalidades m\u00e1s oscuras.<\/p>\n\n\n\n<p class=\"has-text-align-justify has-alegreya-font-family has-small-font-size\">En cuanto a su dimorfismo sexual, la hembra suele tener una longitud hocico-cloaca m\u00e1s alargada, pese a que el macho tiene una cola m\u00e1s larga y una cabeza m\u00e1s ancha.<\/p>\n\n\n\n<p class=\"has-text-align-justify has-alegreya-font-family has-small-font-size\">Su cabeza adquiere una forma triangular con la edad, presentando a cada lado unos ojos de tama\u00f1o medio y pupilas circulares. Su boca, terminal, es grande y contiene una lengua con bifurcaci\u00f3n terminal y un par de colmillos bien desarrollados (aunque estos no contienen veneno).<\/p>\n<\/div>\n<\/div>\n<\/div>\n\n\n\n<div style=\"height:10px\" aria-hidden=\"true\" class=\"wp-block-spacer\"><\/div>\n\n\n\n<div class=\"wp-block-group is-vertical is-layout-flex wp-container-core-group-is-layout-769d0143 wp-block-group-is-layout-flex\">\n<p><strong>DIETA:<\/strong><\/p>\n\n\n\n<p class=\"has-text-align-justify has-alegreya-font-family has-small-font-size\">Esta serpiente es cazadora por estrangulamiento. En fase juvenil ingiere principalmente micromam\u00edferos, pero al crecer pueden alimentarse de aves, mam\u00edferos u otros reptiles.<\/p>\n<\/div>\n\n\n\n<div style=\"height:10px\" aria-hidden=\"true\" class=\"wp-block-spacer\"><\/div>\n\n\n\n<div class=\"wp-block-group is-vertical is-layout-flex wp-container-core-group-is-layout-769d0143 wp-block-group-is-layout-flex\">\n<p><strong>ESTRUCTURA SOCIAL Y COMPORTAMIENTO:<\/strong><\/p>\n\n\n\n<p class=\"has-text-align-justify has-alegreya-font-family has-small-font-size\">Este grupo est\u00e1 formado por individuos especialmente solitarios, que \u00fanicamente se agrupan durante el periodo reproductivo. La mayor\u00eda del tiempo act\u00faan de forma solitaria y territorial, atacando a los individuos que entran en su territorio (sobre todo si son 2 machos los que se encuentran).<\/p>\n\n\n\n<p class=\"has-text-align-justify has-alegreya-font-family has-small-font-size\">Su actividad suele ser diurna, adem\u00e1s de estar activos por la tarde. Aun con esto, pueden volverse nocturnos durante los periodos m\u00e1s c\u00e1lidos del a\u00f1o o cuando se encuentran en fase juvenil.<\/p>\n\n\n\n<p class=\"has-text-align-justify has-alegreya-font-family has-small-font-size\">Su periodo de celo se inicia en plena primavera. M\u00e1s tarde, en julio, se depositan unos 4-14 huevos que necesitaran m\u00e1s de 2 meses de incubaci\u00f3n antes de poder eclosionar. La mayor\u00eda de los adultos se reproducen todos los a\u00f1os, pero para llegar a eso necesitan unos 4 a\u00f1os antes de llegar a la madurez sexual.<\/p>\n<\/div>\n\n\n<div class=\"wp-block-image\">\n<figure class=\"aligncenter size-large\"><img loading=\"lazy\" decoding=\"async\" width=\"953\" height=\"80\" src=\"https:\/\/biocampus25.wordpress.com\/wp-content\/uploads\/2025\/04\/captura-de-pantalla-2025-04-15-181500.png?w=953\" alt=\"\" class=\"wp-image-550\" srcset=\"https:\/\/webs.uab.cat\/bees\/wp-content\/uploads\/sites\/329\/2025\/04\/captura-de-pantalla-2025-04-15-181500.png 953w, https:\/\/webs.uab.cat\/bees\/wp-content\/uploads\/sites\/329\/2025\/04\/captura-de-pantalla-2025-04-15-181500-300x25.png 300w, https:\/\/webs.uab.cat\/bees\/wp-content\/uploads\/sites\/329\/2025\/04\/captura-de-pantalla-2025-04-15-181500-768x64.png 768w\" sizes=\"auto, (max-width: 953px) 100vw, 953px\" \/><\/figure>\n<\/div>\n\n\n<div style=\"height:10px\" aria-hidden=\"true\" class=\"wp-block-spacer\"><\/div>\n\n\n\n<div class=\"wp-block-group is-vertical is-layout-flex wp-container-core-group-is-layout-769d0143 wp-block-group-is-layout-flex\">\n<p><strong>HABITAT Y ZONA DE DISTRIBUCI\u00d3N:<\/strong><\/p>\n\n\n\n<p class=\"has-text-align-justify has-alegreya-font-family has-small-font-size\">Esta especie se encuentra desde el norte de Italia hacia toda la Pen\u00ednsula Ib\u00e9rica y parte del sur de Francia. Tambi\u00e9n pueden encontrarse en las Islas Baleares por un proceso de introducci\u00f3n.<\/p>\n\n\n\n<p class=\"has-text-align-justify has-alegreya-font-family has-small-font-size\">Habitualmente se le puede encontrar viviendo en matorrales y arboles con claros, donde la vegetaci\u00f3n es de mayor altura y cobertura. Aun as\u00ed, tambi\u00e9n pueden habitar en campos de cultivo, praderas y bosques de ribera.<\/p>\n<\/div>\n\n\n\n<div class=\"wp-block-group is-vertical is-layout-flex wp-container-core-group-is-layout-769d0143 wp-block-group-is-layout-flex\">\n<figure class=\"wp-block-image size-large is-resized\"><img decoding=\"async\" src=\"https:\/\/biocampus25.wordpress.com\/wp-content\/uploads\/2025\/04\/captura-de-pantalla-2025-04-15-181700.png?w=584\" alt=\"\" class=\"wp-image-552\" style=\"width:620px;height:auto\" \/><\/figure>\n\n\n\n<p class=\"has-text-align-justify has-small-font-size\">Mapa de distribuci\u00f3n de Zamenis scalaris. Imagen obtenida de Gbif en: <a href=\"https:\/\/www.gbif.org\/es\/species\/9416124\">https:\/\/www.gbif.org\/es\/species\/9416124<\/a><\/p>\n<\/div>\n\n\n\n<div style=\"height:10px\" aria-hidden=\"true\" class=\"wp-block-spacer\"><\/div>\n\n\n\n<div class=\"wp-block-group is-vertical is-layout-flex wp-container-core-group-is-layout-769d0143 wp-block-group-is-layout-flex\">\n<p><strong>ESTADO DE CONSERVACI\u00d3N:<\/strong><\/p>\n\n\n\n<p class=\"has-text-align-justify has-alegreya-font-family has-small-font-size\">Actualmente se encuentra en estado de preocupaci\u00f3n menor, seg\u00fan los datos de la IUCN.<\/p>\n<\/div>\n\n\n<div class=\"wp-block-image\">\n<figure class=\"aligncenter size-large\"><img decoding=\"async\" src=\"https:\/\/biocampus25.wordpress.com\/wp-content\/uploads\/2025\/04\/captura_de_pantalla_2025-03-27_213157-removebg-preview-16.png?w=797\" alt=\"\" class=\"wp-image-554\" \/><\/figure>\n<\/div>\n\n\n<div style=\"height:30px\" aria-hidden=\"true\" class=\"wp-block-spacer\"><\/div>\n\n\n\n<p><strong>REFERENCIAS:<\/strong><\/p>\n\n\n\n<p class=\"has-text-align-justify has-small-font-size\"><em>Culebra de Escalera (Zamenis scalaris)<\/em>. (n.d.). iNaturalist Ecuador. Retrieved February 11, 2025, from <a href=\"https:\/\/ecuador.inaturalist.org\/taxa\/540328-Zamenis-scalaris\">https:\/\/ecuador.inaturalist.org\/taxa\/540328-Zamenis-scalaris<\/a><\/p>\n\n\n\n<p class=\"has-text-align-justify has-small-font-size\"><em>Culebra de escalera (Zamenis scalaris)<\/em>. (n.d.). Asociaci\u00f3n Herpetol\u00f3gica Timon. Retrieved February 11, 2025, from <a href=\"https:\/\/www.asociaciontimon.org\/especies\/zamenis-scalaris\/\">https:\/\/www.asociaciontimon.org\/especies\/zamenis-scalaris\/<\/a><\/p>\n\n\n\n<p class=\"has-text-align-justify has-small-font-size\">Pleguezuelos, J. M. (2019). Culebra de escalera &#8211;&nbsp;<em>Zamenis scalaris<\/em>. En:&nbsp;<em>Enciclopedia Virtual de los Vertebrados Espa\u00f1oles<\/em>&nbsp;L\u00f3pez, P., Mart\u00edn, J., Mart\u00ednez-Freir\u00eda, F.&nbsp;(Eds.).&nbsp;Museo Nacional de Ciencias Naturales, Madrid. <a href=\"http:\/\/www.vertebradosibericos.org\/\">http:\/\/www.vertebradosibericos.org\/<\/a><\/p>\n\n\n\n<p class=\"has-text-align-justify has-small-font-size\"><em>Reptiles de Valsa\u00edn &#8211; Culebra de escalera (Zamenis scalaris antes Rinchechis scalaris)<\/em>. (n.d.). Montesdevalsain.Es. Retrieved April 15, 2025, from <a href=\"https:\/\/www.montesdevalsain.es\/reptiles_zamsca.html\">https:\/\/www.montesdevalsain.es\/reptiles_zamsca.html<\/a><\/p>\n\n\n\n<p class=\"has-text-align-justify has-small-font-size\">Philip Bowles (IUCN SSC\/CI Biodiversity Assessment Unit). (2022). IUCN Red List of Threatened Species: Zamenis scalaris.&nbsp;<em>IUCN Red List of Threatened Species<\/em>. <a href=\"https:\/\/www.iucnredlist.org\/species\/61565\/137857016\">https:\/\/www.iucnredlist.org\/species\/61565\/137857016<\/a><\/p>\n","protected":false},"excerpt":{"rendered":"<p>Zamenis scalaris. Imagen con copyright CC BY 4.0, creada por CREAC Calafell y obtenida de Wikimedia commons en: https:\/\/commons.wikimedia.org\/wiki\/File:Ladder_Snake_(Zamenis_scalaris).jpg Reino Animalia Filo Chordata Subfilo Vertebrata Clase Reptilia Orden Squamata Suborden Serpentes Familia Colubridae Subfamilia Colubrinae G\u00e9nero Zamenis Especie Z. scalaris DESCRIPCI\u00d3N: La culebra de escalera es una especie de tama\u00f1o mediano, pudiendo llegar a medir [&hellip;]<\/p>\n","protected":false},"author":2556,"featured_media":0,"parent":0,"menu_order":0,"comment_status":"closed","ping_status":"closed","template":"","meta":{"footnotes":""},"class_list":["post-539","page","type-page","status-publish","hentry"],"_links":{"self":[{"href":"https:\/\/webs.uab.cat\/bees\/wp-json\/wp\/v2\/pages\/539","targetHints":{"allow":["GET"]}}],"collection":[{"href":"https:\/\/webs.uab.cat\/bees\/wp-json\/wp\/v2\/pages"}],"about":[{"href":"https:\/\/webs.uab.cat\/bees\/wp-json\/wp\/v2\/types\/page"}],"author":[{"embeddable":true,"href":"https:\/\/webs.uab.cat\/bees\/wp-json\/wp\/v2\/users\/2556"}],"replies":[{"embeddable":true,"href":"https:\/\/webs.uab.cat\/bees\/wp-json\/wp\/v2\/comments?post=539"}],"version-history":[{"count":1,"href":"https:\/\/webs.uab.cat\/bees\/wp-json\/wp\/v2\/pages\/539\/revisions"}],"predecessor-version":[{"id":4175,"href":"https:\/\/webs.uab.cat\/bees\/wp-json\/wp\/v2\/pages\/539\/revisions\/4175"}],"wp:attachment":[{"href":"https:\/\/webs.uab.cat\/bees\/wp-json\/wp\/v2\/media?parent=539"}],"curies":[{"name":"wp","href":"https:\/\/api.w.org\/{rel}","templated":true}]}}