{"id":691,"date":"2025-05-14T11:39:41","date_gmt":"2025-05-14T09:39:41","guid":{"rendered":"https:\/\/biocampus25.wordpress.com\/?page_id=691"},"modified":"2025-05-19T10:36:05","modified_gmt":"2025-05-19T08:36:05","slug":"bucerotiforme","status":"publish","type":"page","link":"https:\/\/webs.uab.cat\/bees\/bucerotiforme\/","title":{"rendered":"Bucerotiforme"},"content":{"rendered":"\n<div class=\"wp-block-group is-vertical is-layout-flex wp-container-core-group-is-layout-769d0143 wp-block-group-is-layout-flex\">\n<p><strong>Descripci\u00f3n:<\/strong><\/p>\n\n\n\n<p class=\"has-text-align-justify has-alegreya-font-family has-small-font-size\">En este orden podemos encontrar cuatro, que se caracterizan por la presencia de un pico grande y curvo. Adem\u00e1s, pueden presentar una cresta o un casco en la zona superior de su cabeza.<\/p>\n\n\n\n<p class=\"has-text-align-justify has-alegreya-font-family has-small-font-size\">Su medida es muy variable, pudiendo medir entre 30cm hasta 1 metro de largo. Esto es debido a que las alas pueden ser muy amplias y la cola alargada, cosa que favorece una buena fuerza de vuelo.<\/p>\n\n\n\n<p class=\"has-text-align-justify has-alegreya-font-family has-small-font-size\">Su \u00e1rea de distribuci\u00f3n se encuentra entre \u00c1frica, Eurasia i las islas de Ocean\u00eda, lugar en el que se pueden encontrar habitando bosques densos o sabanas abiertas.<\/p>\n\n\n\n<p class=\"has-text-align-justify has-alegreya-font-family has-small-font-size\">En la zona alrededor del campus solo se puede encontrar una especie, \u201c<em><a href=\"https:\/\/webs.uab.cat\/bees\/abulilla\/\" data-type=\"page\" data-id=\"4084\">Upupa epops<\/a><\/em>\u201d, es por eso que es la especie escogida.<\/p>\n<\/div>\n\n\n\n<div style=\"height:30px\" aria-hidden=\"true\" class=\"wp-block-spacer\"><\/div>\n\n\n\n<p><strong>Bibliografia:<\/strong><\/p>\n\n\n\n<p class=\"has-text-align-justify has-small-font-size\"><em>Bucerotiformes<\/em>. (n.d.). Gbif.org. Retrieved December 29, 2024, from <a href=\"https:\/\/www.gbif.org\/es\/species\/716\">https:\/\/www.gbif.org\/es\/species\/716<\/a><\/p>\n\n\n\n<p class=\"has-text-align-justify has-small-font-size\">Wikipedia contributors. (n.d.-b).&nbsp;<em>Bucerotiformes<\/em>. Wikipedia, The Free Encyclopedia. <a href=\"https:\/\/es.wikipedia.org\/w\/index.php?title=Bucerotiformes&amp;oldid=152953693\">https:\/\/es.wikipedia.org\/w\/index.php?title=Bucerotiformes&amp;oldid=152953693<\/a><\/p>\n","protected":false},"excerpt":{"rendered":"<p>Descripci\u00f3n: En este orden podemos encontrar cuatro, que se caracterizan por la presencia de un pico grande y curvo. Adem\u00e1s, pueden presentar una cresta o un casco en la zona superior de su cabeza. Su medida es muy variable, pudiendo medir entre 30cm hasta 1 metro de largo. Esto es debido a que las alas [&hellip;]<\/p>\n","protected":false},"author":2556,"featured_media":0,"parent":0,"menu_order":0,"comment_status":"closed","ping_status":"closed","template":"","meta":{"footnotes":""},"class_list":["post-691","page","type-page","status-publish","hentry"],"_links":{"self":[{"href":"https:\/\/webs.uab.cat\/bees\/wp-json\/wp\/v2\/pages\/691","targetHints":{"allow":["GET"]}}],"collection":[{"href":"https:\/\/webs.uab.cat\/bees\/wp-json\/wp\/v2\/pages"}],"about":[{"href":"https:\/\/webs.uab.cat\/bees\/wp-json\/wp\/v2\/types\/page"}],"author":[{"embeddable":true,"href":"https:\/\/webs.uab.cat\/bees\/wp-json\/wp\/v2\/users\/2556"}],"replies":[{"embeddable":true,"href":"https:\/\/webs.uab.cat\/bees\/wp-json\/wp\/v2\/comments?post=691"}],"version-history":[{"count":1,"href":"https:\/\/webs.uab.cat\/bees\/wp-json\/wp\/v2\/pages\/691\/revisions"}],"predecessor-version":[{"id":4144,"href":"https:\/\/webs.uab.cat\/bees\/wp-json\/wp\/v2\/pages\/691\/revisions\/4144"}],"wp:attachment":[{"href":"https:\/\/webs.uab.cat\/bees\/wp-json\/wp\/v2\/media?parent=691"}],"curies":[{"name":"wp","href":"https:\/\/api.w.org\/{rel}","templated":true}]}}