{"id":699,"date":"2025-05-14T11:39:46","date_gmt":"2025-05-14T09:39:46","guid":{"rendered":"https:\/\/biocampus25.wordpress.com\/?page_id=699"},"modified":"2025-05-19T10:50:15","modified_gmt":"2025-05-19T08:50:15","slug":"ciconiiforme","status":"publish","type":"page","link":"https:\/\/webs.uab.cat\/bees\/ciconiiforme\/","title":{"rendered":"Ciconiiforme"},"content":{"rendered":"\n<div class=\"wp-block-group is-vertical is-layout-flex wp-container-core-group-is-layout-3e0ae1ae wp-block-group-is-layout-flex\">\n<p><strong>Descripci\u00f3n:<\/strong><\/p>\n\n\n\n<p class=\"has-text-align-justify has-alegreya-font-family has-small-font-size\">Este orden est\u00e1 formado \u00fanicamente por la familia \u201cCiconiidea\u201d, en la cual podemos encontrar las cig\u00fce\u00f1as i otros organismos parecidos. Anteriormente este orden inclu\u00eda otras familias, pero en los \u00faltimos congresos de ornitolog\u00eda se han desplazado estas hacia los Pelecaniformes.<\/p>\n\n\n\n<p class=\"has-text-align-justify has-alegreya-font-family has-small-font-size\">Se caracterizan por la presencia de patas alargadas, de cuatro dedos i generalmente palmeadas para adaptarse a la vida acu\u00e1tica (zonas de pastura inundadas, estanques i menos habitualmente mares o r\u00edos con alto cabal). Tambi\u00e9n tienen el cuello i el pico de formas alargadas, mientras que el resto del cuerpo es de morfolog\u00edas variadas.<\/p>\n\n\n\n<p class=\"has-text-align-justify has-alegreya-font-family has-small-font-size\">Las podemos encontrar distribuidos por todo el mundo, excepto en las zonas de latitudes m\u00e1s elevadas, como Canad\u00e1 o Rusia. Muchos de estos animales son especies migratorias, de manera que suelen ir en busca de regiones c\u00e1lidas o templadas.<\/p>\n\n\n\n<p class=\"has-text-align-justify has-alegreya-font-family has-small-font-size\">Por lo que respecta a su reproducci\u00f3n, suelen ser especies mon\u00f3gamas con muy poco dimorfismo sexual (a veces el macho es ligeramente m\u00e1s grande que la hembra). Adem\u00e1s, suelen construir nidos de grandes dimensiones (2-3 metros) en zonas elevadas, como podr\u00eda ser os arboles o los tejados de los edificios.<\/p>\n\n\n\n<p class=\"has-text-align-justify has-alegreya-font-family has-small-font-size\">La \u00fanica especie vista en la zona de muestreo ha sido \u201c<em><a href=\"https:\/\/webs.uab.cat\/bees\/ciguena-blanca\/\" data-type=\"page\" data-id=\"446\">Ciconia ciconia<\/a><\/em>\u201d.<\/p>\n<\/div>\n\n\n\n<div style=\"height:30px\" aria-hidden=\"true\" class=\"wp-block-spacer\"><\/div>\n\n\n\n<p><strong>Bibliografia:<\/strong><\/p>\n\n\n\n<p class=\"has-small-font-size\">Valderrey, J. L. M. (n.d.).&nbsp;<em>Ciconiiformes<\/em>. Naturaleza y turismo. Retrieved April 16, 2025, from <a href=\"https:\/\/www.asturnatura.com\/orden\/ciconiiformes\">https:\/\/www.asturnatura.com\/orden\/ciconiiformes<\/a><\/p>\n\n\n\n<p class=\"has-text-align-justify has-small-font-size\"><em>Ciconiiformes<\/em>. (n.d.). Madrid.org. Retrieved December 27, 2024, from <a href=\"https:\/\/animalandia.educa.madrid.org\/taxon.php?nombre=Ciconiiformes\">https:\/\/animalandia.educa.madrid.org\/taxon.php?nombre=Ciconiiformes<\/a><\/p>\n\n\n\n<p class=\"has-text-align-justify has-small-font-size\">Wikipedia contributors. (2025, February 11).&nbsp;<em>Stork<\/em>. Wikipedia, The Free Encyclopedia. <a href=\"https:\/\/en.wikipedia.org\/w\/index.php?title=Stork&amp;oldid=1275231393\">https:\/\/en.wikipedia.org\/w\/index.php?title=Stork&amp;oldid=1275231393<\/a><\/p>\n\n\n\n<p class=\"has-text-align-justify has-small-font-size\"><em>Ciconiiformes<\/em>. (n.d.-b). Gbif.org. Retrieved December 27, 2025, from <a href=\"https:\/\/www.gbif.org\/es\/species\/839\">https:\/\/www.gbif.org\/es\/species\/839<\/a><\/p>\n","protected":false},"excerpt":{"rendered":"<p>Descripci\u00f3n: Este orden est\u00e1 formado \u00fanicamente por la familia \u201cCiconiidea\u201d, en la cual podemos encontrar las cig\u00fce\u00f1as i otros organismos parecidos. Anteriormente este orden inclu\u00eda otras familias, pero en los \u00faltimos congresos de ornitolog\u00eda se han desplazado estas hacia los Pelecaniformes. Se caracterizan por la presencia de patas alargadas, de cuatro dedos i generalmente palmeadas [&hellip;]<\/p>\n","protected":false},"author":2556,"featured_media":0,"parent":0,"menu_order":0,"comment_status":"closed","ping_status":"closed","template":"","meta":{"footnotes":""},"class_list":["post-699","page","type-page","status-publish","hentry"],"_links":{"self":[{"href":"https:\/\/webs.uab.cat\/bees\/wp-json\/wp\/v2\/pages\/699","targetHints":{"allow":["GET"]}}],"collection":[{"href":"https:\/\/webs.uab.cat\/bees\/wp-json\/wp\/v2\/pages"}],"about":[{"href":"https:\/\/webs.uab.cat\/bees\/wp-json\/wp\/v2\/types\/page"}],"author":[{"embeddable":true,"href":"https:\/\/webs.uab.cat\/bees\/wp-json\/wp\/v2\/users\/2556"}],"replies":[{"embeddable":true,"href":"https:\/\/webs.uab.cat\/bees\/wp-json\/wp\/v2\/comments?post=699"}],"version-history":[{"count":1,"href":"https:\/\/webs.uab.cat\/bees\/wp-json\/wp\/v2\/pages\/699\/revisions"}],"predecessor-version":[{"id":4162,"href":"https:\/\/webs.uab.cat\/bees\/wp-json\/wp\/v2\/pages\/699\/revisions\/4162"}],"wp:attachment":[{"href":"https:\/\/webs.uab.cat\/bees\/wp-json\/wp\/v2\/media?parent=699"}],"curies":[{"name":"wp","href":"https:\/\/api.w.org\/{rel}","templated":true}]}}