{"id":708,"date":"2025-05-14T11:40:09","date_gmt":"2025-05-14T09:40:09","guid":{"rendered":"https:\/\/biocampus25.wordpress.com\/?page_id=708"},"modified":"2025-05-19T10:59:32","modified_gmt":"2025-05-19T08:59:32","slug":"columbiforme","status":"publish","type":"page","link":"https:\/\/webs.uab.cat\/bees\/columbiforme\/","title":{"rendered":"Columbiforme"},"content":{"rendered":"\n<div class=\"wp-block-group is-vertical is-layout-flex wp-container-core-group-is-layout-3e0ae1ae wp-block-group-is-layout-flex\">\n<p><strong>Descripci\u00f3n:<\/strong><\/p>\n\n\n\n<p class=\"has-text-align-justify has-alegreya-font-family has-small-font-size\">En este orden podemos encontrar dos familias: la de las palomas (Columbidae) y la de los extintos dodos (Raphidae). Aunque sean pocas familias, la primera de ellas tiene m\u00e1s de 300 especies, de las cuales muchas de ellas son de distribuci\u00f3n cosmopolita (se encuentran por todo el mundo).<\/p>\n\n\n\n<p class=\"has-text-align-justify has-alegreya-font-family has-small-font-size\">Los columbiformes se caracterizan por presentar grandes diferencies entre las distintas especies, tanto por lo que respecta a su medida corporal (que puede ir de los 15 a los 75cm) y la de las plumas. Aun as\u00ed, s\u00ed que tienen en com\u00fan que sus plumas tienen la base densa, mientras que la punta es estrecha i el margen liso. Adem\u00e1s, suelen tener la cabeza y las patas peque\u00f1as, donde estas \u00faltimas tienen tres dedos hacia delante y uno hacia atr\u00e1s.<\/p>\n\n\n\n<p class=\"has-text-align-justify has-alegreya-font-family has-small-font-size\">Su h\u00e1bitat es muy diverso, y que se pueden encontrar tanto en zonas de sabana como en las ciudades. Aun as\u00ed, comparten el hecho de que son especies generalmente terrestres, lo que quiere decir que pasan m\u00e1s tiempo en el suelo que volando o en los \u00e1rboles.<\/p>\n\n\n\n<p class=\"has-text-align-justify has-alegreya-font-family has-small-font-size\">Pueden ser animales frug\u00edvoros (que comen fruta) o gran\u00edvoras (dieta basada en semillas) y seg\u00fan esto tendr\u00e1n unas caracter\u00edsticas u otras. Los frug\u00edvoros tienden a tener el tubo digestivo m\u00e1s corto que el de los gran\u00edvoros, los cuales adem\u00e1s tienen las paredes m\u00e1s gruesas. Esto es debido a que la digesti\u00f3n de la fruta es m\u00e1s sencilla y nutritiva, mientras que hace falta invertir m\u00e1s energ\u00eda para comer semillas.<\/p>\n\n\n\n<p class=\"has-text-align-justify has-alegreya-font-family has-small-font-size\">En nuestro territorio podemos encontrar en grandes cantidades a \u201c<em><a href=\"https:\/\/webs.uab.cat\/bees\/paloma-torcaz\/\" data-type=\"page\" data-id=\"465\">Columba palumbus<\/a><\/em>\u201d, motivo por el que ha estado escogido como representante del grupo.<\/p>\n<\/div>\n\n\n\n<div style=\"height:30px\" aria-hidden=\"true\" class=\"wp-block-spacer\"><\/div>\n\n\n\n<p><strong>Bibliografia:<\/strong><\/p>\n\n\n\n<p class=\"has-text-align-justify has-small-font-size\">Wikipedia contributors. (2025b, April 2).&nbsp;<em>Columbidae<\/em>. Wikipedia, The Free Encyclopedia. <a href=\"https:\/\/en.wikipedia.org\/w\/index.php?title=Columbidae&amp;oldid=1283583796\">https:\/\/en.wikipedia.org\/w\/index.php?title=Columbidae&amp;oldid=1283583796<\/a><\/p>\n\n\n\n<p class=\"has-text-align-justify has-small-font-size\">Murton, &amp; K., R. (2025). columbiform. In&nbsp;<em>Encyclopedia Britannica<\/em>.<\/p>\n","protected":false},"excerpt":{"rendered":"<p>Descripci\u00f3n: En este orden podemos encontrar dos familias: la de las palomas (Columbidae) y la de los extintos dodos (Raphidae). Aunque sean pocas familias, la primera de ellas tiene m\u00e1s de 300 especies, de las cuales muchas de ellas son de distribuci\u00f3n cosmopolita (se encuentran por todo el mundo). Los columbiformes se caracterizan por presentar [&hellip;]<\/p>\n","protected":false},"author":2556,"featured_media":0,"parent":0,"menu_order":0,"comment_status":"closed","ping_status":"closed","template":"","meta":{"footnotes":""},"class_list":["post-708","page","type-page","status-publish","hentry"],"_links":{"self":[{"href":"https:\/\/webs.uab.cat\/bees\/wp-json\/wp\/v2\/pages\/708","targetHints":{"allow":["GET"]}}],"collection":[{"href":"https:\/\/webs.uab.cat\/bees\/wp-json\/wp\/v2\/pages"}],"about":[{"href":"https:\/\/webs.uab.cat\/bees\/wp-json\/wp\/v2\/types\/page"}],"author":[{"embeddable":true,"href":"https:\/\/webs.uab.cat\/bees\/wp-json\/wp\/v2\/users\/2556"}],"replies":[{"embeddable":true,"href":"https:\/\/webs.uab.cat\/bees\/wp-json\/wp\/v2\/comments?post=708"}],"version-history":[{"count":1,"href":"https:\/\/webs.uab.cat\/bees\/wp-json\/wp\/v2\/pages\/708\/revisions"}],"predecessor-version":[{"id":4171,"href":"https:\/\/webs.uab.cat\/bees\/wp-json\/wp\/v2\/pages\/708\/revisions\/4171"}],"wp:attachment":[{"href":"https:\/\/webs.uab.cat\/bees\/wp-json\/wp\/v2\/media?parent=708"}],"curies":[{"name":"wp","href":"https:\/\/api.w.org\/{rel}","templated":true}]}}