{"id":714,"date":"2025-05-14T11:42:33","date_gmt":"2025-05-14T09:42:33","guid":{"rendered":"https:\/\/biocampus25.wordpress.com\/?page_id=714"},"modified":"2025-05-19T13:15:56","modified_gmt":"2025-05-19T11:15:56","slug":"passeriforme","status":"publish","type":"page","link":"https:\/\/webs.uab.cat\/bees\/passeriforme\/","title":{"rendered":"Passeriforme"},"content":{"rendered":"\n<p><strong>Descripci\u00f3n:<\/strong><\/p>\n\n\n\n<div class=\"wp-block-group has-alegreya-font-family has-small-font-size is-vertical is-layout-flex wp-container-core-group-is-layout-3e0ae1ae wp-block-group-is-layout-flex\">\n<p class=\"has-text-align-justify\">Este orden de aves es uno de los m\u00e1s grandes del mundo, representando casi la mitad de todas las especies de aves. Esta diversidad hace que presenten una gran variabilidad en la coloraci\u00f3n del plumaje, la forma y el tama\u00f1o corporal.<\/p>\n\n\n\n<p class=\"has-text-align-justify\">A pesar de estas diferencias, comparten ciertas caracter\u00edsticas:<\/p>\n\n\n\n<ul class=\"wp-block-list\">\n<li><strong>Anisodactilia<\/strong>: tienen tres dedos orientados hacia adelante y uno hacia atr\u00e1s, caracter\u00edstica ideal para sujetarse a las ramas de los \u00e1rboles.<\/li>\n\n\n\n<li><strong>Mecanismo de sujeci\u00f3n autom\u00e1tica<\/strong>: poseen un tend\u00f3n en la pata que, al doblar la pierna, provoca que la pata tambi\u00e9n se cierre, lo que les permite agarrarse con fuerza.<\/li>\n<\/ul>\n\n\n\n<p class=\"has-text-align-justify\">En general, tienen doce plumas en la cola y solo diez en las alas. Esto resalta la importancia de la cola para regular la direccionalidad del vuelo, especialmente porque suelen habitar en zonas boscosas con vegetaci\u00f3n densa, donde necesitan controlar bien su vuelo.<\/p>\n\n\n\n<p class=\"has-text-align-justify\">Com\u00fanmente se les llama aves cantoras debido a que tienen un complejo sistema muscular alrededor de la faringe. Esto les permite regular su canto para comunicarse entre ellos, especialmente para encontrar pareja. Sus nidos pueden ser bastante complejos, ya que contienen fragmentos de ramas, barro, hojas y plumas. En ellos depositan sus huevos, que suelen tener coloraciones llamativas y de los cuales nacen cr\u00edas ciegas y sin plumaje, lo que requiere un buen cuidado parental.<\/p>\n<\/div>\n\n\n\n<div style=\"height:10px\" aria-hidden=\"true\" class=\"wp-block-spacer\"><\/div>\n\n\n\n<p><strong>Clave dicot\u00f3mica:<\/strong><\/p>\n\n\n\n<p class=\"has-text-align-justify has-small-font-size\"><strong>a. <\/strong>P\u00e1jaro de tama\u00f1o mediano, con plumaje blanco y negro y cola triangular &#8212;&#8212;&#8212;&#8212;&#8212;&#8212;&#8212;&#8212;&#8212;&#8212;&#8212;&#8212;&#8212;&#8212;&#8212;&#8212;&#8212;&#8212;&#8212;&#8212;&#8212;&#8212;-&gt; <strong><a href=\"https:\/\/webs.uab.cat\/bees\/urraca-comun\/\" data-type=\"page\" data-id=\"4111\">Pica pica<\/a><\/strong><\/p>\n\n\n\n<p class=\"has-text-align-justify has-small-font-size\"><strong>b. <\/strong>P\u00e1jaro de tama\u00f1o reducido, suele superar los 20cm. El vientre es amarillo, mientras que la cabeza y la espalda son azuladas &#8212;-&gt;<strong> <a href=\"https:\/\/webs.uab.cat\/bees\/herrerillo-comun\/\" data-type=\"page\" data-id=\"4094\">Cyanistes caeruleus<\/a><\/strong><\/p>\n\n\n\n<div style=\"height:30px\" aria-hidden=\"true\" class=\"wp-block-spacer\"><\/div>\n\n\n\n<p><strong>Bibliografia:<\/strong><\/p>\n\n\n\n<p class=\"has-text-align-justify has-small-font-size\">Wikipedia contributors. (n.d.-c).&nbsp;<em>Passeriformes<\/em>. Wikipedia, The Free Encyclopedia. <a href=\"https:\/\/es.wikipedia.org\/w\/index.php?title=Passeriformes&amp;oldid=166599052\">https:\/\/es.wikipedia.org\/w\/index.php?title=Passeriformes&amp;oldid=166599052<\/a><\/p>\n\n\n\n<p class=\"has-text-align-justify has-small-font-size\">Graziati, G. (2023, August 30). Aves paseriformes: qu\u00e9 son y ejemplos.&nbsp;<em>ecologiaverde.com<\/em>. <a href=\"https:\/\/www.ecologiaverde.com\/aves-paseriformes-que-son-y-ejemplos-4544.html\">https:\/\/www.ecologiaverde.com\/aves-paseriformes-que-son-y-ejemplos-4544.html<\/a><\/p>\n\n\n\n<p><\/p>\n","protected":false},"excerpt":{"rendered":"<p>Descripci\u00f3n: Este orden de aves es uno de los m\u00e1s grandes del mundo, representando casi la mitad de todas las especies de aves. Esta diversidad hace que presenten una gran variabilidad en la coloraci\u00f3n del plumaje, la forma y el tama\u00f1o corporal. A pesar de estas diferencias, comparten ciertas caracter\u00edsticas: En general, tienen doce plumas [&hellip;]<\/p>\n","protected":false},"author":2556,"featured_media":0,"parent":0,"menu_order":0,"comment_status":"closed","ping_status":"closed","template":"","meta":{"footnotes":""},"class_list":["post-714","page","type-page","status-publish","hentry"],"_links":{"self":[{"href":"https:\/\/webs.uab.cat\/bees\/wp-json\/wp\/v2\/pages\/714","targetHints":{"allow":["GET"]}}],"collection":[{"href":"https:\/\/webs.uab.cat\/bees\/wp-json\/wp\/v2\/pages"}],"about":[{"href":"https:\/\/webs.uab.cat\/bees\/wp-json\/wp\/v2\/types\/page"}],"author":[{"embeddable":true,"href":"https:\/\/webs.uab.cat\/bees\/wp-json\/wp\/v2\/users\/2556"}],"replies":[{"embeddable":true,"href":"https:\/\/webs.uab.cat\/bees\/wp-json\/wp\/v2\/comments?post=714"}],"version-history":[{"count":1,"href":"https:\/\/webs.uab.cat\/bees\/wp-json\/wp\/v2\/pages\/714\/revisions"}],"predecessor-version":[{"id":4269,"href":"https:\/\/webs.uab.cat\/bees\/wp-json\/wp\/v2\/pages\/714\/revisions\/4269"}],"wp:attachment":[{"href":"https:\/\/webs.uab.cat\/bees\/wp-json\/wp\/v2\/media?parent=714"}],"curies":[{"name":"wp","href":"https:\/\/api.w.org\/{rel}","templated":true}]}}