{"id":727,"date":"2025-05-14T11:43:37","date_gmt":"2025-05-14T09:43:37","guid":{"rendered":"https:\/\/biocampus25.wordpress.com\/?page_id=727"},"modified":"2025-05-19T13:36:48","modified_gmt":"2025-05-19T11:36:48","slug":"reptiles","status":"publish","type":"page","link":"https:\/\/webs.uab.cat\/bees\/reptiles\/","title":{"rendered":"Reptiles"},"content":{"rendered":"\n<div class=\"wp-block-group is-vertical is-layout-flex wp-container-core-group-is-layout-3e0ae1ae wp-block-group-is-layout-flex\">\n<p><strong>Descripci\u00f3n:<\/strong><\/p>\n\n\n\n<p class=\"has-text-align-justify has-alegreya-font-family has-small-font-size\">Este grupo incluye a todos los vertebrados que, como indica su nombre, se desplazan reptando. Esto significa que al moverse mantienen el cuerpo muy cerca del suelo.<\/p>\n\n\n\n<p class=\"has-text-align-justify has-alegreya-font-family has-small-font-size\">Generalmente son tetr\u00e1podos, aunque hay organismos que han perdido las patas (por ejemplo, las serpientes). Aun as\u00ed, algunas de las especies que han perdido las extremidades presentan peque\u00f1os vestigios \u00f3seos que indican que en el pasado las tuvieron.<\/p>\n\n\n\n<p class=\"has-text-align-justify has-alegreya-font-family has-small-font-size\">En su superficie corporal presentan escamas con queratina, lo que les permiti\u00f3 en su momento alejarse del medio acu\u00e1tico. De esta forma, aunque muchos viven en zonas pantanosas o en r\u00edos, muchos otros se encuentran en regiones secas.<\/p>\n\n\n\n<p class=\"has-text-align-justify has-alegreya-font-family has-small-font-size\">Tambi\u00e9n tienen una epidermis c\u00f3rnea que deber\u00e1n mudar a lo largo de su vida. Con cada muda pueden aumentar su tama\u00f1o corporal, raz\u00f3n por la cual, cuando alcanzan su tama\u00f1o m\u00e1ximo, tardan m\u00e1s en volver a hacerlo.<\/p>\n\n\n\n<p class=\"has-text-align-justify has-alegreya-font-family has-small-font-size\">Su dieta suele ser carn\u00edvora, y algunos de ellos ingieren a sus presas enteras. Sin embargo, no todos son carn\u00edvoros; tambi\u00e9n hay herb\u00edvoros que ingieren piedras para facilitar la digesti\u00f3n mec\u00e1nica.<\/p>\n\n\n\n<p class=\"has-text-align-justify has-alegreya-font-family has-small-font-size\">Los reptiles son organismos ectotermos, es decir, su metabolismo interno no es lo suficientemente potente como para regular su temperatura corporal. Por ello, su temperatura suele ser bastante similar a la del medio ambiente.<\/p>\n\n\n\n<p class=\"has-text-align-justify has-alegreya-font-family has-small-font-size\">Otra caracter\u00edstica importante, exclusiva de las serpientes (aunque otros reptiles pueden tener estructuras similares), es el \u201c\u00f3rgano de foseta\u201d. Esta estructura les permite detectar la radiaci\u00f3n infrarroja emitida por otros organismos, lo que facilita su detecci\u00f3n incluso si no los ven.<\/p>\n\n\n\n<p class=\"has-text-align-justify has-alegreya-font-family has-small-font-size\">El sistema card\u00edaco de los reptiles var\u00eda seg\u00fan el animal: los cocodrilos tienen un sistema doble formado por cuatro c\u00e1maras, mientras que el resto posee un \u00fanico ventr\u00edculo donde se mezcla la sangre oxigenada y la desoxigenada.<\/p>\n\n\n\n<p class=\"has-text-align-justify has-alegreya-font-family has-small-font-size\">En cuanto a la reproducci\u00f3n, son organismos dioicos (con sexos separados), con fecundaci\u00f3n interna y puesta de huevos con c\u00e1scara. Tanto la reproducci\u00f3n como la excreci\u00f3n ocurren a trav\u00e9s de la cloaca, un peque\u00f1o orificio donde desembocan los residuos digestivos, urinarios y reproductivos.<\/p>\n<\/div>\n\n\n\n<div style=\"height:10px\" aria-hidden=\"true\" class=\"wp-block-spacer\"><\/div>\n\n\n\n<p><strong>Clave dicot\u00f3mica:<\/strong><\/p>\n\n\n\n<div class=\"wp-block-columns is-layout-flex wp-container-core-columns-is-layout-9d6595d7 wp-block-columns-is-layout-flex\">\n<div class=\"wp-block-column is-layout-flow wp-block-column-is-layout-flow\" style=\"flex-basis:66.66%\">\n<div class=\"wp-block-group is-vertical is-layout-flex wp-container-core-group-is-layout-769d0143 wp-block-group-is-layout-flex\">\n<p class=\"has-text-align-justify has-small-font-size\"><strong>1a. <\/strong>El organismo tiene un cuerpo alargado, estrecho y sin patas &#8212;&#8212;&#8212;&#8212;&#8212;&#8212;&#8212;&#8212;-&gt; 2<\/p>\n\n\n\n<p class=\"has-text-align-justify has-small-font-size\"><strong>1b. <\/strong>Es un animal peque\u00f1o y con patas &#8212;&#8212;&#8211;&gt; 3<\/p>\n<\/div>\n\n\n\n<div style=\"height:10px\" aria-hidden=\"true\" class=\"wp-block-spacer\"><\/div>\n\n\n\n<div class=\"wp-block-group is-vertical is-layout-flex wp-container-core-group-is-layout-769d0143 wp-block-group-is-layout-flex\">\n<p class=\"has-text-align-justify has-small-font-size\"><strong>2a. <\/strong>La cabeza es peque\u00f1a y no muy diferenciada del cuerpo &#8212;&#8212;&#8212;&#8212;&#8212;&#8212;&#8212;-&gt; <strong><a href=\"https:\/\/webs.uab.cat\/bees\/culebrilla-de-cristal\/\" data-type=\"page\" data-id=\"4091\">Anguis fragilis<\/a><\/strong><\/p>\n\n\n\n<p class=\"has-text-align-justify has-small-font-size\"><strong>2b. <\/strong>Cabeza m\u00e1s grande que el grueso del cuerpo, de manera que es f\u00e1cilmente distinguible &#8212;&#8212;&#8212;&#8212;&#8212;&#8212;&gt;\u00a0<strong><a href=\"https:\/\/webs.uab.cat\/bees\/culebra-de-escalera\/\" data-type=\"page\" data-id=\"539\">Zamenis scalaris<\/a><\/strong><\/p>\n<\/div>\n\n\n\n<div style=\"height:10px\" aria-hidden=\"true\" class=\"wp-block-spacer\"><\/div>\n\n\n\n<p class=\"has-text-align-justify has-small-font-size\"><strong>3a. <\/strong>Tiene la piel rugosa y con protuberancias, los dedos son anchos para poder escalar y los ojos tienen las pupilas verticales &#8212;&#8212;&#8212;&#8212;&#8212;&#8212;&#8212;&#8212;&#8212;&#8212;&#8212;&#8212;&#8212;&#8212;&#8212;&gt; <strong><a href=\"https:\/\/webs.uab.cat\/bees\/salamanquesa-comun\/\" data-type=\"page\" data-id=\"4105\">Tarentola mauritanica<\/a><\/strong><\/p>\n\n\n\n<p class=\"has-text-align-justify has-small-font-size\"><strong>3b. <\/strong>La piel es lisa y sin protuberancias, los dedos son delgados y los ojos tienen las pupilas redondas &#8212;&#8212;&#8212;&#8212;&#8212;&#8212;&#8212;&gt; <strong><a href=\"https:\/\/webs.uab.cat\/bees\/lagartija-parda\/\" data-type=\"page\" data-id=\"4097\">Podarcis liolepis<\/a><\/strong><\/p>\n<\/div>\n\n\n\n<div class=\"wp-block-column is-layout-flow wp-block-column-is-layout-flow\" style=\"flex-basis:33.33%\">\n<div style=\"height:117px\" aria-hidden=\"true\" class=\"wp-block-spacer\"><\/div>\n\n\n\n<div class=\"wp-block-group is-vertical is-layout-flex wp-container-core-group-is-layout-769d0143 wp-block-group-is-layout-flex\">\n<figure class=\"wp-block-image size-large\"><img decoding=\"async\" src=\"https:\/\/biocampus25.wordpress.com\/wp-content\/uploads\/2025\/04\/bdg_padalec_head_5-2017-edited.jpg\" alt=\"\" class=\"wp-image-736\" \/><figcaption class=\"wp-element-caption\">Cabeza de <a href=\"https:\/\/webs.uab.cat\/bees\/culebrilla-de-cristal\/\" data-type=\"page\" data-id=\"4091\">anguis fragilis<\/a><\/figcaption><\/figure>\n<\/div>\n\n\n\n<div class=\"wp-block-group is-vertical is-layout-flex wp-container-core-group-is-layout-769d0143 wp-block-group-is-layout-flex\">\n<figure class=\"wp-block-image size-large\"><img loading=\"lazy\" decoding=\"async\" width=\"640\" height=\"480\" src=\"https:\/\/biocampus25.wordpress.com\/wp-content\/uploads\/2025\/04\/geco_tarentola_mauritanica.jpg?w=640\" alt=\"\" class=\"wp-image-739\" srcset=\"https:\/\/webs.uab.cat\/bees\/wp-content\/uploads\/sites\/329\/2025\/04\/geco_tarentola_mauritanica.jpg 640w, https:\/\/webs.uab.cat\/bees\/wp-content\/uploads\/sites\/329\/2025\/04\/geco_tarentola_mauritanica-300x225.jpg 300w\" sizes=\"auto, (max-width: 640px) 100vw, 640px\" \/><figcaption class=\"wp-element-caption\"><a href=\"https:\/\/webs.uab.cat\/bees\/salamanquesa-comun\/\" data-type=\"page\" data-id=\"4105\">Tarentola mauritanica<\/a><\/figcaption><\/figure>\n<\/div>\n<\/div>\n<\/div>\n\n\n\n<div style=\"height:30px\" aria-hidden=\"true\" class=\"wp-block-spacer\"><\/div>\n\n\n\n<p><strong>Bibliografia:<\/strong><\/p>\n\n\n\n<p class=\"has-text-align-justify has-small-font-size\"><em>Reptiles &#8211; Concepto, tipos, reproducci\u00f3n y caracter\u00edsticas<\/em>. (n.d.). Retrieved December 17, 2024, from <a href=\"https:\/\/concepto.de\/reptiles\/\">https:\/\/concepto.de\/reptiles\/<\/a><\/p>\n\n\n\n<p class=\"has-text-align-justify has-small-font-size\">Wikipedia contributors. (n.d.-d).&nbsp;<em>Reptilia<\/em>. Wikipedia, The Free Encyclopedia. <a href=\"https:\/\/es.wikipedia.org\/w\/index.php?title=Reptilia&amp;oldid=166774556\">https:\/\/es.wikipedia.org\/w\/index.php?title=Reptilia&amp;oldid=166774556<\/a><\/p>\n\n\n\n<p><\/p>\n","protected":false},"excerpt":{"rendered":"<p>Descripci\u00f3n: Este grupo incluye a todos los vertebrados que, como indica su nombre, se desplazan reptando. Esto significa que al moverse mantienen el cuerpo muy cerca del suelo. Generalmente son tetr\u00e1podos, aunque hay organismos que han perdido las patas (por ejemplo, las serpientes). Aun as\u00ed, algunas de las especies que han perdido las extremidades presentan [&hellip;]<\/p>\n","protected":false},"author":2556,"featured_media":0,"parent":0,"menu_order":0,"comment_status":"closed","ping_status":"closed","template":"","meta":{"footnotes":""},"class_list":["post-727","page","type-page","status-publish","hentry"],"_links":{"self":[{"href":"https:\/\/webs.uab.cat\/bees\/wp-json\/wp\/v2\/pages\/727","targetHints":{"allow":["GET"]}}],"collection":[{"href":"https:\/\/webs.uab.cat\/bees\/wp-json\/wp\/v2\/pages"}],"about":[{"href":"https:\/\/webs.uab.cat\/bees\/wp-json\/wp\/v2\/types\/page"}],"author":[{"embeddable":true,"href":"https:\/\/webs.uab.cat\/bees\/wp-json\/wp\/v2\/users\/2556"}],"replies":[{"embeddable":true,"href":"https:\/\/webs.uab.cat\/bees\/wp-json\/wp\/v2\/comments?post=727"}],"version-history":[{"count":2,"href":"https:\/\/webs.uab.cat\/bees\/wp-json\/wp\/v2\/pages\/727\/revisions"}],"predecessor-version":[{"id":4284,"href":"https:\/\/webs.uab.cat\/bees\/wp-json\/wp\/v2\/pages\/727\/revisions\/4284"}],"wp:attachment":[{"href":"https:\/\/webs.uab.cat\/bees\/wp-json\/wp\/v2\/media?parent=727"}],"curies":[{"name":"wp","href":"https:\/\/api.w.org\/{rel}","templated":true}]}}