{"id":852,"date":"2025-05-14T11:41:57","date_gmt":"2025-05-14T09:41:57","guid":{"rendered":"https:\/\/biocampus25.wordpress.com\/?page_id=852"},"modified":"2025-05-19T12:40:57","modified_gmt":"2025-05-19T10:40:57","slug":"lombriz-de-tierra-comun","status":"publish","type":"page","link":"https:\/\/webs.uab.cat\/bees\/lombriz-de-tierra-comun\/","title":{"rendered":"LOMBRIZ DE TIERRA COM\u00daN"},"content":{"rendered":"\n<div class=\"wp-block-group is-vertical is-layout-flex wp-container-core-group-is-layout-769d0143 wp-block-group-is-layout-flex\">\n<figure class=\"wp-block-image size-large\"><img decoding=\"async\" src=\"https:\/\/biocampus25.wordpress.com\/wp-content\/uploads\/2025\/04\/lumbricus_terrestris_26559560801.jpg?w=1024\" alt=\"\" class=\"wp-image-853\" \/><\/figure>\n\n\n\n<p class=\"has-text-align-justify has-small-font-size\">Lumbricus terrestres. Imagen con copyright CC BY 2.0, creada por Donald Hobern y obtenida de Wikimedia commons en: <a href=\"https:\/\/commons.wikimedia.org\/wiki\/File:Lumbricus_terrestris_(26559560801).jpg\">https:\/\/commons.wikimedia.org\/wiki\/File:Lumbricus_terrestris_(26559560801).jpg<\/a><\/p>\n<\/div>\n\n\n\n<div style=\"height:10px\" aria-hidden=\"true\" class=\"wp-block-spacer\"><\/div>\n\n\n\n<div class=\"wp-block-columns is-layout-flex wp-container-core-columns-is-layout-9d6595d7 wp-block-columns-is-layout-flex\">\n<div class=\"wp-block-column is-layout-flow wp-block-column-is-layout-flow\">\n<figure class=\"wp-block-table has-alegreya-font-family has-small-font-size\"><table><tbody><tr><td class=\"has-text-align-center\" data-align=\"center\"><strong>Reino<\/strong><\/td><td class=\"has-text-align-center\" data-align=\"center\">Animalia<\/td><\/tr><tr><td class=\"has-text-align-center\" data-align=\"center\"><strong>Filo<\/strong><\/td><td class=\"has-text-align-center\" data-align=\"center\"><a href=\"https:\/\/webs.uab.cat\/bees\/annelida\/\" data-type=\"page\" data-id=\"4088\">Annelida<\/a><\/td><\/tr><tr><td class=\"has-text-align-center\" data-align=\"center\"><strong>Clase<\/strong><\/td><td class=\"has-text-align-center\" data-align=\"center\">Clitella<\/td><\/tr><tr><td class=\"has-text-align-center\" data-align=\"center\"><strong>Subclase<\/strong><\/td><td class=\"has-text-align-center\" data-align=\"center\">Oligochaeta<\/td><\/tr><tr><td class=\"has-text-align-center\" data-align=\"center\"><strong>Orden<\/strong><\/td><td class=\"has-text-align-center\" data-align=\"center\">Crassiclitellata<\/td><\/tr><tr><td class=\"has-text-align-center\" data-align=\"center\"><strong>Suborden<\/strong><\/td><td class=\"has-text-align-center\" data-align=\"center\">Lumbricina<\/td><\/tr><tr><td class=\"has-text-align-center\" data-align=\"center\"><strong>Familia<\/strong><\/td><td class=\"has-text-align-center\" data-align=\"center\">Lumbricidae<\/td><\/tr><tr><td class=\"has-text-align-center\" data-align=\"center\"><strong>G\u00e9nero<\/strong><\/td><td class=\"has-text-align-center\" data-align=\"center\">Lumbricus<\/td><\/tr><tr><td class=\"has-text-align-center\" data-align=\"center\"><strong>Especie<\/strong><\/td><td class=\"has-text-align-center\" data-align=\"center\">L. terrestris<\/td><\/tr><\/tbody><\/table><\/figure>\n<\/div>\n\n\n\n<div class=\"wp-block-column is-layout-flow wp-block-column-is-layout-flow\">\n<div class=\"wp-block-group is-vertical is-layout-flex wp-container-core-group-is-layout-769d0143 wp-block-group-is-layout-flex\">\n<p><strong>DESCRIPCI\u00d3N:<\/strong><\/p>\n\n\n\n<p class=\"has-text-align-justify has-alegreya-font-family has-small-font-size\">La lombriz de tierra com\u00fan es un annelido de tama\u00f1o medio, que suele medir unos 10-25 cm de longitud y unos 4-8 de di\u00e1metro. Su peso ronda los 1,2 gramos cuando mide 7cm, por lo que puede llegar a duplicar o triplicar este peso.<\/p>\n\n\n\n<p class=\"has-text-align-justify has-alegreya-font-family has-small-font-size\">Su piel es viscosa y de colores marr\u00f3n-rosado u oscuros, dependiendo del tipo de substrato en el que viva. A lo largo de su cuerpo presenta diversas segmentaciones, pudiendo llegar a un total de 180.<\/p>\n\n\n\n<p class=\"has-text-align-justify has-alegreya-font-family has-small-font-size\">Ambos extremos de su cuerpo son ligeramente puntiagudos, aunque el posterior puede presentar una ligera forma aplanada. Una de sus caracter\u00edsticas m\u00e1s importantes es la presencia del clitelo, es decir un engrosamiento ubicado en el primer tercio de su cuerpo. Esta estructura oculta parcialmente la segmentaci\u00f3n de su cuerpo y es fundamental para la reproducci\u00f3n, ya que es donde se almacenan los huevos.<\/p>\n<\/div>\n<\/div>\n<\/div>\n\n\n\n<div style=\"height:10px\" aria-hidden=\"true\" class=\"wp-block-spacer\"><\/div>\n\n\n\n<div class=\"wp-block-group is-vertical is-layout-flex wp-container-core-group-is-layout-769d0143 wp-block-group-is-layout-flex\">\n<p><strong>DIETA:<\/strong><\/p>\n\n\n\n<p class=\"has-text-align-justify has-alegreya-font-family has-small-font-size\">Su dieta suele estar basada en la ingesta de detritos org\u00e1nicos que obtiene mezclados con la tierra. Esto es muy importante puesto que ayuda a volver a iniciar el ciclo de los nutrientes.<\/p>\n<\/div>\n\n\n\n<div style=\"height:10px\" aria-hidden=\"true\" class=\"wp-block-spacer\"><\/div>\n\n\n\n<div class=\"wp-block-group is-vertical is-layout-flex wp-container-core-group-is-layout-769d0143 wp-block-group-is-layout-flex\">\n<p><strong>ESTRUCTURA SOCIAL Y COMPORTAMIENTO:<\/strong><\/p>\n\n\n\n<p class=\"has-text-align-justify has-alegreya-font-family has-small-font-size\">Hasta hace poco estaban considerados animales solitarios, pero estudios recientes han mostrado que son capaces de comunicarse mediante el tato. Con esto pueden comportarse como un reba\u00f1o, especialmente durante el desplazamiento.<\/p>\n\n\n\n<p class=\"has-text-align-justify has-alegreya-font-family has-small-font-size\">Su piel es muy viscosa, por lo que requiere de zonas h\u00famedas y con poca luz ya que sino podr\u00edan deshidratarse y morir. Es por ello por lo que suelen encontrarse activos en periodo nocturno y muy rara vez en las primeras horas del d\u00eda.<\/p>\n\n\n\n<p class=\"has-text-align-justify has-alegreya-font-family has-small-font-size\">En lo que respecta a su reproducci\u00f3n, son organismos hermafroditas con fecundaci\u00f3n cruzada. Esto quiere decir a que, pese a que podr\u00edan autofecundarse, esto rara vez lo hacen. A la hora de buscar pareja siempre intentan buscar aquella que sea m\u00e1s grande y la c\u00f3pula se realiza en la superficie del suelo durante la noche.<\/p>\n\n\n\n<p class=\"has-text-align-justify has-alegreya-font-family has-small-font-size\">Antes de que se produzca la fecundaci\u00f3n, han de formar una sustancia viscosa en el clitelo. Este elemento lo van desplazando por su cuerpo, hasta que llega a la cabeza y recoge los \u00f3vulos (estos salen por el segmento 14). M\u00e1s tarde se capturan los espermatozoides y se produce la fecundaci\u00f3n en esta sustancia.<\/p>\n\n\n\n<p class=\"has-text-align-justify has-alegreya-font-family has-small-font-size\">Finalmente entierran este elemento bajo tierra y, pasado unas semanas, emerger\u00e1n los individuos juveniles que no formar\u00e1n t\u00faneles subterr\u00e1neos hasta llegar a la fase adulta. A esta fase se llega al primer a\u00f1o de vida, pero la madurez sexual no se alcanza hasta el segundo.<\/p>\n<\/div>\n\n\n\n<div style=\"height:10px\" aria-hidden=\"true\" class=\"wp-block-spacer\"><\/div>\n\n\n\n<div class=\"wp-block-group is-vertical is-layout-flex wp-container-core-group-is-layout-769d0143 wp-block-group-is-layout-flex\">\n<p><strong>HABITAT Y ZONA DE DISTRIBUCI\u00d3N:<\/strong><\/p>\n\n\n\n<p class=\"has-text-align-justify has-alegreya-font-family has-small-font-size\">Esta especie era originaria de Europa occidental, pero ha logrado expandirse por toda Europa y ha sido introducida por el hombre en un territorio bastante extenso de Norteam\u00e9rica y en otras zonas dispersas de Sudam\u00e9rica y Ocean\u00eda.<\/p>\n\n\n\n<p class=\"has-text-align-justify has-alegreya-font-family has-small-font-size\">Su h\u00e1bitat t\u00edpico es el suelo h\u00famedo, sobre todo si este es arcilloso. Es por ello por lo que podemos encontrarlos en los jardines, praderas, pastizales y bosques.<\/p>\n\n\n\n<figure class=\"wp-block-image size-large\"><img loading=\"lazy\" decoding=\"async\" width=\"1054\" height=\"528\" src=\"https:\/\/biocampus25.wordpress.com\/wp-content\/uploads\/2025\/04\/captura-de-pantalla-2025-04-16-221433.png?w=1024\" alt=\"\" class=\"wp-image-861\" srcset=\"https:\/\/webs.uab.cat\/bees\/wp-content\/uploads\/sites\/329\/2025\/04\/captura-de-pantalla-2025-04-16-221433.png 1054w, https:\/\/webs.uab.cat\/bees\/wp-content\/uploads\/sites\/329\/2025\/04\/captura-de-pantalla-2025-04-16-221433-300x150.png 300w, https:\/\/webs.uab.cat\/bees\/wp-content\/uploads\/sites\/329\/2025\/04\/captura-de-pantalla-2025-04-16-221433-1024x513.png 1024w, https:\/\/webs.uab.cat\/bees\/wp-content\/uploads\/sites\/329\/2025\/04\/captura-de-pantalla-2025-04-16-221433-768x385.png 768w\" sizes=\"auto, (max-width: 1054px) 100vw, 1054px\" \/><\/figure>\n\n\n\n<p class=\"has-text-align-justify has-small-font-size\">Mapa de distribuci\u00f3n de Lumbricus terrestris. Imagen obtenida de Gbif en: <a href=\"https:\/\/www.gbif.org\/es\/species\/4410657\">https:\/\/www.gbif.org\/es\/species\/4410657<\/a><\/p>\n<\/div>\n\n\n\n<div style=\"height:10px\" aria-hidden=\"true\" class=\"wp-block-spacer\"><\/div>\n\n\n\n<div class=\"wp-block-group is-vertical is-layout-flex wp-container-core-group-is-layout-769d0143 wp-block-group-is-layout-flex\">\n<p><strong>ESTADO DE CONSERVACI\u00d3N:<\/strong><\/p>\n\n\n\n<p class=\"has-text-align-justify has-alegreya-font-family has-small-font-size\">El estado de conservaci\u00f3n de esta lombriz no se conoce. En determinadas regiones sus poblaciones van disminuyendo, pero en otras se vuelven invasoras.<\/p>\n<\/div>\n\n\n<div class=\"wp-block-image\">\n<figure class=\"aligncenter size-large is-resized\"><img loading=\"lazy\" decoding=\"async\" width=\"582\" height=\"167\" src=\"https:\/\/biocampus25.wordpress.com\/wp-content\/uploads\/2025\/04\/captura_de_pantalla_2025-04-16_221652-removebg-preview.png?w=582\" alt=\"\" class=\"wp-image-864\" style=\"width:620px;height:auto\" srcset=\"https:\/\/webs.uab.cat\/bees\/wp-content\/uploads\/sites\/329\/2025\/04\/captura_de_pantalla_2025-04-16_221652-removebg-preview.png 582w, https:\/\/webs.uab.cat\/bees\/wp-content\/uploads\/sites\/329\/2025\/04\/captura_de_pantalla_2025-04-16_221652-removebg-preview-300x86.png 300w\" sizes=\"auto, (max-width: 582px) 100vw, 582px\" \/><\/figure>\n<\/div>\n\n\n<div style=\"height:30px\" aria-hidden=\"true\" class=\"wp-block-spacer\"><\/div>\n\n\n\n<p><strong>REFERENCIAS:<\/strong><\/p>\n\n\n\n<p class=\"has-text-align-justify has-small-font-size\"><em>Lombriz de tierra europea (Lumbricus terrestris)<\/em>. (n.d.). iNaturalist Ecuador. Retrieved February 14, 2025, from <a href=\"https:\/\/ecuador.inaturalist.org\/taxa\/81545-Lumbricus-terrestris\">https:\/\/ecuador.inaturalist.org\/taxa\/81545-Lumbricus-terrestris<\/a><\/p>\n\n\n\n<p class=\"has-text-align-justify has-small-font-size\">Valderrey, J. L. M. (2013, May 6).&nbsp;<em>Lumbricus terrestris Linnaeus, 1758<\/em>. Naturaleza y turismo. <a href=\"https:\/\/www.asturnatura.com\/especie\/lumbricus-terrestris\">https:\/\/www.asturnatura.com\/especie\/lumbricus-terrestris<\/a><\/p>\n\n\n\n<p class=\"has-text-align-justify has-small-font-size\">Luis, P. (n.d.).&nbsp;<em>Lombriz de tierra com\u00fan (Lumbricus terrestris)<\/em>. Biopedia.com. Retrieved February 14, 2025, from <a href=\"https:\/\/www.biopedia.com\/lombriz-de-tierra-comun-lumbricus-terrestris\">https:\/\/www.biopedia.com\/lombriz-de-tierra-comun-lumbricus-terrestris<\/a><\/p>\n","protected":false},"excerpt":{"rendered":"<p>Lumbricus terrestres. Imagen con copyright CC BY 2.0, creada por Donald Hobern y obtenida de Wikimedia commons en: https:\/\/commons.wikimedia.org\/wiki\/File:Lumbricus_terrestris_(26559560801).jpg Reino Animalia Filo Annelida Clase Clitella Subclase Oligochaeta Orden Crassiclitellata Suborden Lumbricina Familia Lumbricidae G\u00e9nero Lumbricus Especie L. terrestris DESCRIPCI\u00d3N: La lombriz de tierra com\u00fan es un annelido de tama\u00f1o medio, que suele medir unos 10-25 [&hellip;]<\/p>\n","protected":false},"author":2556,"featured_media":0,"parent":0,"menu_order":0,"comment_status":"closed","ping_status":"closed","template":"","meta":{"footnotes":""},"class_list":["post-852","page","type-page","status-publish","hentry"],"_links":{"self":[{"href":"https:\/\/webs.uab.cat\/bees\/wp-json\/wp\/v2\/pages\/852","targetHints":{"allow":["GET"]}}],"collection":[{"href":"https:\/\/webs.uab.cat\/bees\/wp-json\/wp\/v2\/pages"}],"about":[{"href":"https:\/\/webs.uab.cat\/bees\/wp-json\/wp\/v2\/types\/page"}],"author":[{"embeddable":true,"href":"https:\/\/webs.uab.cat\/bees\/wp-json\/wp\/v2\/users\/2556"}],"replies":[{"embeddable":true,"href":"https:\/\/webs.uab.cat\/bees\/wp-json\/wp\/v2\/comments?post=852"}],"version-history":[{"count":1,"href":"https:\/\/webs.uab.cat\/bees\/wp-json\/wp\/v2\/pages\/852\/revisions"}],"predecessor-version":[{"id":4234,"href":"https:\/\/webs.uab.cat\/bees\/wp-json\/wp\/v2\/pages\/852\/revisions\/4234"}],"wp:attachment":[{"href":"https:\/\/webs.uab.cat\/bees\/wp-json\/wp\/v2\/media?parent=852"}],"curies":[{"name":"wp","href":"https:\/\/api.w.org\/{rel}","templated":true}]}}