{"id":2,"date":"2022-07-12T12:02:44","date_gmt":"2022-07-12T10:02:44","guid":{"rendered":"https:\/\/webs.uab.cat\/bemother\/?page_id=2"},"modified":"2022-08-31T22:24:43","modified_gmt":"2022-08-31T20:24:43","slug":"benvinguda","status":"publish","type":"page","link":"https:\/\/webs.uab.cat\/bemother\/benvinguda\/","title":{"rendered":"Benvingudes a BeMother Project"},"content":{"rendered":"\n<p class=\"has-background\" style=\"background-color:#f7c1e3\"><strong>BeMother<\/strong>&nbsp;\u00e9s un projecte de la UAB, l\u2019IMIM i el IISGM, dirigit pel doctor \u00d2scar Vilarroya que compta amb un finan\u00e7ament de l\u2019European Research Council (ERC) i la Fundaci\u00f3 La Caixa.<\/p>\n\n\n\n<p class=\"has-background\" style=\"background-color:#f7c1e3\">En la nostra investigaci\u00f3, ens vam plantejar la hip\u00f2tesi que els&nbsp;<strong>canvis cerebrals<\/strong>&nbsp;morfol\u00f2gics&nbsp;<strong>relacionats amb l\u2019embar\u00e0s<\/strong>&nbsp;poden conferir un avantatge adaptatiu per a la maternitat de diverses formes. Per exemple, facilitant la capacitat d\u2019una mare per recon\u00e8ixer les necessitats del seu nad\u00f3 altament dependent, promovent el vincle mare-nad\u00f3 i detectant f\u00e0cilment els est\u00edmuls socials que assenyalen possibles amenaces. Actualment, tamb\u00e9 estem interessades en con\u00e8ixer els canvis cerebrals que tenen lloc en mares no gestants en la seva transici\u00f3 a la maternitat.<\/p>\n\n\n\n<h2 class=\"wp-block-heading\" id=\"pots-ajudar-nos\">Pots ajudar-nos!<\/h2>\n\n\n\n<p class=\"has-background\" style=\"background-color:#f7c1e3\">Ajuda\u2019ns a con\u00e8ixer com l\u2019embar\u00e0s i la maternitat canvien el cervell. Per dur a terme aquest estudi, ens cal dones com tu, disposades a col\u00b7laborar amb nosaltres i millorar el coneixement de la maternitat.<\/p>\n","protected":false},"excerpt":{"rendered":"<p>BeMother&nbsp;\u00e9s un projecte de la UAB, l\u2019IMIM i el IISGM, dirigit pel doctor \u00d2scar Vilarroya que compta amb un finan\u00e7ament de l\u2019European Research Council (ERC) i la Fundaci\u00f3 La Caixa. En la nostra investigaci\u00f3, ens vam plantejar la hip\u00f2tesi que els&nbsp;canvis cerebrals&nbsp;morfol\u00f2gics&nbsp;relacionats amb l\u2019embar\u00e0s&nbsp;poden conferir un avantatge adaptatiu per a la maternitat de diverses formes. [&hellip;]<\/p>\n","protected":false},"author":32,"featured_media":0,"parent":0,"menu_order":0,"comment_status":"closed","ping_status":"open","template":"","meta":{"footnotes":""},"class_list":["post-2","page","type-page","status-publish","hentry"],"_links":{"self":[{"href":"https:\/\/webs.uab.cat\/bemother\/wp-json\/wp\/v2\/pages\/2","targetHints":{"allow":["GET"]}}],"collection":[{"href":"https:\/\/webs.uab.cat\/bemother\/wp-json\/wp\/v2\/pages"}],"about":[{"href":"https:\/\/webs.uab.cat\/bemother\/wp-json\/wp\/v2\/types\/page"}],"author":[{"embeddable":true,"href":"https:\/\/webs.uab.cat\/bemother\/wp-json\/wp\/v2\/users\/32"}],"replies":[{"embeddable":true,"href":"https:\/\/webs.uab.cat\/bemother\/wp-json\/wp\/v2\/comments?post=2"}],"version-history":[{"count":1,"href":"https:\/\/webs.uab.cat\/bemother\/wp-json\/wp\/v2\/pages\/2\/revisions"}],"predecessor-version":[{"id":13,"href":"https:\/\/webs.uab.cat\/bemother\/wp-json\/wp\/v2\/pages\/2\/revisions\/13"}],"wp:attachment":[{"href":"https:\/\/webs.uab.cat\/bemother\/wp-json\/wp\/v2\/media?parent=2"}],"curies":[{"name":"wp","href":"https:\/\/api.w.org\/{rel}","templated":true}]}}