{"id":130,"date":"2024-12-22T19:59:38","date_gmt":"2024-12-22T17:59:38","guid":{"rendered":"https:\/\/webs.uab.cat\/beyond-postmemory\/?page_id=130"},"modified":"2025-10-06T12:18:06","modified_gmt":"2025-10-06T10:18:06","slug":"publications","status":"publish","type":"page","link":"https:\/\/webs.uab.cat\/beyond-postmemory\/activities-publications-etc\/publications\/","title":{"rendered":"Recent Publications"},"content":{"rendered":"\n<ul class=\"wp-block-list\">\n<li><strong>2025 <\/strong>Soler, Albert (coord.). <a href=\"https:\/\/doi.org\/10.5565\/rev\/tdevorado.242.\">\u201cCulturas de desmovilizaci\u00f3n. Conflictos, reinserci\u00f3n y memoria: La construcci\u00f3n de los excombatientes y su impacto en el mundo actual.<\/a>\u201d <em>Tiempo Devorado<\/em>, vol. 10, no. 1.<\/li>\n\n\n\n<li><strong>2025 <\/strong>Soler, Albert. <a href=\"https:\/\/doi.org\/10.5565\/rev\/tdevorado.237.\">\u201cC\u00f3mo contar una historia de guerra: Culturas de desmovilizaci\u00f3n y excombatientes contempor\u00e1neos.\u201d<\/a> <em>Tiempo Devorado<\/em>, vol. 10, no. 1, pp. 5\u201340.<\/li>\n\n\n\n<li><strong>2025 <\/strong>Pividori, Cristina. \u201c<a href=\"https:\/\/doi.org\/10.5565\/rev\/tdevorado.246\">Owen i Sassoon Reconsiderats: El trauma de la Primera Guerra Mundial, la mem\u00f2ria i la poesia antibel\u00b7licista contempor\u00e0nia en l\u2019era \u2018Post tot.\u2019\u201d<\/a> <em>Tiempo Devorado<\/em>, vol. 10, no. 1, pp. 41\u201377.<\/li>\n\n\n\n<li><strong>2025 <\/strong>Howes, Christina. \u201cOrdinary Affects and Cruel Optimism: A Phenomenological Study of Affective Responses in Rachel Seiffert\u2019s <em>Field Study<\/em>.\u201d <em><a href=\"https:\/\/hdl.handle.net\/10433\/24438\">Fragments of Meaning: Dialogues in Language, Literature and Culture<\/a><\/em>, edited by Montse Mart\u00ednez, Daniel Nisa, and Sonia Casal, pp. 152-159.<\/li>\n\n\n\n<li><strong>2025 <\/strong>Gavi\u00f1a-Costero, Mar\u00eda. <a href=\"https:\/\/doi.org\/10.3726\/b22991\"><em>El teatro de Brian Friel, bailando entre la ficci\u00f3n y la memoria<\/em>. <\/a>Peter Lang Verlag.<\/li>\n\n\n\n<li><strong>2025 <\/strong>Garc\u00eda, Paula. \u201cMelville and American Solitude: A Settler-Colonial Poetics.\u201d <em><a href=\"https:\/\/academic.oup.com\/edited-volume\/60712\/chapter\/527609266\" data-type=\"link\" data-id=\"https:\/\/academic.oup.com\/edited-volume\/60712\/chapter\/527609266\">The Oxford Handbook of Herman Melville<\/a><\/em>, edited by Jennifer Greiman and Michael Jonik, Oxford University Press.<\/li>\n\n\n\n<li><strong>2025<\/strong> Mart\u00edn Alegre, Sara. <em><a href=\"https:\/\/liverpooluniversitypress.co.uk\/doi\/epub\/10.3828\/9781836245704\">Masculinity in Contemporary Science Fiction by Men: No Plans for the Future.<\/a><\/em> Liverpool University Press.<\/li>\n\n\n\n<li><strong>2025<\/strong> Spengler,  Nicholas. &#8220;Melville and American Solitude: A Settler-Colonial Poetics.&#8221; <em><a href=\"https:\/\/global.oup.com\/academic\/product\/the-oxford-handbook-of-herman-melville-9780198864912?view=Standard&amp;prevSortField=3&amp;sortField=8&amp;resultsPerPage=60&amp;start=840&amp;lang=en&amp;cc=us\">The Oxford Handbook of Herman Melville<\/a><\/em>, in Jennifer Greiman and Michael Jonik (eds), Oxford University Press.<\/li>\n\n\n\n<li><strong>2024<\/strong>\u00a0Pividori, Cristina and David Owen (eds)\u00a0<a href=\"https:\/\/www.routledge.com\/ReWriting-War-in-Contemporary-Literature-and-Culture-Beyond-Post-Memory\/Pividori-Owen\/p\/book\/9781032663661?srsltid=AfmBOoqKnuwbKm7SfO08c3tgwmBBbbHoZghMFaiGpj1PfEVtZ5oBYBQw\"><em>Beyond Post-memory: (Re)Writing War in Contemporary Literature and Culture.<\/em><\/a>\u00a0Routledge, 2024. ISBN 9781032663661<\/li>\n\n\n\n<li><strong>2024<\/strong>&nbsp;Gavi\u00f1a-Costero, Maria, et al. (eds). <em>\u2018<a href=\"https:\/\/www.peterlang.com\/document\/1487257\">Lost, Unhappy and at Home\u2019: The Impact of Violence on Irish Culture.<\/a> Volume II: Socio-Cultural Aspects<\/em>. Peter Lang.<\/li>\n\n\n\n<li><strong>2024<\/strong> Berberich, Christine. &#8220;Dealing with Suffering, Engaging with the Past: Problematic Vergangenheitsbew\u00e4ltigung in Philip Kerr&#8217;s <em>A Quiet Flame<\/em>.&#8221; <em><a href=\"https:\/\/rowman.com\/ISBN\/9781666944129\/Suffering-in-Anglophone-Literatures\">Suffering in Anglophone Literatures<\/a><\/em> in Martina Domines and Charles I. Armstrong (eds) Lexington Books, pp. 155-168.<\/li>\n\n\n\n<li><strong>2023<\/strong> Monnickendam, Andrew. <a href=\"https:\/\/fis.uni-bamberg.de\/server\/api\/core\/bitstreams\/7fd2379c-63a7-4c0e-bf2b-df729c8c2220\/content\">&#8220;Running into Memories in the Work of Viet Thanh Nguyen.&#8221; <em>&#8216;When Men Are Unprepared and Look Not for It&#8217;:<\/em><\/a><em> In Memoriam Christoph Houswitschka<\/em>, in Susan Br\u00e4hler and Kerstin-Anja M\u00fcnderlein (eds), University of Bamberg Press, 2024, pp. 441-454.<\/li>\n\n\n\n<li><strong>2023<\/strong> Mart\u00edn, Sara. &nbsp;<a href=\"https:\/\/www.routledge.com\/American-Masculinities-in-Contemporary-Documentary-Film-Up-Close-Behind\/Martn\/p\/book\/9781032420523\"><em>American Masculinities in Contemporary Documentary Film: Up Close Behind the Mask<\/em><\/a>, Routledge.<\/li>\n\n\n\n<li><strong>2021<\/strong>&nbsp;Berberich, Christine (ed).&nbsp;<a href=\"https:\/\/www.routledge.com\/Trauma--Memory-The-Holocaust-in-Contemporary-Culture\/Berberich\/p\/book\/9780367703172?srsltid=AfmBOopVtOAIEXFD-Fs3-SokDJwOv6wPRKAy71RqJ63hyjfqhMIta_jB\"><em>Trauma &amp; Memory: The Holocaust in Contemporary Culture<\/em>.<\/a> Routledge, 2021. ISBN: 978-0-367-70316-5.<\/li>\n<\/ul>\n\n\n\n<p><\/p>\n","protected":false},"excerpt":{"rendered":"","protected":false},"author":59,"featured_media":0,"parent":414,"menu_order":2,"comment_status":"closed","ping_status":"closed","template":"","meta":{"footnotes":""},"class_list":["post-130","page","type-page","status-publish","hentry"],"_links":{"self":[{"href":"https:\/\/webs.uab.cat\/beyond-postmemory\/wp-json\/wp\/v2\/pages\/130","targetHints":{"allow":["GET"]}}],"collection":[{"href":"https:\/\/webs.uab.cat\/beyond-postmemory\/wp-json\/wp\/v2\/pages"}],"about":[{"href":"https:\/\/webs.uab.cat\/beyond-postmemory\/wp-json\/wp\/v2\/types\/page"}],"author":[{"embeddable":true,"href":"https:\/\/webs.uab.cat\/beyond-postmemory\/wp-json\/wp\/v2\/users\/59"}],"replies":[{"embeddable":true,"href":"https:\/\/webs.uab.cat\/beyond-postmemory\/wp-json\/wp\/v2\/comments?post=130"}],"version-history":[{"count":21,"href":"https:\/\/webs.uab.cat\/beyond-postmemory\/wp-json\/wp\/v2\/pages\/130\/revisions"}],"predecessor-version":[{"id":695,"href":"https:\/\/webs.uab.cat\/beyond-postmemory\/wp-json\/wp\/v2\/pages\/130\/revisions\/695"}],"up":[{"embeddable":true,"href":"https:\/\/webs.uab.cat\/beyond-postmemory\/wp-json\/wp\/v2\/pages\/414"}],"wp:attachment":[{"href":"https:\/\/webs.uab.cat\/beyond-postmemory\/wp-json\/wp\/v2\/media?parent=130"}],"curies":[{"name":"wp","href":"https:\/\/api.w.org\/{rel}","templated":true}]}}