{"id":144,"date":"2024-12-22T20:49:15","date_gmt":"2024-12-22T18:49:15","guid":{"rendered":"https:\/\/webs.uab.cat\/beyond-postmemory\/?page_id=144"},"modified":"2025-07-15T13:27:49","modified_gmt":"2025-07-15T11:27:49","slug":"dr-naz-bulamur","status":"publish","type":"page","link":"https:\/\/webs.uab.cat\/beyond-postmemory\/members\/working-team\/dr-naz-bulamur\/","title":{"rendered":"Dr Naz Bulamur"},"content":{"rendered":"\n<figure class=\"wp-block-image size-full is-resized\"><img loading=\"lazy\" decoding=\"async\" width=\"180\" height=\"180\" src=\"https:\/\/webs.uab.cat\/beyond-postmemory\/wp-content\/uploads\/sites\/597\/2024\/12\/Naz.jpg\" alt=\"\" class=\"wp-image-179\" style=\"width:342px;height:auto\" srcset=\"https:\/\/webs.uab.cat\/beyond-postmemory\/wp-content\/uploads\/sites\/597\/2024\/12\/Naz.jpg 180w, https:\/\/webs.uab.cat\/beyond-postmemory\/wp-content\/uploads\/sites\/597\/2024\/12\/Naz-150x150.jpg 150w\" sizes=\"auto, (max-width: 180px) 100vw, 180px\" \/><\/figure>\n\n\n\n<p><a href=\"mailto:naz.bulamur@gmail.com\">naz.bulamur@gmail.com<\/a><\/p>\n\n\n\n<p><strong>Department &amp; University<\/strong>: Bo\u011fazi\u00e7i University, Istanbul<\/p>\n\n\n\n<p><strong>Brief summary of research interests<\/strong>: Prof. Dr. Ay\u015fe Naz Bulamur teaches in the Department of Western Languages and Literatures at Bo\u011fazi\u00e7i University, Istanbul. She holds a PhD in Literary Studies from the University of Wisconsin-Milwaukee. She has articles on the works of British, American, and Turkish writers, such as Margaret Fuller, Hannah W. Foster, Elisabeth Gaskell, Edith Wharton, A. S. Byatt, Julia Kristeva, Elif \u015eafak, Theresa Hak Kyung Cha, and Martin Amis. She is the author of&nbsp;<em>Victorian Murderesses: The Politics of Female Violence<\/em>&nbsp;(Cambridge Scholars Publishing, 2016). Her research focuses on postcolonial theory, urban theory, feminist criticism, and nineteenth-century and contemporary fiction. She is currently working on representations of the Spanish Civil War in Laurie Lee\u2019s autobiographical novel <em>A Moment of War<\/em> (1991).<\/p>\n\n\n\n<p><strong>Selected publications<\/strong>:<\/p>\n\n\n\n<p><strong>2023<\/strong> \u201cWomen as Boundary Markers between Islam and Secularism in Julia Kristeva\u2019s <em>Murder in Byzantium<\/em> and Elif \u015eafak\u2019s <em>The Bastard of Istanbul<\/em>.\u201d <em>Religion &amp; Literature<\/em>. 54.3 (2022\/Published in 2023): 77-96.<\/p>\n\n\n\n<p><strong>2022<\/strong> \u201cArtifice of Love in Wharton\u2019s <em>The Age of Innocence<\/em>.\u201d <em>American Literary Realism<\/em> 54.2 (2022): 150-169.<\/p>\n\n\n\n<p><strong>2021<\/strong> \u201cThe Ambivalence of the Turban in Elizabeth Gaskell\u2019s <em>Cranford<\/em>.\u201d <em>The CEA Critic<\/em> 83.3 (2021): 219-234.<\/p>\n\n\n\n<p><strong>2020<\/strong> \u201cNarratives of Korea and Dersim in Erendiz Atas\u00fc\u2019s <em>The Other Side of the Mountain<\/em>.\u201d <em>Partial Answers: Journal of Literature and the History of Ideas<\/em> 18.2 (2020): 281-301.<\/p>\n\n\n\n<p><strong>2016<\/strong> <em>Victorian Murderesses: The Politics of Female Violence<\/em>. Newcastle: Cambridge Scholars.<\/p>\n\n\n\n<p><strong>2014<\/strong> \u201cLove as a Contact Zone in Theresa Hak Kyung Cha\u2019s <em>Dictee<\/em> (1982).\u201d <em>The<\/em> <em>Sungkyun Journal of East Asian Studies<\/em> 14.2 (2014): 219-233.<\/p>\n\n\n\n<p><\/p>\n\n\n\n<p><strong>Personal Website<\/strong>: <a href=\"https:\/\/academics.boun.edu.tr\/naz.bulamur\">https:\/\/academics.boun.edu.tr\/naz.bulamur<\/a><\/p>\n\n\n\n<p><\/p>\n","protected":false},"excerpt":{"rendered":"<p>naz.bulamur@gmail.com Department &amp; University: Bo\u011fazi\u00e7i University, Istanbul Brief summary of research interests: Prof. Dr. Ay\u015fe Naz Bulamur teaches in the Department of Western Languages and Literatures at Bo\u011fazi\u00e7i University, Istanbul. She holds a PhD in Literary Studies from the University of Wisconsin-Milwaukee. She has articles on the works of British, American, and Turkish writers, such [&hellip;]<\/p>\n","protected":false},"author":59,"featured_media":0,"parent":583,"menu_order":1,"comment_status":"closed","ping_status":"closed","template":"","meta":{"footnotes":""},"class_list":["post-144","page","type-page","status-publish","hentry"],"_links":{"self":[{"href":"https:\/\/webs.uab.cat\/beyond-postmemory\/wp-json\/wp\/v2\/pages\/144","targetHints":{"allow":["GET"]}}],"collection":[{"href":"https:\/\/webs.uab.cat\/beyond-postmemory\/wp-json\/wp\/v2\/pages"}],"about":[{"href":"https:\/\/webs.uab.cat\/beyond-postmemory\/wp-json\/wp\/v2\/types\/page"}],"author":[{"embeddable":true,"href":"https:\/\/webs.uab.cat\/beyond-postmemory\/wp-json\/wp\/v2\/users\/59"}],"replies":[{"embeddable":true,"href":"https:\/\/webs.uab.cat\/beyond-postmemory\/wp-json\/wp\/v2\/comments?post=144"}],"version-history":[{"count":5,"href":"https:\/\/webs.uab.cat\/beyond-postmemory\/wp-json\/wp\/v2\/pages\/144\/revisions"}],"predecessor-version":[{"id":394,"href":"https:\/\/webs.uab.cat\/beyond-postmemory\/wp-json\/wp\/v2\/pages\/144\/revisions\/394"}],"up":[{"embeddable":true,"href":"https:\/\/webs.uab.cat\/beyond-postmemory\/wp-json\/wp\/v2\/pages\/583"}],"wp:attachment":[{"href":"https:\/\/webs.uab.cat\/beyond-postmemory\/wp-json\/wp\/v2\/media?parent=144"}],"curies":[{"name":"wp","href":"https:\/\/api.w.org\/{rel}","templated":true}]}}